{"id":598648,"date":"2025-10-22T08:56:00","date_gmt":"2025-10-22T06:56:00","guid":{"rendered":"https:\/\/selleetools.com\/?post_type=product&#038;p=598648"},"modified":"2026-03-30T13:18:34","modified_gmt":"2026-03-30T11:18:34","slug":"iunik-calendula-complete-cleansing-oil-25-ml-olejek-do-demakijazu","status":"publish","type":"product","link":"https:\/\/selleetools.com\/pl\/product\/iunik-calendula-complete-cleansing-oil-25-ml-olejek-do-demakijazu\/","title":{"rendered":"iUNIK Calendula Complete Cleansing Oil 25 ml &#8211; Olejek do demakija\u017cu"},"content":{"rendered":"<p>Delikatny, ale skuteczny \u2013 iUNIK Calendula Complete Cleansing Oil to olejek myj\u0105cy oparty a\u017c w 89% na oleju z nasion s\u0142onecznika, kt\u00f3ry efektywnie rozpuszcza makija\u017c, filtry SPF i zanieczyszczenia, nie naruszaj\u0105c bariery hydrolipidowej sk\u00f3ry. Z dodatkiem ekstraktu z nagietka oraz olej\u00f3w ro\u015blinnych (jojoba, makadamia), formu\u0142a dzia\u0142a \u0142agodz\u0105co i wyg\u0142adzaj\u0105co, pozostawiaj\u0105c sk\u00f3r\u0119 mi\u0119kk\u0105, czyst\u0105 i zbalansowan\u0105.<\/p>\n<p>Korzy\u015bci dla sk\u00f3ry<br \/>\n\u2013 dok\u0142adnie usuwa makija\u017c i sebum bez podra\u017cnie\u0144<br \/>\n\u2013 koi i \u0142agodzi zaczerwienienia dzi\u0119ki nagietkowi<br \/>\n\u2013 nawil\u017ca i wyg\u0142adza \u2013 bez uczucia \u015bci\u0105gni\u0119cia<br \/>\n\u2013 lekka formu\u0142a odpowiednia dla ka\u017cdego typu cery, tak\u017ce wra\u017cliwej i tr\u0105dzikowej<br \/>\n\u2013 minimalny sk\u0142ad, bezpieczny r\u00f3wnie\u017c dla sk\u00f3ry sk\u0142onnej do reakcji<\/p>\n<p>Spos\u00f3b u\u017cycia: Nanie\u015b kilka pompek olejku na suche d\u0142onie i delikatnie wmasuj w such\u0105 sk\u00f3r\u0119 twarzy. Dodaj odrobin\u0119 wody, by zemulgowa\u0107 produkt, a nast\u0119pnie dok\u0142adnie sp\u0142ucz letni\u0105 wod\u0105. Dla pe\u0142nego efektu oczyszczenia zalecamy drugi krok z \u017celem lub piank\u0105.<\/p>\n","protected":false},"excerpt":{"rendered":"<p>Delikatny, ale skuteczny \u2013 iUNIK Calendula Complete Cleansing Oil to olejek myj\u0105cy oparty a\u017c w 89% na oleju z nasion s\u0142onecznika, kt\u00f3ry efektywnie rozpuszcza makija\u017c, filtry SPF i zanieczyszczenia, nie naruszaj\u0105c bariery hydrolipidowej sk\u00f3ry. Z dodatkiem ekstraktu z nagietka oraz olej\u00f3w ro\u015blinnych (jojoba, makadamia), formu\u0142a dzia\u0142a \u0142agodz\u0105co i wyg\u0142adzaj\u0105co, pozostawiaj\u0105c sk\u00f3r\u0119 mi\u0119kk\u0105, czyst\u0105 i zbalansowan\u0105. &#8230; <a title=\"iUNIK Calendula Complete Cleansing Oil 25 ml &#8211; Olejek do demakija\u017cu\" class=\"read-more\" href=\"https:\/\/selleetools.com\/pl\/product\/iunik-calendula-complete-cleansing-oil-25-ml-olejek-do-demakijazu\/\">Read more<span class=\"screen-reader-text\">iUNIK Calendula Complete Cleansing Oil 25 ml &#8211; Olejek do demakija\u017cu<\/span><\/a><\/p>\n","protected":false},"featured_media":598646,"comment_status":"open","ping_status":"closed","template":"","meta":{"_links_to":"","_links_to_target":""},"yoast_head":"<!-- This site is optimized with the Yoast SEO plugin v19.4 - https:\/\/yoast.com\/wordpress\/plugins\/seo\/ -->\n<title>iUNIK Calendula Complete Cleansing Oil 25 ml - Olejek do demakija\u017cu - Selleetools.com<\/title>\n<meta name=\"robots\" content=\"index, follow, max-snippet:-1, max-image-preview:large, max-video-preview:-1\" \/>\n<link rel=\"canonical\" href=\"https:\/\/selleetools.com\/pl\/product\/iunik-calendula-complete-cleansing-oil-25-ml-olejek-do-demakijazu\/\" \/>\n<meta property=\"og:locale\" content=\"pl_PL\" \/>\n<meta property=\"og:type\" content=\"article\" \/>\n<meta property=\"og:title\" content=\"iUNIK Calendula Complete Cleansing Oil 25 ml - Olejek do demakija\u017cu - Selleetools.com\" \/>\n<meta property=\"og:description\" content=\"Delikatny, ale skuteczny \u2013 iUNIK Calendula Complete Cleansing Oil to olejek myj\u0105cy oparty a\u017c w 89% na oleju z nasion s\u0142onecznika, kt\u00f3ry efektywnie rozpuszcza makija\u017c, filtry SPF i zanieczyszczenia, nie naruszaj\u0105c bariery hydrolipidowej sk\u00f3ry. Z dodatkiem ekstraktu z nagietka oraz olej\u00f3w ro\u015blinnych (jojoba, makadamia), formu\u0142a dzia\u0142a \u0142agodz\u0105co i wyg\u0142adzaj\u0105co, pozostawiaj\u0105c sk\u00f3r\u0119 mi\u0119kk\u0105, czyst\u0105 i zbalansowan\u0105. ... Read moreiUNIK Calendula Complete Cleansing Oil 25 ml &#8211; Olejek do demakija\u017cu\" \/>\n<meta property=\"og:url\" content=\"https:\/\/selleetools.com\/pl\/product\/iunik-calendula-complete-cleansing-oil-25-ml-olejek-do-demakijazu\/\" \/>\n<meta property=\"og:site_name\" content=\"Selleetools.com\" \/>\n<meta property=\"article:modified_time\" content=\"2026-03-30T11:18:34+00:00\" \/>\n<meta property=\"og:image\" content=\"https:\/\/selleetools.com\/wp-content\/uploads\/2025\/10\/2fdc41fef102857fd22f5ecaf68081c7.jpg\" \/>\n\t<meta property=\"og:image:width\" content=\"1200\" \/>\n\t<meta property=\"og:image:height\" content=\"1200\" \/>\n\t<meta property=\"og:image:type\" content=\"image\/jpeg\" \/>\n<meta name=\"twitter:card\" content=\"summary_large_image\" \/>\n<meta name=\"twitter:label1\" content=\"Est. reading time\" \/>\n\t<meta name=\"twitter:data1\" content=\"1 minuta\" \/>\n<!-- \/ Yoast SEO plugin. -->","yoast_head_json":{"title":"iUNIK Calendula Complete Cleansing Oil 25 ml - Olejek do demakija\u017cu - Selleetools.com","robots":{"index":"index","follow":"follow","max-snippet":"max-snippet:-1","max-image-preview":"max-image-preview:large","max-video-preview":"max-video-preview:-1"},"canonical":"https:\/\/selleetools.com\/pl\/product\/iunik-calendula-complete-cleansing-oil-25-ml-olejek-do-demakijazu\/","og_locale":"pl_PL","og_type":"article","og_title":"iUNIK Calendula Complete Cleansing Oil 25 ml - Olejek do demakija\u017cu - Selleetools.com","og_description":"Delikatny, ale skuteczny \u2013 iUNIK Calendula Complete Cleansing Oil to olejek myj\u0105cy oparty a\u017c w 89% na oleju z nasion s\u0142onecznika, kt\u00f3ry efektywnie rozpuszcza makija\u017c, filtry SPF i zanieczyszczenia, nie naruszaj\u0105c bariery hydrolipidowej sk\u00f3ry. Z dodatkiem ekstraktu z nagietka oraz olej\u00f3w ro\u015blinnych (jojoba, makadamia), formu\u0142a dzia\u0142a \u0142agodz\u0105co i wyg\u0142adzaj\u0105co, pozostawiaj\u0105c sk\u00f3r\u0119 mi\u0119kk\u0105, czyst\u0105 i zbalansowan\u0105. ... Read moreiUNIK Calendula Complete Cleansing Oil 25 ml &#8211; Olejek do demakija\u017cu","og_url":"https:\/\/selleetools.com\/pl\/product\/iunik-calendula-complete-cleansing-oil-25-ml-olejek-do-demakijazu\/","og_site_name":"Selleetools.com","article_modified_time":"2026-03-30T11:18:34+00:00","og_image":[{"width":1200,"height":1200,"url":"https:\/\/selleetools.com\/wp-content\/uploads\/2025\/10\/2fdc41fef102857fd22f5ecaf68081c7.jpg","type":"image\/jpeg"}],"twitter_card":"summary_large_image","twitter_misc":{"Est. reading time":"1 minuta"},"schema":{"@context":"https:\/\/schema.org","@graph":[{"@type":"Organization","@id":"https:\/\/selleetools.com\/#organization","name":"Selleetools","url":"https:\/\/selleetools.com\/","sameAs":[],"logo":{"@type":"ImageObject","inLanguage":"pl-PL","@id":"https:\/\/selleetools.com\/#\/schema\/logo\/image\/","url":"https:\/\/selleetools.com\/wp-content\/uploads\/2021\/10\/logo-dark.png","contentUrl":"https:\/\/selleetools.com\/wp-content\/uploads\/2021\/10\/logo-dark.png","width":320,"height":76,"caption":"Selleetools"},"image":{"@id":"https:\/\/selleetools.com\/#\/schema\/logo\/image\/"}},{"@type":"WebSite","@id":"https:\/\/selleetools.com\/#website","url":"https:\/\/selleetools.com\/","name":"Selleetools.com","description":"","publisher":{"@id":"https:\/\/selleetools.com\/#organization"},"potentialAction":[{"@type":"SearchAction","target":{"@type":"EntryPoint","urlTemplate":"https:\/\/selleetools.com\/?s={search_term_string}"},"query-input":"required name=search_term_string"}],"inLanguage":"pl-PL"},{"@type":"WebPage","@id":"https:\/\/selleetools.com\/pl\/product\/iunik-calendula-complete-cleansing-oil-25-ml-olejek-do-demakijazu\/","url":"https:\/\/selleetools.com\/pl\/product\/iunik-calendula-complete-cleansing-oil-25-ml-olejek-do-demakijazu\/","name":"iUNIK Calendula Complete Cleansing Oil 25 ml - Olejek do demakija\u017cu - Selleetools.com","isPartOf":{"@id":"https:\/\/selleetools.com\/#website"},"datePublished":"2025-10-22T06:56:00+00:00","dateModified":"2026-03-30T11:18:34+00:00","breadcrumb":{"@id":"https:\/\/selleetools.com\/pl\/product\/iunik-calendula-complete-cleansing-oil-25-ml-olejek-do-demakijazu\/#breadcrumb"},"inLanguage":"pl-PL","potentialAction":[{"@type":"ReadAction","target":["https:\/\/selleetools.com\/pl\/product\/iunik-calendula-complete-cleansing-oil-25-ml-olejek-do-demakijazu\/"]}]},{"@type":"BreadcrumbList","@id":"https:\/\/selleetools.com\/pl\/product\/iunik-calendula-complete-cleansing-oil-25-ml-olejek-do-demakijazu\/#breadcrumb","itemListElement":[{"@type":"ListItem","position":1,"name":"Home","item":"https:\/\/selleetools.com\/pl\/"},{"@type":"ListItem","position":2,"name":"Katalog","item":"https:\/\/selleetools.com\/pl\/katalog\/"},{"@type":"ListItem","position":3,"name":"iUNIK Calendula Complete Cleansing Oil 25 ml &#8211; Olejek do demakija\u017cu"}]}]}},"_links":{"self":[{"href":"https:\/\/selleetools.com\/pl\/wp-json\/wp\/v2\/product\/598648"}],"collection":[{"href":"https:\/\/selleetools.com\/pl\/wp-json\/wp\/v2\/product"}],"about":[{"href":"https:\/\/selleetools.com\/pl\/wp-json\/wp\/v2\/types\/product"}],"replies":[{"embeddable":true,"href":"https:\/\/selleetools.com\/pl\/wp-json\/wp\/v2\/comments?post=598648"}],"wp:featuredmedia":[{"embeddable":true,"href":"https:\/\/selleetools.com\/pl\/wp-json\/wp\/v2\/media\/598646"}],"wp:attachment":[{"href":"https:\/\/selleetools.com\/pl\/wp-json\/wp\/v2\/media?parent=598648"}],"curies":[{"name":"wp","href":"https:\/\/api.w.org\/{rel}","templated":true}]}}