{"id":598623,"date":"2025-10-22T08:55:39","date_gmt":"2025-10-22T06:55:39","guid":{"rendered":"https:\/\/selleetools.com\/?post_type=product&#038;p=598623"},"modified":"2025-10-22T14:10:06","modified_gmt":"2025-10-22T12:10:06","slug":"romnd-nu-zero-cushion-03-natural-21-15-g-podklad-w-formie-cushion","status":"publish","type":"product","link":"https:\/\/selleetools.com\/pl\/product\/romnd-nu-zero-cushion-03-natural-21-15-g-podklad-w-formie-cushion\/","title":{"rendered":"rom&#038;nd Nu Zero Cushion 03 Natural 21 15 g &#8211; Podk\u0142ad w formie cushion"},"content":{"rendered":"<p>rom&amp;nd Nu Zero Cushion 03 Natural 21 to innowacyjny podk\u0142ad w formie cushion, kt\u00f3ry \u0142\u0105czy w sobie lekko\u015b\u0107 i skuteczno\u015b\u0107. Ten produkt zosta\u0142 stworzony z my\u015bl\u0105 o uzyskaniu naturalnego, \u015bwie\u017cego wyko\u0144czenia sk\u00f3ry, kt\u00f3re jednocze\u015bnie zapewnia d\u0142ugotrwa\u0142e krycie. Formu\u0142a podk\u0142adu zawiera sk\u0142adniki nawil\u017caj\u0105ce i piel\u0119gnacyjne, kt\u00f3re poprawiaj\u0105 kondycj\u0119 sk\u00f3ry, sprawiaj\u0105c, \u017ce staje si\u0119 ona bardziej g\u0142adka i promienna. Korzy\u015bci dla sk\u00f3ry: Nawil\u017ca sk\u00f3r\u0119, dzi\u0119ki czemu staje si\u0119 ona mi\u0119kka i g\u0142adka. Redukuje widoczno\u015b\u0107 niedoskona\u0142o\u015bci i wyr\u00f3wnuje koloryt sk\u00f3ry. Utrzymuje naturalne wyko\u0144czenie przez ca\u0142y dzie\u0144, zapewniaj\u0105c komfort i \u015bwie\u017co\u015b\u0107. Spos\u00f3b u\u017cycia: Otw\u00f3rz opakowanie i przy pomocy za\u0142\u0105czonej g\u0105beczki delikatnie nabierz odpowiedni\u0105 ilo\u015b\u0107 produktu. Aplikuj podk\u0142ad na oczyszczon\u0105 i nawil\u017con\u0105 sk\u00f3r\u0119 twarzy, r\u00f3wnomiernie rozprowadzaj\u0105c go od \u015brodka twarzy ku jej kraw\u0119dziom. Mo\u017cesz stopniowo budowa\u0107 krycie, nak\u0142adaj\u0105c kolejne warstwy w zale\u017cno\u015bci od potrzeb. U\u017cywaj produktu rano lub w ci\u0105gu dnia, aby uzyska\u0107 \u015bwie\u017cy i naturalny wygl\u0105d.<\/p>\n","protected":false},"excerpt":{"rendered":"<p>rom&amp;nd Nu Zero Cushion 03 Natural 21 to innowacyjny podk\u0142ad w formie cushion, kt\u00f3ry \u0142\u0105czy w sobie lekko\u015b\u0107 i skuteczno\u015b\u0107. Ten produkt zosta\u0142 stworzony z my\u015bl\u0105 o uzyskaniu naturalnego, \u015bwie\u017cego wyko\u0144czenia sk\u00f3ry, kt\u00f3re jednocze\u015bnie zapewnia d\u0142ugotrwa\u0142e krycie. Formu\u0142a podk\u0142adu zawiera sk\u0142adniki nawil\u017caj\u0105ce i piel\u0119gnacyjne, kt\u00f3re poprawiaj\u0105 kondycj\u0119 sk\u00f3ry, sprawiaj\u0105c, \u017ce staje si\u0119 ona bardziej g\u0142adka &#8230; <a title=\"rom&#038;nd Nu Zero Cushion 03 Natural 21 15 g &#8211; Podk\u0142ad w formie cushion\" class=\"read-more\" href=\"https:\/\/selleetools.com\/pl\/product\/romnd-nu-zero-cushion-03-natural-21-15-g-podklad-w-formie-cushion\/\">Read more<span class=\"screen-reader-text\">rom&#038;nd Nu Zero Cushion 03 Natural 21 15 g &#8211; Podk\u0142ad w formie cushion<\/span><\/a><\/p>\n","protected":false},"featured_media":598617,"comment_status":"closed","ping_status":"closed","template":"","meta":{"_links_to":"","_links_to_target":""},"yoast_head":"<!-- This site is optimized with the Yoast SEO plugin v19.4 - https:\/\/yoast.com\/wordpress\/plugins\/seo\/ -->\n<title>rom&amp;nd Nu Zero Cushion 03 Natural 21 15 g - Podk\u0142ad w formie cushion - Selleetools.com<\/title>\n<meta name=\"robots\" content=\"index, follow, max-snippet:-1, max-image-preview:large, max-video-preview:-1\" \/>\n<link rel=\"canonical\" href=\"https:\/\/admincentral.selleetools.com\/pl\/product\/romnd-nu-zero-cushion-03-natural-21-15-g-podklad-w-formie-cushion\/\" \/>\n<meta property=\"og:locale\" content=\"pl_PL\" \/>\n<meta property=\"og:type\" content=\"article\" \/>\n<meta property=\"og:title\" content=\"rom&amp;nd Nu Zero Cushion 03 Natural 21 15 g - Podk\u0142ad w formie cushion - Selleetools.com\" \/>\n<meta property=\"og:description\" content=\"rom&amp;nd Nu Zero Cushion 03 Natural 21 to innowacyjny podk\u0142ad w formie cushion, kt\u00f3ry \u0142\u0105czy w sobie lekko\u015b\u0107 i skuteczno\u015b\u0107. Ten produkt zosta\u0142 stworzony z my\u015bl\u0105 o uzyskaniu naturalnego, \u015bwie\u017cego wyko\u0144czenia sk\u00f3ry, kt\u00f3re jednocze\u015bnie zapewnia d\u0142ugotrwa\u0142e krycie. Formu\u0142a podk\u0142adu zawiera sk\u0142adniki nawil\u017caj\u0105ce i piel\u0119gnacyjne, kt\u00f3re poprawiaj\u0105 kondycj\u0119 sk\u00f3ry, sprawiaj\u0105c, \u017ce staje si\u0119 ona bardziej g\u0142adka ... Read morerom&#038;nd Nu Zero Cushion 03 Natural 21 15 g &#8211; Podk\u0142ad w formie cushion\" \/>\n<meta property=\"og:url\" content=\"https:\/\/admincentral.selleetools.com\/pl\/product\/romnd-nu-zero-cushion-03-natural-21-15-g-podklad-w-formie-cushion\/\" \/>\n<meta property=\"og:site_name\" content=\"Selleetools.com\" \/>\n<meta property=\"article:modified_time\" content=\"2025-10-22T12:10:06+00:00\" \/>\n<meta property=\"og:image\" content=\"https:\/\/selleetools.com\/wp-content\/uploads\/2025\/10\/7bfdf17fd4b5f1d1981df1ebe540df1a.jpg\" \/>\n\t<meta property=\"og:image:width\" content=\"640\" \/>\n\t<meta property=\"og:image:height\" content=\"640\" \/>\n\t<meta property=\"og:image:type\" content=\"image\/jpeg\" \/>\n<meta name=\"twitter:card\" content=\"summary_large_image\" \/>\n<meta name=\"twitter:label1\" content=\"Est. reading time\" \/>\n\t<meta name=\"twitter:data1\" content=\"1 minuta\" \/>\n<!-- \/ Yoast SEO plugin. -->","yoast_head_json":{"title":"rom&nd Nu Zero Cushion 03 Natural 21 15 g - Podk\u0142ad w formie cushion - Selleetools.com","robots":{"index":"index","follow":"follow","max-snippet":"max-snippet:-1","max-image-preview":"max-image-preview:large","max-video-preview":"max-video-preview:-1"},"canonical":"https:\/\/admincentral.selleetools.com\/pl\/product\/romnd-nu-zero-cushion-03-natural-21-15-g-podklad-w-formie-cushion\/","og_locale":"pl_PL","og_type":"article","og_title":"rom&nd Nu Zero Cushion 03 Natural 21 15 g - Podk\u0142ad w formie cushion - Selleetools.com","og_description":"rom&amp;nd Nu Zero Cushion 03 Natural 21 to innowacyjny podk\u0142ad w formie cushion, kt\u00f3ry \u0142\u0105czy w sobie lekko\u015b\u0107 i skuteczno\u015b\u0107. Ten produkt zosta\u0142 stworzony z my\u015bl\u0105 o uzyskaniu naturalnego, \u015bwie\u017cego wyko\u0144czenia sk\u00f3ry, kt\u00f3re jednocze\u015bnie zapewnia d\u0142ugotrwa\u0142e krycie. Formu\u0142a podk\u0142adu zawiera sk\u0142adniki nawil\u017caj\u0105ce i piel\u0119gnacyjne, kt\u00f3re poprawiaj\u0105 kondycj\u0119 sk\u00f3ry, sprawiaj\u0105c, \u017ce staje si\u0119 ona bardziej g\u0142adka ... Read morerom&#038;nd Nu Zero Cushion 03 Natural 21 15 g &#8211; Podk\u0142ad w formie cushion","og_url":"https:\/\/admincentral.selleetools.com\/pl\/product\/romnd-nu-zero-cushion-03-natural-21-15-g-podklad-w-formie-cushion\/","og_site_name":"Selleetools.com","article_modified_time":"2025-10-22T12:10:06+00:00","og_image":[{"width":640,"height":640,"url":"https:\/\/selleetools.com\/wp-content\/uploads\/2025\/10\/7bfdf17fd4b5f1d1981df1ebe540df1a.jpg","type":"image\/jpeg"}],"twitter_card":"summary_large_image","twitter_misc":{"Est. reading time":"1 minuta"},"schema":{"@context":"https:\/\/schema.org","@graph":[{"@type":"Organization","@id":"https:\/\/selleetools.com\/#organization","name":"Selleetools","url":"https:\/\/selleetools.com\/","sameAs":[],"logo":{"@type":"ImageObject","inLanguage":"pl-PL","@id":"https:\/\/selleetools.com\/#\/schema\/logo\/image\/","url":"https:\/\/selleetools.com\/wp-content\/uploads\/2021\/10\/logo-dark.png","contentUrl":"https:\/\/selleetools.com\/wp-content\/uploads\/2021\/10\/logo-dark.png","width":320,"height":76,"caption":"Selleetools"},"image":{"@id":"https:\/\/selleetools.com\/#\/schema\/logo\/image\/"}},{"@type":"WebSite","@id":"https:\/\/selleetools.com\/#website","url":"https:\/\/selleetools.com\/","name":"Selleetools.com","description":"","publisher":{"@id":"https:\/\/selleetools.com\/#organization"},"potentialAction":[{"@type":"SearchAction","target":{"@type":"EntryPoint","urlTemplate":"https:\/\/selleetools.com\/?s={search_term_string}"},"query-input":"required name=search_term_string"}],"inLanguage":"pl-PL"},{"@type":"WebPage","@id":"https:\/\/admincentral.selleetools.com\/pl\/product\/romnd-nu-zero-cushion-03-natural-21-15-g-podklad-w-formie-cushion\/","url":"https:\/\/admincentral.selleetools.com\/pl\/product\/romnd-nu-zero-cushion-03-natural-21-15-g-podklad-w-formie-cushion\/","name":"rom&nd Nu Zero Cushion 03 Natural 21 15 g - Podk\u0142ad w formie cushion - Selleetools.com","isPartOf":{"@id":"https:\/\/selleetools.com\/#website"},"datePublished":"2025-10-22T06:55:39+00:00","dateModified":"2025-10-22T12:10:06+00:00","breadcrumb":{"@id":"https:\/\/admincentral.selleetools.com\/pl\/product\/romnd-nu-zero-cushion-03-natural-21-15-g-podklad-w-formie-cushion\/#breadcrumb"},"inLanguage":"pl-PL","potentialAction":[{"@type":"ReadAction","target":["https:\/\/admincentral.selleetools.com\/pl\/product\/romnd-nu-zero-cushion-03-natural-21-15-g-podklad-w-formie-cushion\/"]}]},{"@type":"BreadcrumbList","@id":"https:\/\/admincentral.selleetools.com\/pl\/product\/romnd-nu-zero-cushion-03-natural-21-15-g-podklad-w-formie-cushion\/#breadcrumb","itemListElement":[{"@type":"ListItem","position":1,"name":"Home","item":"https:\/\/selleetools.com\/pl\/"},{"@type":"ListItem","position":2,"name":"Katalog","item":"https:\/\/selleetools.com\/pl\/katalog\/"},{"@type":"ListItem","position":3,"name":"rom&#038;nd Nu Zero Cushion 03 Natural 21 15 g &#8211; Podk\u0142ad w formie cushion"}]}]}},"_links":{"self":[{"href":"https:\/\/selleetools.com\/pl\/wp-json\/wp\/v2\/product\/598623"}],"collection":[{"href":"https:\/\/selleetools.com\/pl\/wp-json\/wp\/v2\/product"}],"about":[{"href":"https:\/\/selleetools.com\/pl\/wp-json\/wp\/v2\/types\/product"}],"replies":[{"embeddable":true,"href":"https:\/\/selleetools.com\/pl\/wp-json\/wp\/v2\/comments?post=598623"}],"wp:featuredmedia":[{"embeddable":true,"href":"https:\/\/selleetools.com\/pl\/wp-json\/wp\/v2\/media\/598617"}],"wp:attachment":[{"href":"https:\/\/selleetools.com\/pl\/wp-json\/wp\/v2\/media?parent=598623"}],"curies":[{"name":"wp","href":"https:\/\/api.w.org\/{rel}","templated":true}]}}