{"id":598616,"date":"2025-10-22T08:55:35","date_gmt":"2025-10-22T06:55:35","guid":{"rendered":"https:\/\/selleetools.com\/?post_type=product&#038;p=598616"},"modified":"2025-10-22T14:10:07","modified_gmt":"2025-10-22T12:10:07","slug":"romnd-nu-zero-cushion-02-pure-21-15-g-podklad-w-formie-cushion","status":"publish","type":"product","link":"https:\/\/selleetools.com\/pl\/product\/romnd-nu-zero-cushion-02-pure-21-15-g-podklad-w-formie-cushion\/","title":{"rendered":"rom&#038;nd Nu Zero Cushion 02 Pure 21 15 g &#8211; Podk\u0142ad w formie cushion"},"content":{"rendered":"<p>Rom&#038;nd Nu Zero Cushion 02 Pure to podk\u0142ad w formie poduszki, kt\u00f3ry \u0142\u0105czy w sobie lekko\u015b\u0107 i pe\u0142ne krycie. Dzi\u0119ki swojej formule, oferuje doskona\u0142e wyr\u00f3wnanie kolorytu sk\u00f3ry oraz naturalne wyko\u0144czenie. Produkt ten jest idealny dla os\u00f3b poszukuj\u0105cych podk\u0142adu, kt\u00f3ry zapewni \u015bwie\u017cy i zdrowy wygl\u0105d przez ca\u0142y dzie\u0144, nie obci\u0105\u017caj\u0105c przy tym sk\u00f3ry.<\/p>\n<p>Korzy\u015bci dla sk\u00f3ry:<br \/>\nLekka formu\u0142a: Zapewnia komfort noszenia i naturalne wyko\u0144czenie, kt\u00f3re nie obci\u0105\u017ca sk\u00f3ry.<br \/>\nD\u0142ugotrwa\u0142e krycie: Skutecznie maskuje niedoskona\u0142o\u015bci, utrzymuj\u0105c jednocze\u015bnie \u015bwie\u017cy wygl\u0105d przez wiele godzin.<br \/>\nNawil\u017cenie: Wzbogacony o sk\u0142adniki nawil\u017caj\u0105ce, kt\u00f3re pomagaj\u0105 utrzyma\u0107 sk\u00f3r\u0119 g\u0142adk\u0105 i elastyczn\u0105.<br \/>\nOchrona przed s\u0142o\u0144cem: Zawiera filtry UV, kt\u00f3re chroni\u0105 sk\u00f3r\u0119 przed szkodliwym dzia\u0142aniem promieni s\u0142onecznych.<\/p>\n<p>Spos\u00f3b u\u017cycia:<br \/>\nNa\u0142\u00f3\u017c produkt za pomoc\u0105 za\u0142\u0105czonej g\u0105beczki, delikatnie wklepuj\u0105c go w sk\u00f3r\u0119. Aby uzyska\u0107 r\u00f3wnomierne pokrycie, rozpocznij aplikacj\u0119 od \u015brodka twarzy i stopniowo rozprowadzaj podk\u0142ad ku zewn\u0119trznym kraw\u0119dziom. Mo\u017cna budowa\u0107 krycie, nak\u0142adaj\u0105c kolejne warstwy, w zale\u017cno\u015bci od po\u017c\u0105danego efektu.<\/p>\n","protected":false},"excerpt":{"rendered":"<p>Rom&#038;nd Nu Zero Cushion 02 Pure to podk\u0142ad w formie poduszki, kt\u00f3ry \u0142\u0105czy w sobie lekko\u015b\u0107 i pe\u0142ne krycie. Dzi\u0119ki swojej formule, oferuje doskona\u0142e wyr\u00f3wnanie kolorytu sk\u00f3ry oraz naturalne wyko\u0144czenie. Produkt ten jest idealny dla os\u00f3b poszukuj\u0105cych podk\u0142adu, kt\u00f3ry zapewni \u015bwie\u017cy i zdrowy wygl\u0105d przez ca\u0142y dzie\u0144, nie obci\u0105\u017caj\u0105c przy tym sk\u00f3ry. Korzy\u015bci dla sk\u00f3ry: &#8230; <a title=\"rom&#038;nd Nu Zero Cushion 02 Pure 21 15 g &#8211; Podk\u0142ad w formie cushion\" class=\"read-more\" href=\"https:\/\/selleetools.com\/pl\/product\/romnd-nu-zero-cushion-02-pure-21-15-g-podklad-w-formie-cushion\/\">Read more<span class=\"screen-reader-text\">rom&#038;nd Nu Zero Cushion 02 Pure 21 15 g &#8211; Podk\u0142ad w formie cushion<\/span><\/a><\/p>\n","protected":false},"featured_media":598610,"comment_status":"open","ping_status":"closed","template":"","meta":{"_links_to":"","_links_to_target":""},"yoast_head":"<!-- This site is optimized with the Yoast SEO plugin v19.4 - https:\/\/yoast.com\/wordpress\/plugins\/seo\/ -->\n<title>rom&amp;nd Nu Zero Cushion 02 Pure 21 15 g - Podk\u0142ad w formie cushion - Selleetools.com<\/title>\n<meta name=\"robots\" content=\"index, follow, max-snippet:-1, max-image-preview:large, max-video-preview:-1\" \/>\n<link rel=\"canonical\" href=\"https:\/\/selleetools.com\/pl\/product\/romnd-nu-zero-cushion-02-pure-21-15-g-podklad-w-formie-cushion\/\" \/>\n<meta property=\"og:locale\" content=\"pl_PL\" \/>\n<meta property=\"og:type\" content=\"article\" \/>\n<meta property=\"og:title\" content=\"rom&amp;nd Nu Zero Cushion 02 Pure 21 15 g - Podk\u0142ad w formie cushion - Selleetools.com\" \/>\n<meta property=\"og:description\" content=\"Rom&#038;nd Nu Zero Cushion 02 Pure to podk\u0142ad w formie poduszki, kt\u00f3ry \u0142\u0105czy w sobie lekko\u015b\u0107 i pe\u0142ne krycie. Dzi\u0119ki swojej formule, oferuje doskona\u0142e wyr\u00f3wnanie kolorytu sk\u00f3ry oraz naturalne wyko\u0144czenie. Produkt ten jest idealny dla os\u00f3b poszukuj\u0105cych podk\u0142adu, kt\u00f3ry zapewni \u015bwie\u017cy i zdrowy wygl\u0105d przez ca\u0142y dzie\u0144, nie obci\u0105\u017caj\u0105c przy tym sk\u00f3ry. Korzy\u015bci dla sk\u00f3ry: ... Read morerom&#038;nd Nu Zero Cushion 02 Pure 21 15 g &#8211; Podk\u0142ad w formie cushion\" \/>\n<meta property=\"og:url\" content=\"https:\/\/selleetools.com\/pl\/product\/romnd-nu-zero-cushion-02-pure-21-15-g-podklad-w-formie-cushion\/\" \/>\n<meta property=\"og:site_name\" content=\"Selleetools.com\" \/>\n<meta property=\"article:modified_time\" content=\"2025-10-22T12:10:07+00:00\" \/>\n<meta property=\"og:image\" content=\"https:\/\/selleetools.com\/wp-content\/uploads\/2025\/10\/5611904e1783377d8c473de326c080ea.jpg\" \/>\n\t<meta property=\"og:image:width\" content=\"640\" \/>\n\t<meta property=\"og:image:height\" content=\"640\" \/>\n\t<meta property=\"og:image:type\" content=\"image\/jpeg\" \/>\n<meta name=\"twitter:card\" content=\"summary_large_image\" \/>\n<meta name=\"twitter:label1\" content=\"Est. reading time\" \/>\n\t<meta name=\"twitter:data1\" content=\"1 minuta\" \/>\n<!-- \/ Yoast SEO plugin. -->","yoast_head_json":{"title":"rom&nd Nu Zero Cushion 02 Pure 21 15 g - Podk\u0142ad w formie cushion - Selleetools.com","robots":{"index":"index","follow":"follow","max-snippet":"max-snippet:-1","max-image-preview":"max-image-preview:large","max-video-preview":"max-video-preview:-1"},"canonical":"https:\/\/selleetools.com\/pl\/product\/romnd-nu-zero-cushion-02-pure-21-15-g-podklad-w-formie-cushion\/","og_locale":"pl_PL","og_type":"article","og_title":"rom&nd Nu Zero Cushion 02 Pure 21 15 g - Podk\u0142ad w formie cushion - Selleetools.com","og_description":"Rom&#038;nd Nu Zero Cushion 02 Pure to podk\u0142ad w formie poduszki, kt\u00f3ry \u0142\u0105czy w sobie lekko\u015b\u0107 i pe\u0142ne krycie. Dzi\u0119ki swojej formule, oferuje doskona\u0142e wyr\u00f3wnanie kolorytu sk\u00f3ry oraz naturalne wyko\u0144czenie. Produkt ten jest idealny dla os\u00f3b poszukuj\u0105cych podk\u0142adu, kt\u00f3ry zapewni \u015bwie\u017cy i zdrowy wygl\u0105d przez ca\u0142y dzie\u0144, nie obci\u0105\u017caj\u0105c przy tym sk\u00f3ry. Korzy\u015bci dla sk\u00f3ry: ... Read morerom&#038;nd Nu Zero Cushion 02 Pure 21 15 g &#8211; Podk\u0142ad w formie cushion","og_url":"https:\/\/selleetools.com\/pl\/product\/romnd-nu-zero-cushion-02-pure-21-15-g-podklad-w-formie-cushion\/","og_site_name":"Selleetools.com","article_modified_time":"2025-10-22T12:10:07+00:00","og_image":[{"width":640,"height":640,"url":"https:\/\/selleetools.com\/wp-content\/uploads\/2025\/10\/5611904e1783377d8c473de326c080ea.jpg","type":"image\/jpeg"}],"twitter_card":"summary_large_image","twitter_misc":{"Est. reading time":"1 minuta"},"schema":{"@context":"https:\/\/schema.org","@graph":[{"@type":"Organization","@id":"https:\/\/selleetools.com\/#organization","name":"Selleetools","url":"https:\/\/selleetools.com\/","sameAs":[],"logo":{"@type":"ImageObject","inLanguage":"pl-PL","@id":"https:\/\/selleetools.com\/#\/schema\/logo\/image\/","url":"https:\/\/selleetools.com\/wp-content\/uploads\/2021\/10\/logo-dark.png","contentUrl":"https:\/\/selleetools.com\/wp-content\/uploads\/2021\/10\/logo-dark.png","width":320,"height":76,"caption":"Selleetools"},"image":{"@id":"https:\/\/selleetools.com\/#\/schema\/logo\/image\/"}},{"@type":"WebSite","@id":"https:\/\/selleetools.com\/#website","url":"https:\/\/selleetools.com\/","name":"Selleetools.com","description":"","publisher":{"@id":"https:\/\/selleetools.com\/#organization"},"potentialAction":[{"@type":"SearchAction","target":{"@type":"EntryPoint","urlTemplate":"https:\/\/selleetools.com\/?s={search_term_string}"},"query-input":"required name=search_term_string"}],"inLanguage":"pl-PL"},{"@type":"WebPage","@id":"https:\/\/selleetools.com\/pl\/product\/romnd-nu-zero-cushion-02-pure-21-15-g-podklad-w-formie-cushion\/","url":"https:\/\/selleetools.com\/pl\/product\/romnd-nu-zero-cushion-02-pure-21-15-g-podklad-w-formie-cushion\/","name":"rom&nd Nu Zero Cushion 02 Pure 21 15 g - Podk\u0142ad w formie cushion - Selleetools.com","isPartOf":{"@id":"https:\/\/selleetools.com\/#website"},"datePublished":"2025-10-22T06:55:35+00:00","dateModified":"2025-10-22T12:10:07+00:00","breadcrumb":{"@id":"https:\/\/selleetools.com\/pl\/product\/romnd-nu-zero-cushion-02-pure-21-15-g-podklad-w-formie-cushion\/#breadcrumb"},"inLanguage":"pl-PL","potentialAction":[{"@type":"ReadAction","target":["https:\/\/selleetools.com\/pl\/product\/romnd-nu-zero-cushion-02-pure-21-15-g-podklad-w-formie-cushion\/"]}]},{"@type":"BreadcrumbList","@id":"https:\/\/selleetools.com\/pl\/product\/romnd-nu-zero-cushion-02-pure-21-15-g-podklad-w-formie-cushion\/#breadcrumb","itemListElement":[{"@type":"ListItem","position":1,"name":"Home","item":"https:\/\/selleetools.com\/pl\/"},{"@type":"ListItem","position":2,"name":"Katalog","item":"https:\/\/selleetools.com\/pl\/katalog\/"},{"@type":"ListItem","position":3,"name":"rom&#038;nd Nu Zero Cushion 02 Pure 21 15 g &#8211; Podk\u0142ad w formie cushion"}]}]}},"_links":{"self":[{"href":"https:\/\/selleetools.com\/pl\/wp-json\/wp\/v2\/product\/598616"}],"collection":[{"href":"https:\/\/selleetools.com\/pl\/wp-json\/wp\/v2\/product"}],"about":[{"href":"https:\/\/selleetools.com\/pl\/wp-json\/wp\/v2\/types\/product"}],"replies":[{"embeddable":true,"href":"https:\/\/selleetools.com\/pl\/wp-json\/wp\/v2\/comments?post=598616"}],"wp:featuredmedia":[{"embeddable":true,"href":"https:\/\/selleetools.com\/pl\/wp-json\/wp\/v2\/media\/598610"}],"wp:attachment":[{"href":"https:\/\/selleetools.com\/pl\/wp-json\/wp\/v2\/media?parent=598616"}],"curies":[{"name":"wp","href":"https:\/\/api.w.org\/{rel}","templated":true}]}}