{"id":598599,"date":"2025-10-22T08:55:23","date_gmt":"2025-10-22T06:55:23","guid":{"rendered":"https:\/\/selleetools.com\/?post_type=product&#038;p=598599"},"modified":"2025-10-30T16:26:55","modified_gmt":"2025-10-30T15:26:55","slug":"romnd-better-than-palette-03-rosebud-garden-7-5-g-paleta-cieni-do-powiek","status":"publish","type":"product","link":"https:\/\/selleetools.com\/pl\/product\/romnd-better-than-palette-03-rosebud-garden-7-5-g-paleta-cieni-do-powiek\/","title":{"rendered":"rom&#038;nd Better Than Palette 03 Rosebud Garden 7.5 g &#8211; Paleta cieni do powiek"},"content":{"rendered":"<p>Paleta cieni do powiek rom&#038;nd Better Than Palette 03 Rosebud Garden to doskona\u0142y wyb\u00f3r dla os\u00f3b pragn\u0105cych uzyska\u0107 subtelny, ale pe\u0142en blasku makija\u017c oczu. Ta paleta zawiera harmonijn\u0105 kolekcj\u0119 odcieni r\u00f3\u017cu, kt\u00f3re mo\u017cna \u0142atwo \u0142\u0105czy\u0107 i budowa\u0107, aby stworzy\u0107 r\u00f3\u017cnorodne wygl\u0105dy &#8211; od codziennego makija\u017cu po eleganckie wieczorne stylizacje.<\/p>\n<p>Korzy\u015bci dla sk\u00f3ry:<br \/>\nWysoka jako\u015b\u0107 pigmentu: Cienie s\u0105 mocno napigmentowane, co zapewnia intensywne kolory oraz d\u0142ugotrwa\u0142y efekt na powiekach.<br \/>\nG\u0142adka aplikacja: Formu\u0142a cieni jest mi\u0119kka i jedwabista, co u\u0142atwia aplikacj\u0119 i blendowanie bez efektu osypywania.<br \/>\nNawil\u017cenie i komfort: Formu\u0142a wzbogacona o sk\u0142adniki nawil\u017caj\u0105ce, kt\u00f3re zapewniaj\u0105 komfort noszenia i dba\u0142o\u015b\u0107 o delikatn\u0105 sk\u00f3r\u0119 powiek.<\/p>\n<p>Spos\u00f3b u\u017cycia:<br \/>\nPrzygotowanie powiek: Na\u0142\u00f3\u017c baz\u0119 pod cienie, aby przed\u0142u\u017cy\u0107 trwa\u0142o\u015b\u0107 makija\u017cu i uzyska\u0107 r\u00f3wnomierne wyko\u0144czenie.<br \/>\nAplikacja cieni: Za pomoc\u0105 p\u0119dzla lub palc\u00f3w na\u0142\u00f3\u017c wybrany cie\u0144 na powieki, zaczynaj\u0105c od najja\u015bniejszych odcieni jako bazy, a nast\u0119pnie dodaj ciemniejsze kolory w za\u0142amaniu powieki dla uzyskania g\u0142\u0119bi.<br \/>\nBlendowanie: Delikatnie rozblenduj granice cieni, aby uzyska\u0107 p\u0142ynne przej\u015bcia kolor\u00f3w.<br \/>\nWyko\u0144czenie: Zako\u0144cz makija\u017c aplikuj\u0105c tusz do rz\u0119s i ewentualnie podkre\u015bl brwi, aby uzyska\u0107 pe\u0142ny efekt.<\/p>\n","protected":false},"excerpt":{"rendered":"<p>Paleta cieni do powiek rom&#038;nd Better Than Palette 03 Rosebud Garden to doskona\u0142y wyb\u00f3r dla os\u00f3b pragn\u0105cych uzyska\u0107 subtelny, ale pe\u0142en blasku makija\u017c oczu. Ta paleta zawiera harmonijn\u0105 kolekcj\u0119 odcieni r\u00f3\u017cu, kt\u00f3re mo\u017cna \u0142atwo \u0142\u0105czy\u0107 i budowa\u0107, aby stworzy\u0107 r\u00f3\u017cnorodne wygl\u0105dy &#8211; od codziennego makija\u017cu po eleganckie wieczorne stylizacje. Korzy\u015bci dla sk\u00f3ry: Wysoka jako\u015b\u0107 pigmentu: &#8230; <a title=\"rom&#038;nd Better Than Palette 03 Rosebud Garden 7.5 g &#8211; Paleta cieni do powiek\" class=\"read-more\" href=\"https:\/\/selleetools.com\/pl\/product\/romnd-better-than-palette-03-rosebud-garden-7-5-g-paleta-cieni-do-powiek\/\">Read more<span class=\"screen-reader-text\">rom&#038;nd Better Than Palette 03 Rosebud Garden 7.5 g &#8211; Paleta cieni do powiek<\/span><\/a><\/p>\n","protected":false},"featured_media":598597,"comment_status":"open","ping_status":"closed","template":"","meta":{"_links_to":"","_links_to_target":""},"yoast_head":"<!-- This site is optimized with the Yoast SEO plugin v19.4 - https:\/\/yoast.com\/wordpress\/plugins\/seo\/ -->\n<title>rom&amp;nd Better Than Palette 03 Rosebud Garden 7.5 g - Paleta cieni do powiek - Selleetools.com<\/title>\n<meta name=\"robots\" content=\"index, follow, max-snippet:-1, max-image-preview:large, max-video-preview:-1\" \/>\n<link rel=\"canonical\" href=\"https:\/\/selleetools.com\/pl\/product\/romnd-better-than-palette-03-rosebud-garden-7-5-g-paleta-cieni-do-powiek\/\" \/>\n<meta property=\"og:locale\" content=\"pl_PL\" \/>\n<meta property=\"og:type\" content=\"article\" \/>\n<meta property=\"og:title\" content=\"rom&amp;nd Better Than Palette 03 Rosebud Garden 7.5 g - Paleta cieni do powiek - Selleetools.com\" \/>\n<meta property=\"og:description\" content=\"Paleta cieni do powiek rom&#038;nd Better Than Palette 03 Rosebud Garden to doskona\u0142y wyb\u00f3r dla os\u00f3b pragn\u0105cych uzyska\u0107 subtelny, ale pe\u0142en blasku makija\u017c oczu. Ta paleta zawiera harmonijn\u0105 kolekcj\u0119 odcieni r\u00f3\u017cu, kt\u00f3re mo\u017cna \u0142atwo \u0142\u0105czy\u0107 i budowa\u0107, aby stworzy\u0107 r\u00f3\u017cnorodne wygl\u0105dy &#8211; od codziennego makija\u017cu po eleganckie wieczorne stylizacje. Korzy\u015bci dla sk\u00f3ry: Wysoka jako\u015b\u0107 pigmentu: ... Read morerom&#038;nd Better Than Palette 03 Rosebud Garden 7.5 g &#8211; Paleta cieni do powiek\" \/>\n<meta property=\"og:url\" content=\"https:\/\/selleetools.com\/pl\/product\/romnd-better-than-palette-03-rosebud-garden-7-5-g-paleta-cieni-do-powiek\/\" \/>\n<meta property=\"og:site_name\" content=\"Selleetools.com\" \/>\n<meta property=\"article:modified_time\" content=\"2025-10-30T15:26:55+00:00\" \/>\n<meta property=\"og:image\" content=\"https:\/\/selleetools.com\/wp-content\/uploads\/2025\/10\/3124382d5896896446a62c71f6a3b1fb.jpg\" \/>\n\t<meta property=\"og:image:width\" content=\"500\" \/>\n\t<meta property=\"og:image:height\" content=\"500\" \/>\n\t<meta property=\"og:image:type\" content=\"image\/jpeg\" \/>\n<meta name=\"twitter:card\" content=\"summary_large_image\" \/>\n<meta name=\"twitter:label1\" content=\"Est. reading time\" \/>\n\t<meta name=\"twitter:data1\" content=\"1 minuta\" \/>\n<!-- \/ Yoast SEO plugin. -->","yoast_head_json":{"title":"rom&nd Better Than Palette 03 Rosebud Garden 7.5 g - Paleta cieni do powiek - Selleetools.com","robots":{"index":"index","follow":"follow","max-snippet":"max-snippet:-1","max-image-preview":"max-image-preview:large","max-video-preview":"max-video-preview:-1"},"canonical":"https:\/\/selleetools.com\/pl\/product\/romnd-better-than-palette-03-rosebud-garden-7-5-g-paleta-cieni-do-powiek\/","og_locale":"pl_PL","og_type":"article","og_title":"rom&nd Better Than Palette 03 Rosebud Garden 7.5 g - Paleta cieni do powiek - Selleetools.com","og_description":"Paleta cieni do powiek rom&#038;nd Better Than Palette 03 Rosebud Garden to doskona\u0142y wyb\u00f3r dla os\u00f3b pragn\u0105cych uzyska\u0107 subtelny, ale pe\u0142en blasku makija\u017c oczu. Ta paleta zawiera harmonijn\u0105 kolekcj\u0119 odcieni r\u00f3\u017cu, kt\u00f3re mo\u017cna \u0142atwo \u0142\u0105czy\u0107 i budowa\u0107, aby stworzy\u0107 r\u00f3\u017cnorodne wygl\u0105dy &#8211; od codziennego makija\u017cu po eleganckie wieczorne stylizacje. Korzy\u015bci dla sk\u00f3ry: Wysoka jako\u015b\u0107 pigmentu: ... Read morerom&#038;nd Better Than Palette 03 Rosebud Garden 7.5 g &#8211; Paleta cieni do powiek","og_url":"https:\/\/selleetools.com\/pl\/product\/romnd-better-than-palette-03-rosebud-garden-7-5-g-paleta-cieni-do-powiek\/","og_site_name":"Selleetools.com","article_modified_time":"2025-10-30T15:26:55+00:00","og_image":[{"width":500,"height":500,"url":"https:\/\/selleetools.com\/wp-content\/uploads\/2025\/10\/3124382d5896896446a62c71f6a3b1fb.jpg","type":"image\/jpeg"}],"twitter_card":"summary_large_image","twitter_misc":{"Est. reading time":"1 minuta"},"schema":{"@context":"https:\/\/schema.org","@graph":[{"@type":"Organization","@id":"https:\/\/selleetools.com\/#organization","name":"Selleetools","url":"https:\/\/selleetools.com\/","sameAs":[],"logo":{"@type":"ImageObject","inLanguage":"pl-PL","@id":"https:\/\/selleetools.com\/#\/schema\/logo\/image\/","url":"https:\/\/selleetools.com\/wp-content\/uploads\/2021\/10\/logo-dark.png","contentUrl":"https:\/\/selleetools.com\/wp-content\/uploads\/2021\/10\/logo-dark.png","width":320,"height":76,"caption":"Selleetools"},"image":{"@id":"https:\/\/selleetools.com\/#\/schema\/logo\/image\/"}},{"@type":"WebSite","@id":"https:\/\/selleetools.com\/#website","url":"https:\/\/selleetools.com\/","name":"Selleetools.com","description":"","publisher":{"@id":"https:\/\/selleetools.com\/#organization"},"potentialAction":[{"@type":"SearchAction","target":{"@type":"EntryPoint","urlTemplate":"https:\/\/selleetools.com\/?s={search_term_string}"},"query-input":"required name=search_term_string"}],"inLanguage":"pl-PL"},{"@type":"WebPage","@id":"https:\/\/selleetools.com\/pl\/product\/romnd-better-than-palette-03-rosebud-garden-7-5-g-paleta-cieni-do-powiek\/","url":"https:\/\/selleetools.com\/pl\/product\/romnd-better-than-palette-03-rosebud-garden-7-5-g-paleta-cieni-do-powiek\/","name":"rom&nd Better Than Palette 03 Rosebud Garden 7.5 g - Paleta cieni do powiek - Selleetools.com","isPartOf":{"@id":"https:\/\/selleetools.com\/#website"},"datePublished":"2025-10-22T06:55:23+00:00","dateModified":"2025-10-30T15:26:55+00:00","breadcrumb":{"@id":"https:\/\/selleetools.com\/pl\/product\/romnd-better-than-palette-03-rosebud-garden-7-5-g-paleta-cieni-do-powiek\/#breadcrumb"},"inLanguage":"pl-PL","potentialAction":[{"@type":"ReadAction","target":["https:\/\/selleetools.com\/pl\/product\/romnd-better-than-palette-03-rosebud-garden-7-5-g-paleta-cieni-do-powiek\/"]}]},{"@type":"BreadcrumbList","@id":"https:\/\/selleetools.com\/pl\/product\/romnd-better-than-palette-03-rosebud-garden-7-5-g-paleta-cieni-do-powiek\/#breadcrumb","itemListElement":[{"@type":"ListItem","position":1,"name":"Home","item":"https:\/\/selleetools.com\/pl\/"},{"@type":"ListItem","position":2,"name":"Katalog","item":"https:\/\/selleetools.com\/pl\/katalog\/"},{"@type":"ListItem","position":3,"name":"rom&#038;nd Better Than Palette 03 Rosebud Garden 7.5 g &#8211; Paleta cieni do powiek"}]}]}},"_links":{"self":[{"href":"https:\/\/selleetools.com\/pl\/wp-json\/wp\/v2\/product\/598599"}],"collection":[{"href":"https:\/\/selleetools.com\/pl\/wp-json\/wp\/v2\/product"}],"about":[{"href":"https:\/\/selleetools.com\/pl\/wp-json\/wp\/v2\/types\/product"}],"replies":[{"embeddable":true,"href":"https:\/\/selleetools.com\/pl\/wp-json\/wp\/v2\/comments?post=598599"}],"wp:featuredmedia":[{"embeddable":true,"href":"https:\/\/selleetools.com\/pl\/wp-json\/wp\/v2\/media\/598597"}],"wp:attachment":[{"href":"https:\/\/selleetools.com\/pl\/wp-json\/wp\/v2\/media?parent=598599"}],"curies":[{"name":"wp","href":"https:\/\/api.w.org\/{rel}","templated":true}]}}