{"id":598596,"date":"2025-10-22T08:55:20","date_gmt":"2025-10-22T06:55:20","guid":{"rendered":"https:\/\/selleetools.com\/?post_type=product&#038;p=598596"},"modified":"2025-12-26T16:46:18","modified_gmt":"2025-12-26T15:46:18","slug":"romnd-zero-matte-lipstick-06-awesome-matowa-pomadka-3-g","status":"publish","type":"product","link":"https:\/\/selleetools.com\/pl\/product\/romnd-zero-matte-lipstick-06-awesome-matowa-pomadka-3-g\/","title":{"rendered":"rom&#038;nd Zero Matte Lipstick 06 Awesome &#8211; Matowa pomadka 3 g"},"content":{"rendered":"<p>rom&#038;nd Zero Matte Lipstick 06 Awesome to wyj\u0105tkowa matowa pomadka, kt\u00f3ra \u0142\u0105czy w sobie intensywny kolor i komfort noszenia. Jej wyj\u0105tkowa formu\u0142a zapewnia d\u0142ugotrwa\u0142e krycie bez efektu wysuszenia, co czyni j\u0105 idealnym wyborem na co dzie\u0144 oraz na specjalne okazje. Pomadka \u0142atwo si\u0119 aplikuje, nie rozmazuje si\u0119 i utrzymuje \u015bwie\u017cy wygl\u0105d przez wiele godzin. Dzi\u0119ki wysokiej pigmentacji jedna warstwa wystarczy, aby uzyska\u0107 pe\u0142ne pokrycie i g\u0142\u0119boki kolor.<\/p>\n<p>Korzy\u015bci dla sk\u00f3ry:<br \/>\nD\u0142ugotrwa\u0142e krycie: Utrzymuje si\u0119 na ustach przez wiele godzin, nie wymagaj\u0105c poprawek.<br \/>\nMatowe wyko\u0144czenie: Zapewnia elegancki, matowy efekt bez wysuszania warg.<br \/>\nWysoka pigmentacja: Intensywny kolor w jednym poci\u0105gni\u0119ciu, bez konieczno\u015bci nak\u0142adania kilku warstw.<\/p>\n<p>Spos\u00f3b u\u017cycia:<br \/>\nNa\u0142\u00f3\u017c pomadk\u0119 na suche i czyste usta. Dla uzyskania idealnego efektu, mo\u017cesz u\u017cy\u0107 kontur\u00f3wki do ust przed na\u0142o\u017ceniem pomadki. Aby przed\u0142u\u017cy\u0107 trwa\u0142o\u015b\u0107, delikatnie przyci\u015bnij usta chusteczk\u0105 i na\u0142\u00f3\u017c dodatkow\u0105 warstw\u0119 pomadki.<\/p>\n","protected":false},"excerpt":{"rendered":"<p>rom&#038;nd Zero Matte Lipstick 06 Awesome to wyj\u0105tkowa matowa pomadka, kt\u00f3ra \u0142\u0105czy w sobie intensywny kolor i komfort noszenia. Jej wyj\u0105tkowa formu\u0142a zapewnia d\u0142ugotrwa\u0142e krycie bez efektu wysuszenia, co czyni j\u0105 idealnym wyborem na co dzie\u0144 oraz na specjalne okazje. Pomadka \u0142atwo si\u0119 aplikuje, nie rozmazuje si\u0119 i utrzymuje \u015bwie\u017cy wygl\u0105d przez wiele godzin. Dzi\u0119ki &#8230; <a title=\"rom&#038;nd Zero Matte Lipstick 06 Awesome &#8211; Matowa pomadka 3 g\" class=\"read-more\" href=\"https:\/\/selleetools.com\/pl\/product\/romnd-zero-matte-lipstick-06-awesome-matowa-pomadka-3-g\/\">Read more<span class=\"screen-reader-text\">rom&#038;nd Zero Matte Lipstick 06 Awesome &#8211; Matowa pomadka 3 g<\/span><\/a><\/p>\n","protected":false},"featured_media":598592,"comment_status":"open","ping_status":"closed","template":"","meta":{"_links_to":"","_links_to_target":""},"yoast_head":"<!-- This site is optimized with the Yoast SEO plugin v19.4 - https:\/\/yoast.com\/wordpress\/plugins\/seo\/ -->\n<title>rom&amp;nd Zero Matte Lipstick 06 Awesome - Matowa pomadka 3 g - Selleetools.com<\/title>\n<meta name=\"robots\" content=\"index, follow, max-snippet:-1, max-image-preview:large, max-video-preview:-1\" \/>\n<link rel=\"canonical\" href=\"https:\/\/admincentral.selleetools.com\/product\/romnd-zero-matte-lipstick-06-awesome-matowa-pomadka-3-g\/\" \/>\n<meta property=\"og:locale\" content=\"pl_PL\" \/>\n<meta property=\"og:type\" content=\"article\" \/>\n<meta property=\"og:title\" content=\"rom&amp;nd Zero Matte Lipstick 06 Awesome - Matowa pomadka 3 g - Selleetools.com\" \/>\n<meta property=\"og:description\" content=\"rom&#038;nd Zero Matte Lipstick 06 Awesome to wyj\u0105tkowa matowa pomadka, kt\u00f3ra \u0142\u0105czy w sobie intensywny kolor i komfort noszenia. Jej wyj\u0105tkowa formu\u0142a zapewnia d\u0142ugotrwa\u0142e krycie bez efektu wysuszenia, co czyni j\u0105 idealnym wyborem na co dzie\u0144 oraz na specjalne okazje. Pomadka \u0142atwo si\u0119 aplikuje, nie rozmazuje si\u0119 i utrzymuje \u015bwie\u017cy wygl\u0105d przez wiele godzin. Dzi\u0119ki ... Read morerom&#038;nd Zero Matte Lipstick 06 Awesome &#8211; Matowa pomadka 3 g\" \/>\n<meta property=\"og:url\" content=\"https:\/\/admincentral.selleetools.com\/product\/romnd-zero-matte-lipstick-06-awesome-matowa-pomadka-3-g\/\" \/>\n<meta property=\"og:site_name\" content=\"Selleetools.com\" \/>\n<meta property=\"article:modified_time\" content=\"2025-12-26T15:46:18+00:00\" \/>\n<meta property=\"og:image\" content=\"https:\/\/selleetools.com\/wp-content\/uploads\/2025\/10\/fa33fbffb5264cc60ab38f0f5e34b85b.jpg\" \/>\n\t<meta property=\"og:image:width\" content=\"1000\" \/>\n\t<meta property=\"og:image:height\" content=\"1000\" \/>\n\t<meta property=\"og:image:type\" content=\"image\/jpeg\" \/>\n<meta name=\"twitter:card\" content=\"summary_large_image\" \/>\n<meta name=\"twitter:label1\" content=\"Est. reading time\" \/>\n\t<meta name=\"twitter:data1\" content=\"1 minuta\" \/>\n<!-- \/ Yoast SEO plugin. -->","yoast_head_json":{"title":"rom&nd Zero Matte Lipstick 06 Awesome - Matowa pomadka 3 g - Selleetools.com","robots":{"index":"index","follow":"follow","max-snippet":"max-snippet:-1","max-image-preview":"max-image-preview:large","max-video-preview":"max-video-preview:-1"},"canonical":"https:\/\/admincentral.selleetools.com\/product\/romnd-zero-matte-lipstick-06-awesome-matowa-pomadka-3-g\/","og_locale":"pl_PL","og_type":"article","og_title":"rom&nd Zero Matte Lipstick 06 Awesome - Matowa pomadka 3 g - Selleetools.com","og_description":"rom&#038;nd Zero Matte Lipstick 06 Awesome to wyj\u0105tkowa matowa pomadka, kt\u00f3ra \u0142\u0105czy w sobie intensywny kolor i komfort noszenia. Jej wyj\u0105tkowa formu\u0142a zapewnia d\u0142ugotrwa\u0142e krycie bez efektu wysuszenia, co czyni j\u0105 idealnym wyborem na co dzie\u0144 oraz na specjalne okazje. Pomadka \u0142atwo si\u0119 aplikuje, nie rozmazuje si\u0119 i utrzymuje \u015bwie\u017cy wygl\u0105d przez wiele godzin. Dzi\u0119ki ... Read morerom&#038;nd Zero Matte Lipstick 06 Awesome &#8211; Matowa pomadka 3 g","og_url":"https:\/\/admincentral.selleetools.com\/product\/romnd-zero-matte-lipstick-06-awesome-matowa-pomadka-3-g\/","og_site_name":"Selleetools.com","article_modified_time":"2025-12-26T15:46:18+00:00","og_image":[{"width":1000,"height":1000,"url":"https:\/\/selleetools.com\/wp-content\/uploads\/2025\/10\/fa33fbffb5264cc60ab38f0f5e34b85b.jpg","type":"image\/jpeg"}],"twitter_card":"summary_large_image","twitter_misc":{"Est. reading time":"1 minuta"},"schema":{"@context":"https:\/\/schema.org","@graph":[{"@type":"Organization","@id":"https:\/\/selleetools.com\/#organization","name":"Selleetools","url":"https:\/\/selleetools.com\/","sameAs":[],"logo":{"@type":"ImageObject","inLanguage":"pl-PL","@id":"https:\/\/selleetools.com\/#\/schema\/logo\/image\/","url":"https:\/\/selleetools.com\/wp-content\/uploads\/2021\/10\/logo-dark.png","contentUrl":"https:\/\/selleetools.com\/wp-content\/uploads\/2021\/10\/logo-dark.png","width":320,"height":76,"caption":"Selleetools"},"image":{"@id":"https:\/\/selleetools.com\/#\/schema\/logo\/image\/"}},{"@type":"WebSite","@id":"https:\/\/selleetools.com\/#website","url":"https:\/\/selleetools.com\/","name":"Selleetools.com","description":"","publisher":{"@id":"https:\/\/selleetools.com\/#organization"},"potentialAction":[{"@type":"SearchAction","target":{"@type":"EntryPoint","urlTemplate":"https:\/\/selleetools.com\/?s={search_term_string}"},"query-input":"required name=search_term_string"}],"inLanguage":"pl-PL"},{"@type":"WebPage","@id":"https:\/\/admincentral.selleetools.com\/product\/romnd-zero-matte-lipstick-06-awesome-matowa-pomadka-3-g\/","url":"https:\/\/admincentral.selleetools.com\/product\/romnd-zero-matte-lipstick-06-awesome-matowa-pomadka-3-g\/","name":"rom&nd Zero Matte Lipstick 06 Awesome - Matowa pomadka 3 g - Selleetools.com","isPartOf":{"@id":"https:\/\/selleetools.com\/#website"},"datePublished":"2025-10-22T06:55:20+00:00","dateModified":"2025-12-26T15:46:18+00:00","breadcrumb":{"@id":"https:\/\/admincentral.selleetools.com\/product\/romnd-zero-matte-lipstick-06-awesome-matowa-pomadka-3-g\/#breadcrumb"},"inLanguage":"pl-PL","potentialAction":[{"@type":"ReadAction","target":["https:\/\/admincentral.selleetools.com\/product\/romnd-zero-matte-lipstick-06-awesome-matowa-pomadka-3-g\/"]}]},{"@type":"BreadcrumbList","@id":"https:\/\/admincentral.selleetools.com\/product\/romnd-zero-matte-lipstick-06-awesome-matowa-pomadka-3-g\/#breadcrumb","itemListElement":[{"@type":"ListItem","position":1,"name":"Home","item":"https:\/\/selleetools.com\/pl\/"},{"@type":"ListItem","position":2,"name":"Katalog","item":"https:\/\/selleetools.com\/pl\/katalog\/"},{"@type":"ListItem","position":3,"name":"rom&#038;nd Zero Matte Lipstick 06 Awesome &#8211; Matowa pomadka 3 g"}]}]}},"_links":{"self":[{"href":"https:\/\/selleetools.com\/pl\/wp-json\/wp\/v2\/product\/598596"}],"collection":[{"href":"https:\/\/selleetools.com\/pl\/wp-json\/wp\/v2\/product"}],"about":[{"href":"https:\/\/selleetools.com\/pl\/wp-json\/wp\/v2\/types\/product"}],"replies":[{"embeddable":true,"href":"https:\/\/selleetools.com\/pl\/wp-json\/wp\/v2\/comments?post=598596"}],"wp:featuredmedia":[{"embeddable":true,"href":"https:\/\/selleetools.com\/pl\/wp-json\/wp\/v2\/media\/598592"}],"wp:attachment":[{"href":"https:\/\/selleetools.com\/pl\/wp-json\/wp\/v2\/media?parent=598596"}],"curies":[{"name":"wp","href":"https:\/\/api.w.org\/{rel}","templated":true}]}}