{"id":598591,"date":"2025-10-22T08:55:17","date_gmt":"2025-10-22T06:55:17","guid":{"rendered":"https:\/\/selleetools.com\/?post_type=product&#038;p=598591"},"modified":"2025-12-26T16:46:15","modified_gmt":"2025-12-26T15:46:15","slug":"romnd-zero-matte-lipstick-19-red-surfer-matowa-pomadka-3-g","status":"publish","type":"product","link":"https:\/\/selleetools.com\/pl\/product\/romnd-zero-matte-lipstick-19-red-surfer-matowa-pomadka-3-g\/","title":{"rendered":"rom&#038;nd Zero Matte Lipstick 19 Red Surfer &#8211; Matowa pomadka 3 g"},"content":{"rendered":"<p>rom&#038;nd Zero Matte Lipstick w odcieniu 19 Red Surfer to doskona\u0142y wyb\u00f3r dla os\u00f3b, kt\u00f3re pragn\u0105 uzyska\u0107 intensywny, trwa\u0142y kolor na ustach. Dzi\u0119ki swojej matowej formule, pomadka zapewnia d\u0142ugotrwa\u0142e krycie i intensywny, nasycony kolor, kt\u00f3ry utrzymuje si\u0119 przez ca\u0142y dzie\u0144. Formu\u0142a kosmetyku jest wzbogacona o sk\u0142adniki piel\u0119gnacyjne, kt\u00f3re nawil\u017caj\u0105 i od\u017cywiaj\u0105 usta, zapewniaj\u0105c jednocze\u015bnie komfort noszenia.<\/p>\n<p>Korzy\u015bci:<br \/>\nD\u0142ugotrwa\u0142e, matowe wyko\u0144czenie<br \/>\nIntensywny, \u017cywy kolor<br \/>\nNawil\u017ca i od\u017cywia usta<br \/>\nWygodna aplikacja<\/p>\n<p>Spos\u00f3b u\u017cycia:<br \/>\nAplikuj pomadk\u0119 na czyste i suche usta. Mo\u017cesz u\u017cy\u0107 kontur\u00f3wki w celu precyzyjnego obrysowania kszta\u0142tu ust. Aby uzyska\u0107 najlepszy efekt, na\u0142\u00f3\u017c jedn\u0105 warstw\u0119 pomadki i w razie potrzeby poprawiaj do uzyskania po\u017c\u0105danego koloru.<\/p>\n","protected":false},"excerpt":{"rendered":"<p>rom&#038;nd Zero Matte Lipstick w odcieniu 19 Red Surfer to doskona\u0142y wyb\u00f3r dla os\u00f3b, kt\u00f3re pragn\u0105 uzyska\u0107 intensywny, trwa\u0142y kolor na ustach. Dzi\u0119ki swojej matowej formule, pomadka zapewnia d\u0142ugotrwa\u0142e krycie i intensywny, nasycony kolor, kt\u00f3ry utrzymuje si\u0119 przez ca\u0142y dzie\u0144. Formu\u0142a kosmetyku jest wzbogacona o sk\u0142adniki piel\u0119gnacyjne, kt\u00f3re nawil\u017caj\u0105 i od\u017cywiaj\u0105 usta, zapewniaj\u0105c jednocze\u015bnie komfort &#8230; <a title=\"rom&#038;nd Zero Matte Lipstick 19 Red Surfer &#8211; Matowa pomadka 3 g\" class=\"read-more\" href=\"https:\/\/selleetools.com\/pl\/product\/romnd-zero-matte-lipstick-19-red-surfer-matowa-pomadka-3-g\/\">Read more<span class=\"screen-reader-text\">rom&#038;nd Zero Matte Lipstick 19 Red Surfer &#8211; Matowa pomadka 3 g<\/span><\/a><\/p>\n","protected":false},"featured_media":598587,"comment_status":"open","ping_status":"closed","template":"","meta":{"_links_to":"","_links_to_target":""},"yoast_head":"<!-- This site is optimized with the Yoast SEO plugin v19.4 - https:\/\/yoast.com\/wordpress\/plugins\/seo\/ -->\n<title>rom&amp;nd Zero Matte Lipstick 19 Red Surfer - Matowa pomadka 3 g - Selleetools.com<\/title>\n<meta name=\"robots\" content=\"index, follow, max-snippet:-1, max-image-preview:large, max-video-preview:-1\" \/>\n<link rel=\"canonical\" href=\"https:\/\/selleetools.com\/pl\/product\/romnd-zero-matte-lipstick-19-red-surfer-matowa-pomadka-3-g\/\" \/>\n<meta property=\"og:locale\" content=\"pl_PL\" \/>\n<meta property=\"og:type\" content=\"article\" \/>\n<meta property=\"og:title\" content=\"rom&amp;nd Zero Matte Lipstick 19 Red Surfer - Matowa pomadka 3 g - Selleetools.com\" \/>\n<meta property=\"og:description\" content=\"rom&#038;nd Zero Matte Lipstick w odcieniu 19 Red Surfer to doskona\u0142y wyb\u00f3r dla os\u00f3b, kt\u00f3re pragn\u0105 uzyska\u0107 intensywny, trwa\u0142y kolor na ustach. Dzi\u0119ki swojej matowej formule, pomadka zapewnia d\u0142ugotrwa\u0142e krycie i intensywny, nasycony kolor, kt\u00f3ry utrzymuje si\u0119 przez ca\u0142y dzie\u0144. Formu\u0142a kosmetyku jest wzbogacona o sk\u0142adniki piel\u0119gnacyjne, kt\u00f3re nawil\u017caj\u0105 i od\u017cywiaj\u0105 usta, zapewniaj\u0105c jednocze\u015bnie komfort ... Read morerom&#038;nd Zero Matte Lipstick 19 Red Surfer &#8211; Matowa pomadka 3 g\" \/>\n<meta property=\"og:url\" content=\"https:\/\/selleetools.com\/pl\/product\/romnd-zero-matte-lipstick-19-red-surfer-matowa-pomadka-3-g\/\" \/>\n<meta property=\"og:site_name\" content=\"Selleetools.com\" \/>\n<meta property=\"article:modified_time\" content=\"2025-12-26T15:46:15+00:00\" \/>\n<meta property=\"og:image\" content=\"https:\/\/selleetools.com\/wp-content\/uploads\/2025\/10\/f637d55f8bf05108ca6c71f46df537eb.jpg\" \/>\n\t<meta property=\"og:image:width\" content=\"1000\" \/>\n\t<meta property=\"og:image:height\" content=\"1000\" \/>\n\t<meta property=\"og:image:type\" content=\"image\/jpeg\" \/>\n<meta name=\"twitter:card\" content=\"summary_large_image\" \/>\n<meta name=\"twitter:label1\" content=\"Est. reading time\" \/>\n\t<meta name=\"twitter:data1\" content=\"1 minuta\" \/>\n<!-- \/ Yoast SEO plugin. -->","yoast_head_json":{"title":"rom&nd Zero Matte Lipstick 19 Red Surfer - Matowa pomadka 3 g - Selleetools.com","robots":{"index":"index","follow":"follow","max-snippet":"max-snippet:-1","max-image-preview":"max-image-preview:large","max-video-preview":"max-video-preview:-1"},"canonical":"https:\/\/selleetools.com\/pl\/product\/romnd-zero-matte-lipstick-19-red-surfer-matowa-pomadka-3-g\/","og_locale":"pl_PL","og_type":"article","og_title":"rom&nd Zero Matte Lipstick 19 Red Surfer - Matowa pomadka 3 g - Selleetools.com","og_description":"rom&#038;nd Zero Matte Lipstick w odcieniu 19 Red Surfer to doskona\u0142y wyb\u00f3r dla os\u00f3b, kt\u00f3re pragn\u0105 uzyska\u0107 intensywny, trwa\u0142y kolor na ustach. Dzi\u0119ki swojej matowej formule, pomadka zapewnia d\u0142ugotrwa\u0142e krycie i intensywny, nasycony kolor, kt\u00f3ry utrzymuje si\u0119 przez ca\u0142y dzie\u0144. Formu\u0142a kosmetyku jest wzbogacona o sk\u0142adniki piel\u0119gnacyjne, kt\u00f3re nawil\u017caj\u0105 i od\u017cywiaj\u0105 usta, zapewniaj\u0105c jednocze\u015bnie komfort ... Read morerom&#038;nd Zero Matte Lipstick 19 Red Surfer &#8211; Matowa pomadka 3 g","og_url":"https:\/\/selleetools.com\/pl\/product\/romnd-zero-matte-lipstick-19-red-surfer-matowa-pomadka-3-g\/","og_site_name":"Selleetools.com","article_modified_time":"2025-12-26T15:46:15+00:00","og_image":[{"width":1000,"height":1000,"url":"https:\/\/selleetools.com\/wp-content\/uploads\/2025\/10\/f637d55f8bf05108ca6c71f46df537eb.jpg","type":"image\/jpeg"}],"twitter_card":"summary_large_image","twitter_misc":{"Est. reading time":"1 minuta"},"schema":{"@context":"https:\/\/schema.org","@graph":[{"@type":"Organization","@id":"https:\/\/selleetools.com\/#organization","name":"Selleetools","url":"https:\/\/selleetools.com\/","sameAs":[],"logo":{"@type":"ImageObject","inLanguage":"pl-PL","@id":"https:\/\/selleetools.com\/#\/schema\/logo\/image\/","url":"https:\/\/selleetools.com\/wp-content\/uploads\/2021\/10\/logo-dark.png","contentUrl":"https:\/\/selleetools.com\/wp-content\/uploads\/2021\/10\/logo-dark.png","width":320,"height":76,"caption":"Selleetools"},"image":{"@id":"https:\/\/selleetools.com\/#\/schema\/logo\/image\/"}},{"@type":"WebSite","@id":"https:\/\/selleetools.com\/#website","url":"https:\/\/selleetools.com\/","name":"Selleetools.com","description":"","publisher":{"@id":"https:\/\/selleetools.com\/#organization"},"potentialAction":[{"@type":"SearchAction","target":{"@type":"EntryPoint","urlTemplate":"https:\/\/selleetools.com\/?s={search_term_string}"},"query-input":"required name=search_term_string"}],"inLanguage":"pl-PL"},{"@type":"WebPage","@id":"https:\/\/selleetools.com\/pl\/product\/romnd-zero-matte-lipstick-19-red-surfer-matowa-pomadka-3-g\/","url":"https:\/\/selleetools.com\/pl\/product\/romnd-zero-matte-lipstick-19-red-surfer-matowa-pomadka-3-g\/","name":"rom&nd Zero Matte Lipstick 19 Red Surfer - Matowa pomadka 3 g - Selleetools.com","isPartOf":{"@id":"https:\/\/selleetools.com\/#website"},"datePublished":"2025-10-22T06:55:17+00:00","dateModified":"2025-12-26T15:46:15+00:00","breadcrumb":{"@id":"https:\/\/selleetools.com\/pl\/product\/romnd-zero-matte-lipstick-19-red-surfer-matowa-pomadka-3-g\/#breadcrumb"},"inLanguage":"pl-PL","potentialAction":[{"@type":"ReadAction","target":["https:\/\/selleetools.com\/pl\/product\/romnd-zero-matte-lipstick-19-red-surfer-matowa-pomadka-3-g\/"]}]},{"@type":"BreadcrumbList","@id":"https:\/\/selleetools.com\/pl\/product\/romnd-zero-matte-lipstick-19-red-surfer-matowa-pomadka-3-g\/#breadcrumb","itemListElement":[{"@type":"ListItem","position":1,"name":"Home","item":"https:\/\/selleetools.com\/pl\/"},{"@type":"ListItem","position":2,"name":"Katalog","item":"https:\/\/selleetools.com\/pl\/katalog\/"},{"@type":"ListItem","position":3,"name":"rom&#038;nd Zero Matte Lipstick 19 Red Surfer &#8211; Matowa pomadka 3 g"}]}]}},"_links":{"self":[{"href":"https:\/\/selleetools.com\/pl\/wp-json\/wp\/v2\/product\/598591"}],"collection":[{"href":"https:\/\/selleetools.com\/pl\/wp-json\/wp\/v2\/product"}],"about":[{"href":"https:\/\/selleetools.com\/pl\/wp-json\/wp\/v2\/types\/product"}],"replies":[{"embeddable":true,"href":"https:\/\/selleetools.com\/pl\/wp-json\/wp\/v2\/comments?post=598591"}],"wp:featuredmedia":[{"embeddable":true,"href":"https:\/\/selleetools.com\/pl\/wp-json\/wp\/v2\/media\/598587"}],"wp:attachment":[{"href":"https:\/\/selleetools.com\/pl\/wp-json\/wp\/v2\/media?parent=598591"}],"curies":[{"name":"wp","href":"https:\/\/api.w.org\/{rel}","templated":true}]}}