{"id":598545,"date":"2025-10-22T08:54:32","date_gmt":"2025-10-22T06:54:32","guid":{"rendered":"https:\/\/selleetools.com\/?post_type=product&#038;p=598545"},"modified":"2026-02-25T19:08:10","modified_gmt":"2026-02-25T18:08:10","slug":"peripera-ink-airy-velvet-003-cartoon-coral-4-g-dlugotrwala-pomadka-w-plynie","status":"publish","type":"product","link":"https:\/\/selleetools.com\/pl\/product\/peripera-ink-airy-velvet-003-cartoon-coral-4-g-dlugotrwala-pomadka-w-plynie\/","title":{"rendered":"Peripera Ink Airy Velvet 003 Cartoon Coral 4 g &#8211; D\u0142ugotrwa\u0142a pomadka w p\u0142ynie"},"content":{"rendered":"<p>Peripera Ink Airy Velvet to wyj\u0105tkowy kosmetyk, kt\u00f3ry \u0142\u0105czy w sobie intensywno\u015b\u0107 koloru z delikatno\u015bci\u0105 wyko\u0144czenia. Odcie\u0144 003 Cartoon Coral to subtelny, ciep\u0142y koralowy kolor, kt\u00f3ry doskonale podkre\u015bli usta, dodaj\u0105c im \u015bwie\u017co\u015bci i naturalnego blasku.<\/p>\n<p>Korzy\u015bci dla sk\u00f3ry:<br \/>\nFormu\u0142a tego kosmetyku jest niezwykle lekka i przewiewna, co sprawia, \u017ce usta nie s\u0105 obci\u0105\u017cone, a jednocze\u015bnie zyskuj\u0105 intensywny, matowy kolor. Zawiera nawil\u017caj\u0105ce sk\u0142adniki, kt\u00f3re pomagaj\u0105 utrzyma\u0107 odpowiednie nawil\u017cenie ust przez ca\u0142y dzie\u0144, zapobiegaj\u0105c ich wysuszaniu. Ponadto, aksamitna tekstura kosmetyku sprawia, \u017ce usta wydaj\u0105 si\u0119 g\u0142adkie i jedwabi\u015bcie mi\u0119kkie.<\/p>\n<p>Spos\u00f3b u\u017cycia:<br \/>\nAplikuj Peripera Ink Airy Velvet bezpo\u015brednio na czyste, suche usta, zaczynaj\u0105c od \u015brodka warg i delikatnie rozprowadzaj\u0105c kosmetyk ku kraw\u0119dziom. Mo\u017cesz na\u0142o\u017cy\u0107 jedn\u0105 warstw\u0119 dla subtelnego efektu lub doda\u0107 kolejn\u0105 warstw\u0119, aby uzyska\u0107 bardziej intensywny kolor. Dla d\u0142ugotrwa\u0142ego efektu zaleca si\u0119 delikatne wklepanie produktu palcem po na\u0142o\u017ceniu.<\/p>\n","protected":false},"excerpt":{"rendered":"<p>Peripera Ink Airy Velvet to wyj\u0105tkowy kosmetyk, kt\u00f3ry \u0142\u0105czy w sobie intensywno\u015b\u0107 koloru z delikatno\u015bci\u0105 wyko\u0144czenia. Odcie\u0144 003 Cartoon Coral to subtelny, ciep\u0142y koralowy kolor, kt\u00f3ry doskonale podkre\u015bli usta, dodaj\u0105c im \u015bwie\u017co\u015bci i naturalnego blasku. Korzy\u015bci dla sk\u00f3ry: Formu\u0142a tego kosmetyku jest niezwykle lekka i przewiewna, co sprawia, \u017ce usta nie s\u0105 obci\u0105\u017cone, a jednocze\u015bnie &#8230; <a title=\"Peripera Ink Airy Velvet 003 Cartoon Coral 4 g &#8211; D\u0142ugotrwa\u0142a pomadka w p\u0142ynie\" class=\"read-more\" href=\"https:\/\/selleetools.com\/pl\/product\/peripera-ink-airy-velvet-003-cartoon-coral-4-g-dlugotrwala-pomadka-w-plynie\/\">Read more<span class=\"screen-reader-text\">Peripera Ink Airy Velvet 003 Cartoon Coral 4 g &#8211; D\u0142ugotrwa\u0142a pomadka w p\u0142ynie<\/span><\/a><\/p>\n","protected":false},"featured_media":598541,"comment_status":"open","ping_status":"closed","template":"","meta":{"_links_to":"","_links_to_target":""},"yoast_head":"<!-- This site is optimized with the Yoast SEO plugin v19.4 - https:\/\/yoast.com\/wordpress\/plugins\/seo\/ -->\n<title>Peripera Ink Airy Velvet 003 Cartoon Coral 4 g - D\u0142ugotrwa\u0142a pomadka w p\u0142ynie - Selleetools.com<\/title>\n<meta name=\"robots\" content=\"index, follow, max-snippet:-1, max-image-preview:large, max-video-preview:-1\" \/>\n<link rel=\"canonical\" href=\"https:\/\/admincentral.selleetools.com\/pl\/product\/peripera-ink-airy-velvet-003-cartoon-coral-4-g-dlugotrwala-pomadka-w-plynie\/\" \/>\n<meta property=\"og:locale\" content=\"pl_PL\" \/>\n<meta property=\"og:type\" content=\"article\" \/>\n<meta property=\"og:title\" content=\"Peripera Ink Airy Velvet 003 Cartoon Coral 4 g - D\u0142ugotrwa\u0142a pomadka w p\u0142ynie - Selleetools.com\" \/>\n<meta property=\"og:description\" content=\"Peripera Ink Airy Velvet to wyj\u0105tkowy kosmetyk, kt\u00f3ry \u0142\u0105czy w sobie intensywno\u015b\u0107 koloru z delikatno\u015bci\u0105 wyko\u0144czenia. Odcie\u0144 003 Cartoon Coral to subtelny, ciep\u0142y koralowy kolor, kt\u00f3ry doskonale podkre\u015bli usta, dodaj\u0105c im \u015bwie\u017co\u015bci i naturalnego blasku. Korzy\u015bci dla sk\u00f3ry: Formu\u0142a tego kosmetyku jest niezwykle lekka i przewiewna, co sprawia, \u017ce usta nie s\u0105 obci\u0105\u017cone, a jednocze\u015bnie ... Read morePeripera Ink Airy Velvet 003 Cartoon Coral 4 g &#8211; D\u0142ugotrwa\u0142a pomadka w p\u0142ynie\" \/>\n<meta property=\"og:url\" content=\"https:\/\/admincentral.selleetools.com\/pl\/product\/peripera-ink-airy-velvet-003-cartoon-coral-4-g-dlugotrwala-pomadka-w-plynie\/\" \/>\n<meta property=\"og:site_name\" content=\"Selleetools.com\" \/>\n<meta property=\"article:modified_time\" content=\"2026-02-25T18:08:10+00:00\" \/>\n<meta property=\"og:image\" content=\"https:\/\/selleetools.com\/wp-content\/uploads\/2025\/10\/e9e2ad363898d67fd4e8ce64b0038ab5.jpg\" \/>\n\t<meta property=\"og:image:width\" content=\"606\" \/>\n\t<meta property=\"og:image:height\" content=\"752\" \/>\n\t<meta property=\"og:image:type\" content=\"image\/jpeg\" \/>\n<meta name=\"twitter:card\" content=\"summary_large_image\" \/>\n<meta name=\"twitter:label1\" content=\"Est. reading time\" \/>\n\t<meta name=\"twitter:data1\" content=\"1 minuta\" \/>\n<!-- \/ Yoast SEO plugin. -->","yoast_head_json":{"title":"Peripera Ink Airy Velvet 003 Cartoon Coral 4 g - D\u0142ugotrwa\u0142a pomadka w p\u0142ynie - Selleetools.com","robots":{"index":"index","follow":"follow","max-snippet":"max-snippet:-1","max-image-preview":"max-image-preview:large","max-video-preview":"max-video-preview:-1"},"canonical":"https:\/\/admincentral.selleetools.com\/pl\/product\/peripera-ink-airy-velvet-003-cartoon-coral-4-g-dlugotrwala-pomadka-w-plynie\/","og_locale":"pl_PL","og_type":"article","og_title":"Peripera Ink Airy Velvet 003 Cartoon Coral 4 g - D\u0142ugotrwa\u0142a pomadka w p\u0142ynie - Selleetools.com","og_description":"Peripera Ink Airy Velvet to wyj\u0105tkowy kosmetyk, kt\u00f3ry \u0142\u0105czy w sobie intensywno\u015b\u0107 koloru z delikatno\u015bci\u0105 wyko\u0144czenia. Odcie\u0144 003 Cartoon Coral to subtelny, ciep\u0142y koralowy kolor, kt\u00f3ry doskonale podkre\u015bli usta, dodaj\u0105c im \u015bwie\u017co\u015bci i naturalnego blasku. Korzy\u015bci dla sk\u00f3ry: Formu\u0142a tego kosmetyku jest niezwykle lekka i przewiewna, co sprawia, \u017ce usta nie s\u0105 obci\u0105\u017cone, a jednocze\u015bnie ... Read morePeripera Ink Airy Velvet 003 Cartoon Coral 4 g &#8211; D\u0142ugotrwa\u0142a pomadka w p\u0142ynie","og_url":"https:\/\/admincentral.selleetools.com\/pl\/product\/peripera-ink-airy-velvet-003-cartoon-coral-4-g-dlugotrwala-pomadka-w-plynie\/","og_site_name":"Selleetools.com","article_modified_time":"2026-02-25T18:08:10+00:00","og_image":[{"width":606,"height":752,"url":"https:\/\/selleetools.com\/wp-content\/uploads\/2025\/10\/e9e2ad363898d67fd4e8ce64b0038ab5.jpg","type":"image\/jpeg"}],"twitter_card":"summary_large_image","twitter_misc":{"Est. reading time":"1 minuta"},"schema":{"@context":"https:\/\/schema.org","@graph":[{"@type":"Organization","@id":"https:\/\/selleetools.com\/#organization","name":"Selleetools","url":"https:\/\/selleetools.com\/","sameAs":[],"logo":{"@type":"ImageObject","inLanguage":"pl-PL","@id":"https:\/\/selleetools.com\/#\/schema\/logo\/image\/","url":"https:\/\/selleetools.com\/wp-content\/uploads\/2021\/10\/logo-dark.png","contentUrl":"https:\/\/selleetools.com\/wp-content\/uploads\/2021\/10\/logo-dark.png","width":320,"height":76,"caption":"Selleetools"},"image":{"@id":"https:\/\/selleetools.com\/#\/schema\/logo\/image\/"}},{"@type":"WebSite","@id":"https:\/\/selleetools.com\/#website","url":"https:\/\/selleetools.com\/","name":"Selleetools.com","description":"","publisher":{"@id":"https:\/\/selleetools.com\/#organization"},"potentialAction":[{"@type":"SearchAction","target":{"@type":"EntryPoint","urlTemplate":"https:\/\/selleetools.com\/?s={search_term_string}"},"query-input":"required name=search_term_string"}],"inLanguage":"pl-PL"},{"@type":"WebPage","@id":"https:\/\/admincentral.selleetools.com\/pl\/product\/peripera-ink-airy-velvet-003-cartoon-coral-4-g-dlugotrwala-pomadka-w-plynie\/","url":"https:\/\/admincentral.selleetools.com\/pl\/product\/peripera-ink-airy-velvet-003-cartoon-coral-4-g-dlugotrwala-pomadka-w-plynie\/","name":"Peripera Ink Airy Velvet 003 Cartoon Coral 4 g - D\u0142ugotrwa\u0142a pomadka w p\u0142ynie - Selleetools.com","isPartOf":{"@id":"https:\/\/selleetools.com\/#website"},"datePublished":"2025-10-22T06:54:32+00:00","dateModified":"2026-02-25T18:08:10+00:00","breadcrumb":{"@id":"https:\/\/admincentral.selleetools.com\/pl\/product\/peripera-ink-airy-velvet-003-cartoon-coral-4-g-dlugotrwala-pomadka-w-plynie\/#breadcrumb"},"inLanguage":"pl-PL","potentialAction":[{"@type":"ReadAction","target":["https:\/\/admincentral.selleetools.com\/pl\/product\/peripera-ink-airy-velvet-003-cartoon-coral-4-g-dlugotrwala-pomadka-w-plynie\/"]}]},{"@type":"BreadcrumbList","@id":"https:\/\/admincentral.selleetools.com\/pl\/product\/peripera-ink-airy-velvet-003-cartoon-coral-4-g-dlugotrwala-pomadka-w-plynie\/#breadcrumb","itemListElement":[{"@type":"ListItem","position":1,"name":"Home","item":"https:\/\/selleetools.com\/pl\/"},{"@type":"ListItem","position":2,"name":"Katalog","item":"https:\/\/selleetools.com\/pl\/katalog\/"},{"@type":"ListItem","position":3,"name":"Peripera Ink Airy Velvet 003 Cartoon Coral 4 g &#8211; D\u0142ugotrwa\u0142a pomadka w p\u0142ynie"}]}]}},"_links":{"self":[{"href":"https:\/\/selleetools.com\/pl\/wp-json\/wp\/v2\/product\/598545"}],"collection":[{"href":"https:\/\/selleetools.com\/pl\/wp-json\/wp\/v2\/product"}],"about":[{"href":"https:\/\/selleetools.com\/pl\/wp-json\/wp\/v2\/types\/product"}],"replies":[{"embeddable":true,"href":"https:\/\/selleetools.com\/pl\/wp-json\/wp\/v2\/comments?post=598545"}],"wp:featuredmedia":[{"embeddable":true,"href":"https:\/\/selleetools.com\/pl\/wp-json\/wp\/v2\/media\/598541"}],"wp:attachment":[{"href":"https:\/\/selleetools.com\/pl\/wp-json\/wp\/v2\/media?parent=598545"}],"curies":[{"name":"wp","href":"https:\/\/api.w.org\/{rel}","templated":true}]}}