{"id":598516,"date":"2025-10-22T08:54:08","date_gmt":"2025-10-22T06:54:08","guid":{"rendered":"https:\/\/selleetools.com\/?post_type=product&#038;p=598516"},"modified":"2025-10-30T16:26:47","modified_gmt":"2025-10-30T15:26:47","slug":"peripera-ink-blackcara-001-long-setting-8-g-tusz-do-rzes-wydluzajacy-i-nadajacy-objetosci","status":"publish","type":"product","link":"https:\/\/selleetools.com\/pl\/product\/peripera-ink-blackcara-001-long-setting-8-g-tusz-do-rzes-wydluzajacy-i-nadajacy-objetosci\/","title":{"rendered":"Peripera Ink Blackcara 001 Long Setting 8 g &#8211; Tusz do rz\u0119s wyd\u0142u\u017caj\u0105cy i nadaj\u0105cy obj\u0119to\u015bci"},"content":{"rendered":"<p>Peripera Ink Blackcara 001 Long Setting to innowacyjny tusz do rz\u0119s, kt\u00f3ry zapewnia d\u0142ugotrwa\u0142e utrwalenie oraz intensywn\u0105, g\u0142\u0119bok\u0105 czer\u0144, nadaj\u0105c rz\u0119som wyj\u0105tkow\u0105 obj\u0119to\u015b\u0107 i wyd\u0142u\u017cenie. Jego wyj\u0105tkowa formu\u0142a sprawia, \u017ce rz\u0119sy s\u0105 podkre\u015blone przez ca\u0142y dzie\u0144, bez potrzeby poprawek.<\/p>\n<p>Korzy\u015bci:<br \/>\nD\u0142ugotrwa\u0142e utrwalenie: Tusz utrzymuje si\u0119 na rz\u0119sach przez ca\u0142y dzie\u0144, nie kruszy si\u0119 ani nie rozmazuje, dzi\u0119ki czemu makija\u017c pozostaje nienaruszony od rana do wieczora.<br \/>\nIntensywna czer\u0144: Tusz nadaje rz\u0119som g\u0142\u0119bok\u0105, intensywn\u0105 czer\u0144, kt\u00f3ra dodaje spojrzeniu wyrazisto\u015bci.<br \/>\nWyd\u0142u\u017cenie i obj\u0119to\u015b\u0107: Specjalnie zaprojektowana szczoteczka precyzyjnie rozdziela rz\u0119sy, nadaj\u0105c im spektakularn\u0105 d\u0142ugo\u015b\u0107 oraz obj\u0119to\u015b\u0107 bez efektu grudek.<br \/>\nLekka formu\u0142a: Produkt jest lekki, co sprawia, \u017ce rz\u0119sy nie s\u0105 obci\u0105\u017cone i pozostaj\u0105 elastyczne przez ca\u0142y dzie\u0144.<\/p>\n<p>Spos\u00f3b u\u017cycia:<br \/>\nAby uzyska\u0107 najlepsze rezultaty, na\u0142\u00f3\u017c tusz Peripera Ink Blackcara 001 Long Setting na czyste, suche rz\u0119sy. Zacznij od nasady rz\u0119s, delikatnie przesuwaj\u0105c szczoteczk\u0119 w g\u00f3r\u0119, a\u017c po same ko\u0144c\u00f3wki. Dla uzyskania wi\u0119kszej obj\u0119to\u015bci, na\u0142\u00f3\u017c dodatkow\u0105 warstw\u0119, czekaj\u0105c chwil\u0119 pomi\u0119dzy aplikacjami. Unikaj mrugania, dop\u00f3ki tusz ca\u0142kowicie nie wyschnie. Aby uzyska\u0107 bardziej wyrazisty efekt, mo\u017cesz u\u017cy\u0107 zalotki przed na\u0142o\u017ceniem tuszu.<\/p>\n","protected":false},"excerpt":{"rendered":"<p>Peripera Ink Blackcara 001 Long Setting to innowacyjny tusz do rz\u0119s, kt\u00f3ry zapewnia d\u0142ugotrwa\u0142e utrwalenie oraz intensywn\u0105, g\u0142\u0119bok\u0105 czer\u0144, nadaj\u0105c rz\u0119som wyj\u0105tkow\u0105 obj\u0119to\u015b\u0107 i wyd\u0142u\u017cenie. Jego wyj\u0105tkowa formu\u0142a sprawia, \u017ce rz\u0119sy s\u0105 podkre\u015blone przez ca\u0142y dzie\u0144, bez potrzeby poprawek. Korzy\u015bci: D\u0142ugotrwa\u0142e utrwalenie: Tusz utrzymuje si\u0119 na rz\u0119sach przez ca\u0142y dzie\u0144, nie kruszy si\u0119 ani nie &#8230; <a title=\"Peripera Ink Blackcara 001 Long Setting 8 g &#8211; Tusz do rz\u0119s wyd\u0142u\u017caj\u0105cy i nadaj\u0105cy obj\u0119to\u015bci\" class=\"read-more\" href=\"https:\/\/selleetools.com\/pl\/product\/peripera-ink-blackcara-001-long-setting-8-g-tusz-do-rzes-wydluzajacy-i-nadajacy-objetosci\/\">Read more<span class=\"screen-reader-text\">Peripera Ink Blackcara 001 Long Setting 8 g &#8211; Tusz do rz\u0119s wyd\u0142u\u017caj\u0105cy i nadaj\u0105cy obj\u0119to\u015bci<\/span><\/a><\/p>\n","protected":false},"featured_media":598510,"comment_status":"open","ping_status":"closed","template":"","meta":{"_links_to":"","_links_to_target":""},"yoast_head":"<!-- This site is optimized with the Yoast SEO plugin v19.4 - https:\/\/yoast.com\/wordpress\/plugins\/seo\/ -->\n<title>Peripera Ink Blackcara 001 Long Setting 8 g - Tusz do rz\u0119s wyd\u0142u\u017caj\u0105cy i nadaj\u0105cy obj\u0119to\u015bci - Selleetools.com<\/title>\n<meta name=\"robots\" content=\"index, follow, max-snippet:-1, max-image-preview:large, max-video-preview:-1\" \/>\n<link rel=\"canonical\" href=\"https:\/\/admincentral.selleetools.com\/pl\/product\/peripera-ink-blackcara-001-long-setting-8-g-tusz-do-rzes-wydluzajacy-i-nadajacy-objetosci\/\" \/>\n<meta property=\"og:locale\" content=\"pl_PL\" \/>\n<meta property=\"og:type\" content=\"article\" \/>\n<meta property=\"og:title\" content=\"Peripera Ink Blackcara 001 Long Setting 8 g - Tusz do rz\u0119s wyd\u0142u\u017caj\u0105cy i nadaj\u0105cy obj\u0119to\u015bci - Selleetools.com\" \/>\n<meta property=\"og:description\" content=\"Peripera Ink Blackcara 001 Long Setting to innowacyjny tusz do rz\u0119s, kt\u00f3ry zapewnia d\u0142ugotrwa\u0142e utrwalenie oraz intensywn\u0105, g\u0142\u0119bok\u0105 czer\u0144, nadaj\u0105c rz\u0119som wyj\u0105tkow\u0105 obj\u0119to\u015b\u0107 i wyd\u0142u\u017cenie. Jego wyj\u0105tkowa formu\u0142a sprawia, \u017ce rz\u0119sy s\u0105 podkre\u015blone przez ca\u0142y dzie\u0144, bez potrzeby poprawek. Korzy\u015bci: D\u0142ugotrwa\u0142e utrwalenie: Tusz utrzymuje si\u0119 na rz\u0119sach przez ca\u0142y dzie\u0144, nie kruszy si\u0119 ani nie ... Read morePeripera Ink Blackcara 001 Long Setting 8 g &#8211; Tusz do rz\u0119s wyd\u0142u\u017caj\u0105cy i nadaj\u0105cy obj\u0119to\u015bci\" \/>\n<meta property=\"og:url\" content=\"https:\/\/admincentral.selleetools.com\/pl\/product\/peripera-ink-blackcara-001-long-setting-8-g-tusz-do-rzes-wydluzajacy-i-nadajacy-objetosci\/\" \/>\n<meta property=\"og:site_name\" content=\"Selleetools.com\" \/>\n<meta property=\"article:modified_time\" content=\"2025-10-30T15:26:47+00:00\" \/>\n<meta property=\"og:image\" content=\"https:\/\/selleetools.com\/wp-content\/uploads\/2025\/10\/49407006233457f8c1b412a19f91d60e.jpg\" \/>\n\t<meta property=\"og:image:width\" content=\"489\" \/>\n\t<meta property=\"og:image:height\" content=\"622\" \/>\n\t<meta property=\"og:image:type\" content=\"image\/jpeg\" \/>\n<meta name=\"twitter:card\" content=\"summary_large_image\" \/>\n<meta name=\"twitter:label1\" content=\"Est. reading time\" \/>\n\t<meta name=\"twitter:data1\" content=\"1 minuta\" \/>\n<!-- \/ Yoast SEO plugin. -->","yoast_head_json":{"title":"Peripera Ink Blackcara 001 Long Setting 8 g - Tusz do rz\u0119s wyd\u0142u\u017caj\u0105cy i nadaj\u0105cy obj\u0119to\u015bci - Selleetools.com","robots":{"index":"index","follow":"follow","max-snippet":"max-snippet:-1","max-image-preview":"max-image-preview:large","max-video-preview":"max-video-preview:-1"},"canonical":"https:\/\/admincentral.selleetools.com\/pl\/product\/peripera-ink-blackcara-001-long-setting-8-g-tusz-do-rzes-wydluzajacy-i-nadajacy-objetosci\/","og_locale":"pl_PL","og_type":"article","og_title":"Peripera Ink Blackcara 001 Long Setting 8 g - Tusz do rz\u0119s wyd\u0142u\u017caj\u0105cy i nadaj\u0105cy obj\u0119to\u015bci - Selleetools.com","og_description":"Peripera Ink Blackcara 001 Long Setting to innowacyjny tusz do rz\u0119s, kt\u00f3ry zapewnia d\u0142ugotrwa\u0142e utrwalenie oraz intensywn\u0105, g\u0142\u0119bok\u0105 czer\u0144, nadaj\u0105c rz\u0119som wyj\u0105tkow\u0105 obj\u0119to\u015b\u0107 i wyd\u0142u\u017cenie. Jego wyj\u0105tkowa formu\u0142a sprawia, \u017ce rz\u0119sy s\u0105 podkre\u015blone przez ca\u0142y dzie\u0144, bez potrzeby poprawek. Korzy\u015bci: D\u0142ugotrwa\u0142e utrwalenie: Tusz utrzymuje si\u0119 na rz\u0119sach przez ca\u0142y dzie\u0144, nie kruszy si\u0119 ani nie ... Read morePeripera Ink Blackcara 001 Long Setting 8 g &#8211; Tusz do rz\u0119s wyd\u0142u\u017caj\u0105cy i nadaj\u0105cy obj\u0119to\u015bci","og_url":"https:\/\/admincentral.selleetools.com\/pl\/product\/peripera-ink-blackcara-001-long-setting-8-g-tusz-do-rzes-wydluzajacy-i-nadajacy-objetosci\/","og_site_name":"Selleetools.com","article_modified_time":"2025-10-30T15:26:47+00:00","og_image":[{"width":489,"height":622,"url":"https:\/\/selleetools.com\/wp-content\/uploads\/2025\/10\/49407006233457f8c1b412a19f91d60e.jpg","type":"image\/jpeg"}],"twitter_card":"summary_large_image","twitter_misc":{"Est. reading time":"1 minuta"},"schema":{"@context":"https:\/\/schema.org","@graph":[{"@type":"Organization","@id":"https:\/\/selleetools.com\/#organization","name":"Selleetools","url":"https:\/\/selleetools.com\/","sameAs":[],"logo":{"@type":"ImageObject","inLanguage":"pl-PL","@id":"https:\/\/selleetools.com\/#\/schema\/logo\/image\/","url":"https:\/\/selleetools.com\/wp-content\/uploads\/2021\/10\/logo-dark.png","contentUrl":"https:\/\/selleetools.com\/wp-content\/uploads\/2021\/10\/logo-dark.png","width":320,"height":76,"caption":"Selleetools"},"image":{"@id":"https:\/\/selleetools.com\/#\/schema\/logo\/image\/"}},{"@type":"WebSite","@id":"https:\/\/selleetools.com\/#website","url":"https:\/\/selleetools.com\/","name":"Selleetools.com","description":"","publisher":{"@id":"https:\/\/selleetools.com\/#organization"},"potentialAction":[{"@type":"SearchAction","target":{"@type":"EntryPoint","urlTemplate":"https:\/\/selleetools.com\/?s={search_term_string}"},"query-input":"required name=search_term_string"}],"inLanguage":"pl-PL"},{"@type":"WebPage","@id":"https:\/\/admincentral.selleetools.com\/pl\/product\/peripera-ink-blackcara-001-long-setting-8-g-tusz-do-rzes-wydluzajacy-i-nadajacy-objetosci\/","url":"https:\/\/admincentral.selleetools.com\/pl\/product\/peripera-ink-blackcara-001-long-setting-8-g-tusz-do-rzes-wydluzajacy-i-nadajacy-objetosci\/","name":"Peripera Ink Blackcara 001 Long Setting 8 g - Tusz do rz\u0119s wyd\u0142u\u017caj\u0105cy i nadaj\u0105cy obj\u0119to\u015bci - Selleetools.com","isPartOf":{"@id":"https:\/\/selleetools.com\/#website"},"datePublished":"2025-10-22T06:54:08+00:00","dateModified":"2025-10-30T15:26:47+00:00","breadcrumb":{"@id":"https:\/\/admincentral.selleetools.com\/pl\/product\/peripera-ink-blackcara-001-long-setting-8-g-tusz-do-rzes-wydluzajacy-i-nadajacy-objetosci\/#breadcrumb"},"inLanguage":"pl-PL","potentialAction":[{"@type":"ReadAction","target":["https:\/\/admincentral.selleetools.com\/pl\/product\/peripera-ink-blackcara-001-long-setting-8-g-tusz-do-rzes-wydluzajacy-i-nadajacy-objetosci\/"]}]},{"@type":"BreadcrumbList","@id":"https:\/\/admincentral.selleetools.com\/pl\/product\/peripera-ink-blackcara-001-long-setting-8-g-tusz-do-rzes-wydluzajacy-i-nadajacy-objetosci\/#breadcrumb","itemListElement":[{"@type":"ListItem","position":1,"name":"Home","item":"https:\/\/selleetools.com\/pl\/"},{"@type":"ListItem","position":2,"name":"Katalog","item":"https:\/\/selleetools.com\/pl\/katalog\/"},{"@type":"ListItem","position":3,"name":"Peripera Ink Blackcara 001 Long Setting 8 g &#8211; Tusz do rz\u0119s wyd\u0142u\u017caj\u0105cy i nadaj\u0105cy obj\u0119to\u015bci"}]}]}},"_links":{"self":[{"href":"https:\/\/selleetools.com\/pl\/wp-json\/wp\/v2\/product\/598516"}],"collection":[{"href":"https:\/\/selleetools.com\/pl\/wp-json\/wp\/v2\/product"}],"about":[{"href":"https:\/\/selleetools.com\/pl\/wp-json\/wp\/v2\/types\/product"}],"replies":[{"embeddable":true,"href":"https:\/\/selleetools.com\/pl\/wp-json\/wp\/v2\/comments?post=598516"}],"wp:featuredmedia":[{"embeddable":true,"href":"https:\/\/selleetools.com\/pl\/wp-json\/wp\/v2\/media\/598510"}],"wp:attachment":[{"href":"https:\/\/selleetools.com\/pl\/wp-json\/wp\/v2\/media?parent=598516"}],"curies":[{"name":"wp","href":"https:\/\/api.w.org\/{rel}","templated":true}]}}