{"id":598509,"date":"2025-10-22T08:54:04","date_gmt":"2025-10-22T06:54:04","guid":{"rendered":"https:\/\/selleetools.com\/?post_type=product&#038;p=598509"},"modified":"2025-10-30T16:26:45","modified_gmt":"2025-10-30T15:26:45","slug":"peripera-ink-black-cara-003-clear-set-curling-8-g-tusz-do-rzes-podkrecajacy","status":"publish","type":"product","link":"https:\/\/selleetools.com\/pl\/product\/peripera-ink-black-cara-003-clear-set-curling-8-g-tusz-do-rzes-podkrecajacy\/","title":{"rendered":"Peripera Ink Black Cara 003 Clear-Set Curling 8 g &#8211; tusz do rz\u0119s podkr\u0119caj\u0105cy"},"content":{"rendered":"<p>Peripera Ink Black Cara 003 Clear-Set Curling to maskara, kt\u00f3ra \u0142\u0105czy w sobie niezwyk\u0142\u0105 trwa\u0142o\u015b\u0107 i efekt spektakularnego podkr\u0119cenia rz\u0119s. Idealna dla os\u00f3b poszukuj\u0105cych makija\u017cu, kt\u00f3ry wytrzyma ca\u0142y dzie\u0144, jednocze\u015bnie nadaj\u0105c rz\u0119som wyj\u0105tkow\u0105 obj\u0119to\u015b\u0107 i wyrazisto\u015b\u0107. Produkt ma lekk\u0105 formu\u0142\u0119, kt\u00f3ra nie obci\u0105\u017ca rz\u0119s, a precyzyjna szczoteczka zapewnia \u0142atw\u0105 i dok\u0142adn\u0105 aplikacj\u0119.<\/p>\n<p>Korzy\u015bci dla sk\u00f3ry i oczu:<br \/>\nTrwa\u0142o\u015b\u0107: Formu\u0142a odporna na pot i wilgo\u0107 sprawia, \u017ce maskara utrzymuje si\u0119 na rz\u0119sach przez wiele godzin, bez rozmazywania i osypywania.<br \/>\nLekka formu\u0142a: Nie obci\u0105\u017ca rz\u0119s, co zapobiega ich \u0142amliwo\u015bci i wypadaniu.<br \/>\nBezpieczna dla wra\u017cliwych oczu: Produkt jest odpowiedni dla os\u00f3b nosz\u0105cych soczewki kontaktowe oraz dla tych o sk\u0142onno\u015bci do podra\u017cnie\u0144.<br \/>\nPodkr\u0119cenie i definicja: Innowacyjna formu\u0142a podkre\u015bla naturalne pi\u0119kno rz\u0119s, zapewniaj\u0105c efekt podkr\u0119cenia, kt\u00f3ry otwiera oko i nadaje mu \u015bwie\u017co\u015bci.<\/p>\n<p>Spos\u00f3b u\u017cycia:<br \/>\nOczy\u015b\u0107 i osusz rz\u0119sy przed aplikacj\u0105, aby zapewni\u0107 najlepszy efekt.<br \/>\nDelikatnie przeci\u0105gnij szczoteczk\u0105 od nasady rz\u0119s a\u017c po ich ko\u0144ce, wykonuj\u0105c ruch zygzakowaty, aby r\u00f3wnomiernie rozprowadzi\u0107 produkt.<br \/>\nDla intensywniejszego efektu na\u0142\u00f3\u017c kolejn\u0105 warstw\u0119, zanim pierwsza ca\u0142kowicie wyschnie.<br \/>\nAby usun\u0105\u0107 maskar\u0119, u\u017cyj delikatnego p\u0142ynu do demakija\u017cu oczu.<\/p>\n<p>Dla najlepszego efektu po\u0142\u0105cz z zalotk\u0105 przed aplikacj\u0105, aby dodatkowo podkr\u0119ci\u0107 rz\u0119sy. Produkt \u015bwietnie sprawdza si\u0119 zar\u00f3wno na co dzie\u0144, jak i na specjalne okazje.<\/p>\n","protected":false},"excerpt":{"rendered":"<p>Peripera Ink Black Cara 003 Clear-Set Curling to maskara, kt\u00f3ra \u0142\u0105czy w sobie niezwyk\u0142\u0105 trwa\u0142o\u015b\u0107 i efekt spektakularnego podkr\u0119cenia rz\u0119s. Idealna dla os\u00f3b poszukuj\u0105cych makija\u017cu, kt\u00f3ry wytrzyma ca\u0142y dzie\u0144, jednocze\u015bnie nadaj\u0105c rz\u0119som wyj\u0105tkow\u0105 obj\u0119to\u015b\u0107 i wyrazisto\u015b\u0107. Produkt ma lekk\u0105 formu\u0142\u0119, kt\u00f3ra nie obci\u0105\u017ca rz\u0119s, a precyzyjna szczoteczka zapewnia \u0142atw\u0105 i dok\u0142adn\u0105 aplikacj\u0119. Korzy\u015bci dla sk\u00f3ry &#8230; <a title=\"Peripera Ink Black Cara 003 Clear-Set Curling 8 g &#8211; tusz do rz\u0119s podkr\u0119caj\u0105cy\" class=\"read-more\" href=\"https:\/\/selleetools.com\/pl\/product\/peripera-ink-black-cara-003-clear-set-curling-8-g-tusz-do-rzes-podkrecajacy\/\">Read more<span class=\"screen-reader-text\">Peripera Ink Black Cara 003 Clear-Set Curling 8 g &#8211; tusz do rz\u0119s podkr\u0119caj\u0105cy<\/span><\/a><\/p>\n","protected":false},"featured_media":598501,"comment_status":"open","ping_status":"closed","template":"","meta":{"_links_to":"","_links_to_target":""},"yoast_head":"<!-- This site is optimized with the Yoast SEO plugin v19.4 - https:\/\/yoast.com\/wordpress\/plugins\/seo\/ -->\n<title>Peripera Ink Black Cara 003 Clear-Set Curling 8 g - tusz do rz\u0119s podkr\u0119caj\u0105cy - Selleetools.com<\/title>\n<meta name=\"robots\" content=\"index, follow, max-snippet:-1, max-image-preview:large, max-video-preview:-1\" \/>\n<link rel=\"canonical\" href=\"https:\/\/selleetools.com\/pl\/product\/peripera-ink-black-cara-003-clear-set-curling-8-g-tusz-do-rzes-podkrecajacy\/\" \/>\n<meta property=\"og:locale\" content=\"pl_PL\" \/>\n<meta property=\"og:type\" content=\"article\" \/>\n<meta property=\"og:title\" content=\"Peripera Ink Black Cara 003 Clear-Set Curling 8 g - tusz do rz\u0119s podkr\u0119caj\u0105cy - Selleetools.com\" \/>\n<meta property=\"og:description\" content=\"Peripera Ink Black Cara 003 Clear-Set Curling to maskara, kt\u00f3ra \u0142\u0105czy w sobie niezwyk\u0142\u0105 trwa\u0142o\u015b\u0107 i efekt spektakularnego podkr\u0119cenia rz\u0119s. Idealna dla os\u00f3b poszukuj\u0105cych makija\u017cu, kt\u00f3ry wytrzyma ca\u0142y dzie\u0144, jednocze\u015bnie nadaj\u0105c rz\u0119som wyj\u0105tkow\u0105 obj\u0119to\u015b\u0107 i wyrazisto\u015b\u0107. Produkt ma lekk\u0105 formu\u0142\u0119, kt\u00f3ra nie obci\u0105\u017ca rz\u0119s, a precyzyjna szczoteczka zapewnia \u0142atw\u0105 i dok\u0142adn\u0105 aplikacj\u0119. Korzy\u015bci dla sk\u00f3ry ... Read morePeripera Ink Black Cara 003 Clear-Set Curling 8 g &#8211; tusz do rz\u0119s podkr\u0119caj\u0105cy\" \/>\n<meta property=\"og:url\" content=\"https:\/\/selleetools.com\/pl\/product\/peripera-ink-black-cara-003-clear-set-curling-8-g-tusz-do-rzes-podkrecajacy\/\" \/>\n<meta property=\"og:site_name\" content=\"Selleetools.com\" \/>\n<meta property=\"article:modified_time\" content=\"2025-10-30T15:26:45+00:00\" \/>\n<meta property=\"og:image\" content=\"https:\/\/selleetools.com\/wp-content\/uploads\/2025\/10\/e40d8010f44f8f36c8d9b2ad1d0168b5.jpg\" \/>\n\t<meta property=\"og:image:width\" content=\"471\" \/>\n\t<meta property=\"og:image:height\" content=\"624\" \/>\n\t<meta property=\"og:image:type\" content=\"image\/jpeg\" \/>\n<meta name=\"twitter:card\" content=\"summary_large_image\" \/>\n<meta name=\"twitter:label1\" content=\"Est. reading time\" \/>\n\t<meta name=\"twitter:data1\" content=\"1 minuta\" \/>\n<!-- \/ Yoast SEO plugin. -->","yoast_head_json":{"title":"Peripera Ink Black Cara 003 Clear-Set Curling 8 g - tusz do rz\u0119s podkr\u0119caj\u0105cy - Selleetools.com","robots":{"index":"index","follow":"follow","max-snippet":"max-snippet:-1","max-image-preview":"max-image-preview:large","max-video-preview":"max-video-preview:-1"},"canonical":"https:\/\/selleetools.com\/pl\/product\/peripera-ink-black-cara-003-clear-set-curling-8-g-tusz-do-rzes-podkrecajacy\/","og_locale":"pl_PL","og_type":"article","og_title":"Peripera Ink Black Cara 003 Clear-Set Curling 8 g - tusz do rz\u0119s podkr\u0119caj\u0105cy - Selleetools.com","og_description":"Peripera Ink Black Cara 003 Clear-Set Curling to maskara, kt\u00f3ra \u0142\u0105czy w sobie niezwyk\u0142\u0105 trwa\u0142o\u015b\u0107 i efekt spektakularnego podkr\u0119cenia rz\u0119s. Idealna dla os\u00f3b poszukuj\u0105cych makija\u017cu, kt\u00f3ry wytrzyma ca\u0142y dzie\u0144, jednocze\u015bnie nadaj\u0105c rz\u0119som wyj\u0105tkow\u0105 obj\u0119to\u015b\u0107 i wyrazisto\u015b\u0107. Produkt ma lekk\u0105 formu\u0142\u0119, kt\u00f3ra nie obci\u0105\u017ca rz\u0119s, a precyzyjna szczoteczka zapewnia \u0142atw\u0105 i dok\u0142adn\u0105 aplikacj\u0119. Korzy\u015bci dla sk\u00f3ry ... Read morePeripera Ink Black Cara 003 Clear-Set Curling 8 g &#8211; tusz do rz\u0119s podkr\u0119caj\u0105cy","og_url":"https:\/\/selleetools.com\/pl\/product\/peripera-ink-black-cara-003-clear-set-curling-8-g-tusz-do-rzes-podkrecajacy\/","og_site_name":"Selleetools.com","article_modified_time":"2025-10-30T15:26:45+00:00","og_image":[{"width":471,"height":624,"url":"https:\/\/selleetools.com\/wp-content\/uploads\/2025\/10\/e40d8010f44f8f36c8d9b2ad1d0168b5.jpg","type":"image\/jpeg"}],"twitter_card":"summary_large_image","twitter_misc":{"Est. reading time":"1 minuta"},"schema":{"@context":"https:\/\/schema.org","@graph":[{"@type":"Organization","@id":"https:\/\/selleetools.com\/#organization","name":"Selleetools","url":"https:\/\/selleetools.com\/","sameAs":[],"logo":{"@type":"ImageObject","inLanguage":"pl-PL","@id":"https:\/\/selleetools.com\/#\/schema\/logo\/image\/","url":"https:\/\/selleetools.com\/wp-content\/uploads\/2021\/10\/logo-dark.png","contentUrl":"https:\/\/selleetools.com\/wp-content\/uploads\/2021\/10\/logo-dark.png","width":320,"height":76,"caption":"Selleetools"},"image":{"@id":"https:\/\/selleetools.com\/#\/schema\/logo\/image\/"}},{"@type":"WebSite","@id":"https:\/\/selleetools.com\/#website","url":"https:\/\/selleetools.com\/","name":"Selleetools.com","description":"","publisher":{"@id":"https:\/\/selleetools.com\/#organization"},"potentialAction":[{"@type":"SearchAction","target":{"@type":"EntryPoint","urlTemplate":"https:\/\/selleetools.com\/?s={search_term_string}"},"query-input":"required name=search_term_string"}],"inLanguage":"pl-PL"},{"@type":"WebPage","@id":"https:\/\/selleetools.com\/pl\/product\/peripera-ink-black-cara-003-clear-set-curling-8-g-tusz-do-rzes-podkrecajacy\/","url":"https:\/\/selleetools.com\/pl\/product\/peripera-ink-black-cara-003-clear-set-curling-8-g-tusz-do-rzes-podkrecajacy\/","name":"Peripera Ink Black Cara 003 Clear-Set Curling 8 g - tusz do rz\u0119s podkr\u0119caj\u0105cy - Selleetools.com","isPartOf":{"@id":"https:\/\/selleetools.com\/#website"},"datePublished":"2025-10-22T06:54:04+00:00","dateModified":"2025-10-30T15:26:45+00:00","breadcrumb":{"@id":"https:\/\/selleetools.com\/pl\/product\/peripera-ink-black-cara-003-clear-set-curling-8-g-tusz-do-rzes-podkrecajacy\/#breadcrumb"},"inLanguage":"pl-PL","potentialAction":[{"@type":"ReadAction","target":["https:\/\/selleetools.com\/pl\/product\/peripera-ink-black-cara-003-clear-set-curling-8-g-tusz-do-rzes-podkrecajacy\/"]}]},{"@type":"BreadcrumbList","@id":"https:\/\/selleetools.com\/pl\/product\/peripera-ink-black-cara-003-clear-set-curling-8-g-tusz-do-rzes-podkrecajacy\/#breadcrumb","itemListElement":[{"@type":"ListItem","position":1,"name":"Home","item":"https:\/\/selleetools.com\/pl\/"},{"@type":"ListItem","position":2,"name":"Katalog","item":"https:\/\/selleetools.com\/pl\/katalog\/"},{"@type":"ListItem","position":3,"name":"Peripera Ink Black Cara 003 Clear-Set Curling 8 g &#8211; tusz do rz\u0119s podkr\u0119caj\u0105cy"}]}]}},"_links":{"self":[{"href":"https:\/\/selleetools.com\/pl\/wp-json\/wp\/v2\/product\/598509"}],"collection":[{"href":"https:\/\/selleetools.com\/pl\/wp-json\/wp\/v2\/product"}],"about":[{"href":"https:\/\/selleetools.com\/pl\/wp-json\/wp\/v2\/types\/product"}],"replies":[{"embeddable":true,"href":"https:\/\/selleetools.com\/pl\/wp-json\/wp\/v2\/comments?post=598509"}],"wp:featuredmedia":[{"embeddable":true,"href":"https:\/\/selleetools.com\/pl\/wp-json\/wp\/v2\/media\/598501"}],"wp:attachment":[{"href":"https:\/\/selleetools.com\/pl\/wp-json\/wp\/v2\/media?parent=598509"}],"curies":[{"name":"wp","href":"https:\/\/api.w.org\/{rel}","templated":true}]}}