{"id":598442,"date":"2025-10-22T08:53:04","date_gmt":"2025-10-22T06:53:04","guid":{"rendered":"https:\/\/selleetools.com\/?post_type=product&#038;p=598442"},"modified":"2026-01-04T15:26:39","modified_gmt":"2026-01-04T14:26:39","slug":"mediheal-vital-firming-mask-20-ml-ujedrniajaca-maska-w-plachcie","status":"publish","type":"product","link":"https:\/\/selleetools.com\/pl\/product\/mediheal-vital-firming-mask-20-ml-ujedrniajaca-maska-w-plachcie\/","title":{"rendered":"MEDIHEAL VITAL FIRMING MASK 20 ml &#8211; UJ\u0118DRNIAJ\u0104CA MASKA W P\u0141ACHCIE"},"content":{"rendered":"<p><font style=\"font-size: 12px;\">Maska MEDIHEAL Vital Firming to zaawansowany produkt piel\u0119gnacyjny, kt\u00f3ry zosta\u0142 stworzony, aby wzmocni\u0107 i uj\u0119drni\u0107 sk\u00f3r\u0119, przywracaj\u0105c jej zdrowy wygl\u0105d i m\u0142odzie\u0144cz\u0105 elastyczno\u015b\u0107. Dzi\u0119ki unikalnej formule, bogatej w sk\u0142adniki aktywne, maska intensywnie nawil\u017ca, regeneruje i wzmacnia barier\u0119 ochronn\u0105 sk\u00f3ry. Jest idealna dla os\u00f3b, kt\u00f3re zauwa\u017cy\u0142y utrat\u0119 j\u0119drno\u015bci i elastyczno\u015bci sk\u00f3ry, a tak\u017ce dla tych, kt\u00f3rzy chc\u0105 zapobiec przedwczesnemu starzeniu si\u0119.<\/font><\/p>\n<p><strong><font style=\"font-size: 12px;\">Korzy\u015bci dla sk\u00f3ry:<\/font><\/strong><\/p>\n<ul>\n<li><font style=\"font-size: 12px;\"><strong>Uj\u0119drnienie i elastyczno\u015b\u0107:<\/strong> Sk\u0142adniki aktywne, takie jak kolagen i elastyna, pomagaj\u0105 wzmocni\u0107 struktur\u0119 sk\u00f3ry, przywracaj\u0105c jej j\u0119drno\u015b\u0107 i spr\u0119\u017cysto\u015b\u0107.<\/font><\/li>\n<li><font style=\"font-size: 12px;\"><strong>Nawil\u017cenie i od\u017cywienie:<\/strong> Maska g\u0142\u0119boko nawil\u017ca sk\u00f3r\u0119, redukuj\u0105c widoczno\u015b\u0107 drobnych linii i zmarszczek oraz przywracaj\u0105c jej zdrowy blask.<\/font><\/li>\n<li><font style=\"font-size: 12px;\"><strong>Wzmocnienie bariery ochronnej:<\/strong> Dzi\u0119ki zawarto\u015bci wyci\u0105g\u00f3w ro\u015blinnych i witamin, maska wzmacnia naturaln\u0105 barier\u0119 ochronn\u0105 sk\u00f3ry, chroni\u0105c j\u0105 przed szkodliwym dzia\u0142aniem czynnik\u00f3w zewn\u0119trznych.<\/font><\/li>\n<\/ul>\n<p><strong><font style=\"font-size: 12px;\">Spos\u00f3b u\u017cycia:<\/font><\/strong><\/p>\n<ol>\n<li><font style=\"font-size: 12px;\">Oczy\u015b\u0107 twarz i delikatnie osusz j\u0105 r\u0119cznikiem.<\/font><\/li>\n<li><font style=\"font-size: 12px;\">Otw\u00f3rz opakowanie i wyjmij mask\u0119, a nast\u0119pnie delikatnie roz\u0142\u00f3\u017c j\u0105 na twarzy, dopasowuj\u0105c do kszta\u0142tu.<\/font><\/li>\n<li><font style=\"font-size: 12px;\">Pozostaw mask\u0119 na sk\u00f3rze na 15-20 minut, aby sk\u0142adniki aktywne mog\u0142y si\u0119 wch\u0142on\u0105\u0107.<\/font><\/li>\n<li><font style=\"font-size: 12px;\">Po up\u0142ywie czasu zdejmij mask\u0119 i delikatnie wmasuj pozosta\u0142o\u015b\u0107 esencji w sk\u00f3r\u0119, a\u017c do ca\u0142kowitego wch\u0142oni\u0119cia.<\/font><\/li>\n<li><font style=\"font-size: 12px;\">Stosuj 2-3 razy w tygodniu dla optymalnych efekt\u00f3w.<\/font><\/li>\n<\/ol>\n","protected":false},"excerpt":{"rendered":"<p>Maska MEDIHEAL Vital Firming to zaawansowany produkt piel\u0119gnacyjny, kt\u00f3ry zosta\u0142 stworzony, aby wzmocni\u0107 i uj\u0119drni\u0107 sk\u00f3r\u0119, przywracaj\u0105c jej zdrowy wygl\u0105d i m\u0142odzie\u0144cz\u0105 elastyczno\u015b\u0107. Dzi\u0119ki unikalnej formule, bogatej w sk\u0142adniki aktywne, maska intensywnie nawil\u017ca, regeneruje i wzmacnia barier\u0119 ochronn\u0105 sk\u00f3ry. Jest idealna dla os\u00f3b, kt\u00f3re zauwa\u017cy\u0142y utrat\u0119 j\u0119drno\u015bci i elastyczno\u015bci sk\u00f3ry, a tak\u017ce dla tych, kt\u00f3rzy &#8230; <a title=\"MEDIHEAL VITAL FIRMING MASK 20 ml &#8211; UJ\u0118DRNIAJ\u0104CA MASKA W P\u0141ACHCIE\" class=\"read-more\" href=\"https:\/\/selleetools.com\/pl\/product\/mediheal-vital-firming-mask-20-ml-ujedrniajaca-maska-w-plachcie\/\">Read more<span class=\"screen-reader-text\">MEDIHEAL VITAL FIRMING MASK 20 ml &#8211; UJ\u0118DRNIAJ\u0104CA MASKA W P\u0141ACHCIE<\/span><\/a><\/p>\n","protected":false},"featured_media":598438,"comment_status":"open","ping_status":"closed","template":"","meta":{"_links_to":"","_links_to_target":""},"yoast_head":"<!-- This site is optimized with the Yoast SEO plugin v19.4 - https:\/\/yoast.com\/wordpress\/plugins\/seo\/ -->\n<title>MEDIHEAL VITAL FIRMING MASK 20 ml - UJ\u0118DRNIAJ\u0104CA MASKA W P\u0141ACHCIE - Selleetools.com<\/title>\n<meta name=\"robots\" content=\"index, follow, max-snippet:-1, max-image-preview:large, max-video-preview:-1\" \/>\n<link rel=\"canonical\" href=\"https:\/\/selleetools.com\/pl\/product\/mediheal-vital-firming-mask-20-ml-ujedrniajaca-maska-w-plachcie\/\" \/>\n<meta property=\"og:locale\" content=\"pl_PL\" \/>\n<meta property=\"og:type\" content=\"article\" \/>\n<meta property=\"og:title\" content=\"MEDIHEAL VITAL FIRMING MASK 20 ml - UJ\u0118DRNIAJ\u0104CA MASKA W P\u0141ACHCIE - Selleetools.com\" \/>\n<meta property=\"og:description\" content=\"Maska MEDIHEAL Vital Firming to zaawansowany produkt piel\u0119gnacyjny, kt\u00f3ry zosta\u0142 stworzony, aby wzmocni\u0107 i uj\u0119drni\u0107 sk\u00f3r\u0119, przywracaj\u0105c jej zdrowy wygl\u0105d i m\u0142odzie\u0144cz\u0105 elastyczno\u015b\u0107. Dzi\u0119ki unikalnej formule, bogatej w sk\u0142adniki aktywne, maska intensywnie nawil\u017ca, regeneruje i wzmacnia barier\u0119 ochronn\u0105 sk\u00f3ry. Jest idealna dla os\u00f3b, kt\u00f3re zauwa\u017cy\u0142y utrat\u0119 j\u0119drno\u015bci i elastyczno\u015bci sk\u00f3ry, a tak\u017ce dla tych, kt\u00f3rzy ... Read moreMEDIHEAL VITAL FIRMING MASK 20 ml &#8211; UJ\u0118DRNIAJ\u0104CA MASKA W P\u0141ACHCIE\" \/>\n<meta property=\"og:url\" content=\"https:\/\/selleetools.com\/pl\/product\/mediheal-vital-firming-mask-20-ml-ujedrniajaca-maska-w-plachcie\/\" \/>\n<meta property=\"og:site_name\" content=\"Selleetools.com\" \/>\n<meta property=\"article:modified_time\" content=\"2026-01-04T14:26:39+00:00\" \/>\n<meta property=\"og:image\" content=\"https:\/\/selleetools.com\/wp-content\/uploads\/2025\/10\/45a7e2c17e3de2e4785dcebeae3b0fa1.jpg\" \/>\n\t<meta property=\"og:image:width\" content=\"435\" \/>\n\t<meta property=\"og:image:height\" content=\"650\" \/>\n\t<meta property=\"og:image:type\" content=\"image\/jpeg\" \/>\n<meta name=\"twitter:card\" content=\"summary_large_image\" \/>\n<meta name=\"twitter:label1\" content=\"Est. reading time\" \/>\n\t<meta name=\"twitter:data1\" content=\"1 minuta\" \/>\n<!-- \/ Yoast SEO plugin. -->","yoast_head_json":{"title":"MEDIHEAL VITAL FIRMING MASK 20 ml - UJ\u0118DRNIAJ\u0104CA MASKA W P\u0141ACHCIE - Selleetools.com","robots":{"index":"index","follow":"follow","max-snippet":"max-snippet:-1","max-image-preview":"max-image-preview:large","max-video-preview":"max-video-preview:-1"},"canonical":"https:\/\/selleetools.com\/pl\/product\/mediheal-vital-firming-mask-20-ml-ujedrniajaca-maska-w-plachcie\/","og_locale":"pl_PL","og_type":"article","og_title":"MEDIHEAL VITAL FIRMING MASK 20 ml - UJ\u0118DRNIAJ\u0104CA MASKA W P\u0141ACHCIE - Selleetools.com","og_description":"Maska MEDIHEAL Vital Firming to zaawansowany produkt piel\u0119gnacyjny, kt\u00f3ry zosta\u0142 stworzony, aby wzmocni\u0107 i uj\u0119drni\u0107 sk\u00f3r\u0119, przywracaj\u0105c jej zdrowy wygl\u0105d i m\u0142odzie\u0144cz\u0105 elastyczno\u015b\u0107. Dzi\u0119ki unikalnej formule, bogatej w sk\u0142adniki aktywne, maska intensywnie nawil\u017ca, regeneruje i wzmacnia barier\u0119 ochronn\u0105 sk\u00f3ry. Jest idealna dla os\u00f3b, kt\u00f3re zauwa\u017cy\u0142y utrat\u0119 j\u0119drno\u015bci i elastyczno\u015bci sk\u00f3ry, a tak\u017ce dla tych, kt\u00f3rzy ... Read moreMEDIHEAL VITAL FIRMING MASK 20 ml &#8211; UJ\u0118DRNIAJ\u0104CA MASKA W P\u0141ACHCIE","og_url":"https:\/\/selleetools.com\/pl\/product\/mediheal-vital-firming-mask-20-ml-ujedrniajaca-maska-w-plachcie\/","og_site_name":"Selleetools.com","article_modified_time":"2026-01-04T14:26:39+00:00","og_image":[{"width":435,"height":650,"url":"https:\/\/selleetools.com\/wp-content\/uploads\/2025\/10\/45a7e2c17e3de2e4785dcebeae3b0fa1.jpg","type":"image\/jpeg"}],"twitter_card":"summary_large_image","twitter_misc":{"Est. reading time":"1 minuta"},"schema":{"@context":"https:\/\/schema.org","@graph":[{"@type":"Organization","@id":"https:\/\/selleetools.com\/#organization","name":"Selleetools","url":"https:\/\/selleetools.com\/","sameAs":[],"logo":{"@type":"ImageObject","inLanguage":"pl-PL","@id":"https:\/\/selleetools.com\/#\/schema\/logo\/image\/","url":"https:\/\/selleetools.com\/wp-content\/uploads\/2021\/10\/logo-dark.png","contentUrl":"https:\/\/selleetools.com\/wp-content\/uploads\/2021\/10\/logo-dark.png","width":320,"height":76,"caption":"Selleetools"},"image":{"@id":"https:\/\/selleetools.com\/#\/schema\/logo\/image\/"}},{"@type":"WebSite","@id":"https:\/\/selleetools.com\/#website","url":"https:\/\/selleetools.com\/","name":"Selleetools.com","description":"","publisher":{"@id":"https:\/\/selleetools.com\/#organization"},"potentialAction":[{"@type":"SearchAction","target":{"@type":"EntryPoint","urlTemplate":"https:\/\/selleetools.com\/?s={search_term_string}"},"query-input":"required name=search_term_string"}],"inLanguage":"pl-PL"},{"@type":"WebPage","@id":"https:\/\/selleetools.com\/pl\/product\/mediheal-vital-firming-mask-20-ml-ujedrniajaca-maska-w-plachcie\/","url":"https:\/\/selleetools.com\/pl\/product\/mediheal-vital-firming-mask-20-ml-ujedrniajaca-maska-w-plachcie\/","name":"MEDIHEAL VITAL FIRMING MASK 20 ml - UJ\u0118DRNIAJ\u0104CA MASKA W P\u0141ACHCIE - Selleetools.com","isPartOf":{"@id":"https:\/\/selleetools.com\/#website"},"datePublished":"2025-10-22T06:53:04+00:00","dateModified":"2026-01-04T14:26:39+00:00","breadcrumb":{"@id":"https:\/\/selleetools.com\/pl\/product\/mediheal-vital-firming-mask-20-ml-ujedrniajaca-maska-w-plachcie\/#breadcrumb"},"inLanguage":"pl-PL","potentialAction":[{"@type":"ReadAction","target":["https:\/\/selleetools.com\/pl\/product\/mediheal-vital-firming-mask-20-ml-ujedrniajaca-maska-w-plachcie\/"]}]},{"@type":"BreadcrumbList","@id":"https:\/\/selleetools.com\/pl\/product\/mediheal-vital-firming-mask-20-ml-ujedrniajaca-maska-w-plachcie\/#breadcrumb","itemListElement":[{"@type":"ListItem","position":1,"name":"Home","item":"https:\/\/selleetools.com\/pl\/"},{"@type":"ListItem","position":2,"name":"Katalog","item":"https:\/\/selleetools.com\/pl\/katalog\/"},{"@type":"ListItem","position":3,"name":"MEDIHEAL VITAL FIRMING MASK 20 ml &#8211; UJ\u0118DRNIAJ\u0104CA MASKA W P\u0141ACHCIE"}]}]}},"_links":{"self":[{"href":"https:\/\/selleetools.com\/pl\/wp-json\/wp\/v2\/product\/598442"}],"collection":[{"href":"https:\/\/selleetools.com\/pl\/wp-json\/wp\/v2\/product"}],"about":[{"href":"https:\/\/selleetools.com\/pl\/wp-json\/wp\/v2\/types\/product"}],"replies":[{"embeddable":true,"href":"https:\/\/selleetools.com\/pl\/wp-json\/wp\/v2\/comments?post=598442"}],"wp:featuredmedia":[{"embeddable":true,"href":"https:\/\/selleetools.com\/pl\/wp-json\/wp\/v2\/media\/598438"}],"wp:attachment":[{"href":"https:\/\/selleetools.com\/pl\/wp-json\/wp\/v2\/media?parent=598442"}],"curies":[{"name":"wp","href":"https:\/\/api.w.org\/{rel}","templated":true}]}}