{"id":598406,"date":"2025-10-22T08:52:34","date_gmt":"2025-10-22T06:52:34","guid":{"rendered":"https:\/\/selleetools.com\/?post_type=product&#038;p=598406"},"modified":"2025-10-23T19:49:10","modified_gmt":"2025-10-23T17:49:10","slug":"cosrx-vitamin-e-vitalizing-sunscreen-50-ml-krem-ochronny-z-witamina-e","status":"publish","type":"product","link":"https:\/\/selleetools.com\/pl\/product\/cosrx-vitamin-e-vitalizing-sunscreen-50-ml-krem-ochronny-z-witamina-e\/","title":{"rendered":"COSRX Vitamin E Vitalizing Sunscreen 50 ml &#8211; Krem ochronny z witamin\u0105 E"},"content":{"rendered":"<p>COSRX Vitamin E Vitalizing Sunscreen to innowacyjny filtr przeciws\u0142oneczny, kt\u00f3ry \u0142\u0105czy ochron\u0119 przed promieniowaniem UV z korzy\u015bciami piel\u0119gnacyjnymi. Bogaty w witamin\u0119 E, krem ten dzia\u0142a jako silny antyoksydant, chroni\u0105c sk\u00f3r\u0119 przed uszkodzeniami spowodowanymi przez wolne rodniki oraz przedwczesnym starzeniem si\u0119. Lekka, nawil\u017caj\u0105ca formu\u0142a sprawia, \u017ce jest idealny dla ka\u017cdego typu cery, w tym wra\u017cliwej i suchej.<\/p>\n<p>Korzy\u015bci dla sk\u00f3ry:<br \/>\nOchrona przed promieniowaniem UV: SPF zapewnia skuteczn\u0105 ochron\u0119 przed szkodliwym promieniowaniem UVA i UVB.<br \/>\nAntyoksydacyjna ochrona: Witamina E neutralizuje wolne rodniki, zapobiegaj\u0105c uszkodzeniom kom\u00f3rek i wspieraj\u0105c zdrowy wygl\u0105d sk\u00f3ry.<br \/>\nNawil\u017cenie i od\u017cywienie: Lekka formu\u0142a kremu nawil\u017ca sk\u00f3r\u0119, nie pozostawiaj\u0105c t\u0142ustego filmu.<br \/>\nWzmocnienie bariery ochronnej: Regularne stosowanie wzmacnia naturaln\u0105 barier\u0119 ochronn\u0105 sk\u00f3ry, chroni\u0105c j\u0105 przed czynnikami zewn\u0119trznymi.<\/p>\n<p>Przeznaczenie:<br \/>\nOdpowiedni dla ka\u017cdego typu cery, w tym wra\u017cliwej i suchej.<\/p>\n<p>Spos\u00f3b u\u017cycia:<br \/>\nNa\u0142\u00f3\u017c odpowiedni\u0105 ilo\u015b\u0107 kremu na twarz jako ostatni krok w porannej rutynie piel\u0119gnacyjnej.<br \/>\nDelikatnie wmasuj, a\u017c do ca\u0142kowitego wch\u0142oni\u0119cia.<br \/>\nAplikuj co najmniej 15 minut przed ekspozycj\u0105 na s\u0142o\u0144ce.<br \/>\nPonawiaj aplikacj\u0119 co 2-3 godziny podczas d\u0142ugotrwa\u0142ego przebywania na s\u0142o\u0144cu, szczeg\u00f3lnie po p\u0142ywaniu lub spoceniu si\u0119.<\/p>\n<p>Chro\u0144 swoj\u0105 sk\u00f3r\u0119 z COSRX Vitamin E Vitalizing Sunscreen i ciesz si\u0119 jej zdrowym, promiennym wygl\u0105dem ka\u017cdego dnia.<\/p>\n","protected":false},"excerpt":{"rendered":"<p>COSRX Vitamin E Vitalizing Sunscreen to innowacyjny filtr przeciws\u0142oneczny, kt\u00f3ry \u0142\u0105czy ochron\u0119 przed promieniowaniem UV z korzy\u015bciami piel\u0119gnacyjnymi. Bogaty w witamin\u0119 E, krem ten dzia\u0142a jako silny antyoksydant, chroni\u0105c sk\u00f3r\u0119 przed uszkodzeniami spowodowanymi przez wolne rodniki oraz przedwczesnym starzeniem si\u0119. Lekka, nawil\u017caj\u0105ca formu\u0142a sprawia, \u017ce jest idealny dla ka\u017cdego typu cery, w tym wra\u017cliwej i &#8230; <a title=\"COSRX Vitamin E Vitalizing Sunscreen 50 ml &#8211; Krem ochronny z witamin\u0105 E\" class=\"read-more\" href=\"https:\/\/selleetools.com\/pl\/product\/cosrx-vitamin-e-vitalizing-sunscreen-50-ml-krem-ochronny-z-witamina-e\/\">Read more<span class=\"screen-reader-text\">COSRX Vitamin E Vitalizing Sunscreen 50 ml &#8211; Krem ochronny z witamin\u0105 E<\/span><\/a><\/p>\n","protected":false},"featured_media":598400,"comment_status":"open","ping_status":"closed","template":"","meta":{"_links_to":"","_links_to_target":""},"yoast_head":"<!-- This site is optimized with the Yoast SEO plugin v19.4 - https:\/\/yoast.com\/wordpress\/plugins\/seo\/ -->\n<title>COSRX Vitamin E Vitalizing Sunscreen 50 ml - Krem ochronny z witamin\u0105 E - Selleetools.com<\/title>\n<meta name=\"robots\" content=\"index, follow, max-snippet:-1, max-image-preview:large, max-video-preview:-1\" \/>\n<link rel=\"canonical\" href=\"https:\/\/admincentral.selleetools.com\/pl\/product\/cosrx-vitamin-e-vitalizing-sunscreen-50-ml-krem-ochronny-z-witamina-e\/\" \/>\n<meta property=\"og:locale\" content=\"pl_PL\" \/>\n<meta property=\"og:type\" content=\"article\" \/>\n<meta property=\"og:title\" content=\"COSRX Vitamin E Vitalizing Sunscreen 50 ml - Krem ochronny z witamin\u0105 E - Selleetools.com\" \/>\n<meta property=\"og:description\" content=\"COSRX Vitamin E Vitalizing Sunscreen to innowacyjny filtr przeciws\u0142oneczny, kt\u00f3ry \u0142\u0105czy ochron\u0119 przed promieniowaniem UV z korzy\u015bciami piel\u0119gnacyjnymi. Bogaty w witamin\u0119 E, krem ten dzia\u0142a jako silny antyoksydant, chroni\u0105c sk\u00f3r\u0119 przed uszkodzeniami spowodowanymi przez wolne rodniki oraz przedwczesnym starzeniem si\u0119. Lekka, nawil\u017caj\u0105ca formu\u0142a sprawia, \u017ce jest idealny dla ka\u017cdego typu cery, w tym wra\u017cliwej i ... Read moreCOSRX Vitamin E Vitalizing Sunscreen 50 ml &#8211; Krem ochronny z witamin\u0105 E\" \/>\n<meta property=\"og:url\" content=\"https:\/\/admincentral.selleetools.com\/pl\/product\/cosrx-vitamin-e-vitalizing-sunscreen-50-ml-krem-ochronny-z-witamina-e\/\" \/>\n<meta property=\"og:site_name\" content=\"Selleetools.com\" \/>\n<meta property=\"article:modified_time\" content=\"2025-10-23T17:49:10+00:00\" \/>\n<meta property=\"og:image\" content=\"https:\/\/selleetools.com\/wp-content\/uploads\/2025\/10\/1b527238a687021a900bd1492a0595d0.jpg\" \/>\n\t<meta property=\"og:image:width\" content=\"1200\" \/>\n\t<meta property=\"og:image:height\" content=\"1200\" \/>\n\t<meta property=\"og:image:type\" content=\"image\/jpeg\" \/>\n<meta name=\"twitter:card\" content=\"summary_large_image\" \/>\n<meta name=\"twitter:label1\" content=\"Est. reading time\" \/>\n\t<meta name=\"twitter:data1\" content=\"1 minuta\" \/>\n<!-- \/ Yoast SEO plugin. -->","yoast_head_json":{"title":"COSRX Vitamin E Vitalizing Sunscreen 50 ml - Krem ochronny z witamin\u0105 E - Selleetools.com","robots":{"index":"index","follow":"follow","max-snippet":"max-snippet:-1","max-image-preview":"max-image-preview:large","max-video-preview":"max-video-preview:-1"},"canonical":"https:\/\/admincentral.selleetools.com\/pl\/product\/cosrx-vitamin-e-vitalizing-sunscreen-50-ml-krem-ochronny-z-witamina-e\/","og_locale":"pl_PL","og_type":"article","og_title":"COSRX Vitamin E Vitalizing Sunscreen 50 ml - Krem ochronny z witamin\u0105 E - Selleetools.com","og_description":"COSRX Vitamin E Vitalizing Sunscreen to innowacyjny filtr przeciws\u0142oneczny, kt\u00f3ry \u0142\u0105czy ochron\u0119 przed promieniowaniem UV z korzy\u015bciami piel\u0119gnacyjnymi. Bogaty w witamin\u0119 E, krem ten dzia\u0142a jako silny antyoksydant, chroni\u0105c sk\u00f3r\u0119 przed uszkodzeniami spowodowanymi przez wolne rodniki oraz przedwczesnym starzeniem si\u0119. Lekka, nawil\u017caj\u0105ca formu\u0142a sprawia, \u017ce jest idealny dla ka\u017cdego typu cery, w tym wra\u017cliwej i ... Read moreCOSRX Vitamin E Vitalizing Sunscreen 50 ml &#8211; Krem ochronny z witamin\u0105 E","og_url":"https:\/\/admincentral.selleetools.com\/pl\/product\/cosrx-vitamin-e-vitalizing-sunscreen-50-ml-krem-ochronny-z-witamina-e\/","og_site_name":"Selleetools.com","article_modified_time":"2025-10-23T17:49:10+00:00","og_image":[{"width":1200,"height":1200,"url":"https:\/\/selleetools.com\/wp-content\/uploads\/2025\/10\/1b527238a687021a900bd1492a0595d0.jpg","type":"image\/jpeg"}],"twitter_card":"summary_large_image","twitter_misc":{"Est. reading time":"1 minuta"},"schema":{"@context":"https:\/\/schema.org","@graph":[{"@type":"Organization","@id":"https:\/\/selleetools.com\/#organization","name":"Selleetools","url":"https:\/\/selleetools.com\/","sameAs":[],"logo":{"@type":"ImageObject","inLanguage":"pl-PL","@id":"https:\/\/selleetools.com\/#\/schema\/logo\/image\/","url":"https:\/\/selleetools.com\/wp-content\/uploads\/2021\/10\/logo-dark.png","contentUrl":"https:\/\/selleetools.com\/wp-content\/uploads\/2021\/10\/logo-dark.png","width":320,"height":76,"caption":"Selleetools"},"image":{"@id":"https:\/\/selleetools.com\/#\/schema\/logo\/image\/"}},{"@type":"WebSite","@id":"https:\/\/selleetools.com\/#website","url":"https:\/\/selleetools.com\/","name":"Selleetools.com","description":"","publisher":{"@id":"https:\/\/selleetools.com\/#organization"},"potentialAction":[{"@type":"SearchAction","target":{"@type":"EntryPoint","urlTemplate":"https:\/\/selleetools.com\/?s={search_term_string}"},"query-input":"required name=search_term_string"}],"inLanguage":"pl-PL"},{"@type":"WebPage","@id":"https:\/\/admincentral.selleetools.com\/pl\/product\/cosrx-vitamin-e-vitalizing-sunscreen-50-ml-krem-ochronny-z-witamina-e\/","url":"https:\/\/admincentral.selleetools.com\/pl\/product\/cosrx-vitamin-e-vitalizing-sunscreen-50-ml-krem-ochronny-z-witamina-e\/","name":"COSRX Vitamin E Vitalizing Sunscreen 50 ml - Krem ochronny z witamin\u0105 E - Selleetools.com","isPartOf":{"@id":"https:\/\/selleetools.com\/#website"},"datePublished":"2025-10-22T06:52:34+00:00","dateModified":"2025-10-23T17:49:10+00:00","breadcrumb":{"@id":"https:\/\/admincentral.selleetools.com\/pl\/product\/cosrx-vitamin-e-vitalizing-sunscreen-50-ml-krem-ochronny-z-witamina-e\/#breadcrumb"},"inLanguage":"pl-PL","potentialAction":[{"@type":"ReadAction","target":["https:\/\/admincentral.selleetools.com\/pl\/product\/cosrx-vitamin-e-vitalizing-sunscreen-50-ml-krem-ochronny-z-witamina-e\/"]}]},{"@type":"BreadcrumbList","@id":"https:\/\/admincentral.selleetools.com\/pl\/product\/cosrx-vitamin-e-vitalizing-sunscreen-50-ml-krem-ochronny-z-witamina-e\/#breadcrumb","itemListElement":[{"@type":"ListItem","position":1,"name":"Home","item":"https:\/\/selleetools.com\/pl\/"},{"@type":"ListItem","position":2,"name":"Katalog","item":"https:\/\/selleetools.com\/pl\/katalog\/"},{"@type":"ListItem","position":3,"name":"COSRX Vitamin E Vitalizing Sunscreen 50 ml &#8211; Krem ochronny z witamin\u0105 E"}]}]}},"_links":{"self":[{"href":"https:\/\/selleetools.com\/pl\/wp-json\/wp\/v2\/product\/598406"}],"collection":[{"href":"https:\/\/selleetools.com\/pl\/wp-json\/wp\/v2\/product"}],"about":[{"href":"https:\/\/selleetools.com\/pl\/wp-json\/wp\/v2\/types\/product"}],"replies":[{"embeddable":true,"href":"https:\/\/selleetools.com\/pl\/wp-json\/wp\/v2\/comments?post=598406"}],"wp:featuredmedia":[{"embeddable":true,"href":"https:\/\/selleetools.com\/pl\/wp-json\/wp\/v2\/media\/598400"}],"wp:attachment":[{"href":"https:\/\/selleetools.com\/pl\/wp-json\/wp\/v2\/media?parent=598406"}],"curies":[{"name":"wp","href":"https:\/\/api.w.org\/{rel}","templated":true}]}}