{"id":598399,"date":"2025-10-22T08:52:29","date_gmt":"2025-10-22T06:52:29","guid":{"rendered":"https:\/\/selleetools.com\/?post_type=product&#038;p=598399"},"modified":"2025-12-26T16:45:43","modified_gmt":"2025-12-26T15:45:43","slug":"pyunkang-yul-ato-panthenol-ceramide-balm-cream-30-ml-ochronny-krem-do-twarzy","status":"publish","type":"product","link":"https:\/\/selleetools.com\/pl\/product\/pyunkang-yul-ato-panthenol-ceramide-balm-cream-30-ml-ochronny-krem-do-twarzy\/","title":{"rendered":"Pyunkang yul ATO Panthenol Ceramide Balm Cream 30 ml &#8211; Ochronny krem do twarzy"},"content":{"rendered":"<p><font style=\"font-size: 12px;\"><strong>Pyunkang Yul ATO Panthenol Ceramide Balm Cream 30ml<\/strong> to zaawansowany balsam do twarzy i cia\u0142a, stworzony z my\u015bl\u0105 o sk\u00f3rze suchej, wra\u017cliwej oraz sk\u0142onnej do podra\u017cnie\u0144. Formu\u0142a kosmetyku zosta\u0142a opracowana przez specjalist\u00f3w z renomowanej korea\u0144skiej marki Pyunkang Yul, kt\u00f3ra s\u0142ynie z tworzenia produkt\u00f3w minimalizuj\u0105cych ryzyko alergii i podra\u017cnie\u0144.<\/font><\/p>\n<p><strong><font style=\"font-size: 12px;\">Korzy\u015bci dla sk\u00f3ry:<\/font><\/strong><\/p>\n<ol>\n<li><font style=\"font-size: 12px;\"><strong>Intensywne nawil\u017cenie<\/strong> &#8211; Dzi\u0119ki zawarto\u015bci pantenolu, krem skutecznie nawil\u017ca sk\u00f3r\u0119, wspomagaj\u0105c jej naturaln\u0105 barier\u0119 ochronn\u0105.<\/font><\/li>\n<li><font style=\"font-size: 12px;\"><strong>Odbudowa bariery hydrolipidowej<\/strong> &#8211; Zawarte w kremie ceramidy wzmacniaj\u0105 barier\u0119 ochronn\u0105 sk\u00f3ry, zapobiegaj\u0105c utracie wilgoci oraz chroni\u0105c przed szkodliwymi czynnikami zewn\u0119trznymi.<\/font><\/li>\n<li><font style=\"font-size: 12px;\"><strong>\u0141agodzenie podra\u017cnie\u0144<\/strong> &#8211; Produkt \u0142agodzi podra\u017cnienia oraz zaczerwienienia, dzi\u0119ki czemu sk\u00f3ra staje si\u0119 bardziej mi\u0119kka i g\u0142adka.<\/font><\/li>\n<li><font style=\"font-size: 12px;\"><strong>Bezpiecze\u0144stwo dla wra\u017cliwej sk\u00f3ry<\/strong> &#8211; Krem nie zawiera szkodliwych substancji takich jak sztuczne barwniki czy parabeny, co czyni go idealnym wyborem dla os\u00f3b o bardzo wra\u017cliwej sk\u00f3rze.<\/font><\/li>\n<\/ol>\n<p><strong><font style=\"font-size: 12px;\">Spos\u00f3b u\u017cycia:<\/font><\/strong><\/p>\n<p><font style=\"font-size: 12px;\">Na\u0142\u00f3\u017c niewielk\u0105 ilo\u015b\u0107 kremu na oczyszczon\u0105 i osuszon\u0105 sk\u00f3r\u0119 twarzy lub cia\u0142a. Delikatnie wmasuj, a\u017c do ca\u0142kowitego wch\u0142oni\u0119cia. Produkt mo\u017cna stosowa\u0107 zar\u00f3wno rano, jak i wieczorem, w zale\u017cno\u015bci od potrzeb sk\u00f3ry. Krem jest idealny do codziennego u\u017cytku, szczeg\u00f3lnie w przypadku sk\u00f3ry wymagaj\u0105cej intensywnej regeneracji i nawil\u017cenia.<\/font><\/p>\n<p><font style=\"font-size: 12px;\">Je\u015bli chcesz uzyska\u0107 jeszcze lepszy efekt nawil\u017cenia, mo\u017cesz stosowa\u0107 go po serum z tej samej serii lub innym ulubionym serum nawil\u017caj\u0105cym.<\/font><\/p>\n<p><font style=\"font-size: 12px;\">Ten krem to doskona\u0142e rozwi\u0105zanie dla os\u00f3b szukaj\u0105cych delikatnej, a zarazem skutecznej piel\u0119gnacji, kt\u00f3ra pomo\u017ce utrzyma\u0107 sk\u00f3r\u0119 w idealnym stanie przez ca\u0142y rok.<\/font><\/p>\n","protected":false},"excerpt":{"rendered":"<p>Pyunkang Yul ATO Panthenol Ceramide Balm Cream 30ml to zaawansowany balsam do twarzy i cia\u0142a, stworzony z my\u015bl\u0105 o sk\u00f3rze suchej, wra\u017cliwej oraz sk\u0142onnej do podra\u017cnie\u0144. Formu\u0142a kosmetyku zosta\u0142a opracowana przez specjalist\u00f3w z renomowanej korea\u0144skiej marki Pyunkang Yul, kt\u00f3ra s\u0142ynie z tworzenia produkt\u00f3w minimalizuj\u0105cych ryzyko alergii i podra\u017cnie\u0144. Korzy\u015bci dla sk\u00f3ry: Intensywne nawil\u017cenie &#8211; Dzi\u0119ki &#8230; <a title=\"Pyunkang yul ATO Panthenol Ceramide Balm Cream 30 ml &#8211; Ochronny krem do twarzy\" class=\"read-more\" href=\"https:\/\/selleetools.com\/pl\/product\/pyunkang-yul-ato-panthenol-ceramide-balm-cream-30-ml-ochronny-krem-do-twarzy\/\">Read more<span class=\"screen-reader-text\">Pyunkang yul ATO Panthenol Ceramide Balm Cream 30 ml &#8211; Ochronny krem do twarzy<\/span><\/a><\/p>\n","protected":false},"featured_media":598393,"comment_status":"open","ping_status":"closed","template":"","meta":{"_links_to":"","_links_to_target":""},"yoast_head":"<!-- This site is optimized with the Yoast SEO plugin v19.4 - https:\/\/yoast.com\/wordpress\/plugins\/seo\/ -->\n<title>Pyunkang yul ATO Panthenol Ceramide Balm Cream 30 ml - Ochronny krem do twarzy - Selleetools.com<\/title>\n<meta name=\"robots\" content=\"index, follow, max-snippet:-1, max-image-preview:large, max-video-preview:-1\" \/>\n<link rel=\"canonical\" href=\"https:\/\/selleetools.com\/product\/pyunkang-yul-ato-panthenol-ceramide-balm-cream-30-ml-ochronny-krem-do-twarzy\/\" \/>\n<meta property=\"og:locale\" content=\"pl_PL\" \/>\n<meta property=\"og:type\" content=\"article\" \/>\n<meta property=\"og:title\" content=\"Pyunkang yul ATO Panthenol Ceramide Balm Cream 30 ml - Ochronny krem do twarzy - Selleetools.com\" \/>\n<meta property=\"og:description\" content=\"Pyunkang Yul ATO Panthenol Ceramide Balm Cream 30ml to zaawansowany balsam do twarzy i cia\u0142a, stworzony z my\u015bl\u0105 o sk\u00f3rze suchej, wra\u017cliwej oraz sk\u0142onnej do podra\u017cnie\u0144. Formu\u0142a kosmetyku zosta\u0142a opracowana przez specjalist\u00f3w z renomowanej korea\u0144skiej marki Pyunkang Yul, kt\u00f3ra s\u0142ynie z tworzenia produkt\u00f3w minimalizuj\u0105cych ryzyko alergii i podra\u017cnie\u0144. Korzy\u015bci dla sk\u00f3ry: Intensywne nawil\u017cenie &#8211; Dzi\u0119ki ... Read morePyunkang yul ATO Panthenol Ceramide Balm Cream 30 ml &#8211; Ochronny krem do twarzy\" \/>\n<meta property=\"og:url\" content=\"https:\/\/selleetools.com\/product\/pyunkang-yul-ato-panthenol-ceramide-balm-cream-30-ml-ochronny-krem-do-twarzy\/\" \/>\n<meta property=\"og:site_name\" content=\"Selleetools.com\" \/>\n<meta property=\"article:modified_time\" content=\"2025-12-26T15:45:43+00:00\" \/>\n<meta property=\"og:image\" content=\"https:\/\/selleetools.com\/wp-content\/uploads\/2025\/10\/7e27c5c6789714337d68b3e635c76221.jpg\" \/>\n\t<meta property=\"og:image:width\" content=\"1000\" \/>\n\t<meta property=\"og:image:height\" content=\"1000\" \/>\n\t<meta property=\"og:image:type\" content=\"image\/jpeg\" \/>\n<meta name=\"twitter:card\" content=\"summary_large_image\" \/>\n<meta name=\"twitter:label1\" content=\"Est. reading time\" \/>\n\t<meta name=\"twitter:data1\" content=\"1 minuta\" \/>\n<!-- \/ Yoast SEO plugin. -->","yoast_head_json":{"title":"Pyunkang yul ATO Panthenol Ceramide Balm Cream 30 ml - Ochronny krem do twarzy - Selleetools.com","robots":{"index":"index","follow":"follow","max-snippet":"max-snippet:-1","max-image-preview":"max-image-preview:large","max-video-preview":"max-video-preview:-1"},"canonical":"https:\/\/selleetools.com\/product\/pyunkang-yul-ato-panthenol-ceramide-balm-cream-30-ml-ochronny-krem-do-twarzy\/","og_locale":"pl_PL","og_type":"article","og_title":"Pyunkang yul ATO Panthenol Ceramide Balm Cream 30 ml - Ochronny krem do twarzy - Selleetools.com","og_description":"Pyunkang Yul ATO Panthenol Ceramide Balm Cream 30ml to zaawansowany balsam do twarzy i cia\u0142a, stworzony z my\u015bl\u0105 o sk\u00f3rze suchej, wra\u017cliwej oraz sk\u0142onnej do podra\u017cnie\u0144. Formu\u0142a kosmetyku zosta\u0142a opracowana przez specjalist\u00f3w z renomowanej korea\u0144skiej marki Pyunkang Yul, kt\u00f3ra s\u0142ynie z tworzenia produkt\u00f3w minimalizuj\u0105cych ryzyko alergii i podra\u017cnie\u0144. Korzy\u015bci dla sk\u00f3ry: Intensywne nawil\u017cenie &#8211; Dzi\u0119ki ... Read morePyunkang yul ATO Panthenol Ceramide Balm Cream 30 ml &#8211; Ochronny krem do twarzy","og_url":"https:\/\/selleetools.com\/product\/pyunkang-yul-ato-panthenol-ceramide-balm-cream-30-ml-ochronny-krem-do-twarzy\/","og_site_name":"Selleetools.com","article_modified_time":"2025-12-26T15:45:43+00:00","og_image":[{"width":1000,"height":1000,"url":"https:\/\/selleetools.com\/wp-content\/uploads\/2025\/10\/7e27c5c6789714337d68b3e635c76221.jpg","type":"image\/jpeg"}],"twitter_card":"summary_large_image","twitter_misc":{"Est. reading time":"1 minuta"},"schema":{"@context":"https:\/\/schema.org","@graph":[{"@type":"Organization","@id":"https:\/\/selleetools.com\/#organization","name":"Selleetools","url":"https:\/\/selleetools.com\/","sameAs":[],"logo":{"@type":"ImageObject","inLanguage":"pl-PL","@id":"https:\/\/selleetools.com\/#\/schema\/logo\/image\/","url":"https:\/\/selleetools.com\/wp-content\/uploads\/2021\/10\/logo-dark.png","contentUrl":"https:\/\/selleetools.com\/wp-content\/uploads\/2021\/10\/logo-dark.png","width":320,"height":76,"caption":"Selleetools"},"image":{"@id":"https:\/\/selleetools.com\/#\/schema\/logo\/image\/"}},{"@type":"WebSite","@id":"https:\/\/selleetools.com\/#website","url":"https:\/\/selleetools.com\/","name":"Selleetools.com","description":"","publisher":{"@id":"https:\/\/selleetools.com\/#organization"},"potentialAction":[{"@type":"SearchAction","target":{"@type":"EntryPoint","urlTemplate":"https:\/\/selleetools.com\/?s={search_term_string}"},"query-input":"required name=search_term_string"}],"inLanguage":"pl-PL"},{"@type":"WebPage","@id":"https:\/\/selleetools.com\/product\/pyunkang-yul-ato-panthenol-ceramide-balm-cream-30-ml-ochronny-krem-do-twarzy\/","url":"https:\/\/selleetools.com\/product\/pyunkang-yul-ato-panthenol-ceramide-balm-cream-30-ml-ochronny-krem-do-twarzy\/","name":"Pyunkang yul ATO Panthenol Ceramide Balm Cream 30 ml - Ochronny krem do twarzy - Selleetools.com","isPartOf":{"@id":"https:\/\/selleetools.com\/#website"},"datePublished":"2025-10-22T06:52:29+00:00","dateModified":"2025-12-26T15:45:43+00:00","breadcrumb":{"@id":"https:\/\/selleetools.com\/product\/pyunkang-yul-ato-panthenol-ceramide-balm-cream-30-ml-ochronny-krem-do-twarzy\/#breadcrumb"},"inLanguage":"pl-PL","potentialAction":[{"@type":"ReadAction","target":["https:\/\/selleetools.com\/product\/pyunkang-yul-ato-panthenol-ceramide-balm-cream-30-ml-ochronny-krem-do-twarzy\/"]}]},{"@type":"BreadcrumbList","@id":"https:\/\/selleetools.com\/product\/pyunkang-yul-ato-panthenol-ceramide-balm-cream-30-ml-ochronny-krem-do-twarzy\/#breadcrumb","itemListElement":[{"@type":"ListItem","position":1,"name":"Home","item":"https:\/\/selleetools.com\/pl\/"},{"@type":"ListItem","position":2,"name":"Katalog","item":"https:\/\/selleetools.com\/pl\/katalog\/"},{"@type":"ListItem","position":3,"name":"Pyunkang yul ATO Panthenol Ceramide Balm Cream 30 ml &#8211; Ochronny krem do twarzy"}]}]}},"_links":{"self":[{"href":"https:\/\/selleetools.com\/pl\/wp-json\/wp\/v2\/product\/598399"}],"collection":[{"href":"https:\/\/selleetools.com\/pl\/wp-json\/wp\/v2\/product"}],"about":[{"href":"https:\/\/selleetools.com\/pl\/wp-json\/wp\/v2\/types\/product"}],"replies":[{"embeddable":true,"href":"https:\/\/selleetools.com\/pl\/wp-json\/wp\/v2\/comments?post=598399"}],"wp:featuredmedia":[{"embeddable":true,"href":"https:\/\/selleetools.com\/pl\/wp-json\/wp\/v2\/media\/598393"}],"wp:attachment":[{"href":"https:\/\/selleetools.com\/pl\/wp-json\/wp\/v2\/media?parent=598399"}],"curies":[{"name":"wp","href":"https:\/\/api.w.org\/{rel}","templated":true}]}}