{"id":598378,"date":"2025-10-22T08:52:11","date_gmt":"2025-10-22T06:52:11","guid":{"rendered":"https:\/\/selleetools.com\/?post_type=product&#038;p=598378"},"modified":"2025-10-23T13:03:24","modified_gmt":"2025-10-23T11:03:24","slug":"altruist-sunscreen-spf-50-100-ml-krem-przeciwsloneczny","status":"publish","type":"product","link":"https:\/\/selleetools.com\/pl\/product\/altruist-sunscreen-spf-50-100-ml-krem-przeciwsloneczny\/","title":{"rendered":"ALTRUIST Sunscreen SPF 50 100 ml &#8211; Krem przeciws\u0142oneczny"},"content":{"rendered":"<p>ALTRUIST Sunscreen SPF 50 to wysokiej jako\u015bci krem przeciws\u0142oneczny, kt\u00f3ry zapewnia szerok\u0105 ochron\u0119 przed szkodliwym dzia\u0142aniem promieni UVA i UVB. Dzi\u0119ki wysokiemu filtrowi SPF 50, produkt skutecznie chroni sk\u00f3r\u0119 przed poparzeniami s\u0142onecznymi oraz przedwczesnym starzeniem si\u0119 sk\u00f3ry spowodowanym ekspozycj\u0105 na s\u0142o\u0144ce. Formu\u0142a kremu jest lekka i szybko si\u0119 wch\u0142ania, nie pozostawiaj\u0105c t\u0142ustego filmu na sk\u00f3rze. Korzy\u015bci dla sk\u00f3ry: Ochrona przed promieniowaniem UVA i UVB Zapobieganie poparzeniom s\u0142onecznym Ochrona przed przedwczesnym starzeniem si\u0119 sk\u00f3ry Lekka i niet\u0142usta formu\u0142a Spos\u00f3b u\u017cycia: Na\u0142\u00f3\u017c r\u00f3wnomiernie na sk\u00f3r\u0119 15 minut przed ekspozycj\u0105 na s\u0142o\u0144ce. Aby utrzyma\u0107 ochron\u0119, regularnie reaplikuj co 2 godziny oraz po p\u0142ywaniu, poceniu si\u0119 lub osuchaniu r\u0119cznikiem. Unikaj d\u0142ugotrwa\u0142ego nara\u017cenia na s\u0142o\u0144ce, szczeg\u00f3lnie w godzinach najwi\u0119kszego nas\u0142onecznienia.<\/p>\n","protected":false},"excerpt":{"rendered":"<p>ALTRUIST Sunscreen SPF 50 to wysokiej jako\u015bci krem przeciws\u0142oneczny, kt\u00f3ry zapewnia szerok\u0105 ochron\u0119 przed szkodliwym dzia\u0142aniem promieni UVA i UVB. Dzi\u0119ki wysokiemu filtrowi SPF 50, produkt skutecznie chroni sk\u00f3r\u0119 przed poparzeniami s\u0142onecznymi oraz przedwczesnym starzeniem si\u0119 sk\u00f3ry spowodowanym ekspozycj\u0105 na s\u0142o\u0144ce. Formu\u0142a kremu jest lekka i szybko si\u0119 wch\u0142ania, nie pozostawiaj\u0105c t\u0142ustego filmu na sk\u00f3rze. &#8230; <a title=\"ALTRUIST Sunscreen SPF 50 100 ml &#8211; Krem przeciws\u0142oneczny\" class=\"read-more\" href=\"https:\/\/selleetools.com\/pl\/product\/altruist-sunscreen-spf-50-100-ml-krem-przeciwsloneczny\/\">Read more<span class=\"screen-reader-text\">ALTRUIST Sunscreen SPF 50 100 ml &#8211; Krem przeciws\u0142oneczny<\/span><\/a><\/p>\n","protected":false},"featured_media":598376,"comment_status":"closed","ping_status":"closed","template":"","meta":{"_links_to":"","_links_to_target":""},"yoast_head":"<!-- This site is optimized with the Yoast SEO plugin v19.4 - https:\/\/yoast.com\/wordpress\/plugins\/seo\/ -->\n<title>ALTRUIST Sunscreen SPF 50 100 ml - Krem przeciws\u0142oneczny - Selleetools.com<\/title>\n<meta name=\"robots\" content=\"index, follow, max-snippet:-1, max-image-preview:large, max-video-preview:-1\" \/>\n<link rel=\"canonical\" href=\"https:\/\/selleetools.com\/product\/altruist-sunscreen-spf-50-100-ml-krem-przeciwsloneczny\/\" \/>\n<meta property=\"og:locale\" content=\"pl_PL\" \/>\n<meta property=\"og:type\" content=\"article\" \/>\n<meta property=\"og:title\" content=\"ALTRUIST Sunscreen SPF 50 100 ml - Krem przeciws\u0142oneczny - Selleetools.com\" \/>\n<meta property=\"og:description\" content=\"ALTRUIST Sunscreen SPF 50 to wysokiej jako\u015bci krem przeciws\u0142oneczny, kt\u00f3ry zapewnia szerok\u0105 ochron\u0119 przed szkodliwym dzia\u0142aniem promieni UVA i UVB. Dzi\u0119ki wysokiemu filtrowi SPF 50, produkt skutecznie chroni sk\u00f3r\u0119 przed poparzeniami s\u0142onecznymi oraz przedwczesnym starzeniem si\u0119 sk\u00f3ry spowodowanym ekspozycj\u0105 na s\u0142o\u0144ce. Formu\u0142a kremu jest lekka i szybko si\u0119 wch\u0142ania, nie pozostawiaj\u0105c t\u0142ustego filmu na sk\u00f3rze. ... Read moreALTRUIST Sunscreen SPF 50 100 ml &#8211; Krem przeciws\u0142oneczny\" \/>\n<meta property=\"og:url\" content=\"https:\/\/selleetools.com\/product\/altruist-sunscreen-spf-50-100-ml-krem-przeciwsloneczny\/\" \/>\n<meta property=\"og:site_name\" content=\"Selleetools.com\" \/>\n<meta property=\"article:modified_time\" content=\"2025-10-23T11:03:24+00:00\" \/>\n<meta property=\"og:image\" content=\"https:\/\/selleetools.com\/wp-content\/uploads\/2025\/10\/246734ec2332521963b580b3f59340cf.jpg\" \/>\n\t<meta property=\"og:image:width\" content=\"1080\" \/>\n\t<meta property=\"og:image:height\" content=\"1350\" \/>\n\t<meta property=\"og:image:type\" content=\"image\/jpeg\" \/>\n<meta name=\"twitter:card\" content=\"summary_large_image\" \/>\n<meta name=\"twitter:label1\" content=\"Est. reading time\" \/>\n\t<meta name=\"twitter:data1\" content=\"1 minuta\" \/>\n<!-- \/ Yoast SEO plugin. -->","yoast_head_json":{"title":"ALTRUIST Sunscreen SPF 50 100 ml - Krem przeciws\u0142oneczny - Selleetools.com","robots":{"index":"index","follow":"follow","max-snippet":"max-snippet:-1","max-image-preview":"max-image-preview:large","max-video-preview":"max-video-preview:-1"},"canonical":"https:\/\/selleetools.com\/product\/altruist-sunscreen-spf-50-100-ml-krem-przeciwsloneczny\/","og_locale":"pl_PL","og_type":"article","og_title":"ALTRUIST Sunscreen SPF 50 100 ml - Krem przeciws\u0142oneczny - Selleetools.com","og_description":"ALTRUIST Sunscreen SPF 50 to wysokiej jako\u015bci krem przeciws\u0142oneczny, kt\u00f3ry zapewnia szerok\u0105 ochron\u0119 przed szkodliwym dzia\u0142aniem promieni UVA i UVB. Dzi\u0119ki wysokiemu filtrowi SPF 50, produkt skutecznie chroni sk\u00f3r\u0119 przed poparzeniami s\u0142onecznymi oraz przedwczesnym starzeniem si\u0119 sk\u00f3ry spowodowanym ekspozycj\u0105 na s\u0142o\u0144ce. Formu\u0142a kremu jest lekka i szybko si\u0119 wch\u0142ania, nie pozostawiaj\u0105c t\u0142ustego filmu na sk\u00f3rze. ... Read moreALTRUIST Sunscreen SPF 50 100 ml &#8211; Krem przeciws\u0142oneczny","og_url":"https:\/\/selleetools.com\/product\/altruist-sunscreen-spf-50-100-ml-krem-przeciwsloneczny\/","og_site_name":"Selleetools.com","article_modified_time":"2025-10-23T11:03:24+00:00","og_image":[{"width":1080,"height":1350,"url":"https:\/\/selleetools.com\/wp-content\/uploads\/2025\/10\/246734ec2332521963b580b3f59340cf.jpg","type":"image\/jpeg"}],"twitter_card":"summary_large_image","twitter_misc":{"Est. reading time":"1 minuta"},"schema":{"@context":"https:\/\/schema.org","@graph":[{"@type":"Organization","@id":"https:\/\/selleetools.com\/#organization","name":"Selleetools","url":"https:\/\/selleetools.com\/","sameAs":[],"logo":{"@type":"ImageObject","inLanguage":"pl-PL","@id":"https:\/\/selleetools.com\/#\/schema\/logo\/image\/","url":"https:\/\/selleetools.com\/wp-content\/uploads\/2021\/10\/logo-dark.png","contentUrl":"https:\/\/selleetools.com\/wp-content\/uploads\/2021\/10\/logo-dark.png","width":320,"height":76,"caption":"Selleetools"},"image":{"@id":"https:\/\/selleetools.com\/#\/schema\/logo\/image\/"}},{"@type":"WebSite","@id":"https:\/\/selleetools.com\/#website","url":"https:\/\/selleetools.com\/","name":"Selleetools.com","description":"","publisher":{"@id":"https:\/\/selleetools.com\/#organization"},"potentialAction":[{"@type":"SearchAction","target":{"@type":"EntryPoint","urlTemplate":"https:\/\/selleetools.com\/?s={search_term_string}"},"query-input":"required name=search_term_string"}],"inLanguage":"pl-PL"},{"@type":"WebPage","@id":"https:\/\/selleetools.com\/product\/altruist-sunscreen-spf-50-100-ml-krem-przeciwsloneczny\/","url":"https:\/\/selleetools.com\/product\/altruist-sunscreen-spf-50-100-ml-krem-przeciwsloneczny\/","name":"ALTRUIST Sunscreen SPF 50 100 ml - Krem przeciws\u0142oneczny - Selleetools.com","isPartOf":{"@id":"https:\/\/selleetools.com\/#website"},"datePublished":"2025-10-22T06:52:11+00:00","dateModified":"2025-10-23T11:03:24+00:00","breadcrumb":{"@id":"https:\/\/selleetools.com\/product\/altruist-sunscreen-spf-50-100-ml-krem-przeciwsloneczny\/#breadcrumb"},"inLanguage":"pl-PL","potentialAction":[{"@type":"ReadAction","target":["https:\/\/selleetools.com\/product\/altruist-sunscreen-spf-50-100-ml-krem-przeciwsloneczny\/"]}]},{"@type":"BreadcrumbList","@id":"https:\/\/selleetools.com\/product\/altruist-sunscreen-spf-50-100-ml-krem-przeciwsloneczny\/#breadcrumb","itemListElement":[{"@type":"ListItem","position":1,"name":"Home","item":"https:\/\/selleetools.com\/pl\/"},{"@type":"ListItem","position":2,"name":"Katalog","item":"https:\/\/selleetools.com\/pl\/katalog\/"},{"@type":"ListItem","position":3,"name":"ALTRUIST Sunscreen SPF 50 100 ml &#8211; Krem przeciws\u0142oneczny"}]}]}},"_links":{"self":[{"href":"https:\/\/selleetools.com\/pl\/wp-json\/wp\/v2\/product\/598378"}],"collection":[{"href":"https:\/\/selleetools.com\/pl\/wp-json\/wp\/v2\/product"}],"about":[{"href":"https:\/\/selleetools.com\/pl\/wp-json\/wp\/v2\/types\/product"}],"replies":[{"embeddable":true,"href":"https:\/\/selleetools.com\/pl\/wp-json\/wp\/v2\/comments?post=598378"}],"wp:featuredmedia":[{"embeddable":true,"href":"https:\/\/selleetools.com\/pl\/wp-json\/wp\/v2\/media\/598376"}],"wp:attachment":[{"href":"https:\/\/selleetools.com\/pl\/wp-json\/wp\/v2\/media?parent=598378"}],"curies":[{"name":"wp","href":"https:\/\/api.w.org\/{rel}","templated":true}]}}