{"id":598324,"date":"2025-10-22T08:51:20","date_gmt":"2025-10-22T06:51:20","guid":{"rendered":"https:\/\/selleetools.com\/?post_type=product&#038;p=598324"},"modified":"2025-12-26T16:45:20","modified_gmt":"2025-12-26T15:45:20","slug":"bergamo-collagen-essencial-intensive-cream-50-g-ujedrniajacy-krem-do-twarzy","status":"publish","type":"product","link":"https:\/\/selleetools.com\/pl\/product\/bergamo-collagen-essencial-intensive-cream-50-g-ujedrniajacy-krem-do-twarzy\/","title":{"rendered":"BERGAMO Collagen Essencial Intensive Cream, 50 g &#8211; Uj\u0119drniaj\u0105cy krem do twarzy"},"content":{"rendered":"<p><font style=\"font-size: 12px;\"><strong>BERGAMO Collagen Essencial Intensive Cream<\/strong> to intensywnie nawil\u017caj\u0105cy krem do twarzy, wzbogacony kolagenem, kt\u00f3ry wspomaga regeneracj\u0119 i odm\u0142odzenie sk\u00f3ry. Produkt jest przeznaczony dla os\u00f3b poszukuj\u0105cych skutecznego rozwi\u0105zania w walce z oznakami starzenia si\u0119 sk\u00f3ry, poprawiaj\u0105cego jej elastyczno\u015b\u0107 i j\u0119drno\u015b\u0107.<\/font><\/p>\n<h4><font style=\"font-size: 12px;\">Korzy\u015bci dla sk\u00f3ry<\/font><\/h4>\n<ul>\n<li><font style=\"font-size: 12px;\"><strong>Nawil\u017cenie<\/strong>: G\u0142\u0119boko nawil\u017ca sk\u00f3r\u0119, zapobiegaj\u0105c jej wysuszaniu.<\/font><\/li>\n<li><font style=\"font-size: 12px;\"><strong>Uj\u0119drnienie<\/strong>: Kolagen wspomaga odbudow\u0119 struktury sk\u00f3ry, poprawiaj\u0105c jej j\u0119drno\u015b\u0107 i elastyczno\u015b\u0107.<\/font><\/li>\n<li><font style=\"font-size: 12px;\"><strong>Regeneracja<\/strong>: Pomaga w regeneracji sk\u00f3ry, wyg\u0142adzaj\u0105c drobne linie i zmarszczki.<\/font><\/li>\n<li><font style=\"font-size: 12px;\"><strong>Ochrona<\/strong>: Tworzy barier\u0119 ochronn\u0105, kt\u00f3ra zabezpiecza sk\u00f3r\u0119 przed szkodliwymi czynnikami zewn\u0119trznymi.<\/font><\/li>\n<\/ul>\n<h4><font style=\"font-size: 12px;\">Spos\u00f3b u\u017cycia<\/font><\/h4>\n<ol>\n<li><font style=\"font-size: 12px;\"><strong>Oczyszczenie<\/strong>: Stosuj na dobrze oczyszczon\u0105 sk\u00f3r\u0119 twarzy.<\/font><\/li>\n<li><font style=\"font-size: 12px;\"><strong>Aplikacja<\/strong>: Niewielk\u0105 ilo\u015b\u0107 kremu nanie\u015b na twarz i szyj\u0119, delikatnie wklepuj\u0105c a\u017c do ca\u0142kowitego wch\u0142oni\u0119cia.<\/font><\/li>\n<li><font style=\"font-size: 12px;\"><strong>Cz\u0119stotliwo\u015b\u0107<\/strong>: U\u017cywaj codziennie rano i wieczorem jako ostatni krok w codziennej rutynie piel\u0119gnacyjnej.<\/font><\/li>\n<\/ol>\n<p><font style=\"font-size: 12px;\">BERGAMO Collagen Essencial Intensive Cream to doskona\u0142y wyb\u00f3r dla os\u00f3b pragn\u0105cych skutecznie zadba\u0107 o swoj\u0105 sk\u00f3r\u0119, zapewniaj\u0105c jej zdrowy, m\u0142odzie\u0144czy wygl\u0105d.<\/font><\/p>\n","protected":false},"excerpt":{"rendered":"<p>BERGAMO Collagen Essencial Intensive Cream to intensywnie nawil\u017caj\u0105cy krem do twarzy, wzbogacony kolagenem, kt\u00f3ry wspomaga regeneracj\u0119 i odm\u0142odzenie sk\u00f3ry. Produkt jest przeznaczony dla os\u00f3b poszukuj\u0105cych skutecznego rozwi\u0105zania w walce z oznakami starzenia si\u0119 sk\u00f3ry, poprawiaj\u0105cego jej elastyczno\u015b\u0107 i j\u0119drno\u015b\u0107. Korzy\u015bci dla sk\u00f3ry Nawil\u017cenie: G\u0142\u0119boko nawil\u017ca sk\u00f3r\u0119, zapobiegaj\u0105c jej wysuszaniu. Uj\u0119drnienie: Kolagen wspomaga odbudow\u0119 struktury sk\u00f3ry, &#8230; <a title=\"BERGAMO Collagen Essencial Intensive Cream, 50 g &#8211; Uj\u0119drniaj\u0105cy krem do twarzy\" class=\"read-more\" href=\"https:\/\/selleetools.com\/pl\/product\/bergamo-collagen-essencial-intensive-cream-50-g-ujedrniajacy-krem-do-twarzy\/\">Read more<span class=\"screen-reader-text\">BERGAMO Collagen Essencial Intensive Cream, 50 g &#8211; Uj\u0119drniaj\u0105cy krem do twarzy<\/span><\/a><\/p>\n","protected":false},"featured_media":598320,"comment_status":"open","ping_status":"closed","template":"","meta":{"_links_to":"","_links_to_target":""},"yoast_head":"<!-- This site is optimized with the Yoast SEO plugin v19.4 - https:\/\/yoast.com\/wordpress\/plugins\/seo\/ -->\n<title>BERGAMO Collagen Essencial Intensive Cream, 50 g - Uj\u0119drniaj\u0105cy krem do twarzy - Selleetools.com<\/title>\n<meta name=\"robots\" content=\"index, follow, max-snippet:-1, max-image-preview:large, max-video-preview:-1\" \/>\n<link rel=\"canonical\" href=\"https:\/\/selleetools.com\/pl\/product\/bergamo-collagen-essencial-intensive-cream-50-g-ujedrniajacy-krem-do-twarzy\/\" \/>\n<meta property=\"og:locale\" content=\"pl_PL\" \/>\n<meta property=\"og:type\" content=\"article\" \/>\n<meta property=\"og:title\" content=\"BERGAMO Collagen Essencial Intensive Cream, 50 g - Uj\u0119drniaj\u0105cy krem do twarzy - Selleetools.com\" \/>\n<meta property=\"og:description\" content=\"BERGAMO Collagen Essencial Intensive Cream to intensywnie nawil\u017caj\u0105cy krem do twarzy, wzbogacony kolagenem, kt\u00f3ry wspomaga regeneracj\u0119 i odm\u0142odzenie sk\u00f3ry. Produkt jest przeznaczony dla os\u00f3b poszukuj\u0105cych skutecznego rozwi\u0105zania w walce z oznakami starzenia si\u0119 sk\u00f3ry, poprawiaj\u0105cego jej elastyczno\u015b\u0107 i j\u0119drno\u015b\u0107. Korzy\u015bci dla sk\u00f3ry Nawil\u017cenie: G\u0142\u0119boko nawil\u017ca sk\u00f3r\u0119, zapobiegaj\u0105c jej wysuszaniu. Uj\u0119drnienie: Kolagen wspomaga odbudow\u0119 struktury sk\u00f3ry, ... Read moreBERGAMO Collagen Essencial Intensive Cream, 50 g &#8211; Uj\u0119drniaj\u0105cy krem do twarzy\" \/>\n<meta property=\"og:url\" content=\"https:\/\/selleetools.com\/pl\/product\/bergamo-collagen-essencial-intensive-cream-50-g-ujedrniajacy-krem-do-twarzy\/\" \/>\n<meta property=\"og:site_name\" content=\"Selleetools.com\" \/>\n<meta property=\"article:modified_time\" content=\"2025-12-26T15:45:20+00:00\" \/>\n<meta property=\"og:image\" content=\"https:\/\/selleetools.com\/wp-content\/uploads\/2025\/10\/203dec50884750f7799bffe6cc248de2.jpg\" \/>\n\t<meta property=\"og:image:width\" content=\"580\" \/>\n\t<meta property=\"og:image:height\" content=\"580\" \/>\n\t<meta property=\"og:image:type\" content=\"image\/jpeg\" \/>\n<meta name=\"twitter:card\" content=\"summary_large_image\" \/>\n<meta name=\"twitter:label1\" content=\"Est. reading time\" \/>\n\t<meta name=\"twitter:data1\" content=\"1 minuta\" \/>\n<!-- \/ Yoast SEO plugin. -->","yoast_head_json":{"title":"BERGAMO Collagen Essencial Intensive Cream, 50 g - Uj\u0119drniaj\u0105cy krem do twarzy - Selleetools.com","robots":{"index":"index","follow":"follow","max-snippet":"max-snippet:-1","max-image-preview":"max-image-preview:large","max-video-preview":"max-video-preview:-1"},"canonical":"https:\/\/selleetools.com\/pl\/product\/bergamo-collagen-essencial-intensive-cream-50-g-ujedrniajacy-krem-do-twarzy\/","og_locale":"pl_PL","og_type":"article","og_title":"BERGAMO Collagen Essencial Intensive Cream, 50 g - Uj\u0119drniaj\u0105cy krem do twarzy - Selleetools.com","og_description":"BERGAMO Collagen Essencial Intensive Cream to intensywnie nawil\u017caj\u0105cy krem do twarzy, wzbogacony kolagenem, kt\u00f3ry wspomaga regeneracj\u0119 i odm\u0142odzenie sk\u00f3ry. Produkt jest przeznaczony dla os\u00f3b poszukuj\u0105cych skutecznego rozwi\u0105zania w walce z oznakami starzenia si\u0119 sk\u00f3ry, poprawiaj\u0105cego jej elastyczno\u015b\u0107 i j\u0119drno\u015b\u0107. Korzy\u015bci dla sk\u00f3ry Nawil\u017cenie: G\u0142\u0119boko nawil\u017ca sk\u00f3r\u0119, zapobiegaj\u0105c jej wysuszaniu. Uj\u0119drnienie: Kolagen wspomaga odbudow\u0119 struktury sk\u00f3ry, ... Read moreBERGAMO Collagen Essencial Intensive Cream, 50 g &#8211; Uj\u0119drniaj\u0105cy krem do twarzy","og_url":"https:\/\/selleetools.com\/pl\/product\/bergamo-collagen-essencial-intensive-cream-50-g-ujedrniajacy-krem-do-twarzy\/","og_site_name":"Selleetools.com","article_modified_time":"2025-12-26T15:45:20+00:00","og_image":[{"width":580,"height":580,"url":"https:\/\/selleetools.com\/wp-content\/uploads\/2025\/10\/203dec50884750f7799bffe6cc248de2.jpg","type":"image\/jpeg"}],"twitter_card":"summary_large_image","twitter_misc":{"Est. reading time":"1 minuta"},"schema":{"@context":"https:\/\/schema.org","@graph":[{"@type":"Organization","@id":"https:\/\/selleetools.com\/#organization","name":"Selleetools","url":"https:\/\/selleetools.com\/","sameAs":[],"logo":{"@type":"ImageObject","inLanguage":"pl-PL","@id":"https:\/\/selleetools.com\/#\/schema\/logo\/image\/","url":"https:\/\/selleetools.com\/wp-content\/uploads\/2021\/10\/logo-dark.png","contentUrl":"https:\/\/selleetools.com\/wp-content\/uploads\/2021\/10\/logo-dark.png","width":320,"height":76,"caption":"Selleetools"},"image":{"@id":"https:\/\/selleetools.com\/#\/schema\/logo\/image\/"}},{"@type":"WebSite","@id":"https:\/\/selleetools.com\/#website","url":"https:\/\/selleetools.com\/","name":"Selleetools.com","description":"","publisher":{"@id":"https:\/\/selleetools.com\/#organization"},"potentialAction":[{"@type":"SearchAction","target":{"@type":"EntryPoint","urlTemplate":"https:\/\/selleetools.com\/?s={search_term_string}"},"query-input":"required name=search_term_string"}],"inLanguage":"pl-PL"},{"@type":"WebPage","@id":"https:\/\/selleetools.com\/pl\/product\/bergamo-collagen-essencial-intensive-cream-50-g-ujedrniajacy-krem-do-twarzy\/","url":"https:\/\/selleetools.com\/pl\/product\/bergamo-collagen-essencial-intensive-cream-50-g-ujedrniajacy-krem-do-twarzy\/","name":"BERGAMO Collagen Essencial Intensive Cream, 50 g - Uj\u0119drniaj\u0105cy krem do twarzy - Selleetools.com","isPartOf":{"@id":"https:\/\/selleetools.com\/#website"},"datePublished":"2025-10-22T06:51:20+00:00","dateModified":"2025-12-26T15:45:20+00:00","breadcrumb":{"@id":"https:\/\/selleetools.com\/pl\/product\/bergamo-collagen-essencial-intensive-cream-50-g-ujedrniajacy-krem-do-twarzy\/#breadcrumb"},"inLanguage":"pl-PL","potentialAction":[{"@type":"ReadAction","target":["https:\/\/selleetools.com\/pl\/product\/bergamo-collagen-essencial-intensive-cream-50-g-ujedrniajacy-krem-do-twarzy\/"]}]},{"@type":"BreadcrumbList","@id":"https:\/\/selleetools.com\/pl\/product\/bergamo-collagen-essencial-intensive-cream-50-g-ujedrniajacy-krem-do-twarzy\/#breadcrumb","itemListElement":[{"@type":"ListItem","position":1,"name":"Home","item":"https:\/\/selleetools.com\/pl\/"},{"@type":"ListItem","position":2,"name":"Katalog","item":"https:\/\/selleetools.com\/pl\/katalog\/"},{"@type":"ListItem","position":3,"name":"BERGAMO Collagen Essencial Intensive Cream, 50 g &#8211; Uj\u0119drniaj\u0105cy krem do twarzy"}]}]}},"_links":{"self":[{"href":"https:\/\/selleetools.com\/pl\/wp-json\/wp\/v2\/product\/598324"}],"collection":[{"href":"https:\/\/selleetools.com\/pl\/wp-json\/wp\/v2\/product"}],"about":[{"href":"https:\/\/selleetools.com\/pl\/wp-json\/wp\/v2\/types\/product"}],"replies":[{"embeddable":true,"href":"https:\/\/selleetools.com\/pl\/wp-json\/wp\/v2\/comments?post=598324"}],"wp:featuredmedia":[{"embeddable":true,"href":"https:\/\/selleetools.com\/pl\/wp-json\/wp\/v2\/media\/598320"}],"wp:attachment":[{"href":"https:\/\/selleetools.com\/pl\/wp-json\/wp\/v2\/media?parent=598324"}],"curies":[{"name":"wp","href":"https:\/\/api.w.org\/{rel}","templated":true}]}}