{"id":598245,"date":"2025-10-22T08:50:06","date_gmt":"2025-10-22T06:50:06","guid":{"rendered":"https:\/\/selleetools.com\/?post_type=product&#038;p=598245"},"modified":"2026-01-23T09:30:09","modified_gmt":"2026-01-23T08:30:09","slug":"marymay-tranexamic-acid-glutathion-eye-cream-30-ml-rozjasniajacy-krem-pod-oczy","status":"publish","type":"product","link":"https:\/\/selleetools.com\/pl\/product\/marymay-tranexamic-acid-glutathion-eye-cream-30-ml-rozjasniajacy-krem-pod-oczy\/","title":{"rendered":"Mary&#038;May Tranexamic Acid+ Glutathion Eye Cream 30 ml &#8211; Rozja\u015bniaj\u0105cy krem pod oczy"},"content":{"rendered":"<section class=\"section\">\n<div class=\"item item-6\">\n<section class=\"image-item\">\n<p style=\"caret-color: rgb(0, 0, 0); color: rgb(0, 0, 0);\"><font style=\"font-size: 12px;\">Mary&#038;May Tranexamic Acid + Glutathione Eye Cream to zaawansowany krem pod oczy, kt\u00f3ry \u0142\u0105czy w sobie silne sk\u0142adniki aktywne, takie jak kwas traneksamowy i glutation. Kwas traneksamowy znany jest ze swoich w\u0142a\u015bciwo\u015bci rozja\u015bniaj\u0105cych i redukuj\u0105cych przebarwienia, natomiast glutation dzia\u0142a jako pot\u0119\u017cny przeciwutleniacz, pomagaj\u0105c chroni\u0107 sk\u00f3r\u0119 przed wolnymi rodnikami i wspieraj\u0105c jej regeneracj\u0119. Produkt ma lekk\u0105, szybko wch\u0142aniaj\u0105c\u0105 si\u0119 konsystencj\u0119, idealn\u0105 do delikatnej sk\u00f3ry wok\u00f3\u0142 oczu.<\/font><\/p>\n<h4 style=\"caret-color: rgb(0, 0, 0); color: rgb(0, 0, 0);\"><font style=\"font-size: 12px;\">Korzy\u015bci dla sk\u00f3ry<\/font><\/h4>\n<ul style=\"caret-color: rgb(0, 0, 0); color: rgb(0, 0, 0);\">\n<li><font style=\"font-size: 12px;\"><strong>Rozja\u015bnianie przebarwie\u0144<\/strong>: Kwas traneksamowy skutecznie redukuje ciemne plamy i przebarwienia.<\/font><\/li>\n<li><font style=\"font-size: 12px;\"><strong>Przeciwutlenianie<\/strong>: Glutation chroni sk\u00f3r\u0119 przed szkodliwym dzia\u0142aniem wolnych rodnik\u00f3w.<\/font><\/li>\n<li><font style=\"font-size: 12px;\"><strong>Nawil\u017cenie i wyg\u0142adzenie<\/strong>: Formu\u0142a kremu zapewnia intensywne nawil\u017cenie, redukuj\u0105c drobne linie i zmarszczki.<\/font><\/li>\n<li><font style=\"font-size: 12px;\"><strong>Poprawa elastyczno\u015bci<\/strong>: Regularne stosowanie kremu zwi\u0119ksza j\u0119drno\u015b\u0107 i elastyczno\u015b\u0107 sk\u00f3ry wok\u00f3\u0142 oczu.<\/font><\/li>\n<\/ul>\n<h4 style=\"caret-color: rgb(0, 0, 0); color: rgb(0, 0, 0);\"><font style=\"font-size: 12px;\">Spos\u00f3b u\u017cycia<\/font><\/h4>\n<p style=\"caret-color: rgb(0, 0, 0); color: rgb(0, 0, 0);\"><font style=\"font-size: 12px;\">Na\u0142\u00f3\u017c niewielk\u0105 ilo\u015b\u0107 kremu na oczyszczon\u0105 sk\u00f3r\u0119 wok\u00f3\u0142 oczu. Delikatnie wklep, a\u017c do ca\u0142kowitego wch\u0142oni\u0119cia. Stosuj codziennie rano i wieczorem jako cz\u0119\u015b\u0107 swojej rutyny piel\u0119gnacyjnej.<\/font><\/p>\n<\/section>\n<\/div>\n<\/section>\n<section class=\"section\">\n<div class=\"item item-12\">\n<section class=\"text-item\">\n        <\/section>\n<\/p><\/div>\n<\/section>\n","protected":false},"excerpt":{"rendered":"<p>Mary&#038;May Tranexamic Acid + Glutathione Eye Cream to zaawansowany krem pod oczy, kt\u00f3ry \u0142\u0105czy w sobie silne sk\u0142adniki aktywne, takie jak kwas traneksamowy i glutation. Kwas traneksamowy znany jest ze swoich w\u0142a\u015bciwo\u015bci rozja\u015bniaj\u0105cych i redukuj\u0105cych przebarwienia, natomiast glutation dzia\u0142a jako pot\u0119\u017cny przeciwutleniacz, pomagaj\u0105c chroni\u0107 sk\u00f3r\u0119 przed wolnymi rodnikami i wspieraj\u0105c jej regeneracj\u0119. Produkt ma lekk\u0105, &#8230; <a title=\"Mary&#038;May Tranexamic Acid+ Glutathion Eye Cream 30 ml &#8211; Rozja\u015bniaj\u0105cy krem pod oczy\" class=\"read-more\" href=\"https:\/\/selleetools.com\/pl\/product\/marymay-tranexamic-acid-glutathion-eye-cream-30-ml-rozjasniajacy-krem-pod-oczy\/\">Read more<span class=\"screen-reader-text\">Mary&#038;May Tranexamic Acid+ Glutathion Eye Cream 30 ml &#8211; Rozja\u015bniaj\u0105cy krem pod oczy<\/span><\/a><\/p>\n","protected":false},"featured_media":598243,"comment_status":"open","ping_status":"closed","template":"","meta":{"_links_to":"","_links_to_target":""},"yoast_head":"<!-- This site is optimized with the Yoast SEO plugin v19.4 - https:\/\/yoast.com\/wordpress\/plugins\/seo\/ -->\n<title>Mary&amp;May Tranexamic Acid+ Glutathion Eye Cream 30 ml - Rozja\u015bniaj\u0105cy krem pod oczy - Selleetools.com<\/title>\n<meta name=\"robots\" content=\"index, follow, max-snippet:-1, max-image-preview:large, max-video-preview:-1\" \/>\n<link rel=\"canonical\" href=\"https:\/\/selleetools.com\/pl\/product\/marymay-tranexamic-acid-glutathion-eye-cream-30-ml-rozjasniajacy-krem-pod-oczy\/\" \/>\n<meta property=\"og:locale\" content=\"pl_PL\" \/>\n<meta property=\"og:type\" content=\"article\" \/>\n<meta property=\"og:title\" content=\"Mary&amp;May Tranexamic Acid+ Glutathion Eye Cream 30 ml - Rozja\u015bniaj\u0105cy krem pod oczy - Selleetools.com\" \/>\n<meta property=\"og:description\" content=\"Mary&#038;May Tranexamic Acid + Glutathione Eye Cream to zaawansowany krem pod oczy, kt\u00f3ry \u0142\u0105czy w sobie silne sk\u0142adniki aktywne, takie jak kwas traneksamowy i glutation. Kwas traneksamowy znany jest ze swoich w\u0142a\u015bciwo\u015bci rozja\u015bniaj\u0105cych i redukuj\u0105cych przebarwienia, natomiast glutation dzia\u0142a jako pot\u0119\u017cny przeciwutleniacz, pomagaj\u0105c chroni\u0107 sk\u00f3r\u0119 przed wolnymi rodnikami i wspieraj\u0105c jej regeneracj\u0119. Produkt ma lekk\u0105, ... Read moreMary&#038;May Tranexamic Acid+ Glutathion Eye Cream 30 ml &#8211; Rozja\u015bniaj\u0105cy krem pod oczy\" \/>\n<meta property=\"og:url\" content=\"https:\/\/selleetools.com\/pl\/product\/marymay-tranexamic-acid-glutathion-eye-cream-30-ml-rozjasniajacy-krem-pod-oczy\/\" \/>\n<meta property=\"og:site_name\" content=\"Selleetools.com\" \/>\n<meta property=\"article:modified_time\" content=\"2026-01-23T08:30:09+00:00\" \/>\n<meta property=\"og:image\" content=\"https:\/\/selleetools.com\/wp-content\/uploads\/2025\/10\/83851c0489b468510c46a3396214c177.png\" \/>\n\t<meta property=\"og:image:width\" content=\"1200\" \/>\n\t<meta property=\"og:image:height\" content=\"1200\" \/>\n\t<meta property=\"og:image:type\" content=\"image\/png\" \/>\n<meta name=\"twitter:card\" content=\"summary_large_image\" \/>\n<meta name=\"twitter:label1\" content=\"Est. reading time\" \/>\n\t<meta name=\"twitter:data1\" content=\"1 minuta\" \/>\n<!-- \/ Yoast SEO plugin. -->","yoast_head_json":{"title":"Mary&May Tranexamic Acid+ Glutathion Eye Cream 30 ml - Rozja\u015bniaj\u0105cy krem pod oczy - Selleetools.com","robots":{"index":"index","follow":"follow","max-snippet":"max-snippet:-1","max-image-preview":"max-image-preview:large","max-video-preview":"max-video-preview:-1"},"canonical":"https:\/\/selleetools.com\/pl\/product\/marymay-tranexamic-acid-glutathion-eye-cream-30-ml-rozjasniajacy-krem-pod-oczy\/","og_locale":"pl_PL","og_type":"article","og_title":"Mary&May Tranexamic Acid+ Glutathion Eye Cream 30 ml - Rozja\u015bniaj\u0105cy krem pod oczy - Selleetools.com","og_description":"Mary&#038;May Tranexamic Acid + Glutathione Eye Cream to zaawansowany krem pod oczy, kt\u00f3ry \u0142\u0105czy w sobie silne sk\u0142adniki aktywne, takie jak kwas traneksamowy i glutation. Kwas traneksamowy znany jest ze swoich w\u0142a\u015bciwo\u015bci rozja\u015bniaj\u0105cych i redukuj\u0105cych przebarwienia, natomiast glutation dzia\u0142a jako pot\u0119\u017cny przeciwutleniacz, pomagaj\u0105c chroni\u0107 sk\u00f3r\u0119 przed wolnymi rodnikami i wspieraj\u0105c jej regeneracj\u0119. Produkt ma lekk\u0105, ... Read moreMary&#038;May Tranexamic Acid+ Glutathion Eye Cream 30 ml &#8211; Rozja\u015bniaj\u0105cy krem pod oczy","og_url":"https:\/\/selleetools.com\/pl\/product\/marymay-tranexamic-acid-glutathion-eye-cream-30-ml-rozjasniajacy-krem-pod-oczy\/","og_site_name":"Selleetools.com","article_modified_time":"2026-01-23T08:30:09+00:00","og_image":[{"width":1200,"height":1200,"url":"https:\/\/selleetools.com\/wp-content\/uploads\/2025\/10\/83851c0489b468510c46a3396214c177.png","type":"image\/png"}],"twitter_card":"summary_large_image","twitter_misc":{"Est. reading time":"1 minuta"},"schema":{"@context":"https:\/\/schema.org","@graph":[{"@type":"Organization","@id":"https:\/\/selleetools.com\/#organization","name":"Selleetools","url":"https:\/\/selleetools.com\/","sameAs":[],"logo":{"@type":"ImageObject","inLanguage":"pl-PL","@id":"https:\/\/selleetools.com\/#\/schema\/logo\/image\/","url":"https:\/\/selleetools.com\/wp-content\/uploads\/2021\/10\/logo-dark.png","contentUrl":"https:\/\/selleetools.com\/wp-content\/uploads\/2021\/10\/logo-dark.png","width":320,"height":76,"caption":"Selleetools"},"image":{"@id":"https:\/\/selleetools.com\/#\/schema\/logo\/image\/"}},{"@type":"WebSite","@id":"https:\/\/selleetools.com\/#website","url":"https:\/\/selleetools.com\/","name":"Selleetools.com","description":"","publisher":{"@id":"https:\/\/selleetools.com\/#organization"},"potentialAction":[{"@type":"SearchAction","target":{"@type":"EntryPoint","urlTemplate":"https:\/\/selleetools.com\/?s={search_term_string}"},"query-input":"required name=search_term_string"}],"inLanguage":"pl-PL"},{"@type":"WebPage","@id":"https:\/\/selleetools.com\/pl\/product\/marymay-tranexamic-acid-glutathion-eye-cream-30-ml-rozjasniajacy-krem-pod-oczy\/","url":"https:\/\/selleetools.com\/pl\/product\/marymay-tranexamic-acid-glutathion-eye-cream-30-ml-rozjasniajacy-krem-pod-oczy\/","name":"Mary&May Tranexamic Acid+ Glutathion Eye Cream 30 ml - Rozja\u015bniaj\u0105cy krem pod oczy - Selleetools.com","isPartOf":{"@id":"https:\/\/selleetools.com\/#website"},"datePublished":"2025-10-22T06:50:06+00:00","dateModified":"2026-01-23T08:30:09+00:00","breadcrumb":{"@id":"https:\/\/selleetools.com\/pl\/product\/marymay-tranexamic-acid-glutathion-eye-cream-30-ml-rozjasniajacy-krem-pod-oczy\/#breadcrumb"},"inLanguage":"pl-PL","potentialAction":[{"@type":"ReadAction","target":["https:\/\/selleetools.com\/pl\/product\/marymay-tranexamic-acid-glutathion-eye-cream-30-ml-rozjasniajacy-krem-pod-oczy\/"]}]},{"@type":"BreadcrumbList","@id":"https:\/\/selleetools.com\/pl\/product\/marymay-tranexamic-acid-glutathion-eye-cream-30-ml-rozjasniajacy-krem-pod-oczy\/#breadcrumb","itemListElement":[{"@type":"ListItem","position":1,"name":"Home","item":"https:\/\/selleetools.com\/pl\/"},{"@type":"ListItem","position":2,"name":"Katalog","item":"https:\/\/selleetools.com\/pl\/katalog\/"},{"@type":"ListItem","position":3,"name":"Mary&#038;May Tranexamic Acid+ Glutathion Eye Cream 30 ml &#8211; Rozja\u015bniaj\u0105cy krem pod oczy"}]}]}},"_links":{"self":[{"href":"https:\/\/selleetools.com\/pl\/wp-json\/wp\/v2\/product\/598245"}],"collection":[{"href":"https:\/\/selleetools.com\/pl\/wp-json\/wp\/v2\/product"}],"about":[{"href":"https:\/\/selleetools.com\/pl\/wp-json\/wp\/v2\/types\/product"}],"replies":[{"embeddable":true,"href":"https:\/\/selleetools.com\/pl\/wp-json\/wp\/v2\/comments?post=598245"}],"wp:featuredmedia":[{"embeddable":true,"href":"https:\/\/selleetools.com\/pl\/wp-json\/wp\/v2\/media\/598243"}],"wp:attachment":[{"href":"https:\/\/selleetools.com\/pl\/wp-json\/wp\/v2\/media?parent=598245"}],"curies":[{"name":"wp","href":"https:\/\/api.w.org\/{rel}","templated":true}]}}