{"id":598242,"date":"2025-10-22T08:50:02","date_gmt":"2025-10-22T06:50:02","guid":{"rendered":"https:\/\/selleetools.com\/?post_type=product&#038;p=598242"},"modified":"2025-12-02T21:14:29","modified_gmt":"2025-12-02T20:14:29","slug":"marymay-vitamin-b5-bifida-toner-120-ml-nawilzajaco-regenerujacy-tonik-do-twarzy","status":"publish","type":"product","link":"https:\/\/selleetools.com\/pl\/product\/marymay-vitamin-b5-bifida-toner-120-ml-nawilzajaco-regenerujacy-tonik-do-twarzy\/","title":{"rendered":"Mary&#038;May Vitamin B5 + Bifida Toner 120 ml &#8211; Nawil\u017caj\u0105co-regeneruj\u0105cy tonik do twarzy"},"content":{"rendered":"<p style=\"caret-color: rgb(0, 0, 0); color: rgb(0, 0, 0);\"><font style=\"font-size: 12px;\">Mary&#038;May Vitamin B5 + Bifida Toner to nawil\u017caj\u0105cy i regeneruj\u0105cy toner do twarzy, kt\u00f3ry \u0142\u0105czy w sobie moc witaminy B5 oraz fermentu Bifida. Witamina B5 (pantenol) dzia\u0142a \u0142agodz\u0105co i nawil\u017caj\u0105co, podczas gdy ferment Bifida wspomaga odbudow\u0119 bariery ochronnej sk\u00f3ry i poprawia jej elastyczno\u015b\u0107. Produkt ten jest odpowiedni dla ka\u017cdego typu cery, szczeg\u00f3lnie suchej, wra\u017cliwej i podra\u017cnionej. <span style=\"background: var(--elevation-bg);\">Ten toner od Mary&#038;May to doskona\u0142y wyb\u00f3r dla os\u00f3b poszukuj\u0105cych produktu, kt\u00f3ry nie tylko nawil\u017ca, ale tak\u017ce wspomaga regeneracj\u0119 i \u0142agodzi podra\u017cnienia sk\u00f3ry, przywracaj\u0105c jej zdrowy i promienny wygl\u0105d.<\/span><\/font><\/p>\n<h4 style=\"caret-color: rgb(0, 0, 0); color: rgb(0, 0, 0);\"><font style=\"font-size: 12px;\">Korzy\u015bci dla sk\u00f3ry<\/font><\/h4>\n<ul style=\"caret-color: rgb(0, 0, 0); color: rgb(0, 0, 0);\">\n<li><font style=\"font-size: 12px;\"><strong>Nawil\u017cenie<\/strong>: Witamina B5 intensywnie nawil\u017ca sk\u00f3r\u0119, zapobiegaj\u0105c jej przesuszeniu.<\/font><\/li>\n<li><font style=\"font-size: 12px;\"><strong>Regeneracja<\/strong>: Ferment Bifida wzmacnia barier\u0119 ochronn\u0105 sk\u00f3ry, przyspieszaj\u0105c regeneracj\u0119 i poprawiaj\u0105c jej elastyczno\u015b\u0107.<\/font><\/li>\n<li><font style=\"font-size: 12px;\"><strong>\u0141agodzenie<\/strong>: Toner dzia\u0142a koj\u0105co na podra\u017cnienia i zmniejsza zaczerwienienia, sprawiaj\u0105c, \u017ce sk\u00f3ra staje si\u0119 bardziej jednolita i spokojna.<\/font><\/li>\n<\/ul>\n<h4 style=\"caret-color: rgb(0, 0, 0); color: rgb(0, 0, 0);\"><font style=\"font-size: 12px;\">Spos\u00f3b u\u017cycia<\/font><\/h4>\n<ol style=\"caret-color: rgb(0, 0, 0); color: rgb(0, 0, 0);\">\n<li><font style=\"font-size: 12px;\"><strong>Oczyszczenie<\/strong>: Po oczyszczeniu sk\u00f3ry, nanie\u015b toner na wacik lub bezpo\u015brednio na d\u0142onie.<\/font><\/li>\n<li><font style=\"font-size: 12px;\"><strong>Aplikacja<\/strong>: Delikatnie wklep w sk\u00f3r\u0119 twarzy i szyi, unikaj\u0105c okolic oczu.<\/font><\/li>\n<li><font style=\"font-size: 12px;\"><strong>Cz\u0119stotliwo\u015b\u0107<\/strong>: Stosuj codziennie rano i wieczorem przed na\u0142o\u017ceniem serum i kremu nawil\u017caj\u0105cego.<\/font><\/li>\n<\/ol>\n<p style=\"caret-color: rgb(0, 0, 0); color: rgb(0, 0, 0);\"><\/p>\n","protected":false},"excerpt":{"rendered":"<p>Mary&#038;May Vitamin B5 + Bifida Toner to nawil\u017caj\u0105cy i regeneruj\u0105cy toner do twarzy, kt\u00f3ry \u0142\u0105czy w sobie moc witaminy B5 oraz fermentu Bifida. Witamina B5 (pantenol) dzia\u0142a \u0142agodz\u0105co i nawil\u017caj\u0105co, podczas gdy ferment Bifida wspomaga odbudow\u0119 bariery ochronnej sk\u00f3ry i poprawia jej elastyczno\u015b\u0107. Produkt ten jest odpowiedni dla ka\u017cdego typu cery, szczeg\u00f3lnie suchej, wra\u017cliwej i &#8230; <a title=\"Mary&#038;May Vitamin B5 + Bifida Toner 120 ml &#8211; Nawil\u017caj\u0105co-regeneruj\u0105cy tonik do twarzy\" class=\"read-more\" href=\"https:\/\/selleetools.com\/pl\/product\/marymay-vitamin-b5-bifida-toner-120-ml-nawilzajaco-regenerujacy-tonik-do-twarzy\/\">Read more<span class=\"screen-reader-text\">Mary&#038;May Vitamin B5 + Bifida Toner 120 ml &#8211; Nawil\u017caj\u0105co-regeneruj\u0105cy tonik do twarzy<\/span><\/a><\/p>\n","protected":false},"featured_media":598240,"comment_status":"open","ping_status":"closed","template":"","meta":{"_links_to":"","_links_to_target":""},"yoast_head":"<!-- This site is optimized with the Yoast SEO plugin v19.4 - https:\/\/yoast.com\/wordpress\/plugins\/seo\/ -->\n<title>Mary&amp;May Vitamin B5 + Bifida Toner 120 ml - Nawil\u017caj\u0105co-regeneruj\u0105cy tonik do twarzy - Selleetools.com<\/title>\n<meta name=\"robots\" content=\"index, follow, max-snippet:-1, max-image-preview:large, max-video-preview:-1\" \/>\n<link rel=\"canonical\" href=\"https:\/\/selleetools.com\/pl\/product\/marymay-vitamin-b5-bifida-toner-120-ml-nawilzajaco-regenerujacy-tonik-do-twarzy\/\" \/>\n<meta property=\"og:locale\" content=\"pl_PL\" \/>\n<meta property=\"og:type\" content=\"article\" \/>\n<meta property=\"og:title\" content=\"Mary&amp;May Vitamin B5 + Bifida Toner 120 ml - Nawil\u017caj\u0105co-regeneruj\u0105cy tonik do twarzy - Selleetools.com\" \/>\n<meta property=\"og:description\" content=\"Mary&#038;May Vitamin B5 + Bifida Toner to nawil\u017caj\u0105cy i regeneruj\u0105cy toner do twarzy, kt\u00f3ry \u0142\u0105czy w sobie moc witaminy B5 oraz fermentu Bifida. Witamina B5 (pantenol) dzia\u0142a \u0142agodz\u0105co i nawil\u017caj\u0105co, podczas gdy ferment Bifida wspomaga odbudow\u0119 bariery ochronnej sk\u00f3ry i poprawia jej elastyczno\u015b\u0107. Produkt ten jest odpowiedni dla ka\u017cdego typu cery, szczeg\u00f3lnie suchej, wra\u017cliwej i ... Read moreMary&#038;May Vitamin B5 + Bifida Toner 120 ml &#8211; Nawil\u017caj\u0105co-regeneruj\u0105cy tonik do twarzy\" \/>\n<meta property=\"og:url\" content=\"https:\/\/selleetools.com\/pl\/product\/marymay-vitamin-b5-bifida-toner-120-ml-nawilzajaco-regenerujacy-tonik-do-twarzy\/\" \/>\n<meta property=\"og:site_name\" content=\"Selleetools.com\" \/>\n<meta property=\"article:modified_time\" content=\"2025-12-02T20:14:29+00:00\" \/>\n<meta property=\"og:image\" content=\"https:\/\/selleetools.com\/wp-content\/uploads\/2025\/10\/cef8371c2c3bc3b497d2a4283c44db73.jpg\" \/>\n\t<meta property=\"og:image:width\" content=\"1000\" \/>\n\t<meta property=\"og:image:height\" content=\"1000\" \/>\n\t<meta property=\"og:image:type\" content=\"image\/jpeg\" \/>\n<meta name=\"twitter:card\" content=\"summary_large_image\" \/>\n<meta name=\"twitter:label1\" content=\"Est. reading time\" \/>\n\t<meta name=\"twitter:data1\" content=\"1 minuta\" \/>\n<!-- \/ Yoast SEO plugin. -->","yoast_head_json":{"title":"Mary&May Vitamin B5 + Bifida Toner 120 ml - Nawil\u017caj\u0105co-regeneruj\u0105cy tonik do twarzy - Selleetools.com","robots":{"index":"index","follow":"follow","max-snippet":"max-snippet:-1","max-image-preview":"max-image-preview:large","max-video-preview":"max-video-preview:-1"},"canonical":"https:\/\/selleetools.com\/pl\/product\/marymay-vitamin-b5-bifida-toner-120-ml-nawilzajaco-regenerujacy-tonik-do-twarzy\/","og_locale":"pl_PL","og_type":"article","og_title":"Mary&May Vitamin B5 + Bifida Toner 120 ml - Nawil\u017caj\u0105co-regeneruj\u0105cy tonik do twarzy - Selleetools.com","og_description":"Mary&#038;May Vitamin B5 + Bifida Toner to nawil\u017caj\u0105cy i regeneruj\u0105cy toner do twarzy, kt\u00f3ry \u0142\u0105czy w sobie moc witaminy B5 oraz fermentu Bifida. Witamina B5 (pantenol) dzia\u0142a \u0142agodz\u0105co i nawil\u017caj\u0105co, podczas gdy ferment Bifida wspomaga odbudow\u0119 bariery ochronnej sk\u00f3ry i poprawia jej elastyczno\u015b\u0107. Produkt ten jest odpowiedni dla ka\u017cdego typu cery, szczeg\u00f3lnie suchej, wra\u017cliwej i ... Read moreMary&#038;May Vitamin B5 + Bifida Toner 120 ml &#8211; Nawil\u017caj\u0105co-regeneruj\u0105cy tonik do twarzy","og_url":"https:\/\/selleetools.com\/pl\/product\/marymay-vitamin-b5-bifida-toner-120-ml-nawilzajaco-regenerujacy-tonik-do-twarzy\/","og_site_name":"Selleetools.com","article_modified_time":"2025-12-02T20:14:29+00:00","og_image":[{"width":1000,"height":1000,"url":"https:\/\/selleetools.com\/wp-content\/uploads\/2025\/10\/cef8371c2c3bc3b497d2a4283c44db73.jpg","type":"image\/jpeg"}],"twitter_card":"summary_large_image","twitter_misc":{"Est. reading time":"1 minuta"},"schema":{"@context":"https:\/\/schema.org","@graph":[{"@type":"Organization","@id":"https:\/\/selleetools.com\/#organization","name":"Selleetools","url":"https:\/\/selleetools.com\/","sameAs":[],"logo":{"@type":"ImageObject","inLanguage":"pl-PL","@id":"https:\/\/selleetools.com\/#\/schema\/logo\/image\/","url":"https:\/\/selleetools.com\/wp-content\/uploads\/2021\/10\/logo-dark.png","contentUrl":"https:\/\/selleetools.com\/wp-content\/uploads\/2021\/10\/logo-dark.png","width":320,"height":76,"caption":"Selleetools"},"image":{"@id":"https:\/\/selleetools.com\/#\/schema\/logo\/image\/"}},{"@type":"WebSite","@id":"https:\/\/selleetools.com\/#website","url":"https:\/\/selleetools.com\/","name":"Selleetools.com","description":"","publisher":{"@id":"https:\/\/selleetools.com\/#organization"},"potentialAction":[{"@type":"SearchAction","target":{"@type":"EntryPoint","urlTemplate":"https:\/\/selleetools.com\/?s={search_term_string}"},"query-input":"required name=search_term_string"}],"inLanguage":"pl-PL"},{"@type":"WebPage","@id":"https:\/\/selleetools.com\/pl\/product\/marymay-vitamin-b5-bifida-toner-120-ml-nawilzajaco-regenerujacy-tonik-do-twarzy\/","url":"https:\/\/selleetools.com\/pl\/product\/marymay-vitamin-b5-bifida-toner-120-ml-nawilzajaco-regenerujacy-tonik-do-twarzy\/","name":"Mary&May Vitamin B5 + Bifida Toner 120 ml - Nawil\u017caj\u0105co-regeneruj\u0105cy tonik do twarzy - Selleetools.com","isPartOf":{"@id":"https:\/\/selleetools.com\/#website"},"datePublished":"2025-10-22T06:50:02+00:00","dateModified":"2025-12-02T20:14:29+00:00","breadcrumb":{"@id":"https:\/\/selleetools.com\/pl\/product\/marymay-vitamin-b5-bifida-toner-120-ml-nawilzajaco-regenerujacy-tonik-do-twarzy\/#breadcrumb"},"inLanguage":"pl-PL","potentialAction":[{"@type":"ReadAction","target":["https:\/\/selleetools.com\/pl\/product\/marymay-vitamin-b5-bifida-toner-120-ml-nawilzajaco-regenerujacy-tonik-do-twarzy\/"]}]},{"@type":"BreadcrumbList","@id":"https:\/\/selleetools.com\/pl\/product\/marymay-vitamin-b5-bifida-toner-120-ml-nawilzajaco-regenerujacy-tonik-do-twarzy\/#breadcrumb","itemListElement":[{"@type":"ListItem","position":1,"name":"Home","item":"https:\/\/selleetools.com\/pl\/"},{"@type":"ListItem","position":2,"name":"Katalog","item":"https:\/\/selleetools.com\/pl\/katalog\/"},{"@type":"ListItem","position":3,"name":"Mary&#038;May Vitamin B5 + Bifida Toner 120 ml &#8211; Nawil\u017caj\u0105co-regeneruj\u0105cy tonik do twarzy"}]}]}},"_links":{"self":[{"href":"https:\/\/selleetools.com\/pl\/wp-json\/wp\/v2\/product\/598242"}],"collection":[{"href":"https:\/\/selleetools.com\/pl\/wp-json\/wp\/v2\/product"}],"about":[{"href":"https:\/\/selleetools.com\/pl\/wp-json\/wp\/v2\/types\/product"}],"replies":[{"embeddable":true,"href":"https:\/\/selleetools.com\/pl\/wp-json\/wp\/v2\/comments?post=598242"}],"wp:featuredmedia":[{"embeddable":true,"href":"https:\/\/selleetools.com\/pl\/wp-json\/wp\/v2\/media\/598240"}],"wp:attachment":[{"href":"https:\/\/selleetools.com\/pl\/wp-json\/wp\/v2\/media?parent=598242"}],"curies":[{"name":"wp","href":"https:\/\/api.w.org\/{rel}","templated":true}]}}