{"id":598232,"date":"2025-10-22T08:49:53","date_gmt":"2025-10-22T06:49:53","guid":{"rendered":"https:\/\/selleetools.com\/?post_type=product&#038;p=598232"},"modified":"2025-12-26T16:45:10","modified_gmt":"2025-12-26T15:45:10","slug":"marymay-6-peptide-complex-serum-30-ml-ujedrniajaco-wygladzajace-serum-do-twarzy","status":"publish","type":"product","link":"https:\/\/selleetools.com\/pl\/product\/marymay-6-peptide-complex-serum-30-ml-ujedrniajaco-wygladzajace-serum-do-twarzy\/","title":{"rendered":"Mary&#038;May 6 Peptide complex Serum, 30 ml &#8211; Uj\u0119drniaj\u0105co-wyg\u0142adzaj\u0105ce serum do twarzy"},"content":{"rendered":"<p style=\"text-align: justify; caret-color: rgb(0, 0, 0); color: rgb(0, 0, 0);\"><font style=\"font-size: 12px;\"><strong>Mary&#038;May 6 Peptide Complex Serum<\/strong> to skoncentrowane serum do twarzy, kt\u00f3re zawiera unikaln\u0105 mieszank\u0119 sze\u015bciu peptyd\u00f3w, zaprojektowan\u0105 w celu intensywnej regeneracji sk\u00f3ry i poprawy jej elastyczno\u015bci. Serum wykorzystuje sk\u0142adniki takie jak niacynamid i kwas hialuronowy, aby zapewni\u0107 g\u0142\u0119bokie nawil\u017cenie i rozja\u015bnienie cery, jednocze\u015bnie wspieraj\u0105c produkcj\u0119 kolagenu i redukuj\u0105c oznaki starzenia. <\/font><span style=\"font-size: 12px; background: var(--elevation-bg);\">Mary&#038;May 6 Peptide Complex Serum to doskona\u0142e rozwi\u0105zanie dla os\u00f3b pragn\u0105cych zadba\u0107 o kondycj\u0119 swojej sk\u00f3ry, zapewniaj\u0105c jej wszechstronn\u0105 piel\u0119gnacj\u0119 i ochron\u0119 przed starzeniem.<\/span><\/p>\n<h4 style=\"caret-color: rgb(0, 0, 0); color: rgb(0, 0, 0);\"><font style=\"font-size: 12px;\">Korzy\u015bci dla sk\u00f3ry<\/font><\/h4>\n<ul style=\"caret-color: rgb(0, 0, 0); color: rgb(0, 0, 0);\">\n<li><font style=\"font-size: 12px;\"><strong>Uj\u0119drnienie i wyg\u0142adzenie<\/strong>: Peptydy pomagaj\u0105 w regeneracji sk\u00f3ry, poprawiaj\u0105c jej j\u0119drno\u015b\u0107 i elastyczno\u015b\u0107.<\/font><\/li>\n<li><font style=\"font-size: 12px;\"><strong>Nawil\u017cenie i od\u017cywienie<\/strong>: Kwas hialuronowy zapewnia intensywne nawil\u017cenie, podczas gdy niacynamid rozja\u015bnia sk\u00f3r\u0119 i redukuje widoczno\u015b\u0107 por\u00f3w.<\/font><\/li>\n<li><font style=\"font-size: 12px;\"><strong>Redukcja zmarszczek<\/strong>: Regularne stosowanie serum pomaga w redukcji drobnych linii i zmarszczek, nadaj\u0105c sk\u00f3rze m\u0142odszy wygl\u0105d.<\/font><\/li>\n<\/ul>\n<h4 style=\"caret-color: rgb(0, 0, 0); color: rgb(0, 0, 0);\"><font style=\"font-size: 12px;\">Spos\u00f3b u\u017cycia<\/font><\/h4>\n<ol style=\"caret-color: rgb(0, 0, 0); color: rgb(0, 0, 0);\">\n<li><font style=\"font-size: 12px;\"><strong>Oczyszczenie<\/strong>: Stosuj serum na dobrze oczyszczon\u0105 sk\u00f3r\u0119 twarzy.<\/font><\/li>\n<li><font style=\"font-size: 12px;\"><strong>Aplikacja<\/strong>: Na\u0142\u00f3\u017c kilka kropli serum na twarz i delikatnie wmasuj, omijaj\u0105c okolice oczu.<\/font><\/li>\n<li><font style=\"font-size: 12px;\"><strong>Cz\u0119stotliwo\u015b\u0107<\/strong>: U\u017cywaj rano i wieczorem przed na\u0142o\u017ceniem kremu nawil\u017caj\u0105cego, aby uzyska\u0107 optymalne rezultaty.<\/font><\/li>\n<\/ol>\n<p style=\"caret-color: rgb(0, 0, 0); color: rgb(0, 0, 0);\"><\/p>\n","protected":false},"excerpt":{"rendered":"<p>Mary&#038;May 6 Peptide Complex Serum to skoncentrowane serum do twarzy, kt\u00f3re zawiera unikaln\u0105 mieszank\u0119 sze\u015bciu peptyd\u00f3w, zaprojektowan\u0105 w celu intensywnej regeneracji sk\u00f3ry i poprawy jej elastyczno\u015bci. Serum wykorzystuje sk\u0142adniki takie jak niacynamid i kwas hialuronowy, aby zapewni\u0107 g\u0142\u0119bokie nawil\u017cenie i rozja\u015bnienie cery, jednocze\u015bnie wspieraj\u0105c produkcj\u0119 kolagenu i redukuj\u0105c oznaki starzenia. Mary&#038;May 6 Peptide Complex Serum &#8230; <a title=\"Mary&#038;May 6 Peptide complex Serum, 30 ml &#8211; Uj\u0119drniaj\u0105co-wyg\u0142adzaj\u0105ce serum do twarzy\" class=\"read-more\" href=\"https:\/\/selleetools.com\/pl\/product\/marymay-6-peptide-complex-serum-30-ml-ujedrniajaco-wygladzajace-serum-do-twarzy\/\">Read more<span class=\"screen-reader-text\">Mary&#038;May 6 Peptide complex Serum, 30 ml &#8211; Uj\u0119drniaj\u0105co-wyg\u0142adzaj\u0105ce serum do twarzy<\/span><\/a><\/p>\n","protected":false},"featured_media":598230,"comment_status":"open","ping_status":"closed","template":"","meta":{"_links_to":"","_links_to_target":""},"yoast_head":"<!-- This site is optimized with the Yoast SEO plugin v19.4 - https:\/\/yoast.com\/wordpress\/plugins\/seo\/ -->\n<title>Mary&amp;May 6 Peptide complex Serum, 30 ml - Uj\u0119drniaj\u0105co-wyg\u0142adzaj\u0105ce serum do twarzy - Selleetools.com<\/title>\n<meta name=\"robots\" content=\"index, follow, max-snippet:-1, max-image-preview:large, max-video-preview:-1\" \/>\n<link rel=\"canonical\" href=\"https:\/\/admincentral.selleetools.com\/product\/marymay-6-peptide-complex-serum-30-ml-ujedrniajaco-wygladzajace-serum-do-twarzy\/\" \/>\n<meta property=\"og:locale\" content=\"pl_PL\" \/>\n<meta property=\"og:type\" content=\"article\" \/>\n<meta property=\"og:title\" content=\"Mary&amp;May 6 Peptide complex Serum, 30 ml - Uj\u0119drniaj\u0105co-wyg\u0142adzaj\u0105ce serum do twarzy - Selleetools.com\" \/>\n<meta property=\"og:description\" content=\"Mary&#038;May 6 Peptide Complex Serum to skoncentrowane serum do twarzy, kt\u00f3re zawiera unikaln\u0105 mieszank\u0119 sze\u015bciu peptyd\u00f3w, zaprojektowan\u0105 w celu intensywnej regeneracji sk\u00f3ry i poprawy jej elastyczno\u015bci. Serum wykorzystuje sk\u0142adniki takie jak niacynamid i kwas hialuronowy, aby zapewni\u0107 g\u0142\u0119bokie nawil\u017cenie i rozja\u015bnienie cery, jednocze\u015bnie wspieraj\u0105c produkcj\u0119 kolagenu i redukuj\u0105c oznaki starzenia. Mary&#038;May 6 Peptide Complex Serum ... Read moreMary&#038;May 6 Peptide complex Serum, 30 ml &#8211; Uj\u0119drniaj\u0105co-wyg\u0142adzaj\u0105ce serum do twarzy\" \/>\n<meta property=\"og:url\" content=\"https:\/\/admincentral.selleetools.com\/product\/marymay-6-peptide-complex-serum-30-ml-ujedrniajaco-wygladzajace-serum-do-twarzy\/\" \/>\n<meta property=\"og:site_name\" content=\"Selleetools.com\" \/>\n<meta property=\"article:modified_time\" content=\"2025-12-26T15:45:10+00:00\" \/>\n<meta property=\"og:image\" content=\"https:\/\/selleetools.com\/wp-content\/uploads\/2025\/10\/790a30230077b850605ed3ac4365e835.jpg\" \/>\n\t<meta property=\"og:image:width\" content=\"750\" \/>\n\t<meta property=\"og:image:height\" content=\"750\" \/>\n\t<meta property=\"og:image:type\" content=\"image\/jpeg\" \/>\n<meta name=\"twitter:card\" content=\"summary_large_image\" \/>\n<meta name=\"twitter:label1\" content=\"Est. reading time\" \/>\n\t<meta name=\"twitter:data1\" content=\"1 minuta\" \/>\n<!-- \/ Yoast SEO plugin. -->","yoast_head_json":{"title":"Mary&May 6 Peptide complex Serum, 30 ml - Uj\u0119drniaj\u0105co-wyg\u0142adzaj\u0105ce serum do twarzy - Selleetools.com","robots":{"index":"index","follow":"follow","max-snippet":"max-snippet:-1","max-image-preview":"max-image-preview:large","max-video-preview":"max-video-preview:-1"},"canonical":"https:\/\/admincentral.selleetools.com\/product\/marymay-6-peptide-complex-serum-30-ml-ujedrniajaco-wygladzajace-serum-do-twarzy\/","og_locale":"pl_PL","og_type":"article","og_title":"Mary&May 6 Peptide complex Serum, 30 ml - Uj\u0119drniaj\u0105co-wyg\u0142adzaj\u0105ce serum do twarzy - Selleetools.com","og_description":"Mary&#038;May 6 Peptide Complex Serum to skoncentrowane serum do twarzy, kt\u00f3re zawiera unikaln\u0105 mieszank\u0119 sze\u015bciu peptyd\u00f3w, zaprojektowan\u0105 w celu intensywnej regeneracji sk\u00f3ry i poprawy jej elastyczno\u015bci. Serum wykorzystuje sk\u0142adniki takie jak niacynamid i kwas hialuronowy, aby zapewni\u0107 g\u0142\u0119bokie nawil\u017cenie i rozja\u015bnienie cery, jednocze\u015bnie wspieraj\u0105c produkcj\u0119 kolagenu i redukuj\u0105c oznaki starzenia. Mary&#038;May 6 Peptide Complex Serum ... Read moreMary&#038;May 6 Peptide complex Serum, 30 ml &#8211; Uj\u0119drniaj\u0105co-wyg\u0142adzaj\u0105ce serum do twarzy","og_url":"https:\/\/admincentral.selleetools.com\/product\/marymay-6-peptide-complex-serum-30-ml-ujedrniajaco-wygladzajace-serum-do-twarzy\/","og_site_name":"Selleetools.com","article_modified_time":"2025-12-26T15:45:10+00:00","og_image":[{"width":750,"height":750,"url":"https:\/\/selleetools.com\/wp-content\/uploads\/2025\/10\/790a30230077b850605ed3ac4365e835.jpg","type":"image\/jpeg"}],"twitter_card":"summary_large_image","twitter_misc":{"Est. reading time":"1 minuta"},"schema":{"@context":"https:\/\/schema.org","@graph":[{"@type":"Organization","@id":"https:\/\/selleetools.com\/#organization","name":"Selleetools","url":"https:\/\/selleetools.com\/","sameAs":[],"logo":{"@type":"ImageObject","inLanguage":"pl-PL","@id":"https:\/\/selleetools.com\/#\/schema\/logo\/image\/","url":"https:\/\/selleetools.com\/wp-content\/uploads\/2021\/10\/logo-dark.png","contentUrl":"https:\/\/selleetools.com\/wp-content\/uploads\/2021\/10\/logo-dark.png","width":320,"height":76,"caption":"Selleetools"},"image":{"@id":"https:\/\/selleetools.com\/#\/schema\/logo\/image\/"}},{"@type":"WebSite","@id":"https:\/\/selleetools.com\/#website","url":"https:\/\/selleetools.com\/","name":"Selleetools.com","description":"","publisher":{"@id":"https:\/\/selleetools.com\/#organization"},"potentialAction":[{"@type":"SearchAction","target":{"@type":"EntryPoint","urlTemplate":"https:\/\/selleetools.com\/?s={search_term_string}"},"query-input":"required name=search_term_string"}],"inLanguage":"pl-PL"},{"@type":"WebPage","@id":"https:\/\/admincentral.selleetools.com\/product\/marymay-6-peptide-complex-serum-30-ml-ujedrniajaco-wygladzajace-serum-do-twarzy\/","url":"https:\/\/admincentral.selleetools.com\/product\/marymay-6-peptide-complex-serum-30-ml-ujedrniajaco-wygladzajace-serum-do-twarzy\/","name":"Mary&May 6 Peptide complex Serum, 30 ml - Uj\u0119drniaj\u0105co-wyg\u0142adzaj\u0105ce serum do twarzy - Selleetools.com","isPartOf":{"@id":"https:\/\/selleetools.com\/#website"},"datePublished":"2025-10-22T06:49:53+00:00","dateModified":"2025-12-26T15:45:10+00:00","breadcrumb":{"@id":"https:\/\/admincentral.selleetools.com\/product\/marymay-6-peptide-complex-serum-30-ml-ujedrniajaco-wygladzajace-serum-do-twarzy\/#breadcrumb"},"inLanguage":"pl-PL","potentialAction":[{"@type":"ReadAction","target":["https:\/\/admincentral.selleetools.com\/product\/marymay-6-peptide-complex-serum-30-ml-ujedrniajaco-wygladzajace-serum-do-twarzy\/"]}]},{"@type":"BreadcrumbList","@id":"https:\/\/admincentral.selleetools.com\/product\/marymay-6-peptide-complex-serum-30-ml-ujedrniajaco-wygladzajace-serum-do-twarzy\/#breadcrumb","itemListElement":[{"@type":"ListItem","position":1,"name":"Home","item":"https:\/\/selleetools.com\/pl\/"},{"@type":"ListItem","position":2,"name":"Katalog","item":"https:\/\/selleetools.com\/pl\/katalog\/"},{"@type":"ListItem","position":3,"name":"Mary&#038;May 6 Peptide complex Serum, 30 ml &#8211; Uj\u0119drniaj\u0105co-wyg\u0142adzaj\u0105ce serum do twarzy"}]}]}},"_links":{"self":[{"href":"https:\/\/selleetools.com\/pl\/wp-json\/wp\/v2\/product\/598232"}],"collection":[{"href":"https:\/\/selleetools.com\/pl\/wp-json\/wp\/v2\/product"}],"about":[{"href":"https:\/\/selleetools.com\/pl\/wp-json\/wp\/v2\/types\/product"}],"replies":[{"embeddable":true,"href":"https:\/\/selleetools.com\/pl\/wp-json\/wp\/v2\/comments?post=598232"}],"wp:featuredmedia":[{"embeddable":true,"href":"https:\/\/selleetools.com\/pl\/wp-json\/wp\/v2\/media\/598230"}],"wp:attachment":[{"href":"https:\/\/selleetools.com\/pl\/wp-json\/wp\/v2\/media?parent=598232"}],"curies":[{"name":"wp","href":"https:\/\/api.w.org\/{rel}","templated":true}]}}