{"id":598229,"date":"2025-10-22T08:49:50","date_gmt":"2025-10-22T06:49:50","guid":{"rendered":"https:\/\/selleetools.com\/?post_type=product&#038;p=598229"},"modified":"2025-12-26T16:45:08","modified_gmt":"2025-12-26T15:45:08","slug":"marymay-niacinamide-chaenomeles-sinensis-serum-30-ml-rozjasniajace-serum-do-twarzy-z-niacinamidem","status":"publish","type":"product","link":"https:\/\/selleetools.com\/pl\/product\/marymay-niacinamide-chaenomeles-sinensis-serum-30-ml-rozjasniajace-serum-do-twarzy-z-niacinamidem\/","title":{"rendered":"Mary&#038;May Niacinamide + Chaenomeles Sinensis Serum 30 ml &#8211; Rozja\u015bniaj\u0105ce serum do twarzy z niacinamidem"},"content":{"rendered":"<p>Mary&#038;May Niacinamide + Chaenomeles Sinensis Serum to skoncentrowane serum do twarzy, kt\u00f3re \u0142\u0105czy w sobie dzia\u0142anie niacynamidu oraz ekstraktu z pigwowca chi\u0144skiego (Chaenomeles Sinensis). Serum jest przeznaczone do rozja\u015bniania sk\u00f3ry, regulacji wydzielania sebum oraz minimalizowania widoczno\u015bci por\u00f3w.Mary&#038;May Niacinamide + Chaenomeles Sinensis Serum to doskona\u0142e rozwi\u0105zanie dla os\u00f3b poszukuj\u0105cych skutecznego produktu do piel\u0119gnacji sk\u00f3ry, kt\u00f3ry zapewnia rozja\u015bnienie, wyg\u0142adzenie i zbalansowanie cery.<\/p>\n<p>Korzy\u015bci dla sk\u00f3ry:<br \/>\nRozja\u015bnienie sk\u00f3ry: Serum pomaga w redukcji przebarwie\u0144 i wyr\u00f3wnaniu kolorytu cery.<br \/>\nZmniejszenie widoczno\u015bci por\u00f3w: Regularne stosowanie niacynamidu pomaga w zw\u0119\u017caniu por\u00f3w i poprawie tekstury sk\u00f3ry.<br \/>\nRegulacja sebum: Niacynamid balansuje produkcj\u0119 sebum, co sprawia, \u017ce serum jest idealne dla sk\u00f3ry t\u0142ustej i mieszanej.<br \/>\n\u0141agodzenie podra\u017cnie\u0144: Ekstrakt z pigwowca chi\u0144skiego dzia\u0142a koj\u0105co, redukuj\u0105c zaczerwienienia i podra\u017cnienia.<\/p>\n<p>Spos\u00f3b u\u017cycia:<br \/>\nOczyszczenie: Na\u0142\u00f3\u017c serum na dobrze oczyszczon\u0105 i stonizowan\u0105 sk\u00f3r\u0119 twarzy.<br \/>\nAplikacja: Niewielk\u0105 ilo\u015b\u0107 serum nanie\u015b na twarz i delikatnie wklep opuszkami palc\u00f3w, a\u017c do ca\u0142kowitego wch\u0142oni\u0119cia.<br \/>\nKrem nawil\u017caj\u0105cy: Po wch\u0142oni\u0119ciu serum, na\u0142\u00f3\u017c ulubiony krem nawil\u017caj\u0105cy.<br \/>\nCz\u0119stotliwo\u015b\u0107: Stosuj serum codziennie rano i wieczorem, aby uzyska\u0107 optymalne rezultaty.<\/p>\n","protected":false},"excerpt":{"rendered":"<p>Mary&#038;May Niacinamide + Chaenomeles Sinensis Serum to skoncentrowane serum do twarzy, kt\u00f3re \u0142\u0105czy w sobie dzia\u0142anie niacynamidu oraz ekstraktu z pigwowca chi\u0144skiego (Chaenomeles Sinensis). Serum jest przeznaczone do rozja\u015bniania sk\u00f3ry, regulacji wydzielania sebum oraz minimalizowania widoczno\u015bci por\u00f3w.Mary&#038;May Niacinamide + Chaenomeles Sinensis Serum to doskona\u0142e rozwi\u0105zanie dla os\u00f3b poszukuj\u0105cych skutecznego produktu do piel\u0119gnacji sk\u00f3ry, kt\u00f3ry zapewnia &#8230; <a title=\"Mary&#038;May Niacinamide + Chaenomeles Sinensis Serum 30 ml &#8211; Rozja\u015bniaj\u0105ce serum do twarzy z niacinamidem\" class=\"read-more\" href=\"https:\/\/selleetools.com\/pl\/product\/marymay-niacinamide-chaenomeles-sinensis-serum-30-ml-rozjasniajace-serum-do-twarzy-z-niacinamidem\/\">Read more<span class=\"screen-reader-text\">Mary&#038;May Niacinamide + Chaenomeles Sinensis Serum 30 ml &#8211; Rozja\u015bniaj\u0105ce serum do twarzy z niacinamidem<\/span><\/a><\/p>\n","protected":false},"featured_media":598225,"comment_status":"open","ping_status":"closed","template":"","meta":{"_links_to":"","_links_to_target":""},"yoast_head":"<!-- This site is optimized with the Yoast SEO plugin v19.4 - https:\/\/yoast.com\/wordpress\/plugins\/seo\/ -->\n<title>Mary&amp;May Niacinamide + Chaenomeles Sinensis Serum 30 ml - Rozja\u015bniaj\u0105ce serum do twarzy z niacinamidem - Selleetools.com<\/title>\n<meta name=\"robots\" content=\"index, follow, max-snippet:-1, max-image-preview:large, max-video-preview:-1\" \/>\n<link rel=\"canonical\" href=\"https:\/\/admincentral.selleetools.com\/product\/marymay-niacinamide-chaenomeles-sinensis-serum-30-ml-rozjasniajace-serum-do-twarzy-z-niacinamidem\/\" \/>\n<meta property=\"og:locale\" content=\"pl_PL\" \/>\n<meta property=\"og:type\" content=\"article\" \/>\n<meta property=\"og:title\" content=\"Mary&amp;May Niacinamide + Chaenomeles Sinensis Serum 30 ml - Rozja\u015bniaj\u0105ce serum do twarzy z niacinamidem - Selleetools.com\" \/>\n<meta property=\"og:description\" content=\"Mary&#038;May Niacinamide + Chaenomeles Sinensis Serum to skoncentrowane serum do twarzy, kt\u00f3re \u0142\u0105czy w sobie dzia\u0142anie niacynamidu oraz ekstraktu z pigwowca chi\u0144skiego (Chaenomeles Sinensis). Serum jest przeznaczone do rozja\u015bniania sk\u00f3ry, regulacji wydzielania sebum oraz minimalizowania widoczno\u015bci por\u00f3w.Mary&#038;May Niacinamide + Chaenomeles Sinensis Serum to doskona\u0142e rozwi\u0105zanie dla os\u00f3b poszukuj\u0105cych skutecznego produktu do piel\u0119gnacji sk\u00f3ry, kt\u00f3ry zapewnia ... Read moreMary&#038;May Niacinamide + Chaenomeles Sinensis Serum 30 ml &#8211; Rozja\u015bniaj\u0105ce serum do twarzy z niacinamidem\" \/>\n<meta property=\"og:url\" content=\"https:\/\/admincentral.selleetools.com\/product\/marymay-niacinamide-chaenomeles-sinensis-serum-30-ml-rozjasniajace-serum-do-twarzy-z-niacinamidem\/\" \/>\n<meta property=\"og:site_name\" content=\"Selleetools.com\" \/>\n<meta property=\"article:modified_time\" content=\"2025-12-26T15:45:08+00:00\" \/>\n<meta property=\"og:image\" content=\"https:\/\/selleetools.com\/wp-content\/uploads\/2025\/10\/e76bc9895430b04e3965d310823aeacf.jpg\" \/>\n\t<meta property=\"og:image:width\" content=\"1200\" \/>\n\t<meta property=\"og:image:height\" content=\"1200\" \/>\n\t<meta property=\"og:image:type\" content=\"image\/jpeg\" \/>\n<meta name=\"twitter:card\" content=\"summary_large_image\" \/>\n<meta name=\"twitter:label1\" content=\"Est. reading time\" \/>\n\t<meta name=\"twitter:data1\" content=\"1 minuta\" \/>\n<!-- \/ Yoast SEO plugin. -->","yoast_head_json":{"title":"Mary&May Niacinamide + Chaenomeles Sinensis Serum 30 ml - Rozja\u015bniaj\u0105ce serum do twarzy z niacinamidem - Selleetools.com","robots":{"index":"index","follow":"follow","max-snippet":"max-snippet:-1","max-image-preview":"max-image-preview:large","max-video-preview":"max-video-preview:-1"},"canonical":"https:\/\/admincentral.selleetools.com\/product\/marymay-niacinamide-chaenomeles-sinensis-serum-30-ml-rozjasniajace-serum-do-twarzy-z-niacinamidem\/","og_locale":"pl_PL","og_type":"article","og_title":"Mary&May Niacinamide + Chaenomeles Sinensis Serum 30 ml - Rozja\u015bniaj\u0105ce serum do twarzy z niacinamidem - Selleetools.com","og_description":"Mary&#038;May Niacinamide + Chaenomeles Sinensis Serum to skoncentrowane serum do twarzy, kt\u00f3re \u0142\u0105czy w sobie dzia\u0142anie niacynamidu oraz ekstraktu z pigwowca chi\u0144skiego (Chaenomeles Sinensis). Serum jest przeznaczone do rozja\u015bniania sk\u00f3ry, regulacji wydzielania sebum oraz minimalizowania widoczno\u015bci por\u00f3w.Mary&#038;May Niacinamide + Chaenomeles Sinensis Serum to doskona\u0142e rozwi\u0105zanie dla os\u00f3b poszukuj\u0105cych skutecznego produktu do piel\u0119gnacji sk\u00f3ry, kt\u00f3ry zapewnia ... Read moreMary&#038;May Niacinamide + Chaenomeles Sinensis Serum 30 ml &#8211; Rozja\u015bniaj\u0105ce serum do twarzy z niacinamidem","og_url":"https:\/\/admincentral.selleetools.com\/product\/marymay-niacinamide-chaenomeles-sinensis-serum-30-ml-rozjasniajace-serum-do-twarzy-z-niacinamidem\/","og_site_name":"Selleetools.com","article_modified_time":"2025-12-26T15:45:08+00:00","og_image":[{"width":1200,"height":1200,"url":"https:\/\/selleetools.com\/wp-content\/uploads\/2025\/10\/e76bc9895430b04e3965d310823aeacf.jpg","type":"image\/jpeg"}],"twitter_card":"summary_large_image","twitter_misc":{"Est. reading time":"1 minuta"},"schema":{"@context":"https:\/\/schema.org","@graph":[{"@type":"Organization","@id":"https:\/\/selleetools.com\/#organization","name":"Selleetools","url":"https:\/\/selleetools.com\/","sameAs":[],"logo":{"@type":"ImageObject","inLanguage":"pl-PL","@id":"https:\/\/selleetools.com\/#\/schema\/logo\/image\/","url":"https:\/\/selleetools.com\/wp-content\/uploads\/2021\/10\/logo-dark.png","contentUrl":"https:\/\/selleetools.com\/wp-content\/uploads\/2021\/10\/logo-dark.png","width":320,"height":76,"caption":"Selleetools"},"image":{"@id":"https:\/\/selleetools.com\/#\/schema\/logo\/image\/"}},{"@type":"WebSite","@id":"https:\/\/selleetools.com\/#website","url":"https:\/\/selleetools.com\/","name":"Selleetools.com","description":"","publisher":{"@id":"https:\/\/selleetools.com\/#organization"},"potentialAction":[{"@type":"SearchAction","target":{"@type":"EntryPoint","urlTemplate":"https:\/\/selleetools.com\/?s={search_term_string}"},"query-input":"required name=search_term_string"}],"inLanguage":"pl-PL"},{"@type":"WebPage","@id":"https:\/\/admincentral.selleetools.com\/product\/marymay-niacinamide-chaenomeles-sinensis-serum-30-ml-rozjasniajace-serum-do-twarzy-z-niacinamidem\/","url":"https:\/\/admincentral.selleetools.com\/product\/marymay-niacinamide-chaenomeles-sinensis-serum-30-ml-rozjasniajace-serum-do-twarzy-z-niacinamidem\/","name":"Mary&May Niacinamide + Chaenomeles Sinensis Serum 30 ml - Rozja\u015bniaj\u0105ce serum do twarzy z niacinamidem - Selleetools.com","isPartOf":{"@id":"https:\/\/selleetools.com\/#website"},"datePublished":"2025-10-22T06:49:50+00:00","dateModified":"2025-12-26T15:45:08+00:00","breadcrumb":{"@id":"https:\/\/admincentral.selleetools.com\/product\/marymay-niacinamide-chaenomeles-sinensis-serum-30-ml-rozjasniajace-serum-do-twarzy-z-niacinamidem\/#breadcrumb"},"inLanguage":"pl-PL","potentialAction":[{"@type":"ReadAction","target":["https:\/\/admincentral.selleetools.com\/product\/marymay-niacinamide-chaenomeles-sinensis-serum-30-ml-rozjasniajace-serum-do-twarzy-z-niacinamidem\/"]}]},{"@type":"BreadcrumbList","@id":"https:\/\/admincentral.selleetools.com\/product\/marymay-niacinamide-chaenomeles-sinensis-serum-30-ml-rozjasniajace-serum-do-twarzy-z-niacinamidem\/#breadcrumb","itemListElement":[{"@type":"ListItem","position":1,"name":"Home","item":"https:\/\/selleetools.com\/pl\/"},{"@type":"ListItem","position":2,"name":"Katalog","item":"https:\/\/selleetools.com\/pl\/katalog\/"},{"@type":"ListItem","position":3,"name":"Mary&#038;May Niacinamide + Chaenomeles Sinensis Serum 30 ml &#8211; Rozja\u015bniaj\u0105ce serum do twarzy z niacinamidem"}]}]}},"_links":{"self":[{"href":"https:\/\/selleetools.com\/pl\/wp-json\/wp\/v2\/product\/598229"}],"collection":[{"href":"https:\/\/selleetools.com\/pl\/wp-json\/wp\/v2\/product"}],"about":[{"href":"https:\/\/selleetools.com\/pl\/wp-json\/wp\/v2\/types\/product"}],"replies":[{"embeddable":true,"href":"https:\/\/selleetools.com\/pl\/wp-json\/wp\/v2\/comments?post=598229"}],"wp:featuredmedia":[{"embeddable":true,"href":"https:\/\/selleetools.com\/pl\/wp-json\/wp\/v2\/media\/598225"}],"wp:attachment":[{"href":"https:\/\/selleetools.com\/pl\/wp-json\/wp\/v2\/media?parent=598229"}],"curies":[{"name":"wp","href":"https:\/\/api.w.org\/{rel}","templated":true}]}}