{"id":598214,"date":"2025-10-22T08:49:39","date_gmt":"2025-10-22T06:49:39","guid":{"rendered":"https:\/\/selleetools.com\/?post_type=product&#038;p=598214"},"modified":"2026-03-03T11:14:31","modified_gmt":"2026-03-03T10:14:31","slug":"marymay-multi-hyaluronics-serum-30-ml-intensywnie-nawilzajace-serum-do-twarzy","status":"publish","type":"product","link":"https:\/\/selleetools.com\/pl\/product\/marymay-multi-hyaluronics-serum-30-ml-intensywnie-nawilzajace-serum-do-twarzy\/","title":{"rendered":"Mary&#038;May Multi Hyaluronics Serum, 30 ml &#8211; Intensywnie nawil\u017caj\u0105ce serum do twarzy"},"content":{"rendered":"<p style=\"caret-color: rgb(0, 0, 0); color: rgb(0, 0, 0);\"><font style=\"font-size: 12px;\"><strong>Mary&#038;May Multi Hyaluronics Serum<\/strong> to intensywnie nawil\u017caj\u0105ce serum, kt\u00f3re wykorzystuje moc kwasu hialuronowego w r\u00f3\u017cnych formach, aby dostarczy\u0107 sk\u00f3rze g\u0142\u0119bokie i d\u0142ugotrwa\u0142e nawil\u017cenie. Formu\u0142a zawiera a\u017c 8 r\u00f3\u017cnych typ\u00f3w kwasu hialuronowego, kt\u00f3re penetruj\u0105 r\u00f3\u017cne warstwy sk\u00f3ry, zapewniaj\u0105c wszechstronne i kompleksowe nawil\u017cenie.<\/font><\/p>\n<h4 style=\"caret-color: rgb(0, 0, 0); color: rgb(0, 0, 0);\"><font style=\"font-size: 12px;\">Korzy\u015bci dla sk\u00f3ry<\/font><\/h4>\n<ul style=\"caret-color: rgb(0, 0, 0); color: rgb(0, 0, 0);\">\n<li><font style=\"font-size: 12px;\"><strong>G\u0142\u0119bokie nawil\u017cenie<\/strong>: Serum intensywnie nawil\u017ca sk\u00f3r\u0119, pozostawiaj\u0105c j\u0105 g\u0142adk\u0105 i mi\u0119kk\u0105.<\/font><\/li>\n<li><font style=\"font-size: 12px;\"><strong>Poprawa elastyczno\u015bci<\/strong>: Dzi\u0119ki wielopoziomowemu dzia\u0142aniu kwasu hialuronowego, sk\u00f3ra staje si\u0119 bardziej j\u0119drna i elastyczna.<\/font><\/li>\n<li><font style=\"font-size: 12px;\"><strong>\u0141agodzenie podra\u017cnie\u0144<\/strong>: Pantenol \u0142agodzi zaczerwienienia i podra\u017cnienia, poprawiaj\u0105c komfort sk\u00f3ry.<\/font><\/li>\n<\/ul>\n<h4 style=\"caret-color: rgb(0, 0, 0); color: rgb(0, 0, 0);\"><font style=\"font-size: 12px;\">Spos\u00f3b u\u017cycia<\/font><\/h4>\n<ol style=\"caret-color: rgb(0, 0, 0); color: rgb(0, 0, 0);\">\n<li><font style=\"font-size: 12px;\"><strong>Oczyszczenie<\/strong>: Na\u0142\u00f3\u017c serum na dobrze oczyszczon\u0105 sk\u00f3r\u0119 twarzy.<\/font><\/li>\n<li><font style=\"font-size: 12px;\"><strong>Aplikacja<\/strong>: Zaaplikuj kilka kropli serum na twarz i delikatnie wklep opuszkami palc\u00f3w, a\u017c do ca\u0142kowitego wch\u0142oni\u0119cia.<\/font><\/li>\n<li><font style=\"font-size: 12px;\"><strong>Kolejne kroki<\/strong>: Nast\u0119pnie na\u0142\u00f3\u017c sw\u00f3j ulubiony krem nawil\u017caj\u0105cy, aby zamkn\u0105\u0107 wilgo\u0107 w sk\u00f3rze.<\/font><\/li>\n<li><font style=\"font-size: 12px;\"><strong>Cz\u0119stotliwo\u015b\u0107<\/strong>: Stosuj serum rano i wieczorem, aby osi\u0105gn\u0105\u0107 najlepsze rezultaty.<\/font><\/li>\n<\/ol>\n","protected":false},"excerpt":{"rendered":"<p>Mary&#038;May Multi Hyaluronics Serum to intensywnie nawil\u017caj\u0105ce serum, kt\u00f3re wykorzystuje moc kwasu hialuronowego w r\u00f3\u017cnych formach, aby dostarczy\u0107 sk\u00f3rze g\u0142\u0119bokie i d\u0142ugotrwa\u0142e nawil\u017cenie. Formu\u0142a zawiera a\u017c 8 r\u00f3\u017cnych typ\u00f3w kwasu hialuronowego, kt\u00f3re penetruj\u0105 r\u00f3\u017cne warstwy sk\u00f3ry, zapewniaj\u0105c wszechstronne i kompleksowe nawil\u017cenie. Korzy\u015bci dla sk\u00f3ry G\u0142\u0119bokie nawil\u017cenie: Serum intensywnie nawil\u017ca sk\u00f3r\u0119, pozostawiaj\u0105c j\u0105 g\u0142adk\u0105 i mi\u0119kk\u0105. &#8230; <a title=\"Mary&#038;May Multi Hyaluronics Serum, 30 ml &#8211; Intensywnie nawil\u017caj\u0105ce serum do twarzy\" class=\"read-more\" href=\"https:\/\/selleetools.com\/pl\/product\/marymay-multi-hyaluronics-serum-30-ml-intensywnie-nawilzajace-serum-do-twarzy\/\">Read more<span class=\"screen-reader-text\">Mary&#038;May Multi Hyaluronics Serum, 30 ml &#8211; Intensywnie nawil\u017caj\u0105ce serum do twarzy<\/span><\/a><\/p>\n","protected":false},"featured_media":598212,"comment_status":"open","ping_status":"closed","template":"","meta":{"_links_to":"","_links_to_target":""},"yoast_head":"<!-- This site is optimized with the Yoast SEO plugin v19.4 - https:\/\/yoast.com\/wordpress\/plugins\/seo\/ -->\n<title>Mary&amp;May Multi Hyaluronics Serum, 30 ml - Intensywnie nawil\u017caj\u0105ce serum do twarzy - Selleetools.com<\/title>\n<meta name=\"robots\" content=\"index, follow, max-snippet:-1, max-image-preview:large, max-video-preview:-1\" \/>\n<link rel=\"canonical\" href=\"https:\/\/selleetools.com\/pl\/product\/marymay-multi-hyaluronics-serum-30-ml-intensywnie-nawilzajace-serum-do-twarzy\/\" \/>\n<meta property=\"og:locale\" content=\"pl_PL\" \/>\n<meta property=\"og:type\" content=\"article\" \/>\n<meta property=\"og:title\" content=\"Mary&amp;May Multi Hyaluronics Serum, 30 ml - Intensywnie nawil\u017caj\u0105ce serum do twarzy - Selleetools.com\" \/>\n<meta property=\"og:description\" content=\"Mary&#038;May Multi Hyaluronics Serum to intensywnie nawil\u017caj\u0105ce serum, kt\u00f3re wykorzystuje moc kwasu hialuronowego w r\u00f3\u017cnych formach, aby dostarczy\u0107 sk\u00f3rze g\u0142\u0119bokie i d\u0142ugotrwa\u0142e nawil\u017cenie. Formu\u0142a zawiera a\u017c 8 r\u00f3\u017cnych typ\u00f3w kwasu hialuronowego, kt\u00f3re penetruj\u0105 r\u00f3\u017cne warstwy sk\u00f3ry, zapewniaj\u0105c wszechstronne i kompleksowe nawil\u017cenie. Korzy\u015bci dla sk\u00f3ry G\u0142\u0119bokie nawil\u017cenie: Serum intensywnie nawil\u017ca sk\u00f3r\u0119, pozostawiaj\u0105c j\u0105 g\u0142adk\u0105 i mi\u0119kk\u0105. ... Read moreMary&#038;May Multi Hyaluronics Serum, 30 ml &#8211; Intensywnie nawil\u017caj\u0105ce serum do twarzy\" \/>\n<meta property=\"og:url\" content=\"https:\/\/selleetools.com\/pl\/product\/marymay-multi-hyaluronics-serum-30-ml-intensywnie-nawilzajace-serum-do-twarzy\/\" \/>\n<meta property=\"og:site_name\" content=\"Selleetools.com\" \/>\n<meta property=\"article:modified_time\" content=\"2026-03-03T10:14:31+00:00\" \/>\n<meta property=\"og:image\" content=\"https:\/\/selleetools.com\/wp-content\/uploads\/2025\/10\/a327c159e5941540bae5869edb6490b3.png\" \/>\n\t<meta property=\"og:image:width\" content=\"1200\" \/>\n\t<meta property=\"og:image:height\" content=\"1200\" \/>\n\t<meta property=\"og:image:type\" content=\"image\/png\" \/>\n<meta name=\"twitter:card\" content=\"summary_large_image\" \/>\n<meta name=\"twitter:label1\" content=\"Est. reading time\" \/>\n\t<meta name=\"twitter:data1\" content=\"1 minuta\" \/>\n<!-- \/ Yoast SEO plugin. -->","yoast_head_json":{"title":"Mary&May Multi Hyaluronics Serum, 30 ml - Intensywnie nawil\u017caj\u0105ce serum do twarzy - Selleetools.com","robots":{"index":"index","follow":"follow","max-snippet":"max-snippet:-1","max-image-preview":"max-image-preview:large","max-video-preview":"max-video-preview:-1"},"canonical":"https:\/\/selleetools.com\/pl\/product\/marymay-multi-hyaluronics-serum-30-ml-intensywnie-nawilzajace-serum-do-twarzy\/","og_locale":"pl_PL","og_type":"article","og_title":"Mary&May Multi Hyaluronics Serum, 30 ml - Intensywnie nawil\u017caj\u0105ce serum do twarzy - Selleetools.com","og_description":"Mary&#038;May Multi Hyaluronics Serum to intensywnie nawil\u017caj\u0105ce serum, kt\u00f3re wykorzystuje moc kwasu hialuronowego w r\u00f3\u017cnych formach, aby dostarczy\u0107 sk\u00f3rze g\u0142\u0119bokie i d\u0142ugotrwa\u0142e nawil\u017cenie. Formu\u0142a zawiera a\u017c 8 r\u00f3\u017cnych typ\u00f3w kwasu hialuronowego, kt\u00f3re penetruj\u0105 r\u00f3\u017cne warstwy sk\u00f3ry, zapewniaj\u0105c wszechstronne i kompleksowe nawil\u017cenie. Korzy\u015bci dla sk\u00f3ry G\u0142\u0119bokie nawil\u017cenie: Serum intensywnie nawil\u017ca sk\u00f3r\u0119, pozostawiaj\u0105c j\u0105 g\u0142adk\u0105 i mi\u0119kk\u0105. ... Read moreMary&#038;May Multi Hyaluronics Serum, 30 ml &#8211; Intensywnie nawil\u017caj\u0105ce serum do twarzy","og_url":"https:\/\/selleetools.com\/pl\/product\/marymay-multi-hyaluronics-serum-30-ml-intensywnie-nawilzajace-serum-do-twarzy\/","og_site_name":"Selleetools.com","article_modified_time":"2026-03-03T10:14:31+00:00","og_image":[{"width":1200,"height":1200,"url":"https:\/\/selleetools.com\/wp-content\/uploads\/2025\/10\/a327c159e5941540bae5869edb6490b3.png","type":"image\/png"}],"twitter_card":"summary_large_image","twitter_misc":{"Est. reading time":"1 minuta"},"schema":{"@context":"https:\/\/schema.org","@graph":[{"@type":"Organization","@id":"https:\/\/selleetools.com\/#organization","name":"Selleetools","url":"https:\/\/selleetools.com\/","sameAs":[],"logo":{"@type":"ImageObject","inLanguage":"pl-PL","@id":"https:\/\/selleetools.com\/#\/schema\/logo\/image\/","url":"https:\/\/selleetools.com\/wp-content\/uploads\/2021\/10\/logo-dark.png","contentUrl":"https:\/\/selleetools.com\/wp-content\/uploads\/2021\/10\/logo-dark.png","width":320,"height":76,"caption":"Selleetools"},"image":{"@id":"https:\/\/selleetools.com\/#\/schema\/logo\/image\/"}},{"@type":"WebSite","@id":"https:\/\/selleetools.com\/#website","url":"https:\/\/selleetools.com\/","name":"Selleetools.com","description":"","publisher":{"@id":"https:\/\/selleetools.com\/#organization"},"potentialAction":[{"@type":"SearchAction","target":{"@type":"EntryPoint","urlTemplate":"https:\/\/selleetools.com\/?s={search_term_string}"},"query-input":"required name=search_term_string"}],"inLanguage":"pl-PL"},{"@type":"WebPage","@id":"https:\/\/selleetools.com\/pl\/product\/marymay-multi-hyaluronics-serum-30-ml-intensywnie-nawilzajace-serum-do-twarzy\/","url":"https:\/\/selleetools.com\/pl\/product\/marymay-multi-hyaluronics-serum-30-ml-intensywnie-nawilzajace-serum-do-twarzy\/","name":"Mary&May Multi Hyaluronics Serum, 30 ml - Intensywnie nawil\u017caj\u0105ce serum do twarzy - Selleetools.com","isPartOf":{"@id":"https:\/\/selleetools.com\/#website"},"datePublished":"2025-10-22T06:49:39+00:00","dateModified":"2026-03-03T10:14:31+00:00","breadcrumb":{"@id":"https:\/\/selleetools.com\/pl\/product\/marymay-multi-hyaluronics-serum-30-ml-intensywnie-nawilzajace-serum-do-twarzy\/#breadcrumb"},"inLanguage":"pl-PL","potentialAction":[{"@type":"ReadAction","target":["https:\/\/selleetools.com\/pl\/product\/marymay-multi-hyaluronics-serum-30-ml-intensywnie-nawilzajace-serum-do-twarzy\/"]}]},{"@type":"BreadcrumbList","@id":"https:\/\/selleetools.com\/pl\/product\/marymay-multi-hyaluronics-serum-30-ml-intensywnie-nawilzajace-serum-do-twarzy\/#breadcrumb","itemListElement":[{"@type":"ListItem","position":1,"name":"Home","item":"https:\/\/selleetools.com\/pl\/"},{"@type":"ListItem","position":2,"name":"Katalog","item":"https:\/\/selleetools.com\/pl\/katalog\/"},{"@type":"ListItem","position":3,"name":"Mary&#038;May Multi Hyaluronics Serum, 30 ml &#8211; Intensywnie nawil\u017caj\u0105ce serum do twarzy"}]}]}},"_links":{"self":[{"href":"https:\/\/selleetools.com\/pl\/wp-json\/wp\/v2\/product\/598214"}],"collection":[{"href":"https:\/\/selleetools.com\/pl\/wp-json\/wp\/v2\/product"}],"about":[{"href":"https:\/\/selleetools.com\/pl\/wp-json\/wp\/v2\/types\/product"}],"replies":[{"embeddable":true,"href":"https:\/\/selleetools.com\/pl\/wp-json\/wp\/v2\/comments?post=598214"}],"wp:featuredmedia":[{"embeddable":true,"href":"https:\/\/selleetools.com\/pl\/wp-json\/wp\/v2\/media\/598212"}],"wp:attachment":[{"href":"https:\/\/selleetools.com\/pl\/wp-json\/wp\/v2\/media?parent=598214"}],"curies":[{"name":"wp","href":"https:\/\/api.w.org\/{rel}","templated":true}]}}