{"id":598164,"date":"2025-10-22T08:48:47","date_gmt":"2025-10-22T06:48:47","guid":{"rendered":"https:\/\/selleetools.com\/?post_type=product&#038;p=598164"},"modified":"2026-01-04T15:26:35","modified_gmt":"2026-01-04T14:26:35","slug":"baroness-bee-venom-mask-sheet-21-g-maska-w-plachcie-z-jadem-pszczelim","status":"publish","type":"product","link":"https:\/\/selleetools.com\/pl\/product\/baroness-bee-venom-mask-sheet-21-g-maska-w-plachcie-z-jadem-pszczelim\/","title":{"rendered":"BARONESS Bee Venom Mask Sheet, 21 g &#8211; Maska w p\u0142achcie z jadem pszczelim"},"content":{"rendered":"<p style=\"caret-color: rgb(0, 0, 0); color: rgb(0, 0, 0);\"><font style=\"font-size: 12px;\">BARONESS Bee Venom Mask Sheet to luksusowa maseczka na tkaninie, kt\u00f3ra zapewnia sk\u00f3rze intensywne nawil\u017cenie, od\u017cywienie i regeneracj\u0119. Dzi\u0119ki zawarto\u015bci jadu pszczelego maseczka stymuluje produkcj\u0119 kolagenu i elastyny, co pomaga w wyg\u0142adzaniu zmarszczek i poprawie elastyczno\u015bci sk\u00f3ry. Dodatkowo, dzia\u0142a \u0142agodz\u0105co na podra\u017cnienia, pozostawiaj\u0105c sk\u00f3r\u0119 mi\u0119kk\u0105 i promienn\u0105.<\/font><\/p>\n<h4 style=\"caret-color: rgb(0, 0, 0); color: rgb(0, 0, 0);\"><font style=\"font-size: 12px;\">Korzy\u015bci dla sk\u00f3ry<\/font><\/h4>\n<ul style=\"caret-color: rgb(0, 0, 0); color: rgb(0, 0, 0);\">\n<li><font style=\"font-size: 12px;\"><strong>Intensywne nawil\u017cenie i od\u017cywienie<\/strong>: Pomaga utrzyma\u0107 odpowiedni poziom nawil\u017cenia sk\u00f3ry.<\/font><\/li>\n<li><font style=\"font-size: 12px;\"><strong>Regeneracja i odm\u0142odzenie<\/strong>: Stymuluje produkcj\u0119 kolagenu, poprawiaj\u0105c elastyczno\u015b\u0107 i j\u0119drno\u015b\u0107 sk\u00f3ry.<\/font><\/li>\n<li><font style=\"font-size: 12px;\"><strong>\u0141agodzenie podra\u017cnie\u0144<\/strong>: Dzia\u0142a koj\u0105co na sk\u00f3r\u0119, redukuj\u0105c zaczerwienienia i podra\u017cnienia.<\/font><\/li>\n<\/ul>\n<h4 style=\"caret-color: rgb(0, 0, 0); color: rgb(0, 0, 0);\"><font style=\"font-size: 12px;\">Spos\u00f3b u\u017cycia<\/font><\/h4>\n<ol style=\"caret-color: rgb(0, 0, 0); color: rgb(0, 0, 0);\">\n<li><font style=\"font-size: 12px;\"><strong>Oczyszczenie<\/strong>: Dok\u0142adnie oczy\u015b\u0107 twarz.<\/font><\/li>\n<li><font style=\"font-size: 12px;\"><strong>Aplikacja maseczki<\/strong>: Roz\u0142\u00f3\u017c maseczk\u0119 r\u00f3wnomiernie na twarzy, dostosowuj\u0105c j\u0105 do kontur\u00f3w.<\/font><\/li>\n<li><font style=\"font-size: 12px;\"><strong>Czas dzia\u0142ania<\/strong>: Pozostaw na sk\u00f3rze na 15-20 minut.<\/font><\/li>\n<li><font style=\"font-size: 12px;\"><strong>Usuni\u0119cie maseczki<\/strong>: Delikatnie zdejmij maseczk\u0119 i wklep pozosta\u0142\u0105 esencj\u0119 w sk\u00f3r\u0119, aby w pe\u0142ni si\u0119 wch\u0142on\u0119\u0142a.<\/font><\/li>\n<\/ol>\n<p style=\"caret-color: rgb(0, 0, 0); color: rgb(0, 0, 0);\"><font style=\"font-size: 12px;\">Idealna do regularnego stosowania w celu poprawy kondycji sk\u00f3ry i uzyskania zdrowego, promiennego wygl\u0105du.<\/font><\/p>\n","protected":false},"excerpt":{"rendered":"<p>BARONESS Bee Venom Mask Sheet to luksusowa maseczka na tkaninie, kt\u00f3ra zapewnia sk\u00f3rze intensywne nawil\u017cenie, od\u017cywienie i regeneracj\u0119. Dzi\u0119ki zawarto\u015bci jadu pszczelego maseczka stymuluje produkcj\u0119 kolagenu i elastyny, co pomaga w wyg\u0142adzaniu zmarszczek i poprawie elastyczno\u015bci sk\u00f3ry. Dodatkowo, dzia\u0142a \u0142agodz\u0105co na podra\u017cnienia, pozostawiaj\u0105c sk\u00f3r\u0119 mi\u0119kk\u0105 i promienn\u0105. Korzy\u015bci dla sk\u00f3ry Intensywne nawil\u017cenie i od\u017cywienie: Pomaga &#8230; <a title=\"BARONESS Bee Venom Mask Sheet, 21 g &#8211; Maska w p\u0142achcie z jadem pszczelim\" class=\"read-more\" href=\"https:\/\/selleetools.com\/pl\/product\/baroness-bee-venom-mask-sheet-21-g-maska-w-plachcie-z-jadem-pszczelim\/\">Read more<span class=\"screen-reader-text\">BARONESS Bee Venom Mask Sheet, 21 g &#8211; Maska w p\u0142achcie z jadem pszczelim<\/span><\/a><\/p>\n","protected":false},"featured_media":598162,"comment_status":"open","ping_status":"closed","template":"","meta":{"_links_to":"","_links_to_target":""},"yoast_head":"<!-- This site is optimized with the Yoast SEO plugin v19.4 - https:\/\/yoast.com\/wordpress\/plugins\/seo\/ -->\n<title>BARONESS Bee Venom Mask Sheet, 21 g - Maska w p\u0142achcie z jadem pszczelim - Selleetools.com<\/title>\n<meta name=\"robots\" content=\"index, follow, max-snippet:-1, max-image-preview:large, max-video-preview:-1\" \/>\n<link rel=\"canonical\" href=\"https:\/\/selleetools.com\/product\/baroness-bee-venom-mask-sheet-21-g-maska-w-plachcie-z-jadem-pszczelim\/\" \/>\n<meta property=\"og:locale\" content=\"pl_PL\" \/>\n<meta property=\"og:type\" content=\"article\" \/>\n<meta property=\"og:title\" content=\"BARONESS Bee Venom Mask Sheet, 21 g - Maska w p\u0142achcie z jadem pszczelim - Selleetools.com\" \/>\n<meta property=\"og:description\" content=\"BARONESS Bee Venom Mask Sheet to luksusowa maseczka na tkaninie, kt\u00f3ra zapewnia sk\u00f3rze intensywne nawil\u017cenie, od\u017cywienie i regeneracj\u0119. Dzi\u0119ki zawarto\u015bci jadu pszczelego maseczka stymuluje produkcj\u0119 kolagenu i elastyny, co pomaga w wyg\u0142adzaniu zmarszczek i poprawie elastyczno\u015bci sk\u00f3ry. Dodatkowo, dzia\u0142a \u0142agodz\u0105co na podra\u017cnienia, pozostawiaj\u0105c sk\u00f3r\u0119 mi\u0119kk\u0105 i promienn\u0105. Korzy\u015bci dla sk\u00f3ry Intensywne nawil\u017cenie i od\u017cywienie: Pomaga ... Read moreBARONESS Bee Venom Mask Sheet, 21 g &#8211; Maska w p\u0142achcie z jadem pszczelim\" \/>\n<meta property=\"og:url\" content=\"https:\/\/selleetools.com\/product\/baroness-bee-venom-mask-sheet-21-g-maska-w-plachcie-z-jadem-pszczelim\/\" \/>\n<meta property=\"og:site_name\" content=\"Selleetools.com\" \/>\n<meta property=\"article:modified_time\" content=\"2026-01-04T14:26:35+00:00\" \/>\n<meta property=\"og:image\" content=\"https:\/\/selleetools.com\/wp-content\/uploads\/2025\/10\/7a30cd8b2dda378f3715060be81af3fb.jpg\" \/>\n\t<meta property=\"og:image:width\" content=\"681\" \/>\n\t<meta property=\"og:image:height\" content=\"939\" \/>\n\t<meta property=\"og:image:type\" content=\"image\/jpeg\" \/>\n<meta name=\"twitter:card\" content=\"summary_large_image\" \/>\n<meta name=\"twitter:label1\" content=\"Est. reading time\" \/>\n\t<meta name=\"twitter:data1\" content=\"1 minuta\" \/>\n<!-- \/ Yoast SEO plugin. -->","yoast_head_json":{"title":"BARONESS Bee Venom Mask Sheet, 21 g - Maska w p\u0142achcie z jadem pszczelim - Selleetools.com","robots":{"index":"index","follow":"follow","max-snippet":"max-snippet:-1","max-image-preview":"max-image-preview:large","max-video-preview":"max-video-preview:-1"},"canonical":"https:\/\/selleetools.com\/product\/baroness-bee-venom-mask-sheet-21-g-maska-w-plachcie-z-jadem-pszczelim\/","og_locale":"pl_PL","og_type":"article","og_title":"BARONESS Bee Venom Mask Sheet, 21 g - Maska w p\u0142achcie z jadem pszczelim - Selleetools.com","og_description":"BARONESS Bee Venom Mask Sheet to luksusowa maseczka na tkaninie, kt\u00f3ra zapewnia sk\u00f3rze intensywne nawil\u017cenie, od\u017cywienie i regeneracj\u0119. Dzi\u0119ki zawarto\u015bci jadu pszczelego maseczka stymuluje produkcj\u0119 kolagenu i elastyny, co pomaga w wyg\u0142adzaniu zmarszczek i poprawie elastyczno\u015bci sk\u00f3ry. Dodatkowo, dzia\u0142a \u0142agodz\u0105co na podra\u017cnienia, pozostawiaj\u0105c sk\u00f3r\u0119 mi\u0119kk\u0105 i promienn\u0105. Korzy\u015bci dla sk\u00f3ry Intensywne nawil\u017cenie i od\u017cywienie: Pomaga ... Read moreBARONESS Bee Venom Mask Sheet, 21 g &#8211; Maska w p\u0142achcie z jadem pszczelim","og_url":"https:\/\/selleetools.com\/product\/baroness-bee-venom-mask-sheet-21-g-maska-w-plachcie-z-jadem-pszczelim\/","og_site_name":"Selleetools.com","article_modified_time":"2026-01-04T14:26:35+00:00","og_image":[{"width":681,"height":939,"url":"https:\/\/selleetools.com\/wp-content\/uploads\/2025\/10\/7a30cd8b2dda378f3715060be81af3fb.jpg","type":"image\/jpeg"}],"twitter_card":"summary_large_image","twitter_misc":{"Est. reading time":"1 minuta"},"schema":{"@context":"https:\/\/schema.org","@graph":[{"@type":"Organization","@id":"https:\/\/selleetools.com\/#organization","name":"Selleetools","url":"https:\/\/selleetools.com\/","sameAs":[],"logo":{"@type":"ImageObject","inLanguage":"pl-PL","@id":"https:\/\/selleetools.com\/#\/schema\/logo\/image\/","url":"https:\/\/selleetools.com\/wp-content\/uploads\/2021\/10\/logo-dark.png","contentUrl":"https:\/\/selleetools.com\/wp-content\/uploads\/2021\/10\/logo-dark.png","width":320,"height":76,"caption":"Selleetools"},"image":{"@id":"https:\/\/selleetools.com\/#\/schema\/logo\/image\/"}},{"@type":"WebSite","@id":"https:\/\/selleetools.com\/#website","url":"https:\/\/selleetools.com\/","name":"Selleetools.com","description":"","publisher":{"@id":"https:\/\/selleetools.com\/#organization"},"potentialAction":[{"@type":"SearchAction","target":{"@type":"EntryPoint","urlTemplate":"https:\/\/selleetools.com\/?s={search_term_string}"},"query-input":"required name=search_term_string"}],"inLanguage":"pl-PL"},{"@type":"WebPage","@id":"https:\/\/selleetools.com\/product\/baroness-bee-venom-mask-sheet-21-g-maska-w-plachcie-z-jadem-pszczelim\/","url":"https:\/\/selleetools.com\/product\/baroness-bee-venom-mask-sheet-21-g-maska-w-plachcie-z-jadem-pszczelim\/","name":"BARONESS Bee Venom Mask Sheet, 21 g - Maska w p\u0142achcie z jadem pszczelim - Selleetools.com","isPartOf":{"@id":"https:\/\/selleetools.com\/#website"},"datePublished":"2025-10-22T06:48:47+00:00","dateModified":"2026-01-04T14:26:35+00:00","breadcrumb":{"@id":"https:\/\/selleetools.com\/product\/baroness-bee-venom-mask-sheet-21-g-maska-w-plachcie-z-jadem-pszczelim\/#breadcrumb"},"inLanguage":"pl-PL","potentialAction":[{"@type":"ReadAction","target":["https:\/\/selleetools.com\/product\/baroness-bee-venom-mask-sheet-21-g-maska-w-plachcie-z-jadem-pszczelim\/"]}]},{"@type":"BreadcrumbList","@id":"https:\/\/selleetools.com\/product\/baroness-bee-venom-mask-sheet-21-g-maska-w-plachcie-z-jadem-pszczelim\/#breadcrumb","itemListElement":[{"@type":"ListItem","position":1,"name":"Home","item":"https:\/\/selleetools.com\/pl\/"},{"@type":"ListItem","position":2,"name":"Katalog","item":"https:\/\/selleetools.com\/pl\/katalog\/"},{"@type":"ListItem","position":3,"name":"BARONESS Bee Venom Mask Sheet, 21 g &#8211; Maska w p\u0142achcie z jadem pszczelim"}]}]}},"_links":{"self":[{"href":"https:\/\/selleetools.com\/pl\/wp-json\/wp\/v2\/product\/598164"}],"collection":[{"href":"https:\/\/selleetools.com\/pl\/wp-json\/wp\/v2\/product"}],"about":[{"href":"https:\/\/selleetools.com\/pl\/wp-json\/wp\/v2\/types\/product"}],"replies":[{"embeddable":true,"href":"https:\/\/selleetools.com\/pl\/wp-json\/wp\/v2\/comments?post=598164"}],"wp:featuredmedia":[{"embeddable":true,"href":"https:\/\/selleetools.com\/pl\/wp-json\/wp\/v2\/media\/598162"}],"wp:attachment":[{"href":"https:\/\/selleetools.com\/pl\/wp-json\/wp\/v2\/media?parent=598164"}],"curies":[{"name":"wp","href":"https:\/\/api.w.org\/{rel}","templated":true}]}}