{"id":598161,"date":"2025-10-22T08:48:43","date_gmt":"2025-10-22T06:48:43","guid":{"rendered":"https:\/\/selleetools.com\/?post_type=product&#038;p=598161"},"modified":"2026-01-04T15:26:32","modified_gmt":"2026-01-04T14:26:32","slug":"baroness-pearl-mask-sheet-21-g-maska-w-plachcie-z-ekstraktem-z-perel","status":"publish","type":"product","link":"https:\/\/selleetools.com\/pl\/product\/baroness-pearl-mask-sheet-21-g-maska-w-plachcie-z-ekstraktem-z-perel\/","title":{"rendered":"BARONESS Pearl Mask Sheet, 21 g &#8211; Maska w p\u0142achcie z ekstraktem z pere\u0142"},"content":{"rendered":"<p style=\"caret-color: rgb(0, 0, 0); color: rgb(0, 0, 0);\"><font style=\"font-size: 12px;\">BARONESS Pearl Mask Sheet to luksusowa maska w p\u0142achcie, kt\u00f3ra zapewnia intensywne nawil\u017cenie i roz\u015bwietlenie sk\u00f3ry. Maska ta jest idealna dla ka\u017cdego typu cery, szczeg\u00f3lnie polecana dla sk\u00f3ry matowej i zm\u0119czonej. Dzi\u0119ki zawarto\u015bci ekstraktu z pere\u0142, maska skutecznie wyr\u00f3wnuje koloryt sk\u00f3ry, nadaje jej blask i jedwabist\u0105 g\u0142adko\u015b\u0107.<\/font><\/p>\n<h4 style=\"caret-color: rgb(0, 0, 0); color: rgb(0, 0, 0);\"><font style=\"font-size: 12px;\">Korzy\u015bci dla sk\u00f3ry<\/font><\/h4>\n<ul style=\"caret-color: rgb(0, 0, 0); color: rgb(0, 0, 0);\">\n<li><font style=\"font-size: 12px;\">Intensywne nawil\u017cenie<\/font><\/li>\n<li><font style=\"font-size: 12px;\">Roz\u015bwietlenie i poprawa kolorytu<\/font><\/li>\n<li><font style=\"font-size: 12px;\">Wyg\u0142adzenie i od\u017cywienie sk\u00f3ry<\/font><\/li>\n<\/ul>\n<h4 style=\"caret-color: rgb(0, 0, 0); color: rgb(0, 0, 0);\"><font style=\"font-size: 12px;\">Spos\u00f3b u\u017cycia<\/font><\/h4>\n<ol style=\"caret-color: rgb(0, 0, 0); color: rgb(0, 0, 0);\">\n<li><font style=\"font-size: 12px;\">Oczy\u015b\u0107 twarz i zastosuj tonik.<\/font><\/li>\n<li><font style=\"font-size: 12px;\">Na\u0142\u00f3\u017c mask\u0119 na twarz, dopasowuj\u0105c j\u0105 do kontur\u00f3w.<\/font><\/li>\n<li><font style=\"font-size: 12px;\">Pozostaw na 15-20 minut.<\/font><\/li>\n<li><font style=\"font-size: 12px;\">Po zdj\u0119ciu maski, delikatnie wklep pozosta\u0142o\u015bci esencji w sk\u00f3r\u0119.<\/font><\/li>\n<\/ol>\n<p style=\"caret-color: rgb(0, 0, 0); color: rgb(0, 0, 0);\"><font style=\"font-size: 12px;\">Stosuj mask\u0119 regularnie, aby cieszy\u0107 si\u0119 zdrow\u0105 i promienn\u0105 cer\u0105.<\/font><\/p>\n","protected":false},"excerpt":{"rendered":"<p>BARONESS Pearl Mask Sheet to luksusowa maska w p\u0142achcie, kt\u00f3ra zapewnia intensywne nawil\u017cenie i roz\u015bwietlenie sk\u00f3ry. Maska ta jest idealna dla ka\u017cdego typu cery, szczeg\u00f3lnie polecana dla sk\u00f3ry matowej i zm\u0119czonej. Dzi\u0119ki zawarto\u015bci ekstraktu z pere\u0142, maska skutecznie wyr\u00f3wnuje koloryt sk\u00f3ry, nadaje jej blask i jedwabist\u0105 g\u0142adko\u015b\u0107. Korzy\u015bci dla sk\u00f3ry Intensywne nawil\u017cenie Roz\u015bwietlenie i poprawa &#8230; <a title=\"BARONESS Pearl Mask Sheet, 21 g &#8211; Maska w p\u0142achcie z ekstraktem z pere\u0142\" class=\"read-more\" href=\"https:\/\/selleetools.com\/pl\/product\/baroness-pearl-mask-sheet-21-g-maska-w-plachcie-z-ekstraktem-z-perel\/\">Read more<span class=\"screen-reader-text\">BARONESS Pearl Mask Sheet, 21 g &#8211; Maska w p\u0142achcie z ekstraktem z pere\u0142<\/span><\/a><\/p>\n","protected":false},"featured_media":598159,"comment_status":"open","ping_status":"closed","template":"","meta":{"_links_to":"","_links_to_target":""},"yoast_head":"<!-- This site is optimized with the Yoast SEO plugin v19.4 - https:\/\/yoast.com\/wordpress\/plugins\/seo\/ -->\n<title>BARONESS Pearl Mask Sheet, 21 g - Maska w p\u0142achcie z ekstraktem z pere\u0142 - Selleetools.com<\/title>\n<meta name=\"robots\" content=\"index, follow, max-snippet:-1, max-image-preview:large, max-video-preview:-1\" \/>\n<link rel=\"canonical\" href=\"https:\/\/selleetools.com\/pl\/product\/baroness-pearl-mask-sheet-21-g-maska-w-plachcie-z-ekstraktem-z-perel\/\" \/>\n<meta property=\"og:locale\" content=\"pl_PL\" \/>\n<meta property=\"og:type\" content=\"article\" \/>\n<meta property=\"og:title\" content=\"BARONESS Pearl Mask Sheet, 21 g - Maska w p\u0142achcie z ekstraktem z pere\u0142 - Selleetools.com\" \/>\n<meta property=\"og:description\" content=\"BARONESS Pearl Mask Sheet to luksusowa maska w p\u0142achcie, kt\u00f3ra zapewnia intensywne nawil\u017cenie i roz\u015bwietlenie sk\u00f3ry. Maska ta jest idealna dla ka\u017cdego typu cery, szczeg\u00f3lnie polecana dla sk\u00f3ry matowej i zm\u0119czonej. Dzi\u0119ki zawarto\u015bci ekstraktu z pere\u0142, maska skutecznie wyr\u00f3wnuje koloryt sk\u00f3ry, nadaje jej blask i jedwabist\u0105 g\u0142adko\u015b\u0107. Korzy\u015bci dla sk\u00f3ry Intensywne nawil\u017cenie Roz\u015bwietlenie i poprawa ... Read moreBARONESS Pearl Mask Sheet, 21 g &#8211; Maska w p\u0142achcie z ekstraktem z pere\u0142\" \/>\n<meta property=\"og:url\" content=\"https:\/\/selleetools.com\/pl\/product\/baroness-pearl-mask-sheet-21-g-maska-w-plachcie-z-ekstraktem-z-perel\/\" \/>\n<meta property=\"og:site_name\" content=\"Selleetools.com\" \/>\n<meta property=\"article:modified_time\" content=\"2026-01-04T14:26:32+00:00\" \/>\n<meta property=\"og:image\" content=\"https:\/\/selleetools.com\/wp-content\/uploads\/2025\/10\/fb793435fea4e94899a41de8ab4bd1c2.jpg\" \/>\n\t<meta property=\"og:image:width\" content=\"602\" \/>\n\t<meta property=\"og:image:height\" content=\"800\" \/>\n\t<meta property=\"og:image:type\" content=\"image\/jpeg\" \/>\n<meta name=\"twitter:card\" content=\"summary_large_image\" \/>\n<meta name=\"twitter:label1\" content=\"Est. reading time\" \/>\n\t<meta name=\"twitter:data1\" content=\"1 minuta\" \/>\n<!-- \/ Yoast SEO plugin. -->","yoast_head_json":{"title":"BARONESS Pearl Mask Sheet, 21 g - Maska w p\u0142achcie z ekstraktem z pere\u0142 - Selleetools.com","robots":{"index":"index","follow":"follow","max-snippet":"max-snippet:-1","max-image-preview":"max-image-preview:large","max-video-preview":"max-video-preview:-1"},"canonical":"https:\/\/selleetools.com\/pl\/product\/baroness-pearl-mask-sheet-21-g-maska-w-plachcie-z-ekstraktem-z-perel\/","og_locale":"pl_PL","og_type":"article","og_title":"BARONESS Pearl Mask Sheet, 21 g - Maska w p\u0142achcie z ekstraktem z pere\u0142 - Selleetools.com","og_description":"BARONESS Pearl Mask Sheet to luksusowa maska w p\u0142achcie, kt\u00f3ra zapewnia intensywne nawil\u017cenie i roz\u015bwietlenie sk\u00f3ry. Maska ta jest idealna dla ka\u017cdego typu cery, szczeg\u00f3lnie polecana dla sk\u00f3ry matowej i zm\u0119czonej. Dzi\u0119ki zawarto\u015bci ekstraktu z pere\u0142, maska skutecznie wyr\u00f3wnuje koloryt sk\u00f3ry, nadaje jej blask i jedwabist\u0105 g\u0142adko\u015b\u0107. Korzy\u015bci dla sk\u00f3ry Intensywne nawil\u017cenie Roz\u015bwietlenie i poprawa ... Read moreBARONESS Pearl Mask Sheet, 21 g &#8211; Maska w p\u0142achcie z ekstraktem z pere\u0142","og_url":"https:\/\/selleetools.com\/pl\/product\/baroness-pearl-mask-sheet-21-g-maska-w-plachcie-z-ekstraktem-z-perel\/","og_site_name":"Selleetools.com","article_modified_time":"2026-01-04T14:26:32+00:00","og_image":[{"width":602,"height":800,"url":"https:\/\/selleetools.com\/wp-content\/uploads\/2025\/10\/fb793435fea4e94899a41de8ab4bd1c2.jpg","type":"image\/jpeg"}],"twitter_card":"summary_large_image","twitter_misc":{"Est. reading time":"1 minuta"},"schema":{"@context":"https:\/\/schema.org","@graph":[{"@type":"Organization","@id":"https:\/\/selleetools.com\/#organization","name":"Selleetools","url":"https:\/\/selleetools.com\/","sameAs":[],"logo":{"@type":"ImageObject","inLanguage":"pl-PL","@id":"https:\/\/selleetools.com\/#\/schema\/logo\/image\/","url":"https:\/\/selleetools.com\/wp-content\/uploads\/2021\/10\/logo-dark.png","contentUrl":"https:\/\/selleetools.com\/wp-content\/uploads\/2021\/10\/logo-dark.png","width":320,"height":76,"caption":"Selleetools"},"image":{"@id":"https:\/\/selleetools.com\/#\/schema\/logo\/image\/"}},{"@type":"WebSite","@id":"https:\/\/selleetools.com\/#website","url":"https:\/\/selleetools.com\/","name":"Selleetools.com","description":"","publisher":{"@id":"https:\/\/selleetools.com\/#organization"},"potentialAction":[{"@type":"SearchAction","target":{"@type":"EntryPoint","urlTemplate":"https:\/\/selleetools.com\/?s={search_term_string}"},"query-input":"required name=search_term_string"}],"inLanguage":"pl-PL"},{"@type":"WebPage","@id":"https:\/\/selleetools.com\/pl\/product\/baroness-pearl-mask-sheet-21-g-maska-w-plachcie-z-ekstraktem-z-perel\/","url":"https:\/\/selleetools.com\/pl\/product\/baroness-pearl-mask-sheet-21-g-maska-w-plachcie-z-ekstraktem-z-perel\/","name":"BARONESS Pearl Mask Sheet, 21 g - Maska w p\u0142achcie z ekstraktem z pere\u0142 - Selleetools.com","isPartOf":{"@id":"https:\/\/selleetools.com\/#website"},"datePublished":"2025-10-22T06:48:43+00:00","dateModified":"2026-01-04T14:26:32+00:00","breadcrumb":{"@id":"https:\/\/selleetools.com\/pl\/product\/baroness-pearl-mask-sheet-21-g-maska-w-plachcie-z-ekstraktem-z-perel\/#breadcrumb"},"inLanguage":"pl-PL","potentialAction":[{"@type":"ReadAction","target":["https:\/\/selleetools.com\/pl\/product\/baroness-pearl-mask-sheet-21-g-maska-w-plachcie-z-ekstraktem-z-perel\/"]}]},{"@type":"BreadcrumbList","@id":"https:\/\/selleetools.com\/pl\/product\/baroness-pearl-mask-sheet-21-g-maska-w-plachcie-z-ekstraktem-z-perel\/#breadcrumb","itemListElement":[{"@type":"ListItem","position":1,"name":"Home","item":"https:\/\/selleetools.com\/pl\/"},{"@type":"ListItem","position":2,"name":"Katalog","item":"https:\/\/selleetools.com\/pl\/katalog\/"},{"@type":"ListItem","position":3,"name":"BARONESS Pearl Mask Sheet, 21 g &#8211; Maska w p\u0142achcie z ekstraktem z pere\u0142"}]}]}},"_links":{"self":[{"href":"https:\/\/selleetools.com\/pl\/wp-json\/wp\/v2\/product\/598161"}],"collection":[{"href":"https:\/\/selleetools.com\/pl\/wp-json\/wp\/v2\/product"}],"about":[{"href":"https:\/\/selleetools.com\/pl\/wp-json\/wp\/v2\/types\/product"}],"replies":[{"embeddable":true,"href":"https:\/\/selleetools.com\/pl\/wp-json\/wp\/v2\/comments?post=598161"}],"wp:featuredmedia":[{"embeddable":true,"href":"https:\/\/selleetools.com\/pl\/wp-json\/wp\/v2\/media\/598159"}],"wp:attachment":[{"href":"https:\/\/selleetools.com\/pl\/wp-json\/wp\/v2\/media?parent=598161"}],"curies":[{"name":"wp","href":"https:\/\/api.w.org\/{rel}","templated":true}]}}