{"id":598158,"date":"2025-10-22T08:48:40","date_gmt":"2025-10-22T06:48:40","guid":{"rendered":"https:\/\/selleetools.com\/?post_type=product&#038;p=598158"},"modified":"2025-10-23T19:12:34","modified_gmt":"2025-10-23T17:12:34","slug":"baroness-collagen-mask-sheet-21-g-ujedrniajaca-maska-w-plachcie-z-kolagenem","status":"publish","type":"product","link":"https:\/\/selleetools.com\/pl\/product\/baroness-collagen-mask-sheet-21-g-ujedrniajaca-maska-w-plachcie-z-kolagenem\/","title":{"rendered":"BARONESS Collagen Mask Sheet, 21 g &#8211; Uj\u0119drniaj\u0105ca maska w p\u0142achcie z kolagenem"},"content":{"rendered":"<p style=\"caret-color: rgb(0, 0, 0); color: rgb(0, 0, 0);\"><font style=\"font-size: 12px;\">BARONESS Collagen Mask Sheet to nawil\u017caj\u0105ca maseczka w p\u0142achcie, kt\u00f3ra intensywnie regeneruje i uj\u0119drnia sk\u00f3r\u0119. Dzi\u0119ki zawarto\u015bci kolagenu, maseczka poprawia elastyczno\u015b\u0107 sk\u00f3ry, wyg\u0142adza drobne zmarszczki i pozostawia cer\u0119 od\u015bwie\u017con\u0105 oraz promienn\u0105.\u00a0<\/font><span style=\"font-size: 12px; background: var(--elevation-bg);\">Maseczka BARONESS Collagen Mask Sheet to doskona\u0142y spos\u00f3b na szybkie i skuteczne nawil\u017cenie oraz uj\u0119drnienie sk\u00f3ry, idealna do stosowania raz lub dwa razy w tygodniu dla uzyskania optymalnych efekt\u00f3w.<\/span><\/p>\n<h4 style=\"caret-color: rgb(0, 0, 0); color: rgb(0, 0, 0);\"><font style=\"font-size: 12px;\">Korzy\u015bci dla sk\u00f3ry<\/font><\/h4>\n<ul style=\"caret-color: rgb(0, 0, 0); color: rgb(0, 0, 0);\">\n<li><font style=\"font-size: 12px;\"><strong>Nawil\u017cenie<\/strong>: G\u0142\u0119boko nawil\u017ca i od\u017cywia sk\u00f3r\u0119, zapobiegaj\u0105c jej wysuszeniu.<\/font><\/li>\n<li><font style=\"font-size: 12px;\"><strong>Uj\u0119drnienie i wyg\u0142adzenie<\/strong>: Poprawia elastyczno\u015b\u0107 sk\u00f3ry i redukuje widoczno\u015b\u0107 drobnych zmarszczek.<\/font><\/li>\n<li><font style=\"font-size: 12px;\"><strong>Od\u015bwie\u017cenie<\/strong>: Pozostawia sk\u00f3r\u0119 mi\u0119kk\u0105, g\u0142adk\u0105 i promienn\u0105.<\/font><\/li>\n<\/ul>\n<h4 style=\"caret-color: rgb(0, 0, 0); color: rgb(0, 0, 0);\"><font style=\"font-size: 12px;\">Spos\u00f3b u\u017cycia<\/font><\/h4>\n<ol style=\"caret-color: rgb(0, 0, 0); color: rgb(0, 0, 0);\">\n<li><font style=\"font-size: 12px;\"><strong>Oczyszczenie<\/strong>: Umyj twarz i osusz j\u0105 delikatnie r\u0119cznikiem.<\/font><\/li>\n<li><font style=\"font-size: 12px;\"><strong>Aplikacja<\/strong>: Wyjmij maseczk\u0119 z opakowania i na\u0142\u00f3\u017c j\u0105 r\u00f3wnomiernie na twarz, dopasowuj\u0105c do kszta\u0142tu twarzy.<\/font><\/li>\n<li><font style=\"font-size: 12px;\"><strong>Czas dzia\u0142ania<\/strong>: Pozostaw maseczk\u0119 na twarzy na oko\u0142o 15-20 minut.<\/font><\/li>\n<li><font style=\"font-size: 12px;\"><strong>Zako\u0144czenie<\/strong>: Po up\u0142ywie czasu zdejmij maseczk\u0119, a pozosta\u0142y na sk\u00f3rze esencj\u0119 delikatnie wklep opuszkami palc\u00f3w, aby lepiej si\u0119 wch\u0142on\u0119\u0142a.<\/font><\/li>\n<\/ol>\n<p style=\"caret-color: rgb(0, 0, 0); color: rgb(0, 0, 0);\"><\/p>\n","protected":false},"excerpt":{"rendered":"<p>BARONESS Collagen Mask Sheet to nawil\u017caj\u0105ca maseczka w p\u0142achcie, kt\u00f3ra intensywnie regeneruje i uj\u0119drnia sk\u00f3r\u0119. Dzi\u0119ki zawarto\u015bci kolagenu, maseczka poprawia elastyczno\u015b\u0107 sk\u00f3ry, wyg\u0142adza drobne zmarszczki i pozostawia cer\u0119 od\u015bwie\u017con\u0105 oraz promienn\u0105.\u00a0Maseczka BARONESS Collagen Mask Sheet to doskona\u0142y spos\u00f3b na szybkie i skuteczne nawil\u017cenie oraz uj\u0119drnienie sk\u00f3ry, idealna do stosowania raz lub dwa razy w tygodniu &#8230; <a title=\"BARONESS Collagen Mask Sheet, 21 g &#8211; Uj\u0119drniaj\u0105ca maska w p\u0142achcie z kolagenem\" class=\"read-more\" href=\"https:\/\/selleetools.com\/pl\/product\/baroness-collagen-mask-sheet-21-g-ujedrniajaca-maska-w-plachcie-z-kolagenem\/\">Read more<span class=\"screen-reader-text\">BARONESS Collagen Mask Sheet, 21 g &#8211; Uj\u0119drniaj\u0105ca maska w p\u0142achcie z kolagenem<\/span><\/a><\/p>\n","protected":false},"featured_media":598156,"comment_status":"open","ping_status":"closed","template":"","meta":{"_links_to":"","_links_to_target":""},"yoast_head":"<!-- This site is optimized with the Yoast SEO plugin v19.4 - https:\/\/yoast.com\/wordpress\/plugins\/seo\/ -->\n<title>BARONESS Collagen Mask Sheet, 21 g - Uj\u0119drniaj\u0105ca maska w p\u0142achcie z kolagenem - Selleetools.com<\/title>\n<meta name=\"robots\" content=\"index, follow, max-snippet:-1, max-image-preview:large, max-video-preview:-1\" \/>\n<link rel=\"canonical\" href=\"https:\/\/selleetools.com\/pl\/product\/baroness-collagen-mask-sheet-21-g-ujedrniajaca-maska-w-plachcie-z-kolagenem\/\" \/>\n<meta property=\"og:locale\" content=\"pl_PL\" \/>\n<meta property=\"og:type\" content=\"article\" \/>\n<meta property=\"og:title\" content=\"BARONESS Collagen Mask Sheet, 21 g - Uj\u0119drniaj\u0105ca maska w p\u0142achcie z kolagenem - Selleetools.com\" \/>\n<meta property=\"og:description\" content=\"BARONESS Collagen Mask Sheet to nawil\u017caj\u0105ca maseczka w p\u0142achcie, kt\u00f3ra intensywnie regeneruje i uj\u0119drnia sk\u00f3r\u0119. Dzi\u0119ki zawarto\u015bci kolagenu, maseczka poprawia elastyczno\u015b\u0107 sk\u00f3ry, wyg\u0142adza drobne zmarszczki i pozostawia cer\u0119 od\u015bwie\u017con\u0105 oraz promienn\u0105.\u00a0Maseczka BARONESS Collagen Mask Sheet to doskona\u0142y spos\u00f3b na szybkie i skuteczne nawil\u017cenie oraz uj\u0119drnienie sk\u00f3ry, idealna do stosowania raz lub dwa razy w tygodniu ... Read moreBARONESS Collagen Mask Sheet, 21 g &#8211; Uj\u0119drniaj\u0105ca maska w p\u0142achcie z kolagenem\" \/>\n<meta property=\"og:url\" content=\"https:\/\/selleetools.com\/pl\/product\/baroness-collagen-mask-sheet-21-g-ujedrniajaca-maska-w-plachcie-z-kolagenem\/\" \/>\n<meta property=\"og:site_name\" content=\"Selleetools.com\" \/>\n<meta property=\"article:modified_time\" content=\"2025-10-23T17:12:34+00:00\" \/>\n<meta property=\"og:image\" content=\"https:\/\/selleetools.com\/wp-content\/uploads\/2025\/10\/552e80e4fb6acffc38fd9bc9ace0f472.jpg\" \/>\n\t<meta property=\"og:image:width\" content=\"257\" \/>\n\t<meta property=\"og:image:height\" content=\"350\" \/>\n\t<meta property=\"og:image:type\" content=\"image\/jpeg\" \/>\n<meta name=\"twitter:card\" content=\"summary_large_image\" \/>\n<meta name=\"twitter:label1\" content=\"Est. reading time\" \/>\n\t<meta name=\"twitter:data1\" content=\"1 minuta\" \/>\n<!-- \/ Yoast SEO plugin. -->","yoast_head_json":{"title":"BARONESS Collagen Mask Sheet, 21 g - Uj\u0119drniaj\u0105ca maska w p\u0142achcie z kolagenem - Selleetools.com","robots":{"index":"index","follow":"follow","max-snippet":"max-snippet:-1","max-image-preview":"max-image-preview:large","max-video-preview":"max-video-preview:-1"},"canonical":"https:\/\/selleetools.com\/pl\/product\/baroness-collagen-mask-sheet-21-g-ujedrniajaca-maska-w-plachcie-z-kolagenem\/","og_locale":"pl_PL","og_type":"article","og_title":"BARONESS Collagen Mask Sheet, 21 g - Uj\u0119drniaj\u0105ca maska w p\u0142achcie z kolagenem - Selleetools.com","og_description":"BARONESS Collagen Mask Sheet to nawil\u017caj\u0105ca maseczka w p\u0142achcie, kt\u00f3ra intensywnie regeneruje i uj\u0119drnia sk\u00f3r\u0119. Dzi\u0119ki zawarto\u015bci kolagenu, maseczka poprawia elastyczno\u015b\u0107 sk\u00f3ry, wyg\u0142adza drobne zmarszczki i pozostawia cer\u0119 od\u015bwie\u017con\u0105 oraz promienn\u0105.\u00a0Maseczka BARONESS Collagen Mask Sheet to doskona\u0142y spos\u00f3b na szybkie i skuteczne nawil\u017cenie oraz uj\u0119drnienie sk\u00f3ry, idealna do stosowania raz lub dwa razy w tygodniu ... Read moreBARONESS Collagen Mask Sheet, 21 g &#8211; Uj\u0119drniaj\u0105ca maska w p\u0142achcie z kolagenem","og_url":"https:\/\/selleetools.com\/pl\/product\/baroness-collagen-mask-sheet-21-g-ujedrniajaca-maska-w-plachcie-z-kolagenem\/","og_site_name":"Selleetools.com","article_modified_time":"2025-10-23T17:12:34+00:00","og_image":[{"width":257,"height":350,"url":"https:\/\/selleetools.com\/wp-content\/uploads\/2025\/10\/552e80e4fb6acffc38fd9bc9ace0f472.jpg","type":"image\/jpeg"}],"twitter_card":"summary_large_image","twitter_misc":{"Est. reading time":"1 minuta"},"schema":{"@context":"https:\/\/schema.org","@graph":[{"@type":"Organization","@id":"https:\/\/selleetools.com\/#organization","name":"Selleetools","url":"https:\/\/selleetools.com\/","sameAs":[],"logo":{"@type":"ImageObject","inLanguage":"pl-PL","@id":"https:\/\/selleetools.com\/#\/schema\/logo\/image\/","url":"https:\/\/selleetools.com\/wp-content\/uploads\/2021\/10\/logo-dark.png","contentUrl":"https:\/\/selleetools.com\/wp-content\/uploads\/2021\/10\/logo-dark.png","width":320,"height":76,"caption":"Selleetools"},"image":{"@id":"https:\/\/selleetools.com\/#\/schema\/logo\/image\/"}},{"@type":"WebSite","@id":"https:\/\/selleetools.com\/#website","url":"https:\/\/selleetools.com\/","name":"Selleetools.com","description":"","publisher":{"@id":"https:\/\/selleetools.com\/#organization"},"potentialAction":[{"@type":"SearchAction","target":{"@type":"EntryPoint","urlTemplate":"https:\/\/selleetools.com\/?s={search_term_string}"},"query-input":"required name=search_term_string"}],"inLanguage":"pl-PL"},{"@type":"WebPage","@id":"https:\/\/selleetools.com\/pl\/product\/baroness-collagen-mask-sheet-21-g-ujedrniajaca-maska-w-plachcie-z-kolagenem\/","url":"https:\/\/selleetools.com\/pl\/product\/baroness-collagen-mask-sheet-21-g-ujedrniajaca-maska-w-plachcie-z-kolagenem\/","name":"BARONESS Collagen Mask Sheet, 21 g - Uj\u0119drniaj\u0105ca maska w p\u0142achcie z kolagenem - Selleetools.com","isPartOf":{"@id":"https:\/\/selleetools.com\/#website"},"datePublished":"2025-10-22T06:48:40+00:00","dateModified":"2025-10-23T17:12:34+00:00","breadcrumb":{"@id":"https:\/\/selleetools.com\/pl\/product\/baroness-collagen-mask-sheet-21-g-ujedrniajaca-maska-w-plachcie-z-kolagenem\/#breadcrumb"},"inLanguage":"pl-PL","potentialAction":[{"@type":"ReadAction","target":["https:\/\/selleetools.com\/pl\/product\/baroness-collagen-mask-sheet-21-g-ujedrniajaca-maska-w-plachcie-z-kolagenem\/"]}]},{"@type":"BreadcrumbList","@id":"https:\/\/selleetools.com\/pl\/product\/baroness-collagen-mask-sheet-21-g-ujedrniajaca-maska-w-plachcie-z-kolagenem\/#breadcrumb","itemListElement":[{"@type":"ListItem","position":1,"name":"Home","item":"https:\/\/selleetools.com\/pl\/"},{"@type":"ListItem","position":2,"name":"Katalog","item":"https:\/\/selleetools.com\/pl\/katalog\/"},{"@type":"ListItem","position":3,"name":"BARONESS Collagen Mask Sheet, 21 g &#8211; Uj\u0119drniaj\u0105ca maska w p\u0142achcie z kolagenem"}]}]}},"_links":{"self":[{"href":"https:\/\/selleetools.com\/pl\/wp-json\/wp\/v2\/product\/598158"}],"collection":[{"href":"https:\/\/selleetools.com\/pl\/wp-json\/wp\/v2\/product"}],"about":[{"href":"https:\/\/selleetools.com\/pl\/wp-json\/wp\/v2\/types\/product"}],"replies":[{"embeddable":true,"href":"https:\/\/selleetools.com\/pl\/wp-json\/wp\/v2\/comments?post=598158"}],"wp:featuredmedia":[{"embeddable":true,"href":"https:\/\/selleetools.com\/pl\/wp-json\/wp\/v2\/media\/598156"}],"wp:attachment":[{"href":"https:\/\/selleetools.com\/pl\/wp-json\/wp\/v2\/media?parent=598158"}],"curies":[{"name":"wp","href":"https:\/\/api.w.org\/{rel}","templated":true}]}}