{"id":598155,"date":"2025-10-22T08:48:37","date_gmt":"2025-10-22T06:48:37","guid":{"rendered":"https:\/\/selleetools.com\/?post_type=product&#038;p=598155"},"modified":"2026-01-04T15:26:29","modified_gmt":"2026-01-04T14:26:29","slug":"baroness-green-tea-mask-sheet-21-g-maska-w-plachcie-z-ekstraktem-z-zielonej-herbaty","status":"publish","type":"product","link":"https:\/\/selleetools.com\/pl\/product\/baroness-green-tea-mask-sheet-21-g-maska-w-plachcie-z-ekstraktem-z-zielonej-herbaty\/","title":{"rendered":"BARONESS Green Tea Mask Sheet, 21 g &#8211; Maska w p\u0142achcie z ekstraktem z zielonej herbaty"},"content":{"rendered":"<p style=\"caret-color: rgb(0, 0, 0); color: rgb(0, 0, 0);\"><font style=\"font-size: 12px;\">BARONESS Green Tea Mask Sheet to nawil\u017caj\u0105ca i koj\u0105ca maseczka w p\u0142achcie, kt\u00f3ra wykorzystuje moc zielonej herbaty, aby od\u017cywi\u0107 i zregenerowa\u0107 sk\u00f3r\u0119. Maseczka dzia\u0142a relaksuj\u0105co, redukuj\u0105c podra\u017cnienia i zaczerwienienia, jednocze\u015bnie g\u0142\u0119boko nawil\u017caj\u0105c sk\u00f3r\u0119. Regularne stosowanie maseczki poprawia elastyczno\u015b\u0107 i promienno\u015b\u0107 cery.<\/font><\/p>\n<h4 style=\"caret-color: rgb(0, 0, 0); color: rgb(0, 0, 0);\"><font style=\"font-size: 12px;\">Korzy\u015bci dla sk\u00f3ry<\/font><\/h4>\n<ul style=\"caret-color: rgb(0, 0, 0); color: rgb(0, 0, 0);\">\n<li><font style=\"font-size: 12px;\">Intensywne nawil\u017cenie i od\u017cywienie.<\/font><\/li>\n<li><font style=\"font-size: 12px;\">Redukcja podra\u017cnie\u0144 i zaczerwienie\u0144.<\/font><\/li>\n<li><font style=\"font-size: 12px;\">Poprawa elastyczno\u015bci i promienno\u015bci sk\u00f3ry.<\/font><\/li>\n<\/ul>\n<h4 style=\"caret-color: rgb(0, 0, 0); color: rgb(0, 0, 0);\"><font style=\"font-size: 12px;\">Spos\u00f3b u\u017cycia:<\/font><\/h4>\n<p style=\"caret-color: rgb(0, 0, 0); color: rgb(0, 0, 0);\"><font style=\"font-size: 12px;\">Na\u0142\u00f3\u017c maseczk\u0119 na oczyszczon\u0105 twarz, dopasowuj\u0105c j\u0105 do kontur\u00f3w twarzy. Pozostaw na 15-20 minut, nast\u0119pnie zdejmij i delikatnie wmasuj pozosta\u0142o\u015bci esencji w sk\u00f3r\u0119, aby ca\u0142kowicie si\u0119 wch\u0142on\u0119\u0142y. Stosuj 2-3 razy w tygodniu dla najlepszych efekt\u00f3w.<\/font><\/p>\n","protected":false},"excerpt":{"rendered":"<p>BARONESS Green Tea Mask Sheet to nawil\u017caj\u0105ca i koj\u0105ca maseczka w p\u0142achcie, kt\u00f3ra wykorzystuje moc zielonej herbaty, aby od\u017cywi\u0107 i zregenerowa\u0107 sk\u00f3r\u0119. Maseczka dzia\u0142a relaksuj\u0105co, redukuj\u0105c podra\u017cnienia i zaczerwienienia, jednocze\u015bnie g\u0142\u0119boko nawil\u017caj\u0105c sk\u00f3r\u0119. Regularne stosowanie maseczki poprawia elastyczno\u015b\u0107 i promienno\u015b\u0107 cery. Korzy\u015bci dla sk\u00f3ry Intensywne nawil\u017cenie i od\u017cywienie. Redukcja podra\u017cnie\u0144 i zaczerwienie\u0144. Poprawa elastyczno\u015bci i &#8230; <a title=\"BARONESS Green Tea Mask Sheet, 21 g &#8211; Maska w p\u0142achcie z ekstraktem z zielonej herbaty\" class=\"read-more\" href=\"https:\/\/selleetools.com\/pl\/product\/baroness-green-tea-mask-sheet-21-g-maska-w-plachcie-z-ekstraktem-z-zielonej-herbaty\/\">Read more<span class=\"screen-reader-text\">BARONESS Green Tea Mask Sheet, 21 g &#8211; Maska w p\u0142achcie z ekstraktem z zielonej herbaty<\/span><\/a><\/p>\n","protected":false},"featured_media":598153,"comment_status":"open","ping_status":"closed","template":"","meta":{"_links_to":"","_links_to_target":""},"yoast_head":"<!-- This site is optimized with the Yoast SEO plugin v19.4 - https:\/\/yoast.com\/wordpress\/plugins\/seo\/ -->\n<title>BARONESS Green Tea Mask Sheet, 21 g - Maska w p\u0142achcie z ekstraktem z zielonej herbaty - Selleetools.com<\/title>\n<meta name=\"robots\" content=\"index, follow, max-snippet:-1, max-image-preview:large, max-video-preview:-1\" \/>\n<link rel=\"canonical\" href=\"https:\/\/admincentral.selleetools.com\/pl\/product\/baroness-green-tea-mask-sheet-21-g-maska-w-plachcie-z-ekstraktem-z-zielonej-herbaty\/\" \/>\n<meta property=\"og:locale\" content=\"pl_PL\" \/>\n<meta property=\"og:type\" content=\"article\" \/>\n<meta property=\"og:title\" content=\"BARONESS Green Tea Mask Sheet, 21 g - Maska w p\u0142achcie z ekstraktem z zielonej herbaty - Selleetools.com\" \/>\n<meta property=\"og:description\" content=\"BARONESS Green Tea Mask Sheet to nawil\u017caj\u0105ca i koj\u0105ca maseczka w p\u0142achcie, kt\u00f3ra wykorzystuje moc zielonej herbaty, aby od\u017cywi\u0107 i zregenerowa\u0107 sk\u00f3r\u0119. Maseczka dzia\u0142a relaksuj\u0105co, redukuj\u0105c podra\u017cnienia i zaczerwienienia, jednocze\u015bnie g\u0142\u0119boko nawil\u017caj\u0105c sk\u00f3r\u0119. Regularne stosowanie maseczki poprawia elastyczno\u015b\u0107 i promienno\u015b\u0107 cery. Korzy\u015bci dla sk\u00f3ry Intensywne nawil\u017cenie i od\u017cywienie. Redukcja podra\u017cnie\u0144 i zaczerwienie\u0144. Poprawa elastyczno\u015bci i ... Read moreBARONESS Green Tea Mask Sheet, 21 g &#8211; Maska w p\u0142achcie z ekstraktem z zielonej herbaty\" \/>\n<meta property=\"og:url\" content=\"https:\/\/admincentral.selleetools.com\/pl\/product\/baroness-green-tea-mask-sheet-21-g-maska-w-plachcie-z-ekstraktem-z-zielonej-herbaty\/\" \/>\n<meta property=\"og:site_name\" content=\"Selleetools.com\" \/>\n<meta property=\"article:modified_time\" content=\"2026-01-04T14:26:29+00:00\" \/>\n<meta property=\"og:image\" content=\"https:\/\/selleetools.com\/wp-content\/uploads\/2025\/10\/c41857b428abab621f23cf9607666f09.jpg\" \/>\n\t<meta property=\"og:image:width\" content=\"407\" \/>\n\t<meta property=\"og:image:height\" content=\"543\" \/>\n\t<meta property=\"og:image:type\" content=\"image\/jpeg\" \/>\n<meta name=\"twitter:card\" content=\"summary_large_image\" \/>\n<meta name=\"twitter:label1\" content=\"Est. reading time\" \/>\n\t<meta name=\"twitter:data1\" content=\"1 minuta\" \/>\n<!-- \/ Yoast SEO plugin. -->","yoast_head_json":{"title":"BARONESS Green Tea Mask Sheet, 21 g - Maska w p\u0142achcie z ekstraktem z zielonej herbaty - Selleetools.com","robots":{"index":"index","follow":"follow","max-snippet":"max-snippet:-1","max-image-preview":"max-image-preview:large","max-video-preview":"max-video-preview:-1"},"canonical":"https:\/\/admincentral.selleetools.com\/pl\/product\/baroness-green-tea-mask-sheet-21-g-maska-w-plachcie-z-ekstraktem-z-zielonej-herbaty\/","og_locale":"pl_PL","og_type":"article","og_title":"BARONESS Green Tea Mask Sheet, 21 g - Maska w p\u0142achcie z ekstraktem z zielonej herbaty - Selleetools.com","og_description":"BARONESS Green Tea Mask Sheet to nawil\u017caj\u0105ca i koj\u0105ca maseczka w p\u0142achcie, kt\u00f3ra wykorzystuje moc zielonej herbaty, aby od\u017cywi\u0107 i zregenerowa\u0107 sk\u00f3r\u0119. Maseczka dzia\u0142a relaksuj\u0105co, redukuj\u0105c podra\u017cnienia i zaczerwienienia, jednocze\u015bnie g\u0142\u0119boko nawil\u017caj\u0105c sk\u00f3r\u0119. Regularne stosowanie maseczki poprawia elastyczno\u015b\u0107 i promienno\u015b\u0107 cery. Korzy\u015bci dla sk\u00f3ry Intensywne nawil\u017cenie i od\u017cywienie. Redukcja podra\u017cnie\u0144 i zaczerwienie\u0144. Poprawa elastyczno\u015bci i ... Read moreBARONESS Green Tea Mask Sheet, 21 g &#8211; Maska w p\u0142achcie z ekstraktem z zielonej herbaty","og_url":"https:\/\/admincentral.selleetools.com\/pl\/product\/baroness-green-tea-mask-sheet-21-g-maska-w-plachcie-z-ekstraktem-z-zielonej-herbaty\/","og_site_name":"Selleetools.com","article_modified_time":"2026-01-04T14:26:29+00:00","og_image":[{"width":407,"height":543,"url":"https:\/\/selleetools.com\/wp-content\/uploads\/2025\/10\/c41857b428abab621f23cf9607666f09.jpg","type":"image\/jpeg"}],"twitter_card":"summary_large_image","twitter_misc":{"Est. reading time":"1 minuta"},"schema":{"@context":"https:\/\/schema.org","@graph":[{"@type":"Organization","@id":"https:\/\/selleetools.com\/#organization","name":"Selleetools","url":"https:\/\/selleetools.com\/","sameAs":[],"logo":{"@type":"ImageObject","inLanguage":"pl-PL","@id":"https:\/\/selleetools.com\/#\/schema\/logo\/image\/","url":"https:\/\/selleetools.com\/wp-content\/uploads\/2021\/10\/logo-dark.png","contentUrl":"https:\/\/selleetools.com\/wp-content\/uploads\/2021\/10\/logo-dark.png","width":320,"height":76,"caption":"Selleetools"},"image":{"@id":"https:\/\/selleetools.com\/#\/schema\/logo\/image\/"}},{"@type":"WebSite","@id":"https:\/\/selleetools.com\/#website","url":"https:\/\/selleetools.com\/","name":"Selleetools.com","description":"","publisher":{"@id":"https:\/\/selleetools.com\/#organization"},"potentialAction":[{"@type":"SearchAction","target":{"@type":"EntryPoint","urlTemplate":"https:\/\/selleetools.com\/?s={search_term_string}"},"query-input":"required name=search_term_string"}],"inLanguage":"pl-PL"},{"@type":"WebPage","@id":"https:\/\/admincentral.selleetools.com\/pl\/product\/baroness-green-tea-mask-sheet-21-g-maska-w-plachcie-z-ekstraktem-z-zielonej-herbaty\/","url":"https:\/\/admincentral.selleetools.com\/pl\/product\/baroness-green-tea-mask-sheet-21-g-maska-w-plachcie-z-ekstraktem-z-zielonej-herbaty\/","name":"BARONESS Green Tea Mask Sheet, 21 g - Maska w p\u0142achcie z ekstraktem z zielonej herbaty - Selleetools.com","isPartOf":{"@id":"https:\/\/selleetools.com\/#website"},"datePublished":"2025-10-22T06:48:37+00:00","dateModified":"2026-01-04T14:26:29+00:00","breadcrumb":{"@id":"https:\/\/admincentral.selleetools.com\/pl\/product\/baroness-green-tea-mask-sheet-21-g-maska-w-plachcie-z-ekstraktem-z-zielonej-herbaty\/#breadcrumb"},"inLanguage":"pl-PL","potentialAction":[{"@type":"ReadAction","target":["https:\/\/admincentral.selleetools.com\/pl\/product\/baroness-green-tea-mask-sheet-21-g-maska-w-plachcie-z-ekstraktem-z-zielonej-herbaty\/"]}]},{"@type":"BreadcrumbList","@id":"https:\/\/admincentral.selleetools.com\/pl\/product\/baroness-green-tea-mask-sheet-21-g-maska-w-plachcie-z-ekstraktem-z-zielonej-herbaty\/#breadcrumb","itemListElement":[{"@type":"ListItem","position":1,"name":"Home","item":"https:\/\/selleetools.com\/pl\/"},{"@type":"ListItem","position":2,"name":"Katalog","item":"https:\/\/selleetools.com\/pl\/katalog\/"},{"@type":"ListItem","position":3,"name":"BARONESS Green Tea Mask Sheet, 21 g &#8211; Maska w p\u0142achcie z ekstraktem z zielonej herbaty"}]}]}},"_links":{"self":[{"href":"https:\/\/selleetools.com\/pl\/wp-json\/wp\/v2\/product\/598155"}],"collection":[{"href":"https:\/\/selleetools.com\/pl\/wp-json\/wp\/v2\/product"}],"about":[{"href":"https:\/\/selleetools.com\/pl\/wp-json\/wp\/v2\/types\/product"}],"replies":[{"embeddable":true,"href":"https:\/\/selleetools.com\/pl\/wp-json\/wp\/v2\/comments?post=598155"}],"wp:featuredmedia":[{"embeddable":true,"href":"https:\/\/selleetools.com\/pl\/wp-json\/wp\/v2\/media\/598153"}],"wp:attachment":[{"href":"https:\/\/selleetools.com\/pl\/wp-json\/wp\/v2\/media?parent=598155"}],"curies":[{"name":"wp","href":"https:\/\/api.w.org\/{rel}","templated":true}]}}