{"id":598149,"date":"2025-10-22T08:48:31","date_gmt":"2025-10-22T06:48:31","guid":{"rendered":"https:\/\/selleetools.com\/?post_type=product&#038;p=598149"},"modified":"2026-01-04T15:26:28","modified_gmt":"2026-01-04T14:26:28","slug":"baroness-pomegranate-mask-sheet-21-g-maska-w-plachcie-z-ekstraktem-z-granatu","status":"publish","type":"product","link":"https:\/\/selleetools.com\/pl\/product\/baroness-pomegranate-mask-sheet-21-g-maska-w-plachcie-z-ekstraktem-z-granatu\/","title":{"rendered":"BARONESS Pomegranate Mask Sheet, 21 g &#8211; Maska w p\u0142achcie z ekstraktem z granatu"},"content":{"rendered":"<p style=\"text-align: justify; caret-color: rgb(0, 0, 0); color: rgb(0, 0, 0);\"><font style=\"font-size: 12px;\"><font style=\"\">BARONESS Pomegranate Mask Sheet to nawil\u017caj\u0105ca i od\u017cywcza maseczka w p\u0142achcie, kt\u00f3ra wykorzystuje moc ekstraktu z granatu, aby poprawi\u0107 elastyczno\u015b\u0107 i blask sk\u00f3ry. Regularne stosowanie tej maseczki pomaga w regeneracji sk\u00f3ry, wyg\u0142adzaniu drobnych zmarszczek i zapewnia intensywne nawil\u017cenie, pozostawiaj\u0105c sk\u00f3r\u0119 mi\u0119kk\u0105 i promienn\u0105.\u00a0<\/font><span style=\"background: var(--elevation-bg);\">Idealna do szybkiej regeneracji sk\u00f3ry, zapewniaj\u0105c jej zdrowy i promienny wygl\u0105d.<\/span><\/font><\/p>\n<h4 style=\"caret-color: rgb(0, 0, 0); color: rgb(0, 0, 0);\"><font style=\"font-size: 12px;\">Korzy\u015bci dla sk\u00f3ry<\/font><\/h4>\n<ul style=\"caret-color: rgb(0, 0, 0); color: rgb(0, 0, 0);\">\n<li><font style=\"font-size: 12px;\"><strong>Nawil\u017cenie i od\u017cywienie<\/strong>: Intensywnie nawil\u017ca i od\u017cywia sk\u00f3r\u0119, przywracaj\u0105c jej naturalny blask.<\/font><\/li>\n<li><font style=\"font-size: 12px;\"><strong>Poprawa elastyczno\u015bci<\/strong>: Pomaga w wyg\u0142adzeniu i uj\u0119drnieniu sk\u00f3ry.<\/font><\/li>\n<li><font style=\"font-size: 12px;\"><strong>Regeneracja<\/strong>: Wspiera procesy regeneracyjne, redukuj\u0105c widoczno\u015b\u0107 drobnych zmarszczek.<\/font><\/li>\n<\/ul>\n<h4 style=\"caret-color: rgb(0, 0, 0); color: rgb(0, 0, 0);\"><font style=\"font-size: 12px;\">Spos\u00f3b u\u017cycia<\/font><\/h4>\n<ol style=\"caret-color: rgb(0, 0, 0); color: rgb(0, 0, 0);\">\n<li><font style=\"font-size: 12px;\"><strong>Oczyszczenie<\/strong>: Na\u0142\u00f3\u017c maseczk\u0119 na oczyszczon\u0105 sk\u00f3r\u0119 twarzy.<\/font><\/li>\n<li><font style=\"font-size: 12px;\"><strong>Aplikacja<\/strong>: Roz\u0142\u00f3\u017c p\u0142acht\u0119 r\u00f3wnomiernie na twarzy, dopasowuj\u0105c j\u0105 do kontur\u00f3w.<\/font><\/li>\n<li><font style=\"font-size: 12px;\"><strong>Relaks<\/strong>: Pozostaw maseczk\u0119 na 15-20 minut, aby sk\u00f3ra wch\u0142on\u0119\u0142a sk\u0142adniki od\u017cywcze.<\/font><\/li>\n<li><font style=\"font-size: 12px;\"><strong>Usuni\u0119cie<\/strong>: Delikatnie zdejmij maseczk\u0119 i wmasuj pozosta\u0142e serum w sk\u00f3r\u0119, a\u017c do pe\u0142nego wch\u0142oni\u0119cia.<\/font><\/li>\n<\/ol>\n<p style=\"caret-color: rgb(0, 0, 0); color: rgb(0, 0, 0);\"><\/p>\n","protected":false},"excerpt":{"rendered":"<p>BARONESS Pomegranate Mask Sheet to nawil\u017caj\u0105ca i od\u017cywcza maseczka w p\u0142achcie, kt\u00f3ra wykorzystuje moc ekstraktu z granatu, aby poprawi\u0107 elastyczno\u015b\u0107 i blask sk\u00f3ry. Regularne stosowanie tej maseczki pomaga w regeneracji sk\u00f3ry, wyg\u0142adzaniu drobnych zmarszczek i zapewnia intensywne nawil\u017cenie, pozostawiaj\u0105c sk\u00f3r\u0119 mi\u0119kk\u0105 i promienn\u0105.\u00a0Idealna do szybkiej regeneracji sk\u00f3ry, zapewniaj\u0105c jej zdrowy i promienny wygl\u0105d. Korzy\u015bci dla &#8230; <a title=\"BARONESS Pomegranate Mask Sheet, 21 g &#8211; Maska w p\u0142achcie z ekstraktem z granatu\" class=\"read-more\" href=\"https:\/\/selleetools.com\/pl\/product\/baroness-pomegranate-mask-sheet-21-g-maska-w-plachcie-z-ekstraktem-z-granatu\/\">Read more<span class=\"screen-reader-text\">BARONESS Pomegranate Mask Sheet, 21 g &#8211; Maska w p\u0142achcie z ekstraktem z granatu<\/span><\/a><\/p>\n","protected":false},"featured_media":598147,"comment_status":"open","ping_status":"closed","template":"","meta":{"_links_to":"","_links_to_target":""},"yoast_head":"<!-- This site is optimized with the Yoast SEO plugin v19.4 - https:\/\/yoast.com\/wordpress\/plugins\/seo\/ -->\n<title>BARONESS Pomegranate Mask Sheet, 21 g - Maska w p\u0142achcie z ekstraktem z granatu - Selleetools.com<\/title>\n<meta name=\"robots\" content=\"index, follow, max-snippet:-1, max-image-preview:large, max-video-preview:-1\" \/>\n<link rel=\"canonical\" href=\"https:\/\/selleetools.com\/pl\/product\/baroness-pomegranate-mask-sheet-21-g-maska-w-plachcie-z-ekstraktem-z-granatu\/\" \/>\n<meta property=\"og:locale\" content=\"pl_PL\" \/>\n<meta property=\"og:type\" content=\"article\" \/>\n<meta property=\"og:title\" content=\"BARONESS Pomegranate Mask Sheet, 21 g - Maska w p\u0142achcie z ekstraktem z granatu - Selleetools.com\" \/>\n<meta property=\"og:description\" content=\"BARONESS Pomegranate Mask Sheet to nawil\u017caj\u0105ca i od\u017cywcza maseczka w p\u0142achcie, kt\u00f3ra wykorzystuje moc ekstraktu z granatu, aby poprawi\u0107 elastyczno\u015b\u0107 i blask sk\u00f3ry. Regularne stosowanie tej maseczki pomaga w regeneracji sk\u00f3ry, wyg\u0142adzaniu drobnych zmarszczek i zapewnia intensywne nawil\u017cenie, pozostawiaj\u0105c sk\u00f3r\u0119 mi\u0119kk\u0105 i promienn\u0105.\u00a0Idealna do szybkiej regeneracji sk\u00f3ry, zapewniaj\u0105c jej zdrowy i promienny wygl\u0105d. Korzy\u015bci dla ... Read moreBARONESS Pomegranate Mask Sheet, 21 g &#8211; Maska w p\u0142achcie z ekstraktem z granatu\" \/>\n<meta property=\"og:url\" content=\"https:\/\/selleetools.com\/pl\/product\/baroness-pomegranate-mask-sheet-21-g-maska-w-plachcie-z-ekstraktem-z-granatu\/\" \/>\n<meta property=\"og:site_name\" content=\"Selleetools.com\" \/>\n<meta property=\"article:modified_time\" content=\"2026-01-04T14:26:28+00:00\" \/>\n<meta property=\"og:image\" content=\"https:\/\/selleetools.com\/wp-content\/uploads\/2025\/10\/5b4ff6de1f597ae481966eba8fb6e59b.jpg\" \/>\n\t<meta property=\"og:image:width\" content=\"346\" \/>\n\t<meta property=\"og:image:height\" content=\"476\" \/>\n\t<meta property=\"og:image:type\" content=\"image\/jpeg\" \/>\n<meta name=\"twitter:card\" content=\"summary_large_image\" \/>\n<meta name=\"twitter:label1\" content=\"Est. reading time\" \/>\n\t<meta name=\"twitter:data1\" content=\"1 minuta\" \/>\n<!-- \/ Yoast SEO plugin. -->","yoast_head_json":{"title":"BARONESS Pomegranate Mask Sheet, 21 g - Maska w p\u0142achcie z ekstraktem z granatu - Selleetools.com","robots":{"index":"index","follow":"follow","max-snippet":"max-snippet:-1","max-image-preview":"max-image-preview:large","max-video-preview":"max-video-preview:-1"},"canonical":"https:\/\/selleetools.com\/pl\/product\/baroness-pomegranate-mask-sheet-21-g-maska-w-plachcie-z-ekstraktem-z-granatu\/","og_locale":"pl_PL","og_type":"article","og_title":"BARONESS Pomegranate Mask Sheet, 21 g - Maska w p\u0142achcie z ekstraktem z granatu - Selleetools.com","og_description":"BARONESS Pomegranate Mask Sheet to nawil\u017caj\u0105ca i od\u017cywcza maseczka w p\u0142achcie, kt\u00f3ra wykorzystuje moc ekstraktu z granatu, aby poprawi\u0107 elastyczno\u015b\u0107 i blask sk\u00f3ry. Regularne stosowanie tej maseczki pomaga w regeneracji sk\u00f3ry, wyg\u0142adzaniu drobnych zmarszczek i zapewnia intensywne nawil\u017cenie, pozostawiaj\u0105c sk\u00f3r\u0119 mi\u0119kk\u0105 i promienn\u0105.\u00a0Idealna do szybkiej regeneracji sk\u00f3ry, zapewniaj\u0105c jej zdrowy i promienny wygl\u0105d. Korzy\u015bci dla ... Read moreBARONESS Pomegranate Mask Sheet, 21 g &#8211; Maska w p\u0142achcie z ekstraktem z granatu","og_url":"https:\/\/selleetools.com\/pl\/product\/baroness-pomegranate-mask-sheet-21-g-maska-w-plachcie-z-ekstraktem-z-granatu\/","og_site_name":"Selleetools.com","article_modified_time":"2026-01-04T14:26:28+00:00","og_image":[{"width":346,"height":476,"url":"https:\/\/selleetools.com\/wp-content\/uploads\/2025\/10\/5b4ff6de1f597ae481966eba8fb6e59b.jpg","type":"image\/jpeg"}],"twitter_card":"summary_large_image","twitter_misc":{"Est. reading time":"1 minuta"},"schema":{"@context":"https:\/\/schema.org","@graph":[{"@type":"Organization","@id":"https:\/\/selleetools.com\/#organization","name":"Selleetools","url":"https:\/\/selleetools.com\/","sameAs":[],"logo":{"@type":"ImageObject","inLanguage":"pl-PL","@id":"https:\/\/selleetools.com\/#\/schema\/logo\/image\/","url":"https:\/\/selleetools.com\/wp-content\/uploads\/2021\/10\/logo-dark.png","contentUrl":"https:\/\/selleetools.com\/wp-content\/uploads\/2021\/10\/logo-dark.png","width":320,"height":76,"caption":"Selleetools"},"image":{"@id":"https:\/\/selleetools.com\/#\/schema\/logo\/image\/"}},{"@type":"WebSite","@id":"https:\/\/selleetools.com\/#website","url":"https:\/\/selleetools.com\/","name":"Selleetools.com","description":"","publisher":{"@id":"https:\/\/selleetools.com\/#organization"},"potentialAction":[{"@type":"SearchAction","target":{"@type":"EntryPoint","urlTemplate":"https:\/\/selleetools.com\/?s={search_term_string}"},"query-input":"required name=search_term_string"}],"inLanguage":"pl-PL"},{"@type":"WebPage","@id":"https:\/\/selleetools.com\/pl\/product\/baroness-pomegranate-mask-sheet-21-g-maska-w-plachcie-z-ekstraktem-z-granatu\/","url":"https:\/\/selleetools.com\/pl\/product\/baroness-pomegranate-mask-sheet-21-g-maska-w-plachcie-z-ekstraktem-z-granatu\/","name":"BARONESS Pomegranate Mask Sheet, 21 g - Maska w p\u0142achcie z ekstraktem z granatu - Selleetools.com","isPartOf":{"@id":"https:\/\/selleetools.com\/#website"},"datePublished":"2025-10-22T06:48:31+00:00","dateModified":"2026-01-04T14:26:28+00:00","breadcrumb":{"@id":"https:\/\/selleetools.com\/pl\/product\/baroness-pomegranate-mask-sheet-21-g-maska-w-plachcie-z-ekstraktem-z-granatu\/#breadcrumb"},"inLanguage":"pl-PL","potentialAction":[{"@type":"ReadAction","target":["https:\/\/selleetools.com\/pl\/product\/baroness-pomegranate-mask-sheet-21-g-maska-w-plachcie-z-ekstraktem-z-granatu\/"]}]},{"@type":"BreadcrumbList","@id":"https:\/\/selleetools.com\/pl\/product\/baroness-pomegranate-mask-sheet-21-g-maska-w-plachcie-z-ekstraktem-z-granatu\/#breadcrumb","itemListElement":[{"@type":"ListItem","position":1,"name":"Home","item":"https:\/\/selleetools.com\/pl\/"},{"@type":"ListItem","position":2,"name":"Katalog","item":"https:\/\/selleetools.com\/pl\/katalog\/"},{"@type":"ListItem","position":3,"name":"BARONESS Pomegranate Mask Sheet, 21 g &#8211; Maska w p\u0142achcie z ekstraktem z granatu"}]}]}},"_links":{"self":[{"href":"https:\/\/selleetools.com\/pl\/wp-json\/wp\/v2\/product\/598149"}],"collection":[{"href":"https:\/\/selleetools.com\/pl\/wp-json\/wp\/v2\/product"}],"about":[{"href":"https:\/\/selleetools.com\/pl\/wp-json\/wp\/v2\/types\/product"}],"replies":[{"embeddable":true,"href":"https:\/\/selleetools.com\/pl\/wp-json\/wp\/v2\/comments?post=598149"}],"wp:featuredmedia":[{"embeddable":true,"href":"https:\/\/selleetools.com\/pl\/wp-json\/wp\/v2\/media\/598147"}],"wp:attachment":[{"href":"https:\/\/selleetools.com\/pl\/wp-json\/wp\/v2\/media?parent=598149"}],"curies":[{"name":"wp","href":"https:\/\/api.w.org\/{rel}","templated":true}]}}