{"id":598143,"date":"2025-10-22T08:48:25","date_gmt":"2025-10-22T06:48:25","guid":{"rendered":"https:\/\/selleetools.com\/?post_type=product&#038;p=598143"},"modified":"2025-10-30T16:26:11","modified_gmt":"2025-10-30T15:26:11","slug":"romnd-zero-matte-lipstick-12-something-matowa-pomadka-3-g","status":"publish","type":"product","link":"https:\/\/selleetools.com\/pl\/product\/romnd-zero-matte-lipstick-12-something-matowa-pomadka-3-g\/","title":{"rendered":"rom&#038;nd Zero Matte Lipstick 12 Something &#8211; Matowa pomadka 3 g"},"content":{"rendered":"<p>Rom&#038;nd Zero Matte Lipstick 12 Something to doskona\u0142y wyb\u00f3r dla os\u00f3b poszukuj\u0105cych matowej pomadki o intensywnym kolorze i d\u0142ugotrwa\u0142ym efekcie. Formu\u0142a tego kosmetyku zapewnia g\u0142\u0119bok\u0105 pigmentacj\u0119 oraz komfortowe noszenie, bez uczucia wysuszenia ust. Dzi\u0119ki lekkiej konsystencji pomadka r\u00f3wnomiernie pokrywa usta, nie osadzaj\u0105c si\u0119 w zmarszczkach i nie krusz\u0105c.<\/p>\n<p>Korzy\u015bci dla sk\u00f3ry:<br \/>\nMatowe wyko\u0144czenie: Nadaje ustom elegancki, matowy efekt, kt\u00f3ry idealnie komponuje si\u0119 z ka\u017cd\u0105 stylizacj\u0105.<br \/>\nD\u0142ugotrwa\u0142o\u015b\u0107: Utrzymuje si\u0119 na ustach przez wiele godzin, redukuj\u0105c potrzeb\u0119 cz\u0119stych poprawek.<br \/>\nKomfort noszenia: Dzi\u0119ki specjalnej formule pomadka nie wysusza ust, zapewniaj\u0105c im nawil\u017cenie przez ca\u0142y dzie\u0144.<\/p>\n<p>Spos\u00f3b u\u017cycia:<br \/>\nNa\u0142\u00f3\u017c pomadk\u0119 bezpo\u015brednio na usta, zaczynaj\u0105c od \u015brodka i delikatnie rozsmarowuj\u0105c ku brzegom. Aby uzyska\u0107 idealne wyko\u0144czenie, mo\u017cna u\u017cy\u0107 kontur\u00f3wki w odcieniu dopasowanym do pomadki. Dla najlepszych rezultat\u00f3w, zaleca si\u0119 stosowanie na g\u0142adko przygotowanych ustach, np. po wcze\u015bniejszym na\u0142o\u017ceniu peelingu i balsamu nawil\u017caj\u0105cego.<\/p>\n","protected":false},"excerpt":{"rendered":"<p>Rom&#038;nd Zero Matte Lipstick 12 Something to doskona\u0142y wyb\u00f3r dla os\u00f3b poszukuj\u0105cych matowej pomadki o intensywnym kolorze i d\u0142ugotrwa\u0142ym efekcie. Formu\u0142a tego kosmetyku zapewnia g\u0142\u0119bok\u0105 pigmentacj\u0119 oraz komfortowe noszenie, bez uczucia wysuszenia ust. Dzi\u0119ki lekkiej konsystencji pomadka r\u00f3wnomiernie pokrywa usta, nie osadzaj\u0105c si\u0119 w zmarszczkach i nie krusz\u0105c. Korzy\u015bci dla sk\u00f3ry: Matowe wyko\u0144czenie: Nadaje ustom &#8230; <a title=\"rom&#038;nd Zero Matte Lipstick 12 Something &#8211; Matowa pomadka 3 g\" class=\"read-more\" href=\"https:\/\/selleetools.com\/pl\/product\/romnd-zero-matte-lipstick-12-something-matowa-pomadka-3-g\/\">Read more<span class=\"screen-reader-text\">rom&#038;nd Zero Matte Lipstick 12 Something &#8211; Matowa pomadka 3 g<\/span><\/a><\/p>\n","protected":false},"featured_media":598139,"comment_status":"open","ping_status":"closed","template":"","meta":{"_links_to":"","_links_to_target":""},"yoast_head":"<!-- This site is optimized with the Yoast SEO plugin v19.4 - https:\/\/yoast.com\/wordpress\/plugins\/seo\/ -->\n<title>rom&amp;nd Zero Matte Lipstick 12 Something - Matowa pomadka 3 g - Selleetools.com<\/title>\n<meta name=\"robots\" content=\"index, follow, max-snippet:-1, max-image-preview:large, max-video-preview:-1\" \/>\n<link rel=\"canonical\" href=\"https:\/\/admincentral.selleetools.com\/pl\/product\/romnd-zero-matte-lipstick-12-something-matowa-pomadka-3-g\/\" \/>\n<meta property=\"og:locale\" content=\"pl_PL\" \/>\n<meta property=\"og:type\" content=\"article\" \/>\n<meta property=\"og:title\" content=\"rom&amp;nd Zero Matte Lipstick 12 Something - Matowa pomadka 3 g - Selleetools.com\" \/>\n<meta property=\"og:description\" content=\"Rom&#038;nd Zero Matte Lipstick 12 Something to doskona\u0142y wyb\u00f3r dla os\u00f3b poszukuj\u0105cych matowej pomadki o intensywnym kolorze i d\u0142ugotrwa\u0142ym efekcie. Formu\u0142a tego kosmetyku zapewnia g\u0142\u0119bok\u0105 pigmentacj\u0119 oraz komfortowe noszenie, bez uczucia wysuszenia ust. Dzi\u0119ki lekkiej konsystencji pomadka r\u00f3wnomiernie pokrywa usta, nie osadzaj\u0105c si\u0119 w zmarszczkach i nie krusz\u0105c. Korzy\u015bci dla sk\u00f3ry: Matowe wyko\u0144czenie: Nadaje ustom ... Read morerom&#038;nd Zero Matte Lipstick 12 Something &#8211; Matowa pomadka 3 g\" \/>\n<meta property=\"og:url\" content=\"https:\/\/admincentral.selleetools.com\/pl\/product\/romnd-zero-matte-lipstick-12-something-matowa-pomadka-3-g\/\" \/>\n<meta property=\"og:site_name\" content=\"Selleetools.com\" \/>\n<meta property=\"article:modified_time\" content=\"2025-10-30T15:26:11+00:00\" \/>\n<meta property=\"og:image\" content=\"https:\/\/selleetools.com\/wp-content\/uploads\/2025\/10\/3a3f157af1e32102e712075d7e549feb.jpg\" \/>\n\t<meta property=\"og:image:width\" content=\"1000\" \/>\n\t<meta property=\"og:image:height\" content=\"1000\" \/>\n\t<meta property=\"og:image:type\" content=\"image\/jpeg\" \/>\n<meta name=\"twitter:card\" content=\"summary_large_image\" \/>\n<meta name=\"twitter:label1\" content=\"Est. reading time\" \/>\n\t<meta name=\"twitter:data1\" content=\"1 minuta\" \/>\n<!-- \/ Yoast SEO plugin. -->","yoast_head_json":{"title":"rom&nd Zero Matte Lipstick 12 Something - Matowa pomadka 3 g - Selleetools.com","robots":{"index":"index","follow":"follow","max-snippet":"max-snippet:-1","max-image-preview":"max-image-preview:large","max-video-preview":"max-video-preview:-1"},"canonical":"https:\/\/admincentral.selleetools.com\/pl\/product\/romnd-zero-matte-lipstick-12-something-matowa-pomadka-3-g\/","og_locale":"pl_PL","og_type":"article","og_title":"rom&nd Zero Matte Lipstick 12 Something - Matowa pomadka 3 g - Selleetools.com","og_description":"Rom&#038;nd Zero Matte Lipstick 12 Something to doskona\u0142y wyb\u00f3r dla os\u00f3b poszukuj\u0105cych matowej pomadki o intensywnym kolorze i d\u0142ugotrwa\u0142ym efekcie. Formu\u0142a tego kosmetyku zapewnia g\u0142\u0119bok\u0105 pigmentacj\u0119 oraz komfortowe noszenie, bez uczucia wysuszenia ust. Dzi\u0119ki lekkiej konsystencji pomadka r\u00f3wnomiernie pokrywa usta, nie osadzaj\u0105c si\u0119 w zmarszczkach i nie krusz\u0105c. Korzy\u015bci dla sk\u00f3ry: Matowe wyko\u0144czenie: Nadaje ustom ... Read morerom&#038;nd Zero Matte Lipstick 12 Something &#8211; Matowa pomadka 3 g","og_url":"https:\/\/admincentral.selleetools.com\/pl\/product\/romnd-zero-matte-lipstick-12-something-matowa-pomadka-3-g\/","og_site_name":"Selleetools.com","article_modified_time":"2025-10-30T15:26:11+00:00","og_image":[{"width":1000,"height":1000,"url":"https:\/\/selleetools.com\/wp-content\/uploads\/2025\/10\/3a3f157af1e32102e712075d7e549feb.jpg","type":"image\/jpeg"}],"twitter_card":"summary_large_image","twitter_misc":{"Est. reading time":"1 minuta"},"schema":{"@context":"https:\/\/schema.org","@graph":[{"@type":"Organization","@id":"https:\/\/selleetools.com\/#organization","name":"Selleetools","url":"https:\/\/selleetools.com\/","sameAs":[],"logo":{"@type":"ImageObject","inLanguage":"pl-PL","@id":"https:\/\/selleetools.com\/#\/schema\/logo\/image\/","url":"https:\/\/selleetools.com\/wp-content\/uploads\/2021\/10\/logo-dark.png","contentUrl":"https:\/\/selleetools.com\/wp-content\/uploads\/2021\/10\/logo-dark.png","width":320,"height":76,"caption":"Selleetools"},"image":{"@id":"https:\/\/selleetools.com\/#\/schema\/logo\/image\/"}},{"@type":"WebSite","@id":"https:\/\/selleetools.com\/#website","url":"https:\/\/selleetools.com\/","name":"Selleetools.com","description":"","publisher":{"@id":"https:\/\/selleetools.com\/#organization"},"potentialAction":[{"@type":"SearchAction","target":{"@type":"EntryPoint","urlTemplate":"https:\/\/selleetools.com\/?s={search_term_string}"},"query-input":"required name=search_term_string"}],"inLanguage":"pl-PL"},{"@type":"WebPage","@id":"https:\/\/admincentral.selleetools.com\/pl\/product\/romnd-zero-matte-lipstick-12-something-matowa-pomadka-3-g\/","url":"https:\/\/admincentral.selleetools.com\/pl\/product\/romnd-zero-matte-lipstick-12-something-matowa-pomadka-3-g\/","name":"rom&nd Zero Matte Lipstick 12 Something - Matowa pomadka 3 g - Selleetools.com","isPartOf":{"@id":"https:\/\/selleetools.com\/#website"},"datePublished":"2025-10-22T06:48:25+00:00","dateModified":"2025-10-30T15:26:11+00:00","breadcrumb":{"@id":"https:\/\/admincentral.selleetools.com\/pl\/product\/romnd-zero-matte-lipstick-12-something-matowa-pomadka-3-g\/#breadcrumb"},"inLanguage":"pl-PL","potentialAction":[{"@type":"ReadAction","target":["https:\/\/admincentral.selleetools.com\/pl\/product\/romnd-zero-matte-lipstick-12-something-matowa-pomadka-3-g\/"]}]},{"@type":"BreadcrumbList","@id":"https:\/\/admincentral.selleetools.com\/pl\/product\/romnd-zero-matte-lipstick-12-something-matowa-pomadka-3-g\/#breadcrumb","itemListElement":[{"@type":"ListItem","position":1,"name":"Home","item":"https:\/\/selleetools.com\/pl\/"},{"@type":"ListItem","position":2,"name":"Katalog","item":"https:\/\/selleetools.com\/pl\/katalog\/"},{"@type":"ListItem","position":3,"name":"rom&#038;nd Zero Matte Lipstick 12 Something &#8211; Matowa pomadka 3 g"}]}]}},"_links":{"self":[{"href":"https:\/\/selleetools.com\/pl\/wp-json\/wp\/v2\/product\/598143"}],"collection":[{"href":"https:\/\/selleetools.com\/pl\/wp-json\/wp\/v2\/product"}],"about":[{"href":"https:\/\/selleetools.com\/pl\/wp-json\/wp\/v2\/types\/product"}],"replies":[{"embeddable":true,"href":"https:\/\/selleetools.com\/pl\/wp-json\/wp\/v2\/comments?post=598143"}],"wp:featuredmedia":[{"embeddable":true,"href":"https:\/\/selleetools.com\/pl\/wp-json\/wp\/v2\/media\/598139"}],"wp:attachment":[{"href":"https:\/\/selleetools.com\/pl\/wp-json\/wp\/v2\/media?parent=598143"}],"curies":[{"name":"wp","href":"https:\/\/api.w.org\/{rel}","templated":true}]}}