{"id":598133,"date":"2025-10-22T08:48:17","date_gmt":"2025-10-22T06:48:17","guid":{"rendered":"https:\/\/selleetools.com\/?post_type=product&#038;p=598133"},"modified":"2025-10-30T16:26:08","modified_gmt":"2025-10-30T15:26:08","slug":"romnd-zero-matte-lipstick-03-silhouette-matowa-pomadka-3-g","status":"publish","type":"product","link":"https:\/\/selleetools.com\/pl\/product\/romnd-zero-matte-lipstick-03-silhouette-matowa-pomadka-3-g\/","title":{"rendered":"rom&#038;nd Zero Matte Lipstick 03 Silhouette &#8211; Matowa pomadka 3 g"},"content":{"rendered":"<p>rom&#038;nd Zero Matte Lipstick 03 Silhouette to wyj\u0105tkowa szminka, kt\u00f3ra zapewnia intensywny kolor oraz matowe wyko\u0144czenie, kt\u00f3re utrzymuje si\u0119 przez wiele godzin. Jej formu\u0142a zosta\u0142a opracowana z my\u015bl\u0105 o d\u0142ugotrwa\u0142ym efekcie oraz wygodnym u\u017cytkowaniu, dzi\u0119ki czemu idealnie sprawdza si\u0119 w codziennej piel\u0119gnacji urody.<\/p>\n<p>Korzy\u015bci dla sk\u00f3ry:<br \/>\nMatowe wyko\u0144czenie: Szminka oferuje eleganckie, matowe wyko\u0144czenie, kt\u00f3re dodaje klasy i pewno\u015bci siebie.<br \/>\nD\u0142ugotrwa\u0142o\u015b\u0107: Dzi\u0119ki innowacyjnej formule, kolor utrzymuje si\u0119 na ustach przez wiele godzin, bez konieczno\u015bci poprawek.<br \/>\nKomfort noszenia: Specjalne sk\u0142adniki sprawiaj\u0105, \u017ce szminka jest lekka i wygodna w noszeniu, nie przesusza ust i nie powoduje ich \u015bci\u0105gni\u0119cia.<\/p>\n<p>Spos\u00f3b u\u017cycia:<br \/>\nNa\u0142\u00f3\u017c szmink\u0119 bezpo\u015brednio na usta, zaczynaj\u0105c od \u015brodka i rozprowadzaj\u0105c produkt ku k\u0105cikom. Aby uzyska\u0107 jeszcze bardziej precyzyjny efekt, mo\u017cesz u\u017cy\u0107 kontur\u00f3wki do ust przed na\u0142o\u017ceniem szminki. Dla uzyskania intensywniejszego koloru, na\u0142\u00f3\u017c dodatkow\u0105 warstw\u0119.<\/p>\n","protected":false},"excerpt":{"rendered":"<p>rom&#038;nd Zero Matte Lipstick 03 Silhouette to wyj\u0105tkowa szminka, kt\u00f3ra zapewnia intensywny kolor oraz matowe wyko\u0144czenie, kt\u00f3re utrzymuje si\u0119 przez wiele godzin. Jej formu\u0142a zosta\u0142a opracowana z my\u015bl\u0105 o d\u0142ugotrwa\u0142ym efekcie oraz wygodnym u\u017cytkowaniu, dzi\u0119ki czemu idealnie sprawdza si\u0119 w codziennej piel\u0119gnacji urody. Korzy\u015bci dla sk\u00f3ry: Matowe wyko\u0144czenie: Szminka oferuje eleganckie, matowe wyko\u0144czenie, kt\u00f3re dodaje &#8230; <a title=\"rom&#038;nd Zero Matte Lipstick 03 Silhouette &#8211; Matowa pomadka 3 g\" class=\"read-more\" href=\"https:\/\/selleetools.com\/pl\/product\/romnd-zero-matte-lipstick-03-silhouette-matowa-pomadka-3-g\/\">Read more<span class=\"screen-reader-text\">rom&#038;nd Zero Matte Lipstick 03 Silhouette &#8211; Matowa pomadka 3 g<\/span><\/a><\/p>\n","protected":false},"featured_media":598129,"comment_status":"open","ping_status":"closed","template":"","meta":{"_links_to":"","_links_to_target":""},"yoast_head":"<!-- This site is optimized with the Yoast SEO plugin v19.4 - https:\/\/yoast.com\/wordpress\/plugins\/seo\/ -->\n<title>rom&amp;nd Zero Matte Lipstick 03 Silhouette - Matowa pomadka 3 g - Selleetools.com<\/title>\n<meta name=\"robots\" content=\"index, follow, max-snippet:-1, max-image-preview:large, max-video-preview:-1\" \/>\n<link rel=\"canonical\" href=\"https:\/\/selleetools.com\/product\/romnd-zero-matte-lipstick-03-silhouette-matowa-pomadka-3-g\/\" \/>\n<meta property=\"og:locale\" content=\"pl_PL\" \/>\n<meta property=\"og:type\" content=\"article\" \/>\n<meta property=\"og:title\" content=\"rom&amp;nd Zero Matte Lipstick 03 Silhouette - Matowa pomadka 3 g - Selleetools.com\" \/>\n<meta property=\"og:description\" content=\"rom&#038;nd Zero Matte Lipstick 03 Silhouette to wyj\u0105tkowa szminka, kt\u00f3ra zapewnia intensywny kolor oraz matowe wyko\u0144czenie, kt\u00f3re utrzymuje si\u0119 przez wiele godzin. Jej formu\u0142a zosta\u0142a opracowana z my\u015bl\u0105 o d\u0142ugotrwa\u0142ym efekcie oraz wygodnym u\u017cytkowaniu, dzi\u0119ki czemu idealnie sprawdza si\u0119 w codziennej piel\u0119gnacji urody. Korzy\u015bci dla sk\u00f3ry: Matowe wyko\u0144czenie: Szminka oferuje eleganckie, matowe wyko\u0144czenie, kt\u00f3re dodaje ... Read morerom&#038;nd Zero Matte Lipstick 03 Silhouette &#8211; Matowa pomadka 3 g\" \/>\n<meta property=\"og:url\" content=\"https:\/\/selleetools.com\/product\/romnd-zero-matte-lipstick-03-silhouette-matowa-pomadka-3-g\/\" \/>\n<meta property=\"og:site_name\" content=\"Selleetools.com\" \/>\n<meta property=\"article:modified_time\" content=\"2025-10-30T15:26:08+00:00\" \/>\n<meta property=\"og:image\" content=\"https:\/\/selleetools.com\/wp-content\/uploads\/2025\/10\/73de99aaec3c6dee2edd5707669aaca2.png\" \/>\n\t<meta property=\"og:image:width\" content=\"1080\" \/>\n\t<meta property=\"og:image:height\" content=\"1080\" \/>\n\t<meta property=\"og:image:type\" content=\"image\/png\" \/>\n<meta name=\"twitter:card\" content=\"summary_large_image\" \/>\n<meta name=\"twitter:label1\" content=\"Est. reading time\" \/>\n\t<meta name=\"twitter:data1\" content=\"1 minuta\" \/>\n<!-- \/ Yoast SEO plugin. -->","yoast_head_json":{"title":"rom&nd Zero Matte Lipstick 03 Silhouette - Matowa pomadka 3 g - Selleetools.com","robots":{"index":"index","follow":"follow","max-snippet":"max-snippet:-1","max-image-preview":"max-image-preview:large","max-video-preview":"max-video-preview:-1"},"canonical":"https:\/\/selleetools.com\/product\/romnd-zero-matte-lipstick-03-silhouette-matowa-pomadka-3-g\/","og_locale":"pl_PL","og_type":"article","og_title":"rom&nd Zero Matte Lipstick 03 Silhouette - Matowa pomadka 3 g - Selleetools.com","og_description":"rom&#038;nd Zero Matte Lipstick 03 Silhouette to wyj\u0105tkowa szminka, kt\u00f3ra zapewnia intensywny kolor oraz matowe wyko\u0144czenie, kt\u00f3re utrzymuje si\u0119 przez wiele godzin. Jej formu\u0142a zosta\u0142a opracowana z my\u015bl\u0105 o d\u0142ugotrwa\u0142ym efekcie oraz wygodnym u\u017cytkowaniu, dzi\u0119ki czemu idealnie sprawdza si\u0119 w codziennej piel\u0119gnacji urody. Korzy\u015bci dla sk\u00f3ry: Matowe wyko\u0144czenie: Szminka oferuje eleganckie, matowe wyko\u0144czenie, kt\u00f3re dodaje ... Read morerom&#038;nd Zero Matte Lipstick 03 Silhouette &#8211; Matowa pomadka 3 g","og_url":"https:\/\/selleetools.com\/product\/romnd-zero-matte-lipstick-03-silhouette-matowa-pomadka-3-g\/","og_site_name":"Selleetools.com","article_modified_time":"2025-10-30T15:26:08+00:00","og_image":[{"width":1080,"height":1080,"url":"https:\/\/selleetools.com\/wp-content\/uploads\/2025\/10\/73de99aaec3c6dee2edd5707669aaca2.png","type":"image\/png"}],"twitter_card":"summary_large_image","twitter_misc":{"Est. reading time":"1 minuta"},"schema":{"@context":"https:\/\/schema.org","@graph":[{"@type":"Organization","@id":"https:\/\/selleetools.com\/#organization","name":"Selleetools","url":"https:\/\/selleetools.com\/","sameAs":[],"logo":{"@type":"ImageObject","inLanguage":"pl-PL","@id":"https:\/\/selleetools.com\/#\/schema\/logo\/image\/","url":"https:\/\/selleetools.com\/wp-content\/uploads\/2021\/10\/logo-dark.png","contentUrl":"https:\/\/selleetools.com\/wp-content\/uploads\/2021\/10\/logo-dark.png","width":320,"height":76,"caption":"Selleetools"},"image":{"@id":"https:\/\/selleetools.com\/#\/schema\/logo\/image\/"}},{"@type":"WebSite","@id":"https:\/\/selleetools.com\/#website","url":"https:\/\/selleetools.com\/","name":"Selleetools.com","description":"","publisher":{"@id":"https:\/\/selleetools.com\/#organization"},"potentialAction":[{"@type":"SearchAction","target":{"@type":"EntryPoint","urlTemplate":"https:\/\/selleetools.com\/?s={search_term_string}"},"query-input":"required name=search_term_string"}],"inLanguage":"pl-PL"},{"@type":"WebPage","@id":"https:\/\/selleetools.com\/product\/romnd-zero-matte-lipstick-03-silhouette-matowa-pomadka-3-g\/","url":"https:\/\/selleetools.com\/product\/romnd-zero-matte-lipstick-03-silhouette-matowa-pomadka-3-g\/","name":"rom&nd Zero Matte Lipstick 03 Silhouette - Matowa pomadka 3 g - Selleetools.com","isPartOf":{"@id":"https:\/\/selleetools.com\/#website"},"datePublished":"2025-10-22T06:48:17+00:00","dateModified":"2025-10-30T15:26:08+00:00","breadcrumb":{"@id":"https:\/\/selleetools.com\/product\/romnd-zero-matte-lipstick-03-silhouette-matowa-pomadka-3-g\/#breadcrumb"},"inLanguage":"pl-PL","potentialAction":[{"@type":"ReadAction","target":["https:\/\/selleetools.com\/product\/romnd-zero-matte-lipstick-03-silhouette-matowa-pomadka-3-g\/"]}]},{"@type":"BreadcrumbList","@id":"https:\/\/selleetools.com\/product\/romnd-zero-matte-lipstick-03-silhouette-matowa-pomadka-3-g\/#breadcrumb","itemListElement":[{"@type":"ListItem","position":1,"name":"Home","item":"https:\/\/selleetools.com\/pl\/"},{"@type":"ListItem","position":2,"name":"Katalog","item":"https:\/\/selleetools.com\/pl\/katalog\/"},{"@type":"ListItem","position":3,"name":"rom&#038;nd Zero Matte Lipstick 03 Silhouette &#8211; Matowa pomadka 3 g"}]}]}},"_links":{"self":[{"href":"https:\/\/selleetools.com\/pl\/wp-json\/wp\/v2\/product\/598133"}],"collection":[{"href":"https:\/\/selleetools.com\/pl\/wp-json\/wp\/v2\/product"}],"about":[{"href":"https:\/\/selleetools.com\/pl\/wp-json\/wp\/v2\/types\/product"}],"replies":[{"embeddable":true,"href":"https:\/\/selleetools.com\/pl\/wp-json\/wp\/v2\/comments?post=598133"}],"wp:featuredmedia":[{"embeddable":true,"href":"https:\/\/selleetools.com\/pl\/wp-json\/wp\/v2\/media\/598129"}],"wp:attachment":[{"href":"https:\/\/selleetools.com\/pl\/wp-json\/wp\/v2\/media?parent=598133"}],"curies":[{"name":"wp","href":"https:\/\/api.w.org\/{rel}","templated":true}]}}