{"id":598128,"date":"2025-10-22T08:48:13","date_gmt":"2025-10-22T06:48:13","guid":{"rendered":"https:\/\/selleetools.com\/?post_type=product&#038;p=598128"},"modified":"2025-12-26T16:44:12","modified_gmt":"2025-12-26T15:44:12","slug":"romnd-zero-matte-lipstick-01-dusty-pink-matowa-pomadka-3-g","status":"publish","type":"product","link":"https:\/\/selleetools.com\/pl\/product\/romnd-zero-matte-lipstick-01-dusty-pink-matowa-pomadka-3-g\/","title":{"rendered":"rom&#038;nd Zero Matte Lipstick 01 Dusty pink &#8211; Matowa pomadka 3 g"},"content":{"rendered":"<p>rom&#038;nd Zero Matte Lipstick 01 Dusty Pink to pomadka, kt\u00f3ra \u0142\u0105czy elegancj\u0119 z nowoczesno\u015bci\u0105. Jej matowa formu\u0142a zapewnia d\u0142ugotrwa\u0142e, intensywne krycie, kt\u00f3re nie przesusza warg. Dzi\u0119ki lekkiej konsystencji, pomadka idealnie przylega do ust, nie tworz\u0105c efektu zwa\u0142\u00f3w ani \u0142uszczenia si\u0119. Kolor Dusty Pink to subtelny, elegancki odcie\u0144 r\u00f3\u017cu, kt\u00f3ry dodaje naturalnego blasku i \u015bwie\u017co\u015bci ka\u017cdemu makija\u017cowi.<\/p>\n<p>Korzy\u015bci dla sk\u00f3ry:<br \/>\nPomadka rom&#038;nd Zero Matte nawil\u017ca i od\u017cywia usta, zapewniaj\u0105c im jednocze\u015bnie matowe wyko\u0144czenie. Formu\u0142a wzbogacona jest o sk\u0142adniki piel\u0119gnacyjne, kt\u00f3re pomagaj\u0105 utrzyma\u0107 usta g\u0142adkie i mi\u0119kkie przez ca\u0142y dzie\u0144.<\/p>\n<p>Spos\u00f3b u\u017cycia:<br \/>\nNa\u0142\u00f3\u017c pomadk\u0119 r\u00f3wnomiernie na usta bezpo\u015brednio z opakowania lub za pomoc\u0105 p\u0119dzelka. Aby uzyska\u0107 jeszcze bardziej precyzyjny efekt, mo\u017cna najpierw obrysowa\u0107 kontur ust kredk\u0105. Dla lepszego efektu, stosuj pomadk\u0119 na wst\u0119pnie na\u0142o\u017cony balsam do ust lub baz\u0119 wyg\u0142adzaj\u0105c\u0105.<\/p>\n","protected":false},"excerpt":{"rendered":"<p>rom&#038;nd Zero Matte Lipstick 01 Dusty Pink to pomadka, kt\u00f3ra \u0142\u0105czy elegancj\u0119 z nowoczesno\u015bci\u0105. Jej matowa formu\u0142a zapewnia d\u0142ugotrwa\u0142e, intensywne krycie, kt\u00f3re nie przesusza warg. Dzi\u0119ki lekkiej konsystencji, pomadka idealnie przylega do ust, nie tworz\u0105c efektu zwa\u0142\u00f3w ani \u0142uszczenia si\u0119. Kolor Dusty Pink to subtelny, elegancki odcie\u0144 r\u00f3\u017cu, kt\u00f3ry dodaje naturalnego blasku i \u015bwie\u017co\u015bci ka\u017cdemu &#8230; <a title=\"rom&#038;nd Zero Matte Lipstick 01 Dusty pink &#8211; Matowa pomadka 3 g\" class=\"read-more\" href=\"https:\/\/selleetools.com\/pl\/product\/romnd-zero-matte-lipstick-01-dusty-pink-matowa-pomadka-3-g\/\">Read more<span class=\"screen-reader-text\">rom&#038;nd Zero Matte Lipstick 01 Dusty pink &#8211; Matowa pomadka 3 g<\/span><\/a><\/p>\n","protected":false},"featured_media":598124,"comment_status":"open","ping_status":"closed","template":"","meta":{"_links_to":"","_links_to_target":""},"yoast_head":"<!-- This site is optimized with the Yoast SEO plugin v19.4 - https:\/\/yoast.com\/wordpress\/plugins\/seo\/ -->\n<title>rom&amp;nd Zero Matte Lipstick 01 Dusty pink - Matowa pomadka 3 g - Selleetools.com<\/title>\n<meta name=\"robots\" content=\"index, follow, max-snippet:-1, max-image-preview:large, max-video-preview:-1\" \/>\n<link rel=\"canonical\" href=\"https:\/\/selleetools.com\/pl\/product\/romnd-zero-matte-lipstick-01-dusty-pink-matowa-pomadka-3-g\/\" \/>\n<meta property=\"og:locale\" content=\"pl_PL\" \/>\n<meta property=\"og:type\" content=\"article\" \/>\n<meta property=\"og:title\" content=\"rom&amp;nd Zero Matte Lipstick 01 Dusty pink - Matowa pomadka 3 g - Selleetools.com\" \/>\n<meta property=\"og:description\" content=\"rom&#038;nd Zero Matte Lipstick 01 Dusty Pink to pomadka, kt\u00f3ra \u0142\u0105czy elegancj\u0119 z nowoczesno\u015bci\u0105. Jej matowa formu\u0142a zapewnia d\u0142ugotrwa\u0142e, intensywne krycie, kt\u00f3re nie przesusza warg. Dzi\u0119ki lekkiej konsystencji, pomadka idealnie przylega do ust, nie tworz\u0105c efektu zwa\u0142\u00f3w ani \u0142uszczenia si\u0119. Kolor Dusty Pink to subtelny, elegancki odcie\u0144 r\u00f3\u017cu, kt\u00f3ry dodaje naturalnego blasku i \u015bwie\u017co\u015bci ka\u017cdemu ... Read morerom&#038;nd Zero Matte Lipstick 01 Dusty pink &#8211; Matowa pomadka 3 g\" \/>\n<meta property=\"og:url\" content=\"https:\/\/selleetools.com\/pl\/product\/romnd-zero-matte-lipstick-01-dusty-pink-matowa-pomadka-3-g\/\" \/>\n<meta property=\"og:site_name\" content=\"Selleetools.com\" \/>\n<meta property=\"article:modified_time\" content=\"2025-12-26T15:44:12+00:00\" \/>\n<meta property=\"og:image\" content=\"https:\/\/selleetools.com\/wp-content\/uploads\/2025\/10\/d5d72577791cf90e8ca4b99688395255.jpg\" \/>\n\t<meta property=\"og:image:width\" content=\"1000\" \/>\n\t<meta property=\"og:image:height\" content=\"1000\" \/>\n\t<meta property=\"og:image:type\" content=\"image\/jpeg\" \/>\n<meta name=\"twitter:card\" content=\"summary_large_image\" \/>\n<meta name=\"twitter:label1\" content=\"Est. reading time\" \/>\n\t<meta name=\"twitter:data1\" content=\"1 minuta\" \/>\n<!-- \/ Yoast SEO plugin. -->","yoast_head_json":{"title":"rom&nd Zero Matte Lipstick 01 Dusty pink - Matowa pomadka 3 g - Selleetools.com","robots":{"index":"index","follow":"follow","max-snippet":"max-snippet:-1","max-image-preview":"max-image-preview:large","max-video-preview":"max-video-preview:-1"},"canonical":"https:\/\/selleetools.com\/pl\/product\/romnd-zero-matte-lipstick-01-dusty-pink-matowa-pomadka-3-g\/","og_locale":"pl_PL","og_type":"article","og_title":"rom&nd Zero Matte Lipstick 01 Dusty pink - Matowa pomadka 3 g - Selleetools.com","og_description":"rom&#038;nd Zero Matte Lipstick 01 Dusty Pink to pomadka, kt\u00f3ra \u0142\u0105czy elegancj\u0119 z nowoczesno\u015bci\u0105. Jej matowa formu\u0142a zapewnia d\u0142ugotrwa\u0142e, intensywne krycie, kt\u00f3re nie przesusza warg. Dzi\u0119ki lekkiej konsystencji, pomadka idealnie przylega do ust, nie tworz\u0105c efektu zwa\u0142\u00f3w ani \u0142uszczenia si\u0119. Kolor Dusty Pink to subtelny, elegancki odcie\u0144 r\u00f3\u017cu, kt\u00f3ry dodaje naturalnego blasku i \u015bwie\u017co\u015bci ka\u017cdemu ... Read morerom&#038;nd Zero Matte Lipstick 01 Dusty pink &#8211; Matowa pomadka 3 g","og_url":"https:\/\/selleetools.com\/pl\/product\/romnd-zero-matte-lipstick-01-dusty-pink-matowa-pomadka-3-g\/","og_site_name":"Selleetools.com","article_modified_time":"2025-12-26T15:44:12+00:00","og_image":[{"width":1000,"height":1000,"url":"https:\/\/selleetools.com\/wp-content\/uploads\/2025\/10\/d5d72577791cf90e8ca4b99688395255.jpg","type":"image\/jpeg"}],"twitter_card":"summary_large_image","twitter_misc":{"Est. reading time":"1 minuta"},"schema":{"@context":"https:\/\/schema.org","@graph":[{"@type":"Organization","@id":"https:\/\/selleetools.com\/#organization","name":"Selleetools","url":"https:\/\/selleetools.com\/","sameAs":[],"logo":{"@type":"ImageObject","inLanguage":"pl-PL","@id":"https:\/\/selleetools.com\/#\/schema\/logo\/image\/","url":"https:\/\/selleetools.com\/wp-content\/uploads\/2021\/10\/logo-dark.png","contentUrl":"https:\/\/selleetools.com\/wp-content\/uploads\/2021\/10\/logo-dark.png","width":320,"height":76,"caption":"Selleetools"},"image":{"@id":"https:\/\/selleetools.com\/#\/schema\/logo\/image\/"}},{"@type":"WebSite","@id":"https:\/\/selleetools.com\/#website","url":"https:\/\/selleetools.com\/","name":"Selleetools.com","description":"","publisher":{"@id":"https:\/\/selleetools.com\/#organization"},"potentialAction":[{"@type":"SearchAction","target":{"@type":"EntryPoint","urlTemplate":"https:\/\/selleetools.com\/?s={search_term_string}"},"query-input":"required name=search_term_string"}],"inLanguage":"pl-PL"},{"@type":"WebPage","@id":"https:\/\/selleetools.com\/pl\/product\/romnd-zero-matte-lipstick-01-dusty-pink-matowa-pomadka-3-g\/","url":"https:\/\/selleetools.com\/pl\/product\/romnd-zero-matte-lipstick-01-dusty-pink-matowa-pomadka-3-g\/","name":"rom&nd Zero Matte Lipstick 01 Dusty pink - Matowa pomadka 3 g - Selleetools.com","isPartOf":{"@id":"https:\/\/selleetools.com\/#website"},"datePublished":"2025-10-22T06:48:13+00:00","dateModified":"2025-12-26T15:44:12+00:00","breadcrumb":{"@id":"https:\/\/selleetools.com\/pl\/product\/romnd-zero-matte-lipstick-01-dusty-pink-matowa-pomadka-3-g\/#breadcrumb"},"inLanguage":"pl-PL","potentialAction":[{"@type":"ReadAction","target":["https:\/\/selleetools.com\/pl\/product\/romnd-zero-matte-lipstick-01-dusty-pink-matowa-pomadka-3-g\/"]}]},{"@type":"BreadcrumbList","@id":"https:\/\/selleetools.com\/pl\/product\/romnd-zero-matte-lipstick-01-dusty-pink-matowa-pomadka-3-g\/#breadcrumb","itemListElement":[{"@type":"ListItem","position":1,"name":"Home","item":"https:\/\/selleetools.com\/pl\/"},{"@type":"ListItem","position":2,"name":"Katalog","item":"https:\/\/selleetools.com\/pl\/katalog\/"},{"@type":"ListItem","position":3,"name":"rom&#038;nd Zero Matte Lipstick 01 Dusty pink &#8211; Matowa pomadka 3 g"}]}]}},"_links":{"self":[{"href":"https:\/\/selleetools.com\/pl\/wp-json\/wp\/v2\/product\/598128"}],"collection":[{"href":"https:\/\/selleetools.com\/pl\/wp-json\/wp\/v2\/product"}],"about":[{"href":"https:\/\/selleetools.com\/pl\/wp-json\/wp\/v2\/types\/product"}],"replies":[{"embeddable":true,"href":"https:\/\/selleetools.com\/pl\/wp-json\/wp\/v2\/comments?post=598128"}],"wp:featuredmedia":[{"embeddable":true,"href":"https:\/\/selleetools.com\/pl\/wp-json\/wp\/v2\/media\/598124"}],"wp:attachment":[{"href":"https:\/\/selleetools.com\/pl\/wp-json\/wp\/v2\/media?parent=598128"}],"curies":[{"name":"wp","href":"https:\/\/api.w.org\/{rel}","templated":true}]}}