{"id":598123,"date":"2025-10-22T08:48:09","date_gmt":"2025-10-22T06:48:09","guid":{"rendered":"https:\/\/selleetools.com\/?post_type=product&#038;p=598123"},"modified":"2025-10-30T16:26:05","modified_gmt":"2025-10-30T15:26:05","slug":"romnd-better-than-palette-06-peony-nude-garden-7-7-g-paleta-cieni-do-powiek","status":"publish","type":"product","link":"https:\/\/selleetools.com\/pl\/product\/romnd-better-than-palette-06-peony-nude-garden-7-7-g-paleta-cieni-do-powiek\/","title":{"rendered":"rom&#038;nd Better Than Palette 06 Peony Nude Garden 7.7 g &#8211; Paleta cieni do powiek"},"content":{"rendered":"<p>Paleta cieni do powiek rom&#038;nd Better Than Palette 06 Peony Nude Garden to wyj\u0105tkowy zestaw o\u015bmiu eleganckich odcieni, kt\u00f3ry pozwoli Ci stworzy\u0107 perfekcyjny, subtelny makija\u017c. W odcieniach inspirowanych delikatnymi peoniami i naturalnymi nudami, paleta oferuje r\u00f3\u017cnorodne tekstury \u2013 od matowych po b\u0142yszcz\u0105ce \u2013 kt\u00f3re idealnie sprawdz\u0105 si\u0119 zar\u00f3wno na co dzie\u0144, jak i na specjalne okazje.<\/p>\n<p>Korzy\u015bci dla sk\u00f3ry: Cienie zawieraj\u0105 formu\u0142\u0119, kt\u00f3ra zapewnia d\u0142ugotrwa\u0142y efekt bez osypywania si\u0119, a ich lekkie, jedwabiste tekstury nie podra\u017cniaj\u0105 delikatnej sk\u00f3ry powiek. Dodatkowo, zawarte w nich sk\u0142adniki piel\u0119gnuj\u0105ce pomagaj\u0105 utrzyma\u0107 sk\u00f3r\u0119 powiek w dobrej kondycji.<\/p>\n<p>Spos\u00f3b u\u017cycia: Na\u0142\u00f3\u017c wybrany cie\u0144 na powieki za pomoc\u0105 p\u0119dzelka do cieni lub palca, zaczynaj\u0105c od ja\u015bniejszych odcieni jako bazy, a nast\u0119pnie dodaj\u0105c ciemniejsze kolory, aby uzyska\u0107 po\u017c\u0105dany efekt. Cienie mo\u017cna \u0142atwo blendowa\u0107, co pozwala na tworzenie p\u0142ynnych przej\u015b\u0107 i naturalnych, harmonijnych look\u00f3w.<\/p>\n","protected":false},"excerpt":{"rendered":"<p>Paleta cieni do powiek rom&#038;nd Better Than Palette 06 Peony Nude Garden to wyj\u0105tkowy zestaw o\u015bmiu eleganckich odcieni, kt\u00f3ry pozwoli Ci stworzy\u0107 perfekcyjny, subtelny makija\u017c. W odcieniach inspirowanych delikatnymi peoniami i naturalnymi nudami, paleta oferuje r\u00f3\u017cnorodne tekstury \u2013 od matowych po b\u0142yszcz\u0105ce \u2013 kt\u00f3re idealnie sprawdz\u0105 si\u0119 zar\u00f3wno na co dzie\u0144, jak i na specjalne &#8230; <a title=\"rom&#038;nd Better Than Palette 06 Peony Nude Garden 7.7 g &#8211; Paleta cieni do powiek\" class=\"read-more\" href=\"https:\/\/selleetools.com\/pl\/product\/romnd-better-than-palette-06-peony-nude-garden-7-7-g-paleta-cieni-do-powiek\/\">Read more<span class=\"screen-reader-text\">rom&#038;nd Better Than Palette 06 Peony Nude Garden 7.7 g &#8211; Paleta cieni do powiek<\/span><\/a><\/p>\n","protected":false},"featured_media":598119,"comment_status":"open","ping_status":"closed","template":"","meta":{"_links_to":"","_links_to_target":""},"yoast_head":"<!-- This site is optimized with the Yoast SEO plugin v19.4 - https:\/\/yoast.com\/wordpress\/plugins\/seo\/ -->\n<title>rom&amp;nd Better Than Palette 06 Peony Nude Garden 7.7 g - Paleta cieni do powiek - Selleetools.com<\/title>\n<meta name=\"robots\" content=\"index, follow, max-snippet:-1, max-image-preview:large, max-video-preview:-1\" \/>\n<link rel=\"canonical\" href=\"https:\/\/admincentral.selleetools.com\/pl\/product\/romnd-better-than-palette-06-peony-nude-garden-7-7-g-paleta-cieni-do-powiek\/\" \/>\n<meta property=\"og:locale\" content=\"pl_PL\" \/>\n<meta property=\"og:type\" content=\"article\" \/>\n<meta property=\"og:title\" content=\"rom&amp;nd Better Than Palette 06 Peony Nude Garden 7.7 g - Paleta cieni do powiek - Selleetools.com\" \/>\n<meta property=\"og:description\" content=\"Paleta cieni do powiek rom&#038;nd Better Than Palette 06 Peony Nude Garden to wyj\u0105tkowy zestaw o\u015bmiu eleganckich odcieni, kt\u00f3ry pozwoli Ci stworzy\u0107 perfekcyjny, subtelny makija\u017c. W odcieniach inspirowanych delikatnymi peoniami i naturalnymi nudami, paleta oferuje r\u00f3\u017cnorodne tekstury \u2013 od matowych po b\u0142yszcz\u0105ce \u2013 kt\u00f3re idealnie sprawdz\u0105 si\u0119 zar\u00f3wno na co dzie\u0144, jak i na specjalne ... Read morerom&#038;nd Better Than Palette 06 Peony Nude Garden 7.7 g &#8211; Paleta cieni do powiek\" \/>\n<meta property=\"og:url\" content=\"https:\/\/admincentral.selleetools.com\/pl\/product\/romnd-better-than-palette-06-peony-nude-garden-7-7-g-paleta-cieni-do-powiek\/\" \/>\n<meta property=\"og:site_name\" content=\"Selleetools.com\" \/>\n<meta property=\"article:modified_time\" content=\"2025-10-30T15:26:05+00:00\" \/>\n<meta property=\"og:image\" content=\"https:\/\/selleetools.com\/wp-content\/uploads\/2025\/10\/4da4a33056d00579f4343956ea8e61cd.jpg\" \/>\n\t<meta property=\"og:image:width\" content=\"1000\" \/>\n\t<meta property=\"og:image:height\" content=\"1000\" \/>\n\t<meta property=\"og:image:type\" content=\"image\/jpeg\" \/>\n<meta name=\"twitter:card\" content=\"summary_large_image\" \/>\n<meta name=\"twitter:label1\" content=\"Est. reading time\" \/>\n\t<meta name=\"twitter:data1\" content=\"1 minuta\" \/>\n<!-- \/ Yoast SEO plugin. -->","yoast_head_json":{"title":"rom&nd Better Than Palette 06 Peony Nude Garden 7.7 g - Paleta cieni do powiek - Selleetools.com","robots":{"index":"index","follow":"follow","max-snippet":"max-snippet:-1","max-image-preview":"max-image-preview:large","max-video-preview":"max-video-preview:-1"},"canonical":"https:\/\/admincentral.selleetools.com\/pl\/product\/romnd-better-than-palette-06-peony-nude-garden-7-7-g-paleta-cieni-do-powiek\/","og_locale":"pl_PL","og_type":"article","og_title":"rom&nd Better Than Palette 06 Peony Nude Garden 7.7 g - Paleta cieni do powiek - Selleetools.com","og_description":"Paleta cieni do powiek rom&#038;nd Better Than Palette 06 Peony Nude Garden to wyj\u0105tkowy zestaw o\u015bmiu eleganckich odcieni, kt\u00f3ry pozwoli Ci stworzy\u0107 perfekcyjny, subtelny makija\u017c. W odcieniach inspirowanych delikatnymi peoniami i naturalnymi nudami, paleta oferuje r\u00f3\u017cnorodne tekstury \u2013 od matowych po b\u0142yszcz\u0105ce \u2013 kt\u00f3re idealnie sprawdz\u0105 si\u0119 zar\u00f3wno na co dzie\u0144, jak i na specjalne ... Read morerom&#038;nd Better Than Palette 06 Peony Nude Garden 7.7 g &#8211; Paleta cieni do powiek","og_url":"https:\/\/admincentral.selleetools.com\/pl\/product\/romnd-better-than-palette-06-peony-nude-garden-7-7-g-paleta-cieni-do-powiek\/","og_site_name":"Selleetools.com","article_modified_time":"2025-10-30T15:26:05+00:00","og_image":[{"width":1000,"height":1000,"url":"https:\/\/selleetools.com\/wp-content\/uploads\/2025\/10\/4da4a33056d00579f4343956ea8e61cd.jpg","type":"image\/jpeg"}],"twitter_card":"summary_large_image","twitter_misc":{"Est. reading time":"1 minuta"},"schema":{"@context":"https:\/\/schema.org","@graph":[{"@type":"Organization","@id":"https:\/\/selleetools.com\/#organization","name":"Selleetools","url":"https:\/\/selleetools.com\/","sameAs":[],"logo":{"@type":"ImageObject","inLanguage":"pl-PL","@id":"https:\/\/selleetools.com\/#\/schema\/logo\/image\/","url":"https:\/\/selleetools.com\/wp-content\/uploads\/2021\/10\/logo-dark.png","contentUrl":"https:\/\/selleetools.com\/wp-content\/uploads\/2021\/10\/logo-dark.png","width":320,"height":76,"caption":"Selleetools"},"image":{"@id":"https:\/\/selleetools.com\/#\/schema\/logo\/image\/"}},{"@type":"WebSite","@id":"https:\/\/selleetools.com\/#website","url":"https:\/\/selleetools.com\/","name":"Selleetools.com","description":"","publisher":{"@id":"https:\/\/selleetools.com\/#organization"},"potentialAction":[{"@type":"SearchAction","target":{"@type":"EntryPoint","urlTemplate":"https:\/\/selleetools.com\/?s={search_term_string}"},"query-input":"required name=search_term_string"}],"inLanguage":"pl-PL"},{"@type":"WebPage","@id":"https:\/\/admincentral.selleetools.com\/pl\/product\/romnd-better-than-palette-06-peony-nude-garden-7-7-g-paleta-cieni-do-powiek\/","url":"https:\/\/admincentral.selleetools.com\/pl\/product\/romnd-better-than-palette-06-peony-nude-garden-7-7-g-paleta-cieni-do-powiek\/","name":"rom&nd Better Than Palette 06 Peony Nude Garden 7.7 g - Paleta cieni do powiek - Selleetools.com","isPartOf":{"@id":"https:\/\/selleetools.com\/#website"},"datePublished":"2025-10-22T06:48:09+00:00","dateModified":"2025-10-30T15:26:05+00:00","breadcrumb":{"@id":"https:\/\/admincentral.selleetools.com\/pl\/product\/romnd-better-than-palette-06-peony-nude-garden-7-7-g-paleta-cieni-do-powiek\/#breadcrumb"},"inLanguage":"pl-PL","potentialAction":[{"@type":"ReadAction","target":["https:\/\/admincentral.selleetools.com\/pl\/product\/romnd-better-than-palette-06-peony-nude-garden-7-7-g-paleta-cieni-do-powiek\/"]}]},{"@type":"BreadcrumbList","@id":"https:\/\/admincentral.selleetools.com\/pl\/product\/romnd-better-than-palette-06-peony-nude-garden-7-7-g-paleta-cieni-do-powiek\/#breadcrumb","itemListElement":[{"@type":"ListItem","position":1,"name":"Home","item":"https:\/\/selleetools.com\/pl\/"},{"@type":"ListItem","position":2,"name":"Katalog","item":"https:\/\/selleetools.com\/pl\/katalog\/"},{"@type":"ListItem","position":3,"name":"rom&#038;nd Better Than Palette 06 Peony Nude Garden 7.7 g &#8211; Paleta cieni do powiek"}]}]}},"_links":{"self":[{"href":"https:\/\/selleetools.com\/pl\/wp-json\/wp\/v2\/product\/598123"}],"collection":[{"href":"https:\/\/selleetools.com\/pl\/wp-json\/wp\/v2\/product"}],"about":[{"href":"https:\/\/selleetools.com\/pl\/wp-json\/wp\/v2\/types\/product"}],"replies":[{"embeddable":true,"href":"https:\/\/selleetools.com\/pl\/wp-json\/wp\/v2\/comments?post=598123"}],"wp:featuredmedia":[{"embeddable":true,"href":"https:\/\/selleetools.com\/pl\/wp-json\/wp\/v2\/media\/598119"}],"wp:attachment":[{"href":"https:\/\/selleetools.com\/pl\/wp-json\/wp\/v2\/media?parent=598123"}],"curies":[{"name":"wp","href":"https:\/\/api.w.org\/{rel}","templated":true}]}}