{"id":598087,"date":"2025-10-22T08:47:41","date_gmt":"2025-10-22T06:47:41","guid":{"rendered":"https:\/\/selleetools.com\/?post_type=product&#038;p=598087"},"modified":"2026-02-25T19:08:15","modified_gmt":"2026-02-25T18:08:15","slug":"some-by-mi-retinol-intense-advanced-triple-action-eye-cream-30-ml-krem-pod-oczy-z-retinolem","status":"publish","type":"product","link":"https:\/\/selleetools.com\/pl\/product\/some-by-mi-retinol-intense-advanced-triple-action-eye-cream-30-ml-krem-pod-oczy-z-retinolem\/","title":{"rendered":"SOME BY MI Retinol Intense Advanced Triple Action Eye Cream 30 ml &#8211; Krem pod oczy z retinolem"},"content":{"rendered":"<p>SOME BY MI Retinol Intense Advanced Triple Action Eye Cream to zaawansowany krem pod oczy, kt\u00f3ry skutecznie walczy z oznakami starzenia si\u0119 sk\u00f3ry. Formu\u0142a wzbogacona retinolem i innymi aktywnymi sk\u0142adnikami dzia\u0142a potr\u00f3jnie: redukuje widoczno\u015b\u0107 zmarszczek, poprawia elastyczno\u015b\u0107 sk\u00f3ry oraz rozja\u015bnia cienie pod oczami.<\/p>\n<p>Korzy\u015bci dla sk\u00f3ry:<br \/>\nRedukcja zmarszczek: Retinol stymuluje produkcj\u0119 kolagenu, co pomaga wyg\u0142adzi\u0107 drobne linie i zmarszczki wok\u00f3\u0142 oczu.<br \/>\nPoprawa elastyczno\u015bci: Regularne stosowanie kremu poprawia elastyczno\u015b\u0107 i j\u0119drno\u015b\u0107 sk\u00f3ry, czyni\u0105c j\u0105 bardziej spr\u0119\u017cyst\u0105.<br \/>\nRozja\u015bnianie cieni: Formu\u0142a zawiera sk\u0142adniki rozja\u015bniaj\u0105ce, kt\u00f3re pomagaj\u0105 zredukowa\u0107 widoczno\u015b\u0107 cieni i przebarwie\u0144 pod oczami.<\/p>\n<p>Spos\u00f3b u\u017cycia:<br \/>\nNa\u0142\u00f3\u017c niewielk\u0105 ilo\u015b\u0107 kremu na sk\u00f3r\u0119 wok\u00f3\u0142 oczu, delikatnie wklepuj\u0105c opuszkami palc\u00f3w. U\u017cywaj codziennie, najlepiej wieczorem, aby uzyska\u0107 najlepsze rezultaty. Unikaj kontaktu z bezpo\u015brednim \u015bwiat\u0142em s\u0142onecznym oraz stosuj produkty z filtrem SPF w ci\u0105gu dnia.<\/p>\n","protected":false},"excerpt":{"rendered":"<p>SOME BY MI Retinol Intense Advanced Triple Action Eye Cream to zaawansowany krem pod oczy, kt\u00f3ry skutecznie walczy z oznakami starzenia si\u0119 sk\u00f3ry. Formu\u0142a wzbogacona retinolem i innymi aktywnymi sk\u0142adnikami dzia\u0142a potr\u00f3jnie: redukuje widoczno\u015b\u0107 zmarszczek, poprawia elastyczno\u015b\u0107 sk\u00f3ry oraz rozja\u015bnia cienie pod oczami. Korzy\u015bci dla sk\u00f3ry: Redukcja zmarszczek: Retinol stymuluje produkcj\u0119 kolagenu, co pomaga wyg\u0142adzi\u0107 &#8230; <a title=\"SOME BY MI Retinol Intense Advanced Triple Action Eye Cream 30 ml &#8211; Krem pod oczy z retinolem\" class=\"read-more\" href=\"https:\/\/selleetools.com\/pl\/product\/some-by-mi-retinol-intense-advanced-triple-action-eye-cream-30-ml-krem-pod-oczy-z-retinolem\/\">Read more<span class=\"screen-reader-text\">SOME BY MI Retinol Intense Advanced Triple Action Eye Cream 30 ml &#8211; Krem pod oczy z retinolem<\/span><\/a><\/p>\n","protected":false},"featured_media":598085,"comment_status":"open","ping_status":"closed","template":"","meta":{"_links_to":"","_links_to_target":""},"yoast_head":"<!-- This site is optimized with the Yoast SEO plugin v19.4 - https:\/\/yoast.com\/wordpress\/plugins\/seo\/ -->\n<title>SOME BY MI Retinol Intense Advanced Triple Action Eye Cream 30 ml - Krem pod oczy z retinolem - Selleetools.com<\/title>\n<meta name=\"robots\" content=\"index, follow, max-snippet:-1, max-image-preview:large, max-video-preview:-1\" \/>\n<link rel=\"canonical\" href=\"https:\/\/selleetools.com\/pl\/product\/some-by-mi-retinol-intense-advanced-triple-action-eye-cream-30-ml-krem-pod-oczy-z-retinolem\/\" \/>\n<meta property=\"og:locale\" content=\"pl_PL\" \/>\n<meta property=\"og:type\" content=\"article\" \/>\n<meta property=\"og:title\" content=\"SOME BY MI Retinol Intense Advanced Triple Action Eye Cream 30 ml - Krem pod oczy z retinolem - Selleetools.com\" \/>\n<meta property=\"og:description\" content=\"SOME BY MI Retinol Intense Advanced Triple Action Eye Cream to zaawansowany krem pod oczy, kt\u00f3ry skutecznie walczy z oznakami starzenia si\u0119 sk\u00f3ry. Formu\u0142a wzbogacona retinolem i innymi aktywnymi sk\u0142adnikami dzia\u0142a potr\u00f3jnie: redukuje widoczno\u015b\u0107 zmarszczek, poprawia elastyczno\u015b\u0107 sk\u00f3ry oraz rozja\u015bnia cienie pod oczami. Korzy\u015bci dla sk\u00f3ry: Redukcja zmarszczek: Retinol stymuluje produkcj\u0119 kolagenu, co pomaga wyg\u0142adzi\u0107 ... Read moreSOME BY MI Retinol Intense Advanced Triple Action Eye Cream 30 ml &#8211; Krem pod oczy z retinolem\" \/>\n<meta property=\"og:url\" content=\"https:\/\/selleetools.com\/pl\/product\/some-by-mi-retinol-intense-advanced-triple-action-eye-cream-30-ml-krem-pod-oczy-z-retinolem\/\" \/>\n<meta property=\"og:site_name\" content=\"Selleetools.com\" \/>\n<meta property=\"article:modified_time\" content=\"2026-02-25T18:08:15+00:00\" \/>\n<meta property=\"og:image\" content=\"https:\/\/selleetools.com\/wp-content\/uploads\/2025\/10\/a6dd532da04f91de0016a994cf41eb82.jpg\" \/>\n\t<meta property=\"og:image:width\" content=\"405\" \/>\n\t<meta property=\"og:image:height\" content=\"405\" \/>\n\t<meta property=\"og:image:type\" content=\"image\/jpeg\" \/>\n<meta name=\"twitter:card\" content=\"summary_large_image\" \/>\n<meta name=\"twitter:label1\" content=\"Est. reading time\" \/>\n\t<meta name=\"twitter:data1\" content=\"1 minuta\" \/>\n<!-- \/ Yoast SEO plugin. -->","yoast_head_json":{"title":"SOME BY MI Retinol Intense Advanced Triple Action Eye Cream 30 ml - Krem pod oczy z retinolem - Selleetools.com","robots":{"index":"index","follow":"follow","max-snippet":"max-snippet:-1","max-image-preview":"max-image-preview:large","max-video-preview":"max-video-preview:-1"},"canonical":"https:\/\/selleetools.com\/pl\/product\/some-by-mi-retinol-intense-advanced-triple-action-eye-cream-30-ml-krem-pod-oczy-z-retinolem\/","og_locale":"pl_PL","og_type":"article","og_title":"SOME BY MI Retinol Intense Advanced Triple Action Eye Cream 30 ml - Krem pod oczy z retinolem - Selleetools.com","og_description":"SOME BY MI Retinol Intense Advanced Triple Action Eye Cream to zaawansowany krem pod oczy, kt\u00f3ry skutecznie walczy z oznakami starzenia si\u0119 sk\u00f3ry. Formu\u0142a wzbogacona retinolem i innymi aktywnymi sk\u0142adnikami dzia\u0142a potr\u00f3jnie: redukuje widoczno\u015b\u0107 zmarszczek, poprawia elastyczno\u015b\u0107 sk\u00f3ry oraz rozja\u015bnia cienie pod oczami. Korzy\u015bci dla sk\u00f3ry: Redukcja zmarszczek: Retinol stymuluje produkcj\u0119 kolagenu, co pomaga wyg\u0142adzi\u0107 ... Read moreSOME BY MI Retinol Intense Advanced Triple Action Eye Cream 30 ml &#8211; Krem pod oczy z retinolem","og_url":"https:\/\/selleetools.com\/pl\/product\/some-by-mi-retinol-intense-advanced-triple-action-eye-cream-30-ml-krem-pod-oczy-z-retinolem\/","og_site_name":"Selleetools.com","article_modified_time":"2026-02-25T18:08:15+00:00","og_image":[{"width":405,"height":405,"url":"https:\/\/selleetools.com\/wp-content\/uploads\/2025\/10\/a6dd532da04f91de0016a994cf41eb82.jpg","type":"image\/jpeg"}],"twitter_card":"summary_large_image","twitter_misc":{"Est. reading time":"1 minuta"},"schema":{"@context":"https:\/\/schema.org","@graph":[{"@type":"Organization","@id":"https:\/\/selleetools.com\/#organization","name":"Selleetools","url":"https:\/\/selleetools.com\/","sameAs":[],"logo":{"@type":"ImageObject","inLanguage":"pl-PL","@id":"https:\/\/selleetools.com\/#\/schema\/logo\/image\/","url":"https:\/\/selleetools.com\/wp-content\/uploads\/2021\/10\/logo-dark.png","contentUrl":"https:\/\/selleetools.com\/wp-content\/uploads\/2021\/10\/logo-dark.png","width":320,"height":76,"caption":"Selleetools"},"image":{"@id":"https:\/\/selleetools.com\/#\/schema\/logo\/image\/"}},{"@type":"WebSite","@id":"https:\/\/selleetools.com\/#website","url":"https:\/\/selleetools.com\/","name":"Selleetools.com","description":"","publisher":{"@id":"https:\/\/selleetools.com\/#organization"},"potentialAction":[{"@type":"SearchAction","target":{"@type":"EntryPoint","urlTemplate":"https:\/\/selleetools.com\/?s={search_term_string}"},"query-input":"required name=search_term_string"}],"inLanguage":"pl-PL"},{"@type":"WebPage","@id":"https:\/\/selleetools.com\/pl\/product\/some-by-mi-retinol-intense-advanced-triple-action-eye-cream-30-ml-krem-pod-oczy-z-retinolem\/","url":"https:\/\/selleetools.com\/pl\/product\/some-by-mi-retinol-intense-advanced-triple-action-eye-cream-30-ml-krem-pod-oczy-z-retinolem\/","name":"SOME BY MI Retinol Intense Advanced Triple Action Eye Cream 30 ml - Krem pod oczy z retinolem - Selleetools.com","isPartOf":{"@id":"https:\/\/selleetools.com\/#website"},"datePublished":"2025-10-22T06:47:41+00:00","dateModified":"2026-02-25T18:08:15+00:00","breadcrumb":{"@id":"https:\/\/selleetools.com\/pl\/product\/some-by-mi-retinol-intense-advanced-triple-action-eye-cream-30-ml-krem-pod-oczy-z-retinolem\/#breadcrumb"},"inLanguage":"pl-PL","potentialAction":[{"@type":"ReadAction","target":["https:\/\/selleetools.com\/pl\/product\/some-by-mi-retinol-intense-advanced-triple-action-eye-cream-30-ml-krem-pod-oczy-z-retinolem\/"]}]},{"@type":"BreadcrumbList","@id":"https:\/\/selleetools.com\/pl\/product\/some-by-mi-retinol-intense-advanced-triple-action-eye-cream-30-ml-krem-pod-oczy-z-retinolem\/#breadcrumb","itemListElement":[{"@type":"ListItem","position":1,"name":"Home","item":"https:\/\/selleetools.com\/pl\/"},{"@type":"ListItem","position":2,"name":"Katalog","item":"https:\/\/selleetools.com\/pl\/katalog\/"},{"@type":"ListItem","position":3,"name":"SOME BY MI Retinol Intense Advanced Triple Action Eye Cream 30 ml &#8211; Krem pod oczy z retinolem"}]}]}},"_links":{"self":[{"href":"https:\/\/selleetools.com\/pl\/wp-json\/wp\/v2\/product\/598087"}],"collection":[{"href":"https:\/\/selleetools.com\/pl\/wp-json\/wp\/v2\/product"}],"about":[{"href":"https:\/\/selleetools.com\/pl\/wp-json\/wp\/v2\/types\/product"}],"replies":[{"embeddable":true,"href":"https:\/\/selleetools.com\/pl\/wp-json\/wp\/v2\/comments?post=598087"}],"wp:featuredmedia":[{"embeddable":true,"href":"https:\/\/selleetools.com\/pl\/wp-json\/wp\/v2\/media\/598085"}],"wp:attachment":[{"href":"https:\/\/selleetools.com\/pl\/wp-json\/wp\/v2\/media?parent=598087"}],"curies":[{"name":"wp","href":"https:\/\/api.w.org\/{rel}","templated":true}]}}