{"id":597889,"date":"2025-10-22T08:44:26","date_gmt":"2025-10-22T06:44:26","guid":{"rendered":"https:\/\/selleetools.com\/?post_type=product&#038;p=597889"},"modified":"2025-12-30T07:00:14","modified_gmt":"2025-12-30T06:00:14","slug":"pyunkang-yul-moisture-serum-9-ml-nawilzajace-serum","status":"publish","type":"product","link":"https:\/\/selleetools.com\/pl\/product\/pyunkang-yul-moisture-serum-9-ml-nawilzajace-serum\/","title":{"rendered":"Pyunkang Yul Moisture Serum 9 ml &#8211; Nawil\u017caj\u0105ce serum"},"content":{"rendered":"<p>Pyunkang Yul Moisture Serum to luksusowy, nawil\u017caj\u0105cy produkt do piel\u0119gnacji sk\u00f3ry, zaprojektowany przez renomowan\u0105 korea\u0144sk\u0105 mark\u0119 Pyunkang Yul. Serum to jest idealne dla wszystkich typ\u00f3w sk\u00f3ry, w tym sk\u00f3ry wra\u017cliwej i sk\u0142onnej do podra\u017cnie\u0144. Zawiera starannie dobrane sk\u0142adniki, kt\u00f3re g\u0142\u0119boko nawil\u017caj\u0105, od\u017cywiaj\u0105 i koj\u0105 sk\u00f3r\u0119, jednocze\u015bnie wspomagaj\u0105c jej naturalne funkcje ochronne.<\/p>\n<p>Korzy\u015bci dla sk\u00f3ry:<br \/>\nIntensywne nawil\u017cenie: Serum zapewnia d\u0142ugotrwa\u0142e nawil\u017cenie, kt\u00f3re pomaga utrzyma\u0107 sk\u00f3r\u0119 mi\u0119kk\u0105 i elastyczn\u0105.<br \/>\n\u0141agodzenie podra\u017cnie\u0144: Dzi\u0119ki zawarto\u015bci sk\u0142adnik\u00f3w o dzia\u0142aniu koj\u0105cym, produkt redukuje zaczerwienienia i uczucie dyskomfortu.<br \/>\nPoprawa elastyczno\u015bci: Regularne stosowanie serum poprawia elastyczno\u015b\u0107 sk\u00f3ry, sprawiaj\u0105c, \u017ce wygl\u0105da m\u0142odziej i zdrowiej.<br \/>\nWzmocnienie bariery ochronnej: Serum wzmacnia naturaln\u0105 barier\u0119 ochronn\u0105 sk\u00f3ry, chroni\u0105c j\u0105 przed szkodliwymi czynnikami zewn\u0119trznymi.<\/p>\n<p>Spos\u00f3b u\u017cycia:<br \/>\nOczyszczenie: Zaczynij od dok\u0142adnego oczyszczenia twarzy, aby usun\u0105\u0107 zanieczyszczenia i przygotowa\u0107 sk\u00f3r\u0119 do aplikacji serum.<br \/>\nAplikacja: Na\u0142\u00f3\u017c niewielk\u0105 ilo\u015b\u0107 serum na d\u0142o\u0144 i delikatnie rozprowad\u017a na twarzy i szyi.<br \/>\nWklepanie: Delikatnie wklep serum w sk\u00f3r\u0119, aby zapewni\u0107 lepsze wch\u0142anianie.<br \/>\nKolejne kroki: Po wch\u0142oni\u0119ciu serum, na\u0142\u00f3\u017c krem nawil\u017caj\u0105cy, aby zamkn\u0105\u0107 wilgo\u0107 w sk\u00f3rze.<\/p>\n<p>Pyunkang Yul Moisture Serum to doskona\u0142y wyb\u00f3r dla os\u00f3b pragn\u0105cych zdrowej, nawil\u017conej i od\u017cywionej sk\u00f3ry. Codzienne stosowanie tego serum mo\u017ce znacz\u0105co poprawi\u0107 kondycj\u0119 sk\u00f3ry, nadaj\u0105c jej \u015bwie\u017cy i promienny wygl\u0105d.<\/p>\n","protected":false},"excerpt":{"rendered":"<p>Pyunkang Yul Moisture Serum to luksusowy, nawil\u017caj\u0105cy produkt do piel\u0119gnacji sk\u00f3ry, zaprojektowany przez renomowan\u0105 korea\u0144sk\u0105 mark\u0119 Pyunkang Yul. Serum to jest idealne dla wszystkich typ\u00f3w sk\u00f3ry, w tym sk\u00f3ry wra\u017cliwej i sk\u0142onnej do podra\u017cnie\u0144. Zawiera starannie dobrane sk\u0142adniki, kt\u00f3re g\u0142\u0119boko nawil\u017caj\u0105, od\u017cywiaj\u0105 i koj\u0105 sk\u00f3r\u0119, jednocze\u015bnie wspomagaj\u0105c jej naturalne funkcje ochronne. Korzy\u015bci dla sk\u00f3ry: Intensywne &#8230; <a title=\"Pyunkang Yul Moisture Serum 9 ml &#8211; Nawil\u017caj\u0105ce serum\" class=\"read-more\" href=\"https:\/\/selleetools.com\/pl\/product\/pyunkang-yul-moisture-serum-9-ml-nawilzajace-serum\/\">Read more<span class=\"screen-reader-text\">Pyunkang Yul Moisture Serum 9 ml &#8211; Nawil\u017caj\u0105ce serum<\/span><\/a><\/p>\n","protected":false},"featured_media":597883,"comment_status":"open","ping_status":"closed","template":"","meta":{"_links_to":"","_links_to_target":""},"yoast_head":"<!-- This site is optimized with the Yoast SEO plugin v19.4 - https:\/\/yoast.com\/wordpress\/plugins\/seo\/ -->\n<title>Pyunkang Yul Moisture Serum 9 ml - Nawil\u017caj\u0105ce serum - Selleetools.com<\/title>\n<meta name=\"robots\" content=\"index, follow, max-snippet:-1, max-image-preview:large, max-video-preview:-1\" \/>\n<link rel=\"canonical\" href=\"https:\/\/admincentral.selleetools.com\/pl\/product\/pyunkang-yul-moisture-serum-9-ml-nawilzajace-serum\/\" \/>\n<meta property=\"og:locale\" content=\"pl_PL\" \/>\n<meta property=\"og:type\" content=\"article\" \/>\n<meta property=\"og:title\" content=\"Pyunkang Yul Moisture Serum 9 ml - Nawil\u017caj\u0105ce serum - Selleetools.com\" \/>\n<meta property=\"og:description\" content=\"Pyunkang Yul Moisture Serum to luksusowy, nawil\u017caj\u0105cy produkt do piel\u0119gnacji sk\u00f3ry, zaprojektowany przez renomowan\u0105 korea\u0144sk\u0105 mark\u0119 Pyunkang Yul. Serum to jest idealne dla wszystkich typ\u00f3w sk\u00f3ry, w tym sk\u00f3ry wra\u017cliwej i sk\u0142onnej do podra\u017cnie\u0144. Zawiera starannie dobrane sk\u0142adniki, kt\u00f3re g\u0142\u0119boko nawil\u017caj\u0105, od\u017cywiaj\u0105 i koj\u0105 sk\u00f3r\u0119, jednocze\u015bnie wspomagaj\u0105c jej naturalne funkcje ochronne. Korzy\u015bci dla sk\u00f3ry: Intensywne ... Read morePyunkang Yul Moisture Serum 9 ml &#8211; Nawil\u017caj\u0105ce serum\" \/>\n<meta property=\"og:url\" content=\"https:\/\/admincentral.selleetools.com\/pl\/product\/pyunkang-yul-moisture-serum-9-ml-nawilzajace-serum\/\" \/>\n<meta property=\"og:site_name\" content=\"Selleetools.com\" \/>\n<meta property=\"article:modified_time\" content=\"2025-12-30T06:00:14+00:00\" \/>\n<meta property=\"og:image\" content=\"https:\/\/selleetools.com\/wp-content\/uploads\/2025\/10\/de751163d1c82b538f48e493cc12e13f.jpg\" \/>\n\t<meta property=\"og:image:width\" content=\"1200\" \/>\n\t<meta property=\"og:image:height\" content=\"1200\" \/>\n\t<meta property=\"og:image:type\" content=\"image\/jpeg\" \/>\n<meta name=\"twitter:card\" content=\"summary_large_image\" \/>\n<meta name=\"twitter:label1\" content=\"Est. reading time\" \/>\n\t<meta name=\"twitter:data1\" content=\"1 minuta\" \/>\n<!-- \/ Yoast SEO plugin. -->","yoast_head_json":{"title":"Pyunkang Yul Moisture Serum 9 ml - Nawil\u017caj\u0105ce serum - Selleetools.com","robots":{"index":"index","follow":"follow","max-snippet":"max-snippet:-1","max-image-preview":"max-image-preview:large","max-video-preview":"max-video-preview:-1"},"canonical":"https:\/\/admincentral.selleetools.com\/pl\/product\/pyunkang-yul-moisture-serum-9-ml-nawilzajace-serum\/","og_locale":"pl_PL","og_type":"article","og_title":"Pyunkang Yul Moisture Serum 9 ml - Nawil\u017caj\u0105ce serum - Selleetools.com","og_description":"Pyunkang Yul Moisture Serum to luksusowy, nawil\u017caj\u0105cy produkt do piel\u0119gnacji sk\u00f3ry, zaprojektowany przez renomowan\u0105 korea\u0144sk\u0105 mark\u0119 Pyunkang Yul. Serum to jest idealne dla wszystkich typ\u00f3w sk\u00f3ry, w tym sk\u00f3ry wra\u017cliwej i sk\u0142onnej do podra\u017cnie\u0144. Zawiera starannie dobrane sk\u0142adniki, kt\u00f3re g\u0142\u0119boko nawil\u017caj\u0105, od\u017cywiaj\u0105 i koj\u0105 sk\u00f3r\u0119, jednocze\u015bnie wspomagaj\u0105c jej naturalne funkcje ochronne. Korzy\u015bci dla sk\u00f3ry: Intensywne ... Read morePyunkang Yul Moisture Serum 9 ml &#8211; Nawil\u017caj\u0105ce serum","og_url":"https:\/\/admincentral.selleetools.com\/pl\/product\/pyunkang-yul-moisture-serum-9-ml-nawilzajace-serum\/","og_site_name":"Selleetools.com","article_modified_time":"2025-12-30T06:00:14+00:00","og_image":[{"width":1200,"height":1200,"url":"https:\/\/selleetools.com\/wp-content\/uploads\/2025\/10\/de751163d1c82b538f48e493cc12e13f.jpg","type":"image\/jpeg"}],"twitter_card":"summary_large_image","twitter_misc":{"Est. reading time":"1 minuta"},"schema":{"@context":"https:\/\/schema.org","@graph":[{"@type":"Organization","@id":"https:\/\/selleetools.com\/#organization","name":"Selleetools","url":"https:\/\/selleetools.com\/","sameAs":[],"logo":{"@type":"ImageObject","inLanguage":"pl-PL","@id":"https:\/\/selleetools.com\/#\/schema\/logo\/image\/","url":"https:\/\/selleetools.com\/wp-content\/uploads\/2021\/10\/logo-dark.png","contentUrl":"https:\/\/selleetools.com\/wp-content\/uploads\/2021\/10\/logo-dark.png","width":320,"height":76,"caption":"Selleetools"},"image":{"@id":"https:\/\/selleetools.com\/#\/schema\/logo\/image\/"}},{"@type":"WebSite","@id":"https:\/\/selleetools.com\/#website","url":"https:\/\/selleetools.com\/","name":"Selleetools.com","description":"","publisher":{"@id":"https:\/\/selleetools.com\/#organization"},"potentialAction":[{"@type":"SearchAction","target":{"@type":"EntryPoint","urlTemplate":"https:\/\/selleetools.com\/?s={search_term_string}"},"query-input":"required name=search_term_string"}],"inLanguage":"pl-PL"},{"@type":"WebPage","@id":"https:\/\/admincentral.selleetools.com\/pl\/product\/pyunkang-yul-moisture-serum-9-ml-nawilzajace-serum\/","url":"https:\/\/admincentral.selleetools.com\/pl\/product\/pyunkang-yul-moisture-serum-9-ml-nawilzajace-serum\/","name":"Pyunkang Yul Moisture Serum 9 ml - Nawil\u017caj\u0105ce serum - Selleetools.com","isPartOf":{"@id":"https:\/\/selleetools.com\/#website"},"datePublished":"2025-10-22T06:44:26+00:00","dateModified":"2025-12-30T06:00:14+00:00","breadcrumb":{"@id":"https:\/\/admincentral.selleetools.com\/pl\/product\/pyunkang-yul-moisture-serum-9-ml-nawilzajace-serum\/#breadcrumb"},"inLanguage":"pl-PL","potentialAction":[{"@type":"ReadAction","target":["https:\/\/admincentral.selleetools.com\/pl\/product\/pyunkang-yul-moisture-serum-9-ml-nawilzajace-serum\/"]}]},{"@type":"BreadcrumbList","@id":"https:\/\/admincentral.selleetools.com\/pl\/product\/pyunkang-yul-moisture-serum-9-ml-nawilzajace-serum\/#breadcrumb","itemListElement":[{"@type":"ListItem","position":1,"name":"Home","item":"https:\/\/selleetools.com\/pl\/"},{"@type":"ListItem","position":2,"name":"Katalog","item":"https:\/\/selleetools.com\/pl\/katalog\/"},{"@type":"ListItem","position":3,"name":"Pyunkang Yul Moisture Serum 9 ml &#8211; Nawil\u017caj\u0105ce serum"}]}]}},"_links":{"self":[{"href":"https:\/\/selleetools.com\/pl\/wp-json\/wp\/v2\/product\/597889"}],"collection":[{"href":"https:\/\/selleetools.com\/pl\/wp-json\/wp\/v2\/product"}],"about":[{"href":"https:\/\/selleetools.com\/pl\/wp-json\/wp\/v2\/types\/product"}],"replies":[{"embeddable":true,"href":"https:\/\/selleetools.com\/pl\/wp-json\/wp\/v2\/comments?post=597889"}],"wp:featuredmedia":[{"embeddable":true,"href":"https:\/\/selleetools.com\/pl\/wp-json\/wp\/v2\/media\/597883"}],"wp:attachment":[{"href":"https:\/\/selleetools.com\/pl\/wp-json\/wp\/v2\/media?parent=597889"}],"curies":[{"name":"wp","href":"https:\/\/api.w.org\/{rel}","templated":true}]}}