{"id":597882,"date":"2025-10-22T08:44:21","date_gmt":"2025-10-22T06:44:21","guid":{"rendered":"https:\/\/selleetools.com\/?post_type=product&#038;p=597882"},"modified":"2026-01-28T11:08:45","modified_gmt":"2026-01-28T10:08:45","slug":"pyunkang-yul-calming-low-ph-foaming-cleanser-150-ml-delikatny-zel-do-mycia-twarzy","status":"publish","type":"product","link":"https:\/\/selleetools.com\/pl\/product\/pyunkang-yul-calming-low-ph-foaming-cleanser-150-ml-delikatny-zel-do-mycia-twarzy\/","title":{"rendered":"Pyunkang Yul Calming Low pH Foaming Cleanser 150 ml &#8211; Delikatny \u017cel do mycia twarzy"},"content":{"rendered":"<p>Pyunkang Yul Calming Low pH Foaming Cleanser to delikatny, pieni\u0105cy si\u0119 \u017cel do mycia twarzy, kt\u00f3ry zosta\u0142 stworzony z my\u015bl\u0105 o sk\u00f3rze wra\u017cliwej i problematycznej. Produkt ten, dzi\u0119ki swojemu niskiego pH, pomaga utrzyma\u0107 naturaln\u0105 r\u00f3wnowag\u0119 sk\u00f3ry, nie naruszaj\u0105c jej bariery ochronnej. Formu\u0142a kosmetyku zosta\u0142a wzbogacona o sk\u0142adniki \u0142agodz\u0105ce i nawil\u017caj\u0105ce, takie jak ekstrakt z centella asiatica oraz ekstrakt z drzewa herbacianego, kt\u00f3re znane s\u0105 ze swoich w\u0142a\u015bciwo\u015bci koj\u0105cych i przeciwzapalnych.<\/p>\n<p>Korzy\u015bci dla sk\u00f3ry:<br \/>\nDelikatne oczyszczanie: Pieni\u0105cy si\u0119 \u017cel skutecznie usuwa zanieczyszczenia, sebum i resztki makija\u017cu, nie powoduj\u0105c podra\u017cnie\u0144.<br \/>\nOchrona bariery sk\u00f3rnej: Niskie pH produktu pomaga zachowa\u0107 naturaln\u0105 barier\u0119 ochronn\u0105 sk\u00f3ry, co jest kluczowe dla zdrowia sk\u00f3ry wra\u017cliwej.<br \/>\n\u0141agodzenie podra\u017cnie\u0144: Sk\u0142adniki takie jak ekstrakt z centella asiatica i ekstrakt z drzewa herbacianego dzia\u0142aj\u0105 koj\u0105co, redukuj\u0105c zaczerwienienia i stany zapalne.<br \/>\nNawil\u017cenie: Produkt pomaga w utrzymaniu odpowiedniego poziomu nawil\u017cenia sk\u00f3ry, zapobiegaj\u0105c jej wysuszeniu po umyciu.<\/p>\n<p>Spos\u00f3b u\u017cycia:<br \/>\nZwil\u017c twarz letni\u0105 wod\u0105.<br \/>\nNa\u0142\u00f3\u017c niewielk\u0105 ilo\u015b\u0107 \u017celu na d\u0142onie i rozetrzyj, aby uzyska\u0107 pian\u0119.<br \/>\nDelikatnie masuj sk\u00f3r\u0119 twarzy okr\u0119\u017cnymi ruchami, unikaj\u0105c okolic oczu.<br \/>\nDok\u0142adnie sp\u0142ucz twarz letni\u0105 wod\u0105.<br \/>\nStosuj rano i wieczorem jako pierwszy krok w piel\u0119gnacji sk\u00f3ry.<\/p>\n","protected":false},"excerpt":{"rendered":"<p>Pyunkang Yul Calming Low pH Foaming Cleanser to delikatny, pieni\u0105cy si\u0119 \u017cel do mycia twarzy, kt\u00f3ry zosta\u0142 stworzony z my\u015bl\u0105 o sk\u00f3rze wra\u017cliwej i problematycznej. Produkt ten, dzi\u0119ki swojemu niskiego pH, pomaga utrzyma\u0107 naturaln\u0105 r\u00f3wnowag\u0119 sk\u00f3ry, nie naruszaj\u0105c jej bariery ochronnej. Formu\u0142a kosmetyku zosta\u0142a wzbogacona o sk\u0142adniki \u0142agodz\u0105ce i nawil\u017caj\u0105ce, takie jak ekstrakt z centella &#8230; <a title=\"Pyunkang Yul Calming Low pH Foaming Cleanser 150 ml &#8211; Delikatny \u017cel do mycia twarzy\" class=\"read-more\" href=\"https:\/\/selleetools.com\/pl\/product\/pyunkang-yul-calming-low-ph-foaming-cleanser-150-ml-delikatny-zel-do-mycia-twarzy\/\">Read more<span class=\"screen-reader-text\">Pyunkang Yul Calming Low pH Foaming Cleanser 150 ml &#8211; Delikatny \u017cel do mycia twarzy<\/span><\/a><\/p>\n","protected":false},"featured_media":597876,"comment_status":"open","ping_status":"closed","template":"","meta":{"_links_to":"","_links_to_target":""},"yoast_head":"<!-- This site is optimized with the Yoast SEO plugin v19.4 - https:\/\/yoast.com\/wordpress\/plugins\/seo\/ -->\n<title>Pyunkang Yul Calming Low pH Foaming Cleanser 150 ml - Delikatny \u017cel do mycia twarzy - Selleetools.com<\/title>\n<meta name=\"robots\" content=\"index, follow, max-snippet:-1, max-image-preview:large, max-video-preview:-1\" \/>\n<link rel=\"canonical\" href=\"https:\/\/admincentral.selleetools.com\/pl\/product\/pyunkang-yul-calming-low-ph-foaming-cleanser-150-ml-delikatny-zel-do-mycia-twarzy\/\" \/>\n<meta property=\"og:locale\" content=\"pl_PL\" \/>\n<meta property=\"og:type\" content=\"article\" \/>\n<meta property=\"og:title\" content=\"Pyunkang Yul Calming Low pH Foaming Cleanser 150 ml - Delikatny \u017cel do mycia twarzy - Selleetools.com\" \/>\n<meta property=\"og:description\" content=\"Pyunkang Yul Calming Low pH Foaming Cleanser to delikatny, pieni\u0105cy si\u0119 \u017cel do mycia twarzy, kt\u00f3ry zosta\u0142 stworzony z my\u015bl\u0105 o sk\u00f3rze wra\u017cliwej i problematycznej. Produkt ten, dzi\u0119ki swojemu niskiego pH, pomaga utrzyma\u0107 naturaln\u0105 r\u00f3wnowag\u0119 sk\u00f3ry, nie naruszaj\u0105c jej bariery ochronnej. Formu\u0142a kosmetyku zosta\u0142a wzbogacona o sk\u0142adniki \u0142agodz\u0105ce i nawil\u017caj\u0105ce, takie jak ekstrakt z centella ... Read morePyunkang Yul Calming Low pH Foaming Cleanser 150 ml &#8211; Delikatny \u017cel do mycia twarzy\" \/>\n<meta property=\"og:url\" content=\"https:\/\/admincentral.selleetools.com\/pl\/product\/pyunkang-yul-calming-low-ph-foaming-cleanser-150-ml-delikatny-zel-do-mycia-twarzy\/\" \/>\n<meta property=\"og:site_name\" content=\"Selleetools.com\" \/>\n<meta property=\"article:modified_time\" content=\"2026-01-28T10:08:45+00:00\" \/>\n<meta property=\"og:image\" content=\"https:\/\/selleetools.com\/wp-content\/uploads\/2025\/10\/4d27c56661d11814f8a2a1acb7c8e069.jpg\" \/>\n\t<meta property=\"og:image:width\" content=\"1200\" \/>\n\t<meta property=\"og:image:height\" content=\"1200\" \/>\n\t<meta property=\"og:image:type\" content=\"image\/jpeg\" \/>\n<meta name=\"twitter:card\" content=\"summary_large_image\" \/>\n<meta name=\"twitter:label1\" content=\"Est. reading time\" \/>\n\t<meta name=\"twitter:data1\" content=\"1 minuta\" \/>\n<!-- \/ Yoast SEO plugin. -->","yoast_head_json":{"title":"Pyunkang Yul Calming Low pH Foaming Cleanser 150 ml - Delikatny \u017cel do mycia twarzy - Selleetools.com","robots":{"index":"index","follow":"follow","max-snippet":"max-snippet:-1","max-image-preview":"max-image-preview:large","max-video-preview":"max-video-preview:-1"},"canonical":"https:\/\/admincentral.selleetools.com\/pl\/product\/pyunkang-yul-calming-low-ph-foaming-cleanser-150-ml-delikatny-zel-do-mycia-twarzy\/","og_locale":"pl_PL","og_type":"article","og_title":"Pyunkang Yul Calming Low pH Foaming Cleanser 150 ml - Delikatny \u017cel do mycia twarzy - Selleetools.com","og_description":"Pyunkang Yul Calming Low pH Foaming Cleanser to delikatny, pieni\u0105cy si\u0119 \u017cel do mycia twarzy, kt\u00f3ry zosta\u0142 stworzony z my\u015bl\u0105 o sk\u00f3rze wra\u017cliwej i problematycznej. Produkt ten, dzi\u0119ki swojemu niskiego pH, pomaga utrzyma\u0107 naturaln\u0105 r\u00f3wnowag\u0119 sk\u00f3ry, nie naruszaj\u0105c jej bariery ochronnej. Formu\u0142a kosmetyku zosta\u0142a wzbogacona o sk\u0142adniki \u0142agodz\u0105ce i nawil\u017caj\u0105ce, takie jak ekstrakt z centella ... Read morePyunkang Yul Calming Low pH Foaming Cleanser 150 ml &#8211; Delikatny \u017cel do mycia twarzy","og_url":"https:\/\/admincentral.selleetools.com\/pl\/product\/pyunkang-yul-calming-low-ph-foaming-cleanser-150-ml-delikatny-zel-do-mycia-twarzy\/","og_site_name":"Selleetools.com","article_modified_time":"2026-01-28T10:08:45+00:00","og_image":[{"width":1200,"height":1200,"url":"https:\/\/selleetools.com\/wp-content\/uploads\/2025\/10\/4d27c56661d11814f8a2a1acb7c8e069.jpg","type":"image\/jpeg"}],"twitter_card":"summary_large_image","twitter_misc":{"Est. reading time":"1 minuta"},"schema":{"@context":"https:\/\/schema.org","@graph":[{"@type":"Organization","@id":"https:\/\/selleetools.com\/#organization","name":"Selleetools","url":"https:\/\/selleetools.com\/","sameAs":[],"logo":{"@type":"ImageObject","inLanguage":"pl-PL","@id":"https:\/\/selleetools.com\/#\/schema\/logo\/image\/","url":"https:\/\/selleetools.com\/wp-content\/uploads\/2021\/10\/logo-dark.png","contentUrl":"https:\/\/selleetools.com\/wp-content\/uploads\/2021\/10\/logo-dark.png","width":320,"height":76,"caption":"Selleetools"},"image":{"@id":"https:\/\/selleetools.com\/#\/schema\/logo\/image\/"}},{"@type":"WebSite","@id":"https:\/\/selleetools.com\/#website","url":"https:\/\/selleetools.com\/","name":"Selleetools.com","description":"","publisher":{"@id":"https:\/\/selleetools.com\/#organization"},"potentialAction":[{"@type":"SearchAction","target":{"@type":"EntryPoint","urlTemplate":"https:\/\/selleetools.com\/?s={search_term_string}"},"query-input":"required name=search_term_string"}],"inLanguage":"pl-PL"},{"@type":"WebPage","@id":"https:\/\/admincentral.selleetools.com\/pl\/product\/pyunkang-yul-calming-low-ph-foaming-cleanser-150-ml-delikatny-zel-do-mycia-twarzy\/","url":"https:\/\/admincentral.selleetools.com\/pl\/product\/pyunkang-yul-calming-low-ph-foaming-cleanser-150-ml-delikatny-zel-do-mycia-twarzy\/","name":"Pyunkang Yul Calming Low pH Foaming Cleanser 150 ml - Delikatny \u017cel do mycia twarzy - Selleetools.com","isPartOf":{"@id":"https:\/\/selleetools.com\/#website"},"datePublished":"2025-10-22T06:44:21+00:00","dateModified":"2026-01-28T10:08:45+00:00","breadcrumb":{"@id":"https:\/\/admincentral.selleetools.com\/pl\/product\/pyunkang-yul-calming-low-ph-foaming-cleanser-150-ml-delikatny-zel-do-mycia-twarzy\/#breadcrumb"},"inLanguage":"pl-PL","potentialAction":[{"@type":"ReadAction","target":["https:\/\/admincentral.selleetools.com\/pl\/product\/pyunkang-yul-calming-low-ph-foaming-cleanser-150-ml-delikatny-zel-do-mycia-twarzy\/"]}]},{"@type":"BreadcrumbList","@id":"https:\/\/admincentral.selleetools.com\/pl\/product\/pyunkang-yul-calming-low-ph-foaming-cleanser-150-ml-delikatny-zel-do-mycia-twarzy\/#breadcrumb","itemListElement":[{"@type":"ListItem","position":1,"name":"Home","item":"https:\/\/selleetools.com\/pl\/"},{"@type":"ListItem","position":2,"name":"Katalog","item":"https:\/\/selleetools.com\/pl\/katalog\/"},{"@type":"ListItem","position":3,"name":"Pyunkang Yul Calming Low pH Foaming Cleanser 150 ml &#8211; Delikatny \u017cel do mycia twarzy"}]}]}},"_links":{"self":[{"href":"https:\/\/selleetools.com\/pl\/wp-json\/wp\/v2\/product\/597882"}],"collection":[{"href":"https:\/\/selleetools.com\/pl\/wp-json\/wp\/v2\/product"}],"about":[{"href":"https:\/\/selleetools.com\/pl\/wp-json\/wp\/v2\/types\/product"}],"replies":[{"embeddable":true,"href":"https:\/\/selleetools.com\/pl\/wp-json\/wp\/v2\/comments?post=597882"}],"wp:featuredmedia":[{"embeddable":true,"href":"https:\/\/selleetools.com\/pl\/wp-json\/wp\/v2\/media\/597876"}],"wp:attachment":[{"href":"https:\/\/selleetools.com\/pl\/wp-json\/wp\/v2\/media?parent=597882"}],"curies":[{"name":"wp","href":"https:\/\/api.w.org\/{rel}","templated":true}]}}