{"id":597787,"date":"2025-10-22T08:42:55","date_gmt":"2025-10-22T06:42:55","guid":{"rendered":"https:\/\/selleetools.com\/?post_type=product&#038;p=597787"},"modified":"2025-12-26T16:43:23","modified_gmt":"2025-12-26T15:43:23","slug":"some-by-mi-super-matcha-pore-care-starter-kit-zestaw-startowy-z-zielona-herbata","status":"publish","type":"product","link":"https:\/\/selleetools.com\/pl\/product\/some-by-mi-super-matcha-pore-care-starter-kit-zestaw-startowy-z-zielona-herbata\/","title":{"rendered":"SOME BY MI Super Matcha Pore Care Starter Kit &#8211; Zestaw startowy z zielon\u0105 herbat\u0105"},"content":{"rendered":"<p>Odkryj sekrety zdrowej i promiennej sk\u00f3ry dzi\u0119ki zestawowi SOME BY MI Super Matcha Pore Care Starter Kit. Ten innowacyjny zestaw kosmetyk\u00f3w zosta\u0142 stworzony z my\u015bl\u0105 o osobach borykaj\u0105cych si\u0119 z problemami zwi\u0105zanymi z porami i nadmiernym wydzielaniem sebum. Dzi\u0119ki wyj\u0105tkowym w\u0142a\u015bciwo\u015bciom zielonej herbaty Super Matcha, Twoja sk\u00f3ra zyska intensywne nawil\u017cenie, od\u015bwie\u017cenie oraz skuteczn\u0105 kontrol\u0119 nad wydzielaniem sebum. Korzy\u015bci dla sk\u00f3ry: Oczyszczenie i odblokowanie por\u00f3w: Formu\u0142a wzbogacona o zielon\u0105 herbat\u0119 Super Matcha skutecznie oczyszcza pory z zanieczyszcze\u0144 i nadmiaru sebum, pomagaj\u0105c zapobiega\u0107 ich zatykaniu. Regulacja wydzielania sebum: Pomaga w regulacji produkcji sebum, co zmniejsza po\u0142ysk i poprawia wygl\u0105d sk\u00f3ry. Nawil\u017cenie i od\u015bwie\u017cenie: Sk\u0142adniki nawil\u017caj\u0105ce w sk\u0142adzie przywracaj\u0105 sk\u00f3rze odpowiedni poziom nawil\u017cenia, nie powoduj\u0105c uczucia ci\u0119\u017cko\u015bci. Spos\u00f3b u\u017cycia: Oczyszczanie: Rozpocznij od oczyszczenia sk\u00f3ry za pomoc\u0105 preparatu do mycia twarzy z zestawu. Nanie\u015b niewielk\u0105 ilo\u015b\u0107 na wilgotn\u0105 sk\u00f3r\u0119, masuj delikatnie, a nast\u0119pnie sp\u0142ucz ciep\u0142\u0105 wod\u0105. Toner: Nast\u0119pnie na\u0142\u00f3\u017c tonik na oczyszczon\u0105 sk\u00f3r\u0119, aby przywr\u00f3ci\u0107 jej naturalne pH i przygotowa\u0107 j\u0105 do dalszych krok\u00f3w piel\u0119gnacyjnych. Serum: Po toniku, na\u0142\u00f3\u017c serum, delikatnie wmasowuj\u0105c je w sk\u00f3r\u0119. Skoncentruje si\u0119 ono na g\u0142\u0119bszym nawil\u017ceniu i kontroli sebum. Krem: Na koniec, aplikuj krem, aby uszczelni\u0107 nawil\u017cenie i zapewni\u0107 d\u0142ugotrwa\u0142e efekty piel\u0119gnacyjne.<\/p>\n","protected":false},"excerpt":{"rendered":"<p>Odkryj sekrety zdrowej i promiennej sk\u00f3ry dzi\u0119ki zestawowi SOME BY MI Super Matcha Pore Care Starter Kit. Ten innowacyjny zestaw kosmetyk\u00f3w zosta\u0142 stworzony z my\u015bl\u0105 o osobach borykaj\u0105cych si\u0119 z problemami zwi\u0105zanymi z porami i nadmiernym wydzielaniem sebum. Dzi\u0119ki wyj\u0105tkowym w\u0142a\u015bciwo\u015bciom zielonej herbaty Super Matcha, Twoja sk\u00f3ra zyska intensywne nawil\u017cenie, od\u015bwie\u017cenie oraz skuteczn\u0105 kontrol\u0119 nad &#8230; <a title=\"SOME BY MI Super Matcha Pore Care Starter Kit &#8211; Zestaw startowy z zielon\u0105 herbat\u0105\" class=\"read-more\" href=\"https:\/\/selleetools.com\/pl\/product\/some-by-mi-super-matcha-pore-care-starter-kit-zestaw-startowy-z-zielona-herbata\/\">Read more<span class=\"screen-reader-text\">SOME BY MI Super Matcha Pore Care Starter Kit &#8211; Zestaw startowy z zielon\u0105 herbat\u0105<\/span><\/a><\/p>\n","protected":false},"featured_media":597783,"comment_status":"closed","ping_status":"closed","template":"","meta":{"_links_to":"","_links_to_target":""},"yoast_head":"<!-- This site is optimized with the Yoast SEO plugin v19.4 - https:\/\/yoast.com\/wordpress\/plugins\/seo\/ -->\n<title>SOME BY MI Super Matcha Pore Care Starter Kit - Zestaw startowy z zielon\u0105 herbat\u0105 - Selleetools.com<\/title>\n<meta name=\"robots\" content=\"index, follow, max-snippet:-1, max-image-preview:large, max-video-preview:-1\" \/>\n<link rel=\"canonical\" href=\"https:\/\/admincentral.selleetools.com\/pl\/product\/some-by-mi-super-matcha-pore-care-starter-kit-zestaw-startowy-z-zielona-herbata\/\" \/>\n<meta property=\"og:locale\" content=\"pl_PL\" \/>\n<meta property=\"og:type\" content=\"article\" \/>\n<meta property=\"og:title\" content=\"SOME BY MI Super Matcha Pore Care Starter Kit - Zestaw startowy z zielon\u0105 herbat\u0105 - Selleetools.com\" \/>\n<meta property=\"og:description\" content=\"Odkryj sekrety zdrowej i promiennej sk\u00f3ry dzi\u0119ki zestawowi SOME BY MI Super Matcha Pore Care Starter Kit. Ten innowacyjny zestaw kosmetyk\u00f3w zosta\u0142 stworzony z my\u015bl\u0105 o osobach borykaj\u0105cych si\u0119 z problemami zwi\u0105zanymi z porami i nadmiernym wydzielaniem sebum. Dzi\u0119ki wyj\u0105tkowym w\u0142a\u015bciwo\u015bciom zielonej herbaty Super Matcha, Twoja sk\u00f3ra zyska intensywne nawil\u017cenie, od\u015bwie\u017cenie oraz skuteczn\u0105 kontrol\u0119 nad ... Read moreSOME BY MI Super Matcha Pore Care Starter Kit &#8211; Zestaw startowy z zielon\u0105 herbat\u0105\" \/>\n<meta property=\"og:url\" content=\"https:\/\/admincentral.selleetools.com\/pl\/product\/some-by-mi-super-matcha-pore-care-starter-kit-zestaw-startowy-z-zielona-herbata\/\" \/>\n<meta property=\"og:site_name\" content=\"Selleetools.com\" \/>\n<meta property=\"article:modified_time\" content=\"2025-12-26T15:43:23+00:00\" \/>\n<meta property=\"og:image\" content=\"https:\/\/selleetools.com\/wp-content\/uploads\/2025\/10\/2.jpg\" \/>\n\t<meta property=\"og:image:width\" content=\"1200\" \/>\n\t<meta property=\"og:image:height\" content=\"1200\" \/>\n\t<meta property=\"og:image:type\" content=\"image\/jpeg\" \/>\n<meta name=\"twitter:card\" content=\"summary_large_image\" \/>\n<meta name=\"twitter:label1\" content=\"Est. reading time\" \/>\n\t<meta name=\"twitter:data1\" content=\"1 minuta\" \/>\n<!-- \/ Yoast SEO plugin. -->","yoast_head_json":{"title":"SOME BY MI Super Matcha Pore Care Starter Kit - Zestaw startowy z zielon\u0105 herbat\u0105 - Selleetools.com","robots":{"index":"index","follow":"follow","max-snippet":"max-snippet:-1","max-image-preview":"max-image-preview:large","max-video-preview":"max-video-preview:-1"},"canonical":"https:\/\/admincentral.selleetools.com\/pl\/product\/some-by-mi-super-matcha-pore-care-starter-kit-zestaw-startowy-z-zielona-herbata\/","og_locale":"pl_PL","og_type":"article","og_title":"SOME BY MI Super Matcha Pore Care Starter Kit - Zestaw startowy z zielon\u0105 herbat\u0105 - Selleetools.com","og_description":"Odkryj sekrety zdrowej i promiennej sk\u00f3ry dzi\u0119ki zestawowi SOME BY MI Super Matcha Pore Care Starter Kit. Ten innowacyjny zestaw kosmetyk\u00f3w zosta\u0142 stworzony z my\u015bl\u0105 o osobach borykaj\u0105cych si\u0119 z problemami zwi\u0105zanymi z porami i nadmiernym wydzielaniem sebum. Dzi\u0119ki wyj\u0105tkowym w\u0142a\u015bciwo\u015bciom zielonej herbaty Super Matcha, Twoja sk\u00f3ra zyska intensywne nawil\u017cenie, od\u015bwie\u017cenie oraz skuteczn\u0105 kontrol\u0119 nad ... Read moreSOME BY MI Super Matcha Pore Care Starter Kit &#8211; Zestaw startowy z zielon\u0105 herbat\u0105","og_url":"https:\/\/admincentral.selleetools.com\/pl\/product\/some-by-mi-super-matcha-pore-care-starter-kit-zestaw-startowy-z-zielona-herbata\/","og_site_name":"Selleetools.com","article_modified_time":"2025-12-26T15:43:23+00:00","og_image":[{"width":1200,"height":1200,"url":"https:\/\/selleetools.com\/wp-content\/uploads\/2025\/10\/2.jpg","type":"image\/jpeg"}],"twitter_card":"summary_large_image","twitter_misc":{"Est. reading time":"1 minuta"},"schema":{"@context":"https:\/\/schema.org","@graph":[{"@type":"Organization","@id":"https:\/\/selleetools.com\/#organization","name":"Selleetools","url":"https:\/\/selleetools.com\/","sameAs":[],"logo":{"@type":"ImageObject","inLanguage":"pl-PL","@id":"https:\/\/selleetools.com\/#\/schema\/logo\/image\/","url":"https:\/\/selleetools.com\/wp-content\/uploads\/2021\/10\/logo-dark.png","contentUrl":"https:\/\/selleetools.com\/wp-content\/uploads\/2021\/10\/logo-dark.png","width":320,"height":76,"caption":"Selleetools"},"image":{"@id":"https:\/\/selleetools.com\/#\/schema\/logo\/image\/"}},{"@type":"WebSite","@id":"https:\/\/selleetools.com\/#website","url":"https:\/\/selleetools.com\/","name":"Selleetools.com","description":"","publisher":{"@id":"https:\/\/selleetools.com\/#organization"},"potentialAction":[{"@type":"SearchAction","target":{"@type":"EntryPoint","urlTemplate":"https:\/\/selleetools.com\/?s={search_term_string}"},"query-input":"required name=search_term_string"}],"inLanguage":"pl-PL"},{"@type":"WebPage","@id":"https:\/\/admincentral.selleetools.com\/pl\/product\/some-by-mi-super-matcha-pore-care-starter-kit-zestaw-startowy-z-zielona-herbata\/","url":"https:\/\/admincentral.selleetools.com\/pl\/product\/some-by-mi-super-matcha-pore-care-starter-kit-zestaw-startowy-z-zielona-herbata\/","name":"SOME BY MI Super Matcha Pore Care Starter Kit - Zestaw startowy z zielon\u0105 herbat\u0105 - Selleetools.com","isPartOf":{"@id":"https:\/\/selleetools.com\/#website"},"datePublished":"2025-10-22T06:42:55+00:00","dateModified":"2025-12-26T15:43:23+00:00","breadcrumb":{"@id":"https:\/\/admincentral.selleetools.com\/pl\/product\/some-by-mi-super-matcha-pore-care-starter-kit-zestaw-startowy-z-zielona-herbata\/#breadcrumb"},"inLanguage":"pl-PL","potentialAction":[{"@type":"ReadAction","target":["https:\/\/admincentral.selleetools.com\/pl\/product\/some-by-mi-super-matcha-pore-care-starter-kit-zestaw-startowy-z-zielona-herbata\/"]}]},{"@type":"BreadcrumbList","@id":"https:\/\/admincentral.selleetools.com\/pl\/product\/some-by-mi-super-matcha-pore-care-starter-kit-zestaw-startowy-z-zielona-herbata\/#breadcrumb","itemListElement":[{"@type":"ListItem","position":1,"name":"Home","item":"https:\/\/selleetools.com\/pl\/"},{"@type":"ListItem","position":2,"name":"Katalog","item":"https:\/\/selleetools.com\/pl\/katalog\/"},{"@type":"ListItem","position":3,"name":"SOME BY MI Super Matcha Pore Care Starter Kit &#8211; Zestaw startowy z zielon\u0105 herbat\u0105"}]}]}},"_links":{"self":[{"href":"https:\/\/selleetools.com\/pl\/wp-json\/wp\/v2\/product\/597787"}],"collection":[{"href":"https:\/\/selleetools.com\/pl\/wp-json\/wp\/v2\/product"}],"about":[{"href":"https:\/\/selleetools.com\/pl\/wp-json\/wp\/v2\/types\/product"}],"replies":[{"embeddable":true,"href":"https:\/\/selleetools.com\/pl\/wp-json\/wp\/v2\/comments?post=597787"}],"wp:featuredmedia":[{"embeddable":true,"href":"https:\/\/selleetools.com\/pl\/wp-json\/wp\/v2\/media\/597783"}],"wp:attachment":[{"href":"https:\/\/selleetools.com\/pl\/wp-json\/wp\/v2\/media?parent=597787"}],"curies":[{"name":"wp","href":"https:\/\/api.w.org\/{rel}","templated":true}]}}