{"id":597757,"date":"2025-10-22T08:42:24","date_gmt":"2025-10-22T06:42:24","guid":{"rendered":"https:\/\/selleetools.com\/?post_type=product&#038;p=597757"},"modified":"2025-11-04T20:03:42","modified_gmt":"2025-11-04T19:03:42","slug":"haruharu-wonder-black-rice-facial-oil-30-ml-olejek-do-twarzy-z-czarnym-ryzem","status":"publish","type":"product","link":"https:\/\/selleetools.com\/pl\/product\/haruharu-wonder-black-rice-facial-oil-30-ml-olejek-do-twarzy-z-czarnym-ryzem\/","title":{"rendered":"HaruHaru Wonder Black Rice Facial Oil 30 ml &#8211; Olejek do twarzy z czarnym ry\u017cem"},"content":{"rendered":"<p>HaruHaru Wonder Black Rice Facial Oil, 30ml to luksusowy olejek do twarzy, kt\u00f3ry \u0142\u0105czy w sobie si\u0142\u0119 naturalnych sk\u0142adnik\u00f3w z nowoczesn\u0105 technologi\u0105. Oparty na ekstrakcie z czarnego ry\u017cu, znanym ze swoich w\u0142a\u015bciwo\u015bci antyoksydacyjnych, ten olejek skutecznie zwalcza oznaki starzenia si\u0119 sk\u00f3ry oraz przywraca jej zdrowy, promienny wygl\u0105d.<\/p>\n<p>Korzy\u015bci dla sk\u00f3ry:<br \/>\nNawil\u017cenie i od\u017cywienie: Bogaty w witaminy i minera\u0142y, olejek intensywnie nawil\u017ca sk\u00f3r\u0119, pozostawiaj\u0105c j\u0105 mi\u0119kk\u0105 i g\u0142adk\u0105.<br \/>\nDzia\u0142anie antyoksydacyjne: Ekstrakt z czarnego ry\u017cu pomaga neutralizowa\u0107 dzia\u0142anie wolnych rodnik\u00f3w, chroni\u0105c sk\u00f3r\u0119 przed szkodliwym wp\u0142ywem \u015brodowiska.<br \/>\nPoprawa elastyczno\u015bci: Regularne stosowanie olejku wspomaga popraw\u0119 j\u0119drno\u015bci i elastyczno\u015bci sk\u00f3ry, redukuj\u0105c widoczno\u015b\u0107 drobnych linii i zmarszczek.<br \/>\nRoz\u015bwietlenie: Olejek nadaje sk\u00f3rze naturalny blask i zdrowy, promienny wygl\u0105d.<\/p>\n<p>Spos\u00f3b u\u017cycia:<br \/>\nNiewielk\u0105 ilo\u015b\u0107 olejku na\u0142\u00f3\u017c na oczyszczon\u0105 sk\u00f3r\u0119 twarzy i szyi, delikatnie wmasowuj\u0105c go opuszkami palc\u00f3w. Mo\u017cna stosowa\u0107 zar\u00f3wno rano, jak i wieczorem, przed na\u0142o\u017ceniem kremu nawil\u017caj\u0105cego lub jako samodzielny produkt. Olejek mo\u017cna r\u00f3wnie\u017c doda\u0107 do ulubionego podk\u0142adu, aby uzyska\u0107 dodatkowe nawil\u017cenie i blask.<\/p>\n","protected":false},"excerpt":{"rendered":"<p>HaruHaru Wonder Black Rice Facial Oil, 30ml to luksusowy olejek do twarzy, kt\u00f3ry \u0142\u0105czy w sobie si\u0142\u0119 naturalnych sk\u0142adnik\u00f3w z nowoczesn\u0105 technologi\u0105. Oparty na ekstrakcie z czarnego ry\u017cu, znanym ze swoich w\u0142a\u015bciwo\u015bci antyoksydacyjnych, ten olejek skutecznie zwalcza oznaki starzenia si\u0119 sk\u00f3ry oraz przywraca jej zdrowy, promienny wygl\u0105d. Korzy\u015bci dla sk\u00f3ry: Nawil\u017cenie i od\u017cywienie: Bogaty w &#8230; <a title=\"HaruHaru Wonder Black Rice Facial Oil 30 ml &#8211; Olejek do twarzy z czarnym ry\u017cem\" class=\"read-more\" href=\"https:\/\/selleetools.com\/pl\/product\/haruharu-wonder-black-rice-facial-oil-30-ml-olejek-do-twarzy-z-czarnym-ryzem\/\">Read more<span class=\"screen-reader-text\">HaruHaru Wonder Black Rice Facial Oil 30 ml &#8211; Olejek do twarzy z czarnym ry\u017cem<\/span><\/a><\/p>\n","protected":false},"featured_media":597753,"comment_status":"open","ping_status":"closed","template":"","meta":{"_links_to":"","_links_to_target":""},"yoast_head":"<!-- This site is optimized with the Yoast SEO plugin v19.4 - https:\/\/yoast.com\/wordpress\/plugins\/seo\/ -->\n<title>HaruHaru Wonder Black Rice Facial Oil 30 ml - Olejek do twarzy z czarnym ry\u017cem - Selleetools.com<\/title>\n<meta name=\"robots\" content=\"index, follow, max-snippet:-1, max-image-preview:large, max-video-preview:-1\" \/>\n<link rel=\"canonical\" href=\"https:\/\/admincentral.selleetools.com\/product\/haruharu-wonder-black-rice-facial-oil-30-ml-olejek-do-twarzy-z-czarnym-ryzem\/\" \/>\n<meta property=\"og:locale\" content=\"pl_PL\" \/>\n<meta property=\"og:type\" content=\"article\" \/>\n<meta property=\"og:title\" content=\"HaruHaru Wonder Black Rice Facial Oil 30 ml - Olejek do twarzy z czarnym ry\u017cem - Selleetools.com\" \/>\n<meta property=\"og:description\" content=\"HaruHaru Wonder Black Rice Facial Oil, 30ml to luksusowy olejek do twarzy, kt\u00f3ry \u0142\u0105czy w sobie si\u0142\u0119 naturalnych sk\u0142adnik\u00f3w z nowoczesn\u0105 technologi\u0105. Oparty na ekstrakcie z czarnego ry\u017cu, znanym ze swoich w\u0142a\u015bciwo\u015bci antyoksydacyjnych, ten olejek skutecznie zwalcza oznaki starzenia si\u0119 sk\u00f3ry oraz przywraca jej zdrowy, promienny wygl\u0105d. Korzy\u015bci dla sk\u00f3ry: Nawil\u017cenie i od\u017cywienie: Bogaty w ... Read moreHaruHaru Wonder Black Rice Facial Oil 30 ml &#8211; Olejek do twarzy z czarnym ry\u017cem\" \/>\n<meta property=\"og:url\" content=\"https:\/\/admincentral.selleetools.com\/product\/haruharu-wonder-black-rice-facial-oil-30-ml-olejek-do-twarzy-z-czarnym-ryzem\/\" \/>\n<meta property=\"og:site_name\" content=\"Selleetools.com\" \/>\n<meta property=\"article:modified_time\" content=\"2025-11-04T19:03:42+00:00\" \/>\n<meta property=\"og:image\" content=\"https:\/\/selleetools.com\/wp-content\/uploads\/2025\/10\/209a56516bbc92955d8c7e818c61b923.png\" \/>\n\t<meta property=\"og:image:width\" content=\"873\" \/>\n\t<meta property=\"og:image:height\" content=\"824\" \/>\n\t<meta property=\"og:image:type\" content=\"image\/png\" \/>\n<meta name=\"twitter:card\" content=\"summary_large_image\" \/>\n<meta name=\"twitter:label1\" content=\"Est. reading time\" \/>\n\t<meta name=\"twitter:data1\" content=\"1 minuta\" \/>\n<!-- \/ Yoast SEO plugin. -->","yoast_head_json":{"title":"HaruHaru Wonder Black Rice Facial Oil 30 ml - Olejek do twarzy z czarnym ry\u017cem - Selleetools.com","robots":{"index":"index","follow":"follow","max-snippet":"max-snippet:-1","max-image-preview":"max-image-preview:large","max-video-preview":"max-video-preview:-1"},"canonical":"https:\/\/admincentral.selleetools.com\/product\/haruharu-wonder-black-rice-facial-oil-30-ml-olejek-do-twarzy-z-czarnym-ryzem\/","og_locale":"pl_PL","og_type":"article","og_title":"HaruHaru Wonder Black Rice Facial Oil 30 ml - Olejek do twarzy z czarnym ry\u017cem - Selleetools.com","og_description":"HaruHaru Wonder Black Rice Facial Oil, 30ml to luksusowy olejek do twarzy, kt\u00f3ry \u0142\u0105czy w sobie si\u0142\u0119 naturalnych sk\u0142adnik\u00f3w z nowoczesn\u0105 technologi\u0105. Oparty na ekstrakcie z czarnego ry\u017cu, znanym ze swoich w\u0142a\u015bciwo\u015bci antyoksydacyjnych, ten olejek skutecznie zwalcza oznaki starzenia si\u0119 sk\u00f3ry oraz przywraca jej zdrowy, promienny wygl\u0105d. Korzy\u015bci dla sk\u00f3ry: Nawil\u017cenie i od\u017cywienie: Bogaty w ... Read moreHaruHaru Wonder Black Rice Facial Oil 30 ml &#8211; Olejek do twarzy z czarnym ry\u017cem","og_url":"https:\/\/admincentral.selleetools.com\/product\/haruharu-wonder-black-rice-facial-oil-30-ml-olejek-do-twarzy-z-czarnym-ryzem\/","og_site_name":"Selleetools.com","article_modified_time":"2025-11-04T19:03:42+00:00","og_image":[{"width":873,"height":824,"url":"https:\/\/selleetools.com\/wp-content\/uploads\/2025\/10\/209a56516bbc92955d8c7e818c61b923.png","type":"image\/png"}],"twitter_card":"summary_large_image","twitter_misc":{"Est. reading time":"1 minuta"},"schema":{"@context":"https:\/\/schema.org","@graph":[{"@type":"Organization","@id":"https:\/\/selleetools.com\/#organization","name":"Selleetools","url":"https:\/\/selleetools.com\/","sameAs":[],"logo":{"@type":"ImageObject","inLanguage":"pl-PL","@id":"https:\/\/selleetools.com\/#\/schema\/logo\/image\/","url":"https:\/\/selleetools.com\/wp-content\/uploads\/2021\/10\/logo-dark.png","contentUrl":"https:\/\/selleetools.com\/wp-content\/uploads\/2021\/10\/logo-dark.png","width":320,"height":76,"caption":"Selleetools"},"image":{"@id":"https:\/\/selleetools.com\/#\/schema\/logo\/image\/"}},{"@type":"WebSite","@id":"https:\/\/selleetools.com\/#website","url":"https:\/\/selleetools.com\/","name":"Selleetools.com","description":"","publisher":{"@id":"https:\/\/selleetools.com\/#organization"},"potentialAction":[{"@type":"SearchAction","target":{"@type":"EntryPoint","urlTemplate":"https:\/\/selleetools.com\/?s={search_term_string}"},"query-input":"required name=search_term_string"}],"inLanguage":"pl-PL"},{"@type":"WebPage","@id":"https:\/\/admincentral.selleetools.com\/product\/haruharu-wonder-black-rice-facial-oil-30-ml-olejek-do-twarzy-z-czarnym-ryzem\/","url":"https:\/\/admincentral.selleetools.com\/product\/haruharu-wonder-black-rice-facial-oil-30-ml-olejek-do-twarzy-z-czarnym-ryzem\/","name":"HaruHaru Wonder Black Rice Facial Oil 30 ml - Olejek do twarzy z czarnym ry\u017cem - Selleetools.com","isPartOf":{"@id":"https:\/\/selleetools.com\/#website"},"datePublished":"2025-10-22T06:42:24+00:00","dateModified":"2025-11-04T19:03:42+00:00","breadcrumb":{"@id":"https:\/\/admincentral.selleetools.com\/product\/haruharu-wonder-black-rice-facial-oil-30-ml-olejek-do-twarzy-z-czarnym-ryzem\/#breadcrumb"},"inLanguage":"pl-PL","potentialAction":[{"@type":"ReadAction","target":["https:\/\/admincentral.selleetools.com\/product\/haruharu-wonder-black-rice-facial-oil-30-ml-olejek-do-twarzy-z-czarnym-ryzem\/"]}]},{"@type":"BreadcrumbList","@id":"https:\/\/admincentral.selleetools.com\/product\/haruharu-wonder-black-rice-facial-oil-30-ml-olejek-do-twarzy-z-czarnym-ryzem\/#breadcrumb","itemListElement":[{"@type":"ListItem","position":1,"name":"Home","item":"https:\/\/selleetools.com\/pl\/"},{"@type":"ListItem","position":2,"name":"Katalog","item":"https:\/\/selleetools.com\/pl\/katalog\/"},{"@type":"ListItem","position":3,"name":"HaruHaru Wonder Black Rice Facial Oil 30 ml &#8211; Olejek do twarzy z czarnym ry\u017cem"}]}]}},"_links":{"self":[{"href":"https:\/\/selleetools.com\/pl\/wp-json\/wp\/v2\/product\/597757"}],"collection":[{"href":"https:\/\/selleetools.com\/pl\/wp-json\/wp\/v2\/product"}],"about":[{"href":"https:\/\/selleetools.com\/pl\/wp-json\/wp\/v2\/types\/product"}],"replies":[{"embeddable":true,"href":"https:\/\/selleetools.com\/pl\/wp-json\/wp\/v2\/comments?post=597757"}],"wp:featuredmedia":[{"embeddable":true,"href":"https:\/\/selleetools.com\/pl\/wp-json\/wp\/v2\/media\/597753"}],"wp:attachment":[{"href":"https:\/\/selleetools.com\/pl\/wp-json\/wp\/v2\/media?parent=597757"}],"curies":[{"name":"wp","href":"https:\/\/api.w.org\/{rel}","templated":true}]}}