{"id":597666,"date":"2025-10-22T08:41:02","date_gmt":"2025-10-22T06:41:02","guid":{"rendered":"https:\/\/selleetools.com\/?post_type=product&#038;p=597666"},"modified":"2026-03-24T14:22:04","modified_gmt":"2026-03-24T13:22:04","slug":"pyunkang-yul-calming-moisture-barrier-cream-50-ml-kojaco-nawilzajacy-krem-do-twarzy","status":"publish","type":"product","link":"https:\/\/selleetools.com\/pl\/product\/pyunkang-yul-calming-moisture-barrier-cream-50-ml-kojaco-nawilzajacy-krem-do-twarzy\/","title":{"rendered":"Pyunkang Yul Calming Moisture Barrier Cream 50 ml &#8211; Koj\u0105co-nawil\u017caj\u0105cy krem do twarzy"},"content":{"rendered":"<p>Pyunkang Yul Calming Moisture Barrier Cream to zaawansowany krem nawil\u017caj\u0105cy, stworzony z my\u015bl\u0105 o delikatnej i wra\u017cliwej sk\u00f3rze. Zawiera unikaln\u0105 mieszank\u0119 naturalnych ekstrakt\u00f3w ro\u015blinnych i sk\u0142adnik\u00f3w aktywnych, kt\u00f3re zapewniaj\u0105 sk\u00f3rze intensywne nawil\u017cenie, uspokojenie i odbudow\u0119 bariery ochronnej. Produkt jest lekki, szybko si\u0119 wch\u0142ania, nie pozostawiaj\u0105c t\u0142ustego filmu, dzi\u0119ki czemu idealnie nadaje si\u0119 do codziennej piel\u0119gnacji. Korzy\u015bci dla sk\u00f3ry: Intensywne nawil\u017cenie: G\u0142\u0119boko nawil\u017ca sk\u00f3r\u0119, zapewniaj\u0105c jej d\u0142ugotrwa\u0142e uczucie mi\u0119kko\u015bci i elastyczno\u015bci. Odbudowa bariery ochronnej: Wzmacnia naturaln\u0105 barier\u0119 ochronn\u0105 sk\u00f3ry, chroni\u0105c j\u0105 przed szkodliwymi czynnikami zewn\u0119trznymi. \u0141agodzenie podra\u017cnie\u0144: Uspokaja podra\u017cnienia i zaczerwienienia, sprawiaj\u0105c, \u017ce sk\u00f3ra wygl\u0105da zdrowiej i bardziej promiennie. Poprawa elastyczno\u015bci: Regularne stosowanie kremu poprawia elastyczno\u015b\u0107 sk\u00f3ry, redukuj\u0105c widoczno\u015b\u0107 drobnych linii i zmarszczek. Ochrona antyoksydacyjna: Neutralizuje dzia\u0142anie wolnych rodnik\u00f3w, przeciwdzia\u0142aj\u0105c przedwczesnemu starzeniu si\u0119 sk\u00f3ry. Spos\u00f3b u\u017cycia: Na twarz: Po dok\u0142adnym oczyszczeniu sk\u00f3ry, na\u0142\u00f3\u017c odpowiedni\u0105 ilo\u015b\u0107 kremu na twarz i szyj\u0119. Delikatnie wmasuj kolistymi ruchami, a\u017c do ca\u0142kowitego wch\u0142oni\u0119cia. Na dzie\u0144 i na noc: Krem mo\u017ce by\u0107 stosowany zar\u00f3wno na dzie\u0144, jak i na noc, zapewniaj\u0105c sk\u00f3rze optymalne nawil\u017cenie przez ca\u0142\u0105 dob\u0119. Pod makija\u017c: Krem jest doskona\u0142\u0105 baz\u0105 pod makija\u017c, zapewniaj\u0105c sk\u00f3rze g\u0142adko\u015b\u0107 i d\u0142ugotrwa\u0142e nawil\u017cenie.<\/p>\n","protected":false},"excerpt":{"rendered":"<p>Pyunkang Yul Calming Moisture Barrier Cream to zaawansowany krem nawil\u017caj\u0105cy, stworzony z my\u015bl\u0105 o delikatnej i wra\u017cliwej sk\u00f3rze. Zawiera unikaln\u0105 mieszank\u0119 naturalnych ekstrakt\u00f3w ro\u015blinnych i sk\u0142adnik\u00f3w aktywnych, kt\u00f3re zapewniaj\u0105 sk\u00f3rze intensywne nawil\u017cenie, uspokojenie i odbudow\u0119 bariery ochronnej. Produkt jest lekki, szybko si\u0119 wch\u0142ania, nie pozostawiaj\u0105c t\u0142ustego filmu, dzi\u0119ki czemu idealnie nadaje si\u0119 do codziennej piel\u0119gnacji. &#8230; <a title=\"Pyunkang Yul Calming Moisture Barrier Cream 50 ml &#8211; Koj\u0105co-nawil\u017caj\u0105cy krem do twarzy\" class=\"read-more\" href=\"https:\/\/selleetools.com\/pl\/product\/pyunkang-yul-calming-moisture-barrier-cream-50-ml-kojaco-nawilzajacy-krem-do-twarzy\/\">Read more<span class=\"screen-reader-text\">Pyunkang Yul Calming Moisture Barrier Cream 50 ml &#8211; Koj\u0105co-nawil\u017caj\u0105cy krem do twarzy<\/span><\/a><\/p>\n","protected":false},"featured_media":597662,"comment_status":"closed","ping_status":"closed","template":"","meta":{"_links_to":"","_links_to_target":""},"yoast_head":"<!-- This site is optimized with the Yoast SEO plugin v19.4 - https:\/\/yoast.com\/wordpress\/plugins\/seo\/ -->\n<title>Pyunkang Yul Calming Moisture Barrier Cream 50 ml - Koj\u0105co-nawil\u017caj\u0105cy krem do twarzy - Selleetools.com<\/title>\n<meta name=\"robots\" content=\"index, follow, max-snippet:-1, max-image-preview:large, max-video-preview:-1\" \/>\n<link rel=\"canonical\" href=\"https:\/\/admincentral.selleetools.com\/pl\/product\/pyunkang-yul-calming-moisture-barrier-cream-50-ml-kojaco-nawilzajacy-krem-do-twarzy\/\" \/>\n<meta property=\"og:locale\" content=\"pl_PL\" \/>\n<meta property=\"og:type\" content=\"article\" \/>\n<meta property=\"og:title\" content=\"Pyunkang Yul Calming Moisture Barrier Cream 50 ml - Koj\u0105co-nawil\u017caj\u0105cy krem do twarzy - Selleetools.com\" \/>\n<meta property=\"og:description\" content=\"Pyunkang Yul Calming Moisture Barrier Cream to zaawansowany krem nawil\u017caj\u0105cy, stworzony z my\u015bl\u0105 o delikatnej i wra\u017cliwej sk\u00f3rze. Zawiera unikaln\u0105 mieszank\u0119 naturalnych ekstrakt\u00f3w ro\u015blinnych i sk\u0142adnik\u00f3w aktywnych, kt\u00f3re zapewniaj\u0105 sk\u00f3rze intensywne nawil\u017cenie, uspokojenie i odbudow\u0119 bariery ochronnej. Produkt jest lekki, szybko si\u0119 wch\u0142ania, nie pozostawiaj\u0105c t\u0142ustego filmu, dzi\u0119ki czemu idealnie nadaje si\u0119 do codziennej piel\u0119gnacji. ... Read morePyunkang Yul Calming Moisture Barrier Cream 50 ml &#8211; Koj\u0105co-nawil\u017caj\u0105cy krem do twarzy\" \/>\n<meta property=\"og:url\" content=\"https:\/\/admincentral.selleetools.com\/pl\/product\/pyunkang-yul-calming-moisture-barrier-cream-50-ml-kojaco-nawilzajacy-krem-do-twarzy\/\" \/>\n<meta property=\"og:site_name\" content=\"Selleetools.com\" \/>\n<meta property=\"article:modified_time\" content=\"2026-03-24T13:22:04+00:00\" \/>\n<meta property=\"og:image\" content=\"https:\/\/selleetools.com\/wp-content\/uploads\/2025\/10\/d130104b78c4891707965c702246e3b7.jpg\" \/>\n\t<meta property=\"og:image:width\" content=\"498\" \/>\n\t<meta property=\"og:image:height\" content=\"475\" \/>\n\t<meta property=\"og:image:type\" content=\"image\/jpeg\" \/>\n<meta name=\"twitter:card\" content=\"summary_large_image\" \/>\n<meta name=\"twitter:label1\" content=\"Est. reading time\" \/>\n\t<meta name=\"twitter:data1\" content=\"1 minuta\" \/>\n<!-- \/ Yoast SEO plugin. -->","yoast_head_json":{"title":"Pyunkang Yul Calming Moisture Barrier Cream 50 ml - Koj\u0105co-nawil\u017caj\u0105cy krem do twarzy - Selleetools.com","robots":{"index":"index","follow":"follow","max-snippet":"max-snippet:-1","max-image-preview":"max-image-preview:large","max-video-preview":"max-video-preview:-1"},"canonical":"https:\/\/admincentral.selleetools.com\/pl\/product\/pyunkang-yul-calming-moisture-barrier-cream-50-ml-kojaco-nawilzajacy-krem-do-twarzy\/","og_locale":"pl_PL","og_type":"article","og_title":"Pyunkang Yul Calming Moisture Barrier Cream 50 ml - Koj\u0105co-nawil\u017caj\u0105cy krem do twarzy - Selleetools.com","og_description":"Pyunkang Yul Calming Moisture Barrier Cream to zaawansowany krem nawil\u017caj\u0105cy, stworzony z my\u015bl\u0105 o delikatnej i wra\u017cliwej sk\u00f3rze. Zawiera unikaln\u0105 mieszank\u0119 naturalnych ekstrakt\u00f3w ro\u015blinnych i sk\u0142adnik\u00f3w aktywnych, kt\u00f3re zapewniaj\u0105 sk\u00f3rze intensywne nawil\u017cenie, uspokojenie i odbudow\u0119 bariery ochronnej. Produkt jest lekki, szybko si\u0119 wch\u0142ania, nie pozostawiaj\u0105c t\u0142ustego filmu, dzi\u0119ki czemu idealnie nadaje si\u0119 do codziennej piel\u0119gnacji. ... Read morePyunkang Yul Calming Moisture Barrier Cream 50 ml &#8211; Koj\u0105co-nawil\u017caj\u0105cy krem do twarzy","og_url":"https:\/\/admincentral.selleetools.com\/pl\/product\/pyunkang-yul-calming-moisture-barrier-cream-50-ml-kojaco-nawilzajacy-krem-do-twarzy\/","og_site_name":"Selleetools.com","article_modified_time":"2026-03-24T13:22:04+00:00","og_image":[{"width":498,"height":475,"url":"https:\/\/selleetools.com\/wp-content\/uploads\/2025\/10\/d130104b78c4891707965c702246e3b7.jpg","type":"image\/jpeg"}],"twitter_card":"summary_large_image","twitter_misc":{"Est. reading time":"1 minuta"},"schema":{"@context":"https:\/\/schema.org","@graph":[{"@type":"Organization","@id":"https:\/\/selleetools.com\/#organization","name":"Selleetools","url":"https:\/\/selleetools.com\/","sameAs":[],"logo":{"@type":"ImageObject","inLanguage":"pl-PL","@id":"https:\/\/selleetools.com\/#\/schema\/logo\/image\/","url":"https:\/\/selleetools.com\/wp-content\/uploads\/2021\/10\/logo-dark.png","contentUrl":"https:\/\/selleetools.com\/wp-content\/uploads\/2021\/10\/logo-dark.png","width":320,"height":76,"caption":"Selleetools"},"image":{"@id":"https:\/\/selleetools.com\/#\/schema\/logo\/image\/"}},{"@type":"WebSite","@id":"https:\/\/selleetools.com\/#website","url":"https:\/\/selleetools.com\/","name":"Selleetools.com","description":"","publisher":{"@id":"https:\/\/selleetools.com\/#organization"},"potentialAction":[{"@type":"SearchAction","target":{"@type":"EntryPoint","urlTemplate":"https:\/\/selleetools.com\/?s={search_term_string}"},"query-input":"required name=search_term_string"}],"inLanguage":"pl-PL"},{"@type":"WebPage","@id":"https:\/\/admincentral.selleetools.com\/pl\/product\/pyunkang-yul-calming-moisture-barrier-cream-50-ml-kojaco-nawilzajacy-krem-do-twarzy\/","url":"https:\/\/admincentral.selleetools.com\/pl\/product\/pyunkang-yul-calming-moisture-barrier-cream-50-ml-kojaco-nawilzajacy-krem-do-twarzy\/","name":"Pyunkang Yul Calming Moisture Barrier Cream 50 ml - Koj\u0105co-nawil\u017caj\u0105cy krem do twarzy - Selleetools.com","isPartOf":{"@id":"https:\/\/selleetools.com\/#website"},"datePublished":"2025-10-22T06:41:02+00:00","dateModified":"2026-03-24T13:22:04+00:00","breadcrumb":{"@id":"https:\/\/admincentral.selleetools.com\/pl\/product\/pyunkang-yul-calming-moisture-barrier-cream-50-ml-kojaco-nawilzajacy-krem-do-twarzy\/#breadcrumb"},"inLanguage":"pl-PL","potentialAction":[{"@type":"ReadAction","target":["https:\/\/admincentral.selleetools.com\/pl\/product\/pyunkang-yul-calming-moisture-barrier-cream-50-ml-kojaco-nawilzajacy-krem-do-twarzy\/"]}]},{"@type":"BreadcrumbList","@id":"https:\/\/admincentral.selleetools.com\/pl\/product\/pyunkang-yul-calming-moisture-barrier-cream-50-ml-kojaco-nawilzajacy-krem-do-twarzy\/#breadcrumb","itemListElement":[{"@type":"ListItem","position":1,"name":"Home","item":"https:\/\/selleetools.com\/pl\/"},{"@type":"ListItem","position":2,"name":"Katalog","item":"https:\/\/selleetools.com\/pl\/katalog\/"},{"@type":"ListItem","position":3,"name":"Pyunkang Yul Calming Moisture Barrier Cream 50 ml &#8211; Koj\u0105co-nawil\u017caj\u0105cy krem do twarzy"}]}]}},"_links":{"self":[{"href":"https:\/\/selleetools.com\/pl\/wp-json\/wp\/v2\/product\/597666"}],"collection":[{"href":"https:\/\/selleetools.com\/pl\/wp-json\/wp\/v2\/product"}],"about":[{"href":"https:\/\/selleetools.com\/pl\/wp-json\/wp\/v2\/types\/product"}],"replies":[{"embeddable":true,"href":"https:\/\/selleetools.com\/pl\/wp-json\/wp\/v2\/comments?post=597666"}],"wp:featuredmedia":[{"embeddable":true,"href":"https:\/\/selleetools.com\/pl\/wp-json\/wp\/v2\/media\/597662"}],"wp:attachment":[{"href":"https:\/\/selleetools.com\/pl\/wp-json\/wp\/v2\/media?parent=597666"}],"curies":[{"name":"wp","href":"https:\/\/api.w.org\/{rel}","templated":true}]}}