{"id":597658,"date":"2025-10-22T08:40:52","date_gmt":"2025-10-22T06:40:52","guid":{"rendered":"https:\/\/selleetools.com\/?post_type=product&#038;p=597658"},"modified":"2026-01-12T23:00:14","modified_gmt":"2026-01-12T22:00:14","slug":"jayjun-roselle-tea-eye-gel-patch-60-ea-platki-pod-oczy","status":"publish","type":"product","link":"https:\/\/selleetools.com\/pl\/product\/jayjun-roselle-tea-eye-gel-patch-60-ea-platki-pod-oczy\/","title":{"rendered":"JAYJUN ROSELLE TEA EYE GEL PATCH 60 ea &#8211; P\u0142atki pod oczy"},"content":{"rendered":"<p>JAYJUN Roselle Tea Eye Gel Patch to nawil\u017caj\u0105ce i rozja\u015bniaj\u0105ce p\u0142atki pod oczy, stworzone z my\u015bl\u0105 o piel\u0119gnacji delikatnej sk\u00f3ry wok\u00f3\u0142 oczu. Zawieraj\u0105 ekstrakt z kwiatu hibiskusa (2000 ppm) oraz kompleks ro\u015blinnych sk\u0142adnik\u00f3w koj\u0105cych i od\u017cywczych. P\u0142atki maj\u0105 \u017celow\u0105 konsystencj\u0119, doskonale przylegaj\u0105 do sk\u00f3ry, ch\u0142odz\u0105 i przywracaj\u0105 \u015bwie\u017cy, promienny wygl\u0105d spojrzeniu.<\/p>\n<p>Korzy\u015bci dla sk\u00f3ry:<br \/>\nNawil\u017caj\u0105 i od\u015bwie\u017caj\u0105 delikatn\u0105 sk\u00f3r\u0119 pod oczami<br \/>\nRozja\u015bniaj\u0105 cienie i wspomagaj\u0105 redukcj\u0119 opuchlizny<br \/>\nWyg\u0142adzaj\u0105 drobne linie i poprawiaj\u0105 elastyczno\u015b\u0107 sk\u00f3ry<br \/>\nDzia\u0142aj\u0105 koj\u0105co i od\u017cywczo dzi\u0119ki bogatemu sk\u0142adowi ro\u015blinnemu<br \/>\nIdealne do porannego od\u015bwie\u017cenia lub wieczornego relaksu<\/p>\n<p>Spos\u00f3b u\u017cycia: Na oczyszczon\u0105 i osuszon\u0105 sk\u00f3r\u0119 pod oczami na\u0142\u00f3\u017c po jednym p\u0142atku na ka\u017cd\u0105 stron\u0119. Pozostaw na 20\u201330 minut, a nast\u0119pnie delikatnie zdejmij. Wklep pozosta\u0142o\u015b\u0107 esencji opuszkami palc\u00f3w. Stosuj wed\u0142ug potrzeb, najlepiej 2\u20133 razy w tygodniu lub codziennie.<\/p>\n","protected":false},"excerpt":{"rendered":"<p>JAYJUN Roselle Tea Eye Gel Patch to nawil\u017caj\u0105ce i rozja\u015bniaj\u0105ce p\u0142atki pod oczy, stworzone z my\u015bl\u0105 o piel\u0119gnacji delikatnej sk\u00f3ry wok\u00f3\u0142 oczu. Zawieraj\u0105 ekstrakt z kwiatu hibiskusa (2000 ppm) oraz kompleks ro\u015blinnych sk\u0142adnik\u00f3w koj\u0105cych i od\u017cywczych. P\u0142atki maj\u0105 \u017celow\u0105 konsystencj\u0119, doskonale przylegaj\u0105 do sk\u00f3ry, ch\u0142odz\u0105 i przywracaj\u0105 \u015bwie\u017cy, promienny wygl\u0105d spojrzeniu. Korzy\u015bci dla sk\u00f3ry: Nawil\u017caj\u0105 &#8230; <a title=\"JAYJUN ROSELLE TEA EYE GEL PATCH 60 ea &#8211; P\u0142atki pod oczy\" class=\"read-more\" href=\"https:\/\/selleetools.com\/pl\/product\/jayjun-roselle-tea-eye-gel-patch-60-ea-platki-pod-oczy\/\">Read more<span class=\"screen-reader-text\">JAYJUN ROSELLE TEA EYE GEL PATCH 60 ea &#8211; P\u0142atki pod oczy<\/span><\/a><\/p>\n","protected":false},"featured_media":597652,"comment_status":"open","ping_status":"closed","template":"","meta":{"_links_to":"","_links_to_target":""},"yoast_head":"<!-- This site is optimized with the Yoast SEO plugin v19.4 - https:\/\/yoast.com\/wordpress\/plugins\/seo\/ -->\n<title>JAYJUN ROSELLE TEA EYE GEL PATCH 60 ea - P\u0142atki pod oczy - Selleetools.com<\/title>\n<meta name=\"robots\" content=\"index, follow, max-snippet:-1, max-image-preview:large, max-video-preview:-1\" \/>\n<link rel=\"canonical\" href=\"https:\/\/selleetools.com\/pl\/product\/jayjun-roselle-tea-eye-gel-patch-60-ea-platki-pod-oczy\/\" \/>\n<meta property=\"og:locale\" content=\"pl_PL\" \/>\n<meta property=\"og:type\" content=\"article\" \/>\n<meta property=\"og:title\" content=\"JAYJUN ROSELLE TEA EYE GEL PATCH 60 ea - P\u0142atki pod oczy - Selleetools.com\" \/>\n<meta property=\"og:description\" content=\"JAYJUN Roselle Tea Eye Gel Patch to nawil\u017caj\u0105ce i rozja\u015bniaj\u0105ce p\u0142atki pod oczy, stworzone z my\u015bl\u0105 o piel\u0119gnacji delikatnej sk\u00f3ry wok\u00f3\u0142 oczu. Zawieraj\u0105 ekstrakt z kwiatu hibiskusa (2000 ppm) oraz kompleks ro\u015blinnych sk\u0142adnik\u00f3w koj\u0105cych i od\u017cywczych. P\u0142atki maj\u0105 \u017celow\u0105 konsystencj\u0119, doskonale przylegaj\u0105 do sk\u00f3ry, ch\u0142odz\u0105 i przywracaj\u0105 \u015bwie\u017cy, promienny wygl\u0105d spojrzeniu. Korzy\u015bci dla sk\u00f3ry: Nawil\u017caj\u0105 ... Read moreJAYJUN ROSELLE TEA EYE GEL PATCH 60 ea &#8211; P\u0142atki pod oczy\" \/>\n<meta property=\"og:url\" content=\"https:\/\/selleetools.com\/pl\/product\/jayjun-roselle-tea-eye-gel-patch-60-ea-platki-pod-oczy\/\" \/>\n<meta property=\"og:site_name\" content=\"Selleetools.com\" \/>\n<meta property=\"article:modified_time\" content=\"2026-01-12T22:00:14+00:00\" \/>\n<meta property=\"og:image\" content=\"https:\/\/selleetools.com\/wp-content\/uploads\/2025\/10\/9a9c90b955a090f476ba4dbc34ef0ddd.jpg\" \/>\n\t<meta property=\"og:image:width\" content=\"1200\" \/>\n\t<meta property=\"og:image:height\" content=\"1200\" \/>\n\t<meta property=\"og:image:type\" content=\"image\/jpeg\" \/>\n<meta name=\"twitter:card\" content=\"summary_large_image\" \/>\n<meta name=\"twitter:label1\" content=\"Est. reading time\" \/>\n\t<meta name=\"twitter:data1\" content=\"1 minuta\" \/>\n<!-- \/ Yoast SEO plugin. -->","yoast_head_json":{"title":"JAYJUN ROSELLE TEA EYE GEL PATCH 60 ea - P\u0142atki pod oczy - Selleetools.com","robots":{"index":"index","follow":"follow","max-snippet":"max-snippet:-1","max-image-preview":"max-image-preview:large","max-video-preview":"max-video-preview:-1"},"canonical":"https:\/\/selleetools.com\/pl\/product\/jayjun-roselle-tea-eye-gel-patch-60-ea-platki-pod-oczy\/","og_locale":"pl_PL","og_type":"article","og_title":"JAYJUN ROSELLE TEA EYE GEL PATCH 60 ea - P\u0142atki pod oczy - Selleetools.com","og_description":"JAYJUN Roselle Tea Eye Gel Patch to nawil\u017caj\u0105ce i rozja\u015bniaj\u0105ce p\u0142atki pod oczy, stworzone z my\u015bl\u0105 o piel\u0119gnacji delikatnej sk\u00f3ry wok\u00f3\u0142 oczu. Zawieraj\u0105 ekstrakt z kwiatu hibiskusa (2000 ppm) oraz kompleks ro\u015blinnych sk\u0142adnik\u00f3w koj\u0105cych i od\u017cywczych. P\u0142atki maj\u0105 \u017celow\u0105 konsystencj\u0119, doskonale przylegaj\u0105 do sk\u00f3ry, ch\u0142odz\u0105 i przywracaj\u0105 \u015bwie\u017cy, promienny wygl\u0105d spojrzeniu. Korzy\u015bci dla sk\u00f3ry: Nawil\u017caj\u0105 ... Read moreJAYJUN ROSELLE TEA EYE GEL PATCH 60 ea &#8211; P\u0142atki pod oczy","og_url":"https:\/\/selleetools.com\/pl\/product\/jayjun-roselle-tea-eye-gel-patch-60-ea-platki-pod-oczy\/","og_site_name":"Selleetools.com","article_modified_time":"2026-01-12T22:00:14+00:00","og_image":[{"width":1200,"height":1200,"url":"https:\/\/selleetools.com\/wp-content\/uploads\/2025\/10\/9a9c90b955a090f476ba4dbc34ef0ddd.jpg","type":"image\/jpeg"}],"twitter_card":"summary_large_image","twitter_misc":{"Est. reading time":"1 minuta"},"schema":{"@context":"https:\/\/schema.org","@graph":[{"@type":"Organization","@id":"https:\/\/selleetools.com\/#organization","name":"Selleetools","url":"https:\/\/selleetools.com\/","sameAs":[],"logo":{"@type":"ImageObject","inLanguage":"pl-PL","@id":"https:\/\/selleetools.com\/#\/schema\/logo\/image\/","url":"https:\/\/selleetools.com\/wp-content\/uploads\/2021\/10\/logo-dark.png","contentUrl":"https:\/\/selleetools.com\/wp-content\/uploads\/2021\/10\/logo-dark.png","width":320,"height":76,"caption":"Selleetools"},"image":{"@id":"https:\/\/selleetools.com\/#\/schema\/logo\/image\/"}},{"@type":"WebSite","@id":"https:\/\/selleetools.com\/#website","url":"https:\/\/selleetools.com\/","name":"Selleetools.com","description":"","publisher":{"@id":"https:\/\/selleetools.com\/#organization"},"potentialAction":[{"@type":"SearchAction","target":{"@type":"EntryPoint","urlTemplate":"https:\/\/selleetools.com\/?s={search_term_string}"},"query-input":"required name=search_term_string"}],"inLanguage":"pl-PL"},{"@type":"WebPage","@id":"https:\/\/selleetools.com\/pl\/product\/jayjun-roselle-tea-eye-gel-patch-60-ea-platki-pod-oczy\/","url":"https:\/\/selleetools.com\/pl\/product\/jayjun-roselle-tea-eye-gel-patch-60-ea-platki-pod-oczy\/","name":"JAYJUN ROSELLE TEA EYE GEL PATCH 60 ea - P\u0142atki pod oczy - Selleetools.com","isPartOf":{"@id":"https:\/\/selleetools.com\/#website"},"datePublished":"2025-10-22T06:40:52+00:00","dateModified":"2026-01-12T22:00:14+00:00","breadcrumb":{"@id":"https:\/\/selleetools.com\/pl\/product\/jayjun-roselle-tea-eye-gel-patch-60-ea-platki-pod-oczy\/#breadcrumb"},"inLanguage":"pl-PL","potentialAction":[{"@type":"ReadAction","target":["https:\/\/selleetools.com\/pl\/product\/jayjun-roselle-tea-eye-gel-patch-60-ea-platki-pod-oczy\/"]}]},{"@type":"BreadcrumbList","@id":"https:\/\/selleetools.com\/pl\/product\/jayjun-roselle-tea-eye-gel-patch-60-ea-platki-pod-oczy\/#breadcrumb","itemListElement":[{"@type":"ListItem","position":1,"name":"Home","item":"https:\/\/selleetools.com\/pl\/"},{"@type":"ListItem","position":2,"name":"Katalog","item":"https:\/\/selleetools.com\/pl\/katalog\/"},{"@type":"ListItem","position":3,"name":"JAYJUN ROSELLE TEA EYE GEL PATCH 60 ea &#8211; P\u0142atki pod oczy"}]}]}},"_links":{"self":[{"href":"https:\/\/selleetools.com\/pl\/wp-json\/wp\/v2\/product\/597658"}],"collection":[{"href":"https:\/\/selleetools.com\/pl\/wp-json\/wp\/v2\/product"}],"about":[{"href":"https:\/\/selleetools.com\/pl\/wp-json\/wp\/v2\/types\/product"}],"replies":[{"embeddable":true,"href":"https:\/\/selleetools.com\/pl\/wp-json\/wp\/v2\/comments?post=597658"}],"wp:featuredmedia":[{"embeddable":true,"href":"https:\/\/selleetools.com\/pl\/wp-json\/wp\/v2\/media\/597652"}],"wp:attachment":[{"href":"https:\/\/selleetools.com\/pl\/wp-json\/wp\/v2\/media?parent=597658"}],"curies":[{"name":"wp","href":"https:\/\/api.w.org\/{rel}","templated":true}]}}