{"id":597641,"date":"2025-10-22T08:40:40","date_gmt":"2025-10-22T06:40:40","guid":{"rendered":"https:\/\/selleetools.com\/?post_type=product&#038;p=597641"},"modified":"2025-12-26T16:42:18","modified_gmt":"2025-12-26T15:42:18","slug":"pyunkang-yul-calming-mask-25-ml-kojaco-nawilzajaca-maseczka-w-plachcie","status":"publish","type":"product","link":"https:\/\/selleetools.com\/pl\/product\/pyunkang-yul-calming-mask-25-ml-kojaco-nawilzajaca-maseczka-w-plachcie\/","title":{"rendered":"Pyunkang Yul Calming Mask 25 ml &#8211; Koj\u0105co-nawil\u017caj\u0105ca maseczka w p\u0142achcie"},"content":{"rendered":"<p>Pyunkang Yul Calming Mask to wyj\u0105tkowa maseczka, kt\u00f3ra \u0142\u0105czy w sobie moc naturalnych sk\u0142adnik\u00f3w, aby zapewni\u0107 sk\u00f3rze maksymaln\u0105 piel\u0119gnacj\u0119 i ukojenie. Produkt ten jest idealny dla os\u00f3b z wra\u017cliw\u0105, podra\u017cnion\u0105 lub sk\u0142onn\u0105 do niedoskona\u0142o\u015bci cer\u0105. Dzi\u0119ki starannie dobranym sk\u0142adnikom, maseczka nie tylko nawil\u017ca, ale r\u00f3wnie\u017c \u0142agodzi stany zapalne, pozostawiaj\u0105c sk\u00f3r\u0119 zdrow\u0105 i promienn\u0105.<\/p>\n<p>Korzy\u015bci dla sk\u00f3ry:<br \/>\nG\u0142\u0119bokie nawil\u017cenie: Sk\u0142adniki maseczki dzia\u0142aj\u0105 nawil\u017caj\u0105co, zapewniaj\u0105c sk\u00f3rze odpowiedni poziom wilgoci i zapobiegaj\u0105c jej wysuszeniu.<br \/>\n\u0141agodzenie podra\u017cnie\u0144: Produkt dzia\u0142a koj\u0105co na podra\u017cnion\u0105 sk\u00f3r\u0119, redukuj\u0105c zaczerwienienia i uczucie dyskomfortu.<br \/>\nRedukcja stan\u00f3w zapalnych: Maseczka pomaga w walce z niedoskona\u0142o\u015bciami, zmniejszaj\u0105c stany zapalne i przyspieszaj\u0105c proces gojenia si\u0119 sk\u00f3ry.<br \/>\nPoprawa elastyczno\u015bci: Regularne stosowanie maseczki przyczynia si\u0119 do poprawy elastyczno\u015bci sk\u00f3ry, sprawiaj\u0105c, \u017ce staje si\u0119 ona bardziej j\u0119drna i spr\u0119\u017cysta.<br \/>\nWyr\u00f3wnanie kolorytu sk\u00f3ry: Sk\u0142adniki maseczki pomagaj\u0105 w wyr\u00f3wnaniu kolorytu cery, redukuj\u0105c przebarwienia i pozostawiaj\u0105c sk\u00f3r\u0119 promienn\u0105.<\/p>\n<p>Spos\u00f3b u\u017cycia:<br \/>\nPo dok\u0142adnym oczyszczeniu twarzy, delikatnie osusz sk\u00f3r\u0119 r\u0119cznikiem.<br \/>\nWyjmij maseczk\u0119 z opakowania i roz\u0142\u00f3\u017c j\u0105 r\u00f3wnomiernie na twarzy, dopasowuj\u0105c do kontur\u00f3w twarzy.<br \/>\nPozostaw maseczk\u0119 na twarzy przez oko\u0142o 10-20 minut, pozwalaj\u0105c sk\u0142adnikom aktywnym wch\u0142on\u0105\u0107 si\u0119 w sk\u00f3r\u0119.<br \/>\nPo up\u0142ywie zalecanego czasu, delikatnie zdejmij maseczk\u0119 i wmasuj pozosta\u0142o\u015bci esencji w sk\u00f3r\u0119, a\u017c do ca\u0142kowitego wch\u0142oni\u0119cia.<br \/>\nNie sp\u0142ukuj. Dla najlepszych efekt\u00f3w, stosuj maseczk\u0119 2-3 razy w tygodniu.<\/p>\n","protected":false},"excerpt":{"rendered":"<p>Pyunkang Yul Calming Mask to wyj\u0105tkowa maseczka, kt\u00f3ra \u0142\u0105czy w sobie moc naturalnych sk\u0142adnik\u00f3w, aby zapewni\u0107 sk\u00f3rze maksymaln\u0105 piel\u0119gnacj\u0119 i ukojenie. Produkt ten jest idealny dla os\u00f3b z wra\u017cliw\u0105, podra\u017cnion\u0105 lub sk\u0142onn\u0105 do niedoskona\u0142o\u015bci cer\u0105. Dzi\u0119ki starannie dobranym sk\u0142adnikom, maseczka nie tylko nawil\u017ca, ale r\u00f3wnie\u017c \u0142agodzi stany zapalne, pozostawiaj\u0105c sk\u00f3r\u0119 zdrow\u0105 i promienn\u0105. Korzy\u015bci dla &#8230; <a title=\"Pyunkang Yul Calming Mask 25 ml &#8211; Koj\u0105co-nawil\u017caj\u0105ca maseczka w p\u0142achcie\" class=\"read-more\" href=\"https:\/\/selleetools.com\/pl\/product\/pyunkang-yul-calming-mask-25-ml-kojaco-nawilzajaca-maseczka-w-plachcie\/\">Read more<span class=\"screen-reader-text\">Pyunkang Yul Calming Mask 25 ml &#8211; Koj\u0105co-nawil\u017caj\u0105ca maseczka w p\u0142achcie<\/span><\/a><\/p>\n","protected":false},"featured_media":597637,"comment_status":"open","ping_status":"closed","template":"","meta":{"_links_to":"","_links_to_target":""},"yoast_head":"<!-- This site is optimized with the Yoast SEO plugin v19.4 - https:\/\/yoast.com\/wordpress\/plugins\/seo\/ -->\n<title>Pyunkang Yul Calming Mask 25 ml - Koj\u0105co-nawil\u017caj\u0105ca maseczka w p\u0142achcie - Selleetools.com<\/title>\n<meta name=\"robots\" content=\"index, follow, max-snippet:-1, max-image-preview:large, max-video-preview:-1\" \/>\n<link rel=\"canonical\" href=\"https:\/\/admincentral.selleetools.com\/product\/pyunkang-yul-calming-mask-25-ml-kojaco-nawilzajaca-maseczka-w-plachcie\/\" \/>\n<meta property=\"og:locale\" content=\"pl_PL\" \/>\n<meta property=\"og:type\" content=\"article\" \/>\n<meta property=\"og:title\" content=\"Pyunkang Yul Calming Mask 25 ml - Koj\u0105co-nawil\u017caj\u0105ca maseczka w p\u0142achcie - Selleetools.com\" \/>\n<meta property=\"og:description\" content=\"Pyunkang Yul Calming Mask to wyj\u0105tkowa maseczka, kt\u00f3ra \u0142\u0105czy w sobie moc naturalnych sk\u0142adnik\u00f3w, aby zapewni\u0107 sk\u00f3rze maksymaln\u0105 piel\u0119gnacj\u0119 i ukojenie. Produkt ten jest idealny dla os\u00f3b z wra\u017cliw\u0105, podra\u017cnion\u0105 lub sk\u0142onn\u0105 do niedoskona\u0142o\u015bci cer\u0105. Dzi\u0119ki starannie dobranym sk\u0142adnikom, maseczka nie tylko nawil\u017ca, ale r\u00f3wnie\u017c \u0142agodzi stany zapalne, pozostawiaj\u0105c sk\u00f3r\u0119 zdrow\u0105 i promienn\u0105. Korzy\u015bci dla ... Read morePyunkang Yul Calming Mask 25 ml &#8211; Koj\u0105co-nawil\u017caj\u0105ca maseczka w p\u0142achcie\" \/>\n<meta property=\"og:url\" content=\"https:\/\/admincentral.selleetools.com\/product\/pyunkang-yul-calming-mask-25-ml-kojaco-nawilzajaca-maseczka-w-plachcie\/\" \/>\n<meta property=\"og:site_name\" content=\"Selleetools.com\" \/>\n<meta property=\"article:modified_time\" content=\"2025-12-26T15:42:18+00:00\" \/>\n<meta property=\"og:image\" content=\"https:\/\/selleetools.com\/wp-content\/uploads\/2025\/10\/e655fd2277e4995fa1a5910eae3f3b6d.jpg\" \/>\n\t<meta property=\"og:image:width\" content=\"1000\" \/>\n\t<meta property=\"og:image:height\" content=\"1000\" \/>\n\t<meta property=\"og:image:type\" content=\"image\/jpeg\" \/>\n<meta name=\"twitter:card\" content=\"summary_large_image\" \/>\n<meta name=\"twitter:label1\" content=\"Est. reading time\" \/>\n\t<meta name=\"twitter:data1\" content=\"1 minuta\" \/>\n<!-- \/ Yoast SEO plugin. -->","yoast_head_json":{"title":"Pyunkang Yul Calming Mask 25 ml - Koj\u0105co-nawil\u017caj\u0105ca maseczka w p\u0142achcie - Selleetools.com","robots":{"index":"index","follow":"follow","max-snippet":"max-snippet:-1","max-image-preview":"max-image-preview:large","max-video-preview":"max-video-preview:-1"},"canonical":"https:\/\/admincentral.selleetools.com\/product\/pyunkang-yul-calming-mask-25-ml-kojaco-nawilzajaca-maseczka-w-plachcie\/","og_locale":"pl_PL","og_type":"article","og_title":"Pyunkang Yul Calming Mask 25 ml - Koj\u0105co-nawil\u017caj\u0105ca maseczka w p\u0142achcie - Selleetools.com","og_description":"Pyunkang Yul Calming Mask to wyj\u0105tkowa maseczka, kt\u00f3ra \u0142\u0105czy w sobie moc naturalnych sk\u0142adnik\u00f3w, aby zapewni\u0107 sk\u00f3rze maksymaln\u0105 piel\u0119gnacj\u0119 i ukojenie. Produkt ten jest idealny dla os\u00f3b z wra\u017cliw\u0105, podra\u017cnion\u0105 lub sk\u0142onn\u0105 do niedoskona\u0142o\u015bci cer\u0105. Dzi\u0119ki starannie dobranym sk\u0142adnikom, maseczka nie tylko nawil\u017ca, ale r\u00f3wnie\u017c \u0142agodzi stany zapalne, pozostawiaj\u0105c sk\u00f3r\u0119 zdrow\u0105 i promienn\u0105. Korzy\u015bci dla ... Read morePyunkang Yul Calming Mask 25 ml &#8211; Koj\u0105co-nawil\u017caj\u0105ca maseczka w p\u0142achcie","og_url":"https:\/\/admincentral.selleetools.com\/product\/pyunkang-yul-calming-mask-25-ml-kojaco-nawilzajaca-maseczka-w-plachcie\/","og_site_name":"Selleetools.com","article_modified_time":"2025-12-26T15:42:18+00:00","og_image":[{"width":1000,"height":1000,"url":"https:\/\/selleetools.com\/wp-content\/uploads\/2025\/10\/e655fd2277e4995fa1a5910eae3f3b6d.jpg","type":"image\/jpeg"}],"twitter_card":"summary_large_image","twitter_misc":{"Est. reading time":"1 minuta"},"schema":{"@context":"https:\/\/schema.org","@graph":[{"@type":"Organization","@id":"https:\/\/selleetools.com\/#organization","name":"Selleetools","url":"https:\/\/selleetools.com\/","sameAs":[],"logo":{"@type":"ImageObject","inLanguage":"pl-PL","@id":"https:\/\/selleetools.com\/#\/schema\/logo\/image\/","url":"https:\/\/selleetools.com\/wp-content\/uploads\/2021\/10\/logo-dark.png","contentUrl":"https:\/\/selleetools.com\/wp-content\/uploads\/2021\/10\/logo-dark.png","width":320,"height":76,"caption":"Selleetools"},"image":{"@id":"https:\/\/selleetools.com\/#\/schema\/logo\/image\/"}},{"@type":"WebSite","@id":"https:\/\/selleetools.com\/#website","url":"https:\/\/selleetools.com\/","name":"Selleetools.com","description":"","publisher":{"@id":"https:\/\/selleetools.com\/#organization"},"potentialAction":[{"@type":"SearchAction","target":{"@type":"EntryPoint","urlTemplate":"https:\/\/selleetools.com\/?s={search_term_string}"},"query-input":"required name=search_term_string"}],"inLanguage":"pl-PL"},{"@type":"WebPage","@id":"https:\/\/admincentral.selleetools.com\/product\/pyunkang-yul-calming-mask-25-ml-kojaco-nawilzajaca-maseczka-w-plachcie\/","url":"https:\/\/admincentral.selleetools.com\/product\/pyunkang-yul-calming-mask-25-ml-kojaco-nawilzajaca-maseczka-w-plachcie\/","name":"Pyunkang Yul Calming Mask 25 ml - Koj\u0105co-nawil\u017caj\u0105ca maseczka w p\u0142achcie - Selleetools.com","isPartOf":{"@id":"https:\/\/selleetools.com\/#website"},"datePublished":"2025-10-22T06:40:40+00:00","dateModified":"2025-12-26T15:42:18+00:00","breadcrumb":{"@id":"https:\/\/admincentral.selleetools.com\/product\/pyunkang-yul-calming-mask-25-ml-kojaco-nawilzajaca-maseczka-w-plachcie\/#breadcrumb"},"inLanguage":"pl-PL","potentialAction":[{"@type":"ReadAction","target":["https:\/\/admincentral.selleetools.com\/product\/pyunkang-yul-calming-mask-25-ml-kojaco-nawilzajaca-maseczka-w-plachcie\/"]}]},{"@type":"BreadcrumbList","@id":"https:\/\/admincentral.selleetools.com\/product\/pyunkang-yul-calming-mask-25-ml-kojaco-nawilzajaca-maseczka-w-plachcie\/#breadcrumb","itemListElement":[{"@type":"ListItem","position":1,"name":"Home","item":"https:\/\/selleetools.com\/pl\/"},{"@type":"ListItem","position":2,"name":"Katalog","item":"https:\/\/selleetools.com\/pl\/katalog\/"},{"@type":"ListItem","position":3,"name":"Pyunkang Yul Calming Mask 25 ml &#8211; Koj\u0105co-nawil\u017caj\u0105ca maseczka w p\u0142achcie"}]}]}},"_links":{"self":[{"href":"https:\/\/selleetools.com\/pl\/wp-json\/wp\/v2\/product\/597641"}],"collection":[{"href":"https:\/\/selleetools.com\/pl\/wp-json\/wp\/v2\/product"}],"about":[{"href":"https:\/\/selleetools.com\/pl\/wp-json\/wp\/v2\/types\/product"}],"replies":[{"embeddable":true,"href":"https:\/\/selleetools.com\/pl\/wp-json\/wp\/v2\/comments?post=597641"}],"wp:featuredmedia":[{"embeddable":true,"href":"https:\/\/selleetools.com\/pl\/wp-json\/wp\/v2\/media\/597637"}],"wp:attachment":[{"href":"https:\/\/selleetools.com\/pl\/wp-json\/wp\/v2\/media?parent=597641"}],"curies":[{"name":"wp","href":"https:\/\/api.w.org\/{rel}","templated":true}]}}