{"id":597563,"date":"2025-10-22T08:33:36","date_gmt":"2025-10-22T06:33:36","guid":{"rendered":"https:\/\/selleetools.com\/?post_type=product&#038;p=597563"},"modified":"2025-10-23T19:12:40","modified_gmt":"2025-10-23T17:12:40","slug":"cosrx-advanced-snail-radiance-dual-essence-80-ml-nawilzajaco-regenerujaca-esencja-do-twarzy","status":"publish","type":"product","link":"https:\/\/selleetools.com\/pl\/product\/cosrx-advanced-snail-radiance-dual-essence-80-ml-nawilzajaco-regenerujaca-esencja-do-twarzy\/","title":{"rendered":"COSRX Advanced Snail Radiance Dual Essence 80 ml &#8211; Nawil\u017caj\u0105co-regeneruj\u0105ca esencja do twarzy"},"content":{"rendered":"<p>COSRX Advanced Snail Radiance Dual Essence to wyj\u0105tkowa dwufazowa esencja \u0142\u0105cz\u0105ca w sobie filtrat \u015bluzu \u015blimaka oraz esencj\u0119 roz\u015bwietlaj\u0105c\u0105. Zawiera TRIPLE SNAIL COMPLEX, kt\u00f3ry obejmuje filtrat z bia\u0142ego, czarnego i z\u0142otego \u015blimaka, co zapewnia intensywn\u0105 piel\u0119gnacj\u0119 sk\u00f3ry, poprawiaj\u0105c jej elastyczno\u015b\u0107 oraz kondycj\u0119. Dodatkowo, formu\u0142a wzbogacona o niacynamid (5%) poprawia koloryt sk\u00f3ry, pomagaj\u0105c uzyska\u0107 wyra\u017anie ja\u015bniejsz\u0105, bardziej jednolit\u0105 cer\u0119. Esencja wspomaga regeneracj\u0119 sk\u00f3ry, nawil\u017ca j\u0105 oraz przywraca jej zdrowy wygl\u0105d.<\/p>\n<p>Korzy\u015bci dla sk\u00f3ry:<br \/>\nPoprawa elastyczno\u015bci sk\u00f3ry, dzi\u0119ki Triple Snail Complex, co sprawia, \u017ce sk\u00f3ra staje si\u0119 bardziej j\u0119drna<br \/>\nRozja\u015bnienie sk\u00f3ry i wyr\u00f3wnanie jej kolorytu dzi\u0119ki dzia\u0142aniu niacynamidu<br \/>\nIntensywne nawil\u017cenie, kt\u00f3re przywraca zdrowy wygl\u0105d sk\u00f3ry<br \/>\nRegeneracja i \u0142agodzenie podra\u017cnie\u0144, pozostawiaj\u0105c sk\u00f3r\u0119 g\u0142adk\u0105 i promienn\u0105<\/p>\n<p>Spos\u00f3b u\u017cycia: Na oczyszczon\u0105 sk\u00f3r\u0119 twarzy na\u0142\u00f3\u017c odpowiedni\u0105 ilo\u015b\u0107 esencji, omijaj\u0105c okolice oczu. Delikatnie wklep w sk\u00f3r\u0119, aby produkt dobrze si\u0119 wch\u0142on\u0105\u0142. Stosuj rano i wieczorem jako cz\u0119\u015b\u0107 codziennej piel\u0119gnacji.<\/p>\n","protected":false},"excerpt":{"rendered":"<p>COSRX Advanced Snail Radiance Dual Essence to wyj\u0105tkowa dwufazowa esencja \u0142\u0105cz\u0105ca w sobie filtrat \u015bluzu \u015blimaka oraz esencj\u0119 roz\u015bwietlaj\u0105c\u0105. Zawiera TRIPLE SNAIL COMPLEX, kt\u00f3ry obejmuje filtrat z bia\u0142ego, czarnego i z\u0142otego \u015blimaka, co zapewnia intensywn\u0105 piel\u0119gnacj\u0119 sk\u00f3ry, poprawiaj\u0105c jej elastyczno\u015b\u0107 oraz kondycj\u0119. Dodatkowo, formu\u0142a wzbogacona o niacynamid (5%) poprawia koloryt sk\u00f3ry, pomagaj\u0105c uzyska\u0107 wyra\u017anie ja\u015bniejsz\u0105, &#8230; <a title=\"COSRX Advanced Snail Radiance Dual Essence 80 ml &#8211; Nawil\u017caj\u0105co-regeneruj\u0105ca esencja do twarzy\" class=\"read-more\" href=\"https:\/\/selleetools.com\/pl\/product\/cosrx-advanced-snail-radiance-dual-essence-80-ml-nawilzajaco-regenerujaca-esencja-do-twarzy\/\">Read more<span class=\"screen-reader-text\">COSRX Advanced Snail Radiance Dual Essence 80 ml &#8211; Nawil\u017caj\u0105co-regeneruj\u0105ca esencja do twarzy<\/span><\/a><\/p>\n","protected":false},"featured_media":597557,"comment_status":"open","ping_status":"closed","template":"","meta":{"_links_to":"","_links_to_target":""},"yoast_head":"<!-- This site is optimized with the Yoast SEO plugin v19.4 - https:\/\/yoast.com\/wordpress\/plugins\/seo\/ -->\n<title>COSRX Advanced Snail Radiance Dual Essence 80 ml - Nawil\u017caj\u0105co-regeneruj\u0105ca esencja do twarzy - Selleetools.com<\/title>\n<meta name=\"robots\" content=\"index, follow, max-snippet:-1, max-image-preview:large, max-video-preview:-1\" \/>\n<link rel=\"canonical\" href=\"https:\/\/selleetools.com\/pl\/product\/cosrx-advanced-snail-radiance-dual-essence-80-ml-nawilzajaco-regenerujaca-esencja-do-twarzy\/\" \/>\n<meta property=\"og:locale\" content=\"pl_PL\" \/>\n<meta property=\"og:type\" content=\"article\" \/>\n<meta property=\"og:title\" content=\"COSRX Advanced Snail Radiance Dual Essence 80 ml - Nawil\u017caj\u0105co-regeneruj\u0105ca esencja do twarzy - Selleetools.com\" \/>\n<meta property=\"og:description\" content=\"COSRX Advanced Snail Radiance Dual Essence to wyj\u0105tkowa dwufazowa esencja \u0142\u0105cz\u0105ca w sobie filtrat \u015bluzu \u015blimaka oraz esencj\u0119 roz\u015bwietlaj\u0105c\u0105. Zawiera TRIPLE SNAIL COMPLEX, kt\u00f3ry obejmuje filtrat z bia\u0142ego, czarnego i z\u0142otego \u015blimaka, co zapewnia intensywn\u0105 piel\u0119gnacj\u0119 sk\u00f3ry, poprawiaj\u0105c jej elastyczno\u015b\u0107 oraz kondycj\u0119. Dodatkowo, formu\u0142a wzbogacona o niacynamid (5%) poprawia koloryt sk\u00f3ry, pomagaj\u0105c uzyska\u0107 wyra\u017anie ja\u015bniejsz\u0105, ... Read moreCOSRX Advanced Snail Radiance Dual Essence 80 ml &#8211; Nawil\u017caj\u0105co-regeneruj\u0105ca esencja do twarzy\" \/>\n<meta property=\"og:url\" content=\"https:\/\/selleetools.com\/pl\/product\/cosrx-advanced-snail-radiance-dual-essence-80-ml-nawilzajaco-regenerujaca-esencja-do-twarzy\/\" \/>\n<meta property=\"og:site_name\" content=\"Selleetools.com\" \/>\n<meta property=\"article:modified_time\" content=\"2025-10-23T17:12:40+00:00\" \/>\n<meta property=\"og:image\" content=\"https:\/\/selleetools.com\/wp-content\/uploads\/2025\/10\/92630ec866f9f1f409a00dfa8c089fa5.jpg\" \/>\n\t<meta property=\"og:image:width\" content=\"1200\" \/>\n\t<meta property=\"og:image:height\" content=\"1200\" \/>\n\t<meta property=\"og:image:type\" content=\"image\/jpeg\" \/>\n<meta name=\"twitter:card\" content=\"summary_large_image\" \/>\n<meta name=\"twitter:label1\" content=\"Est. reading time\" \/>\n\t<meta name=\"twitter:data1\" content=\"1 minuta\" \/>\n<!-- \/ Yoast SEO plugin. -->","yoast_head_json":{"title":"COSRX Advanced Snail Radiance Dual Essence 80 ml - Nawil\u017caj\u0105co-regeneruj\u0105ca esencja do twarzy - Selleetools.com","robots":{"index":"index","follow":"follow","max-snippet":"max-snippet:-1","max-image-preview":"max-image-preview:large","max-video-preview":"max-video-preview:-1"},"canonical":"https:\/\/selleetools.com\/pl\/product\/cosrx-advanced-snail-radiance-dual-essence-80-ml-nawilzajaco-regenerujaca-esencja-do-twarzy\/","og_locale":"pl_PL","og_type":"article","og_title":"COSRX Advanced Snail Radiance Dual Essence 80 ml - Nawil\u017caj\u0105co-regeneruj\u0105ca esencja do twarzy - Selleetools.com","og_description":"COSRX Advanced Snail Radiance Dual Essence to wyj\u0105tkowa dwufazowa esencja \u0142\u0105cz\u0105ca w sobie filtrat \u015bluzu \u015blimaka oraz esencj\u0119 roz\u015bwietlaj\u0105c\u0105. Zawiera TRIPLE SNAIL COMPLEX, kt\u00f3ry obejmuje filtrat z bia\u0142ego, czarnego i z\u0142otego \u015blimaka, co zapewnia intensywn\u0105 piel\u0119gnacj\u0119 sk\u00f3ry, poprawiaj\u0105c jej elastyczno\u015b\u0107 oraz kondycj\u0119. Dodatkowo, formu\u0142a wzbogacona o niacynamid (5%) poprawia koloryt sk\u00f3ry, pomagaj\u0105c uzyska\u0107 wyra\u017anie ja\u015bniejsz\u0105, ... Read moreCOSRX Advanced Snail Radiance Dual Essence 80 ml &#8211; Nawil\u017caj\u0105co-regeneruj\u0105ca esencja do twarzy","og_url":"https:\/\/selleetools.com\/pl\/product\/cosrx-advanced-snail-radiance-dual-essence-80-ml-nawilzajaco-regenerujaca-esencja-do-twarzy\/","og_site_name":"Selleetools.com","article_modified_time":"2025-10-23T17:12:40+00:00","og_image":[{"width":1200,"height":1200,"url":"https:\/\/selleetools.com\/wp-content\/uploads\/2025\/10\/92630ec866f9f1f409a00dfa8c089fa5.jpg","type":"image\/jpeg"}],"twitter_card":"summary_large_image","twitter_misc":{"Est. reading time":"1 minuta"},"schema":{"@context":"https:\/\/schema.org","@graph":[{"@type":"Organization","@id":"https:\/\/selleetools.com\/#organization","name":"Selleetools","url":"https:\/\/selleetools.com\/","sameAs":[],"logo":{"@type":"ImageObject","inLanguage":"pl-PL","@id":"https:\/\/selleetools.com\/#\/schema\/logo\/image\/","url":"https:\/\/selleetools.com\/wp-content\/uploads\/2021\/10\/logo-dark.png","contentUrl":"https:\/\/selleetools.com\/wp-content\/uploads\/2021\/10\/logo-dark.png","width":320,"height":76,"caption":"Selleetools"},"image":{"@id":"https:\/\/selleetools.com\/#\/schema\/logo\/image\/"}},{"@type":"WebSite","@id":"https:\/\/selleetools.com\/#website","url":"https:\/\/selleetools.com\/","name":"Selleetools.com","description":"","publisher":{"@id":"https:\/\/selleetools.com\/#organization"},"potentialAction":[{"@type":"SearchAction","target":{"@type":"EntryPoint","urlTemplate":"https:\/\/selleetools.com\/?s={search_term_string}"},"query-input":"required name=search_term_string"}],"inLanguage":"pl-PL"},{"@type":"WebPage","@id":"https:\/\/selleetools.com\/pl\/product\/cosrx-advanced-snail-radiance-dual-essence-80-ml-nawilzajaco-regenerujaca-esencja-do-twarzy\/","url":"https:\/\/selleetools.com\/pl\/product\/cosrx-advanced-snail-radiance-dual-essence-80-ml-nawilzajaco-regenerujaca-esencja-do-twarzy\/","name":"COSRX Advanced Snail Radiance Dual Essence 80 ml - Nawil\u017caj\u0105co-regeneruj\u0105ca esencja do twarzy - Selleetools.com","isPartOf":{"@id":"https:\/\/selleetools.com\/#website"},"datePublished":"2025-10-22T06:33:36+00:00","dateModified":"2025-10-23T17:12:40+00:00","breadcrumb":{"@id":"https:\/\/selleetools.com\/pl\/product\/cosrx-advanced-snail-radiance-dual-essence-80-ml-nawilzajaco-regenerujaca-esencja-do-twarzy\/#breadcrumb"},"inLanguage":"pl-PL","potentialAction":[{"@type":"ReadAction","target":["https:\/\/selleetools.com\/pl\/product\/cosrx-advanced-snail-radiance-dual-essence-80-ml-nawilzajaco-regenerujaca-esencja-do-twarzy\/"]}]},{"@type":"BreadcrumbList","@id":"https:\/\/selleetools.com\/pl\/product\/cosrx-advanced-snail-radiance-dual-essence-80-ml-nawilzajaco-regenerujaca-esencja-do-twarzy\/#breadcrumb","itemListElement":[{"@type":"ListItem","position":1,"name":"Home","item":"https:\/\/selleetools.com\/pl\/"},{"@type":"ListItem","position":2,"name":"Katalog","item":"https:\/\/selleetools.com\/pl\/katalog\/"},{"@type":"ListItem","position":3,"name":"COSRX Advanced Snail Radiance Dual Essence 80 ml &#8211; Nawil\u017caj\u0105co-regeneruj\u0105ca esencja do twarzy"}]}]}},"_links":{"self":[{"href":"https:\/\/selleetools.com\/pl\/wp-json\/wp\/v2\/product\/597563"}],"collection":[{"href":"https:\/\/selleetools.com\/pl\/wp-json\/wp\/v2\/product"}],"about":[{"href":"https:\/\/selleetools.com\/pl\/wp-json\/wp\/v2\/types\/product"}],"replies":[{"embeddable":true,"href":"https:\/\/selleetools.com\/pl\/wp-json\/wp\/v2\/comments?post=597563"}],"wp:featuredmedia":[{"embeddable":true,"href":"https:\/\/selleetools.com\/pl\/wp-json\/wp\/v2\/media\/597557"}],"wp:attachment":[{"href":"https:\/\/selleetools.com\/pl\/wp-json\/wp\/v2\/media?parent=597563"}],"curies":[{"name":"wp","href":"https:\/\/api.w.org\/{rel}","templated":true}]}}