{"id":597383,"date":"2025-10-22T08:30:46","date_gmt":"2025-10-22T06:30:46","guid":{"rendered":"https:\/\/selleetools.com\/?post_type=product&#038;p=597383"},"modified":"2025-10-23T19:25:26","modified_gmt":"2025-10-23T17:25:26","slug":"cosrx-full-fit-propolis-synergy-toner-150-ml-odzywczo-lagodzacy-tonik-do-twarzy","status":"publish","type":"product","link":"https:\/\/selleetools.com\/pl\/product\/cosrx-full-fit-propolis-synergy-toner-150-ml-odzywczo-lagodzacy-tonik-do-twarzy\/","title":{"rendered":"COSRX Full Fit Propolis Synergy Toner 150 ml &#8211; Od\u017cywczo-\u0142agodz\u0105cy tonik do twarzy"},"content":{"rendered":"<p>COSRX Full Fit Propolis Synergy Toner to nawil\u017caj\u0105cy toner, kt\u00f3ry zawiera 72,6% ekstraktu z propolisu oraz 10% ekstraktu z miodu. Jego formu\u0142a g\u0142\u0119boko nawil\u017ca sk\u00f3r\u0119 od pierwszego etapu piel\u0119gnacji, pozostawiaj\u0105c j\u0105 mi\u0119kk\u0105 i od\u017cywion\u0105. Dzi\u0119ki w\u0142a\u015bciwo\u015bciom propolisu, toner wspomaga regeneracj\u0119 sk\u00f3ry i przywraca jej zdrowy wygl\u0105d, jednocze\u015bnie chroni\u0105c j\u0105 przed utrat\u0105 wilgoci. Formu\u0142a wzbogacona o mi\u00f3d, kt\u00f3ry jest naturalnym nawil\u017caczem, dzia\u0142a koj\u0105co i \u0142agodz\u0105co na sk\u00f3r\u0119. Idealny do stosowania w po\u0142\u0105czeniu z Full Fit Propolis Light Ampoule w celu uzyskania jeszcze lepszych efekt\u00f3w.<\/p>\n<p>Korzy\u015bci dla sk\u00f3ry:<br \/>\nIntensywne nawil\u017cenie, kt\u00f3re utrzymuje sk\u00f3r\u0119 mi\u0119kk\u0105 i g\u0142adk\u0105<br \/>\nKoj\u0105ce dzia\u0142anie, kt\u00f3re pomaga w regeneracji sk\u00f3ry<br \/>\nOchrona sk\u00f3ry przed utrat\u0105 wilgoci<br \/>\nPoprawa tekstury sk\u00f3ry, sprawiaj\u0105c, \u017ce staje si\u0119 bardziej promienna i zdrowa<\/p>\n<p>Spos\u00f3b u\u017cycia: Na\u0142\u00f3\u017c odpowiedni\u0105 ilo\u015b\u0107 tonera na oczyszczon\u0105 sk\u00f3r\u0119 twarzy, omijaj\u0105c okolice oczu. Delikatnie wklep do ca\u0142kowitego wch\u0142oni\u0119cia. Dla maksymalnych efekt\u00f3w stosuj razem z Full Fit Propolis Light Ampoule.<\/p>\n","protected":false},"excerpt":{"rendered":"<p>COSRX Full Fit Propolis Synergy Toner to nawil\u017caj\u0105cy toner, kt\u00f3ry zawiera 72,6% ekstraktu z propolisu oraz 10% ekstraktu z miodu. Jego formu\u0142a g\u0142\u0119boko nawil\u017ca sk\u00f3r\u0119 od pierwszego etapu piel\u0119gnacji, pozostawiaj\u0105c j\u0105 mi\u0119kk\u0105 i od\u017cywion\u0105. Dzi\u0119ki w\u0142a\u015bciwo\u015bciom propolisu, toner wspomaga regeneracj\u0119 sk\u00f3ry i przywraca jej zdrowy wygl\u0105d, jednocze\u015bnie chroni\u0105c j\u0105 przed utrat\u0105 wilgoci. Formu\u0142a wzbogacona o &#8230; <a title=\"COSRX Full Fit Propolis Synergy Toner 150 ml &#8211; Od\u017cywczo-\u0142agodz\u0105cy tonik do twarzy\" class=\"read-more\" href=\"https:\/\/selleetools.com\/pl\/product\/cosrx-full-fit-propolis-synergy-toner-150-ml-odzywczo-lagodzacy-tonik-do-twarzy\/\">Read more<span class=\"screen-reader-text\">COSRX Full Fit Propolis Synergy Toner 150 ml &#8211; Od\u017cywczo-\u0142agodz\u0105cy tonik do twarzy<\/span><\/a><\/p>\n","protected":false},"featured_media":597381,"comment_status":"open","ping_status":"closed","template":"","meta":{"_links_to":"","_links_to_target":""},"yoast_head":"<!-- This site is optimized with the Yoast SEO plugin v19.4 - https:\/\/yoast.com\/wordpress\/plugins\/seo\/ -->\n<title>COSRX Full Fit Propolis Synergy Toner 150 ml - Od\u017cywczo-\u0142agodz\u0105cy tonik do twarzy - Selleetools.com<\/title>\n<meta name=\"robots\" content=\"index, follow, max-snippet:-1, max-image-preview:large, max-video-preview:-1\" \/>\n<link rel=\"canonical\" href=\"https:\/\/selleetools.com\/pl\/product\/cosrx-full-fit-propolis-synergy-toner-150-ml-odzywczo-lagodzacy-tonik-do-twarzy\/\" \/>\n<meta property=\"og:locale\" content=\"pl_PL\" \/>\n<meta property=\"og:type\" content=\"article\" \/>\n<meta property=\"og:title\" content=\"COSRX Full Fit Propolis Synergy Toner 150 ml - Od\u017cywczo-\u0142agodz\u0105cy tonik do twarzy - Selleetools.com\" \/>\n<meta property=\"og:description\" content=\"COSRX Full Fit Propolis Synergy Toner to nawil\u017caj\u0105cy toner, kt\u00f3ry zawiera 72,6% ekstraktu z propolisu oraz 10% ekstraktu z miodu. Jego formu\u0142a g\u0142\u0119boko nawil\u017ca sk\u00f3r\u0119 od pierwszego etapu piel\u0119gnacji, pozostawiaj\u0105c j\u0105 mi\u0119kk\u0105 i od\u017cywion\u0105. Dzi\u0119ki w\u0142a\u015bciwo\u015bciom propolisu, toner wspomaga regeneracj\u0119 sk\u00f3ry i przywraca jej zdrowy wygl\u0105d, jednocze\u015bnie chroni\u0105c j\u0105 przed utrat\u0105 wilgoci. Formu\u0142a wzbogacona o ... Read moreCOSRX Full Fit Propolis Synergy Toner 150 ml &#8211; Od\u017cywczo-\u0142agodz\u0105cy tonik do twarzy\" \/>\n<meta property=\"og:url\" content=\"https:\/\/selleetools.com\/pl\/product\/cosrx-full-fit-propolis-synergy-toner-150-ml-odzywczo-lagodzacy-tonik-do-twarzy\/\" \/>\n<meta property=\"og:site_name\" content=\"Selleetools.com\" \/>\n<meta property=\"article:modified_time\" content=\"2025-10-23T17:25:26+00:00\" \/>\n<meta property=\"og:image\" content=\"https:\/\/selleetools.com\/wp-content\/uploads\/2025\/10\/1.jpg\" \/>\n\t<meta property=\"og:image:width\" content=\"1200\" \/>\n\t<meta property=\"og:image:height\" content=\"1200\" \/>\n\t<meta property=\"og:image:type\" content=\"image\/jpeg\" \/>\n<meta name=\"twitter:card\" content=\"summary_large_image\" \/>\n<meta name=\"twitter:label1\" content=\"Est. reading time\" \/>\n\t<meta name=\"twitter:data1\" content=\"1 minuta\" \/>\n<!-- \/ Yoast SEO plugin. -->","yoast_head_json":{"title":"COSRX Full Fit Propolis Synergy Toner 150 ml - Od\u017cywczo-\u0142agodz\u0105cy tonik do twarzy - Selleetools.com","robots":{"index":"index","follow":"follow","max-snippet":"max-snippet:-1","max-image-preview":"max-image-preview:large","max-video-preview":"max-video-preview:-1"},"canonical":"https:\/\/selleetools.com\/pl\/product\/cosrx-full-fit-propolis-synergy-toner-150-ml-odzywczo-lagodzacy-tonik-do-twarzy\/","og_locale":"pl_PL","og_type":"article","og_title":"COSRX Full Fit Propolis Synergy Toner 150 ml - Od\u017cywczo-\u0142agodz\u0105cy tonik do twarzy - Selleetools.com","og_description":"COSRX Full Fit Propolis Synergy Toner to nawil\u017caj\u0105cy toner, kt\u00f3ry zawiera 72,6% ekstraktu z propolisu oraz 10% ekstraktu z miodu. Jego formu\u0142a g\u0142\u0119boko nawil\u017ca sk\u00f3r\u0119 od pierwszego etapu piel\u0119gnacji, pozostawiaj\u0105c j\u0105 mi\u0119kk\u0105 i od\u017cywion\u0105. Dzi\u0119ki w\u0142a\u015bciwo\u015bciom propolisu, toner wspomaga regeneracj\u0119 sk\u00f3ry i przywraca jej zdrowy wygl\u0105d, jednocze\u015bnie chroni\u0105c j\u0105 przed utrat\u0105 wilgoci. Formu\u0142a wzbogacona o ... Read moreCOSRX Full Fit Propolis Synergy Toner 150 ml &#8211; Od\u017cywczo-\u0142agodz\u0105cy tonik do twarzy","og_url":"https:\/\/selleetools.com\/pl\/product\/cosrx-full-fit-propolis-synergy-toner-150-ml-odzywczo-lagodzacy-tonik-do-twarzy\/","og_site_name":"Selleetools.com","article_modified_time":"2025-10-23T17:25:26+00:00","og_image":[{"width":1200,"height":1200,"url":"https:\/\/selleetools.com\/wp-content\/uploads\/2025\/10\/1.jpg","type":"image\/jpeg"}],"twitter_card":"summary_large_image","twitter_misc":{"Est. reading time":"1 minuta"},"schema":{"@context":"https:\/\/schema.org","@graph":[{"@type":"Organization","@id":"https:\/\/selleetools.com\/#organization","name":"Selleetools","url":"https:\/\/selleetools.com\/","sameAs":[],"logo":{"@type":"ImageObject","inLanguage":"pl-PL","@id":"https:\/\/selleetools.com\/#\/schema\/logo\/image\/","url":"https:\/\/selleetools.com\/wp-content\/uploads\/2021\/10\/logo-dark.png","contentUrl":"https:\/\/selleetools.com\/wp-content\/uploads\/2021\/10\/logo-dark.png","width":320,"height":76,"caption":"Selleetools"},"image":{"@id":"https:\/\/selleetools.com\/#\/schema\/logo\/image\/"}},{"@type":"WebSite","@id":"https:\/\/selleetools.com\/#website","url":"https:\/\/selleetools.com\/","name":"Selleetools.com","description":"","publisher":{"@id":"https:\/\/selleetools.com\/#organization"},"potentialAction":[{"@type":"SearchAction","target":{"@type":"EntryPoint","urlTemplate":"https:\/\/selleetools.com\/?s={search_term_string}"},"query-input":"required name=search_term_string"}],"inLanguage":"pl-PL"},{"@type":"WebPage","@id":"https:\/\/selleetools.com\/pl\/product\/cosrx-full-fit-propolis-synergy-toner-150-ml-odzywczo-lagodzacy-tonik-do-twarzy\/","url":"https:\/\/selleetools.com\/pl\/product\/cosrx-full-fit-propolis-synergy-toner-150-ml-odzywczo-lagodzacy-tonik-do-twarzy\/","name":"COSRX Full Fit Propolis Synergy Toner 150 ml - Od\u017cywczo-\u0142agodz\u0105cy tonik do twarzy - Selleetools.com","isPartOf":{"@id":"https:\/\/selleetools.com\/#website"},"datePublished":"2025-10-22T06:30:46+00:00","dateModified":"2025-10-23T17:25:26+00:00","breadcrumb":{"@id":"https:\/\/selleetools.com\/pl\/product\/cosrx-full-fit-propolis-synergy-toner-150-ml-odzywczo-lagodzacy-tonik-do-twarzy\/#breadcrumb"},"inLanguage":"pl-PL","potentialAction":[{"@type":"ReadAction","target":["https:\/\/selleetools.com\/pl\/product\/cosrx-full-fit-propolis-synergy-toner-150-ml-odzywczo-lagodzacy-tonik-do-twarzy\/"]}]},{"@type":"BreadcrumbList","@id":"https:\/\/selleetools.com\/pl\/product\/cosrx-full-fit-propolis-synergy-toner-150-ml-odzywczo-lagodzacy-tonik-do-twarzy\/#breadcrumb","itemListElement":[{"@type":"ListItem","position":1,"name":"Home","item":"https:\/\/selleetools.com\/pl\/"},{"@type":"ListItem","position":2,"name":"Katalog","item":"https:\/\/selleetools.com\/pl\/katalog\/"},{"@type":"ListItem","position":3,"name":"COSRX Full Fit Propolis Synergy Toner 150 ml &#8211; Od\u017cywczo-\u0142agodz\u0105cy tonik do twarzy"}]}]}},"_links":{"self":[{"href":"https:\/\/selleetools.com\/pl\/wp-json\/wp\/v2\/product\/597383"}],"collection":[{"href":"https:\/\/selleetools.com\/pl\/wp-json\/wp\/v2\/product"}],"about":[{"href":"https:\/\/selleetools.com\/pl\/wp-json\/wp\/v2\/types\/product"}],"replies":[{"embeddable":true,"href":"https:\/\/selleetools.com\/pl\/wp-json\/wp\/v2\/comments?post=597383"}],"wp:featuredmedia":[{"embeddable":true,"href":"https:\/\/selleetools.com\/pl\/wp-json\/wp\/v2\/media\/597381"}],"wp:attachment":[{"href":"https:\/\/selleetools.com\/pl\/wp-json\/wp\/v2\/media?parent=597383"}],"curies":[{"name":"wp","href":"https:\/\/api.w.org\/{rel}","templated":true}]}}