{"id":597318,"date":"2025-10-22T08:29:46","date_gmt":"2025-10-22T06:29:46","guid":{"rendered":"https:\/\/selleetools.com\/?post_type=product&#038;p=597318"},"modified":"2025-12-26T16:41:35","modified_gmt":"2025-12-26T15:41:35","slug":"iunik-set-beta-glucan-edition-cream-60-ml-serum-15-ml-regenerujaco-nawilzajacy-zestaw-do-twarzy","status":"publish","type":"product","link":"https:\/\/selleetools.com\/pl\/product\/iunik-set-beta-glucan-edition-cream-60-ml-serum-15-ml-regenerujaco-nawilzajacy-zestaw-do-twarzy\/","title":{"rendered":"IUNIK SET Beta Glucan Edition (Cream 60 ml + Serum 15 ml) &#8211; Regeneruj\u0105co-nawil\u017caj\u0105cy zestaw do twarzy"},"content":{"rendered":"<p style=\"caret-color: rgb(0, 0, 0); color: rgb(0, 0, 0);\"><font style=\"font-size: 12px;\">IUNIK SET Beta Glucan Edition to kompleksowy zestaw piel\u0119gnacyjny, kt\u00f3ry g\u0142\u0119boko nawil\u017ca i regeneruje sk\u00f3r\u0119, przywracaj\u0105c jej naturalny blask i elastyczno\u015b\u0107. Produkty w zestawie ( Krem+Serum) zawieraj\u0105 beta-glukan , kt\u00f3ry intensywnie nawil\u017ca, wzmacnia barier\u0119 ochronn\u0105 sk\u00f3ry i \u0142agodzi podra\u017cnienia. Idealny dla ka\u017cdego typu cery, zw\u0142aszcza suchej i wra\u017cliwej.<\/font><\/p>\n<h4 style=\"caret-color: rgb(0, 0, 0); color: rgb(0, 0, 0);\"><font style=\"font-size: 12px;\">Korzy\u015bci dla sk\u00f3ry<\/font><\/h4>\n<ul style=\"caret-color: rgb(0, 0, 0); color: rgb(0, 0, 0);\">\n<li><font style=\"font-size: 12px;\"><strong>G\u0142\u0119bokie nawil\u017cenie<\/strong>: Sk\u00f3ra staje si\u0119 mi\u0119kka i elastyczna.<\/font><\/li>\n<li><font style=\"font-size: 12px;\"><strong>Regeneracja<\/strong>: Wspomaga odnow\u0119 kom\u00f3rek i redukcj\u0119 podra\u017cnie\u0144.<\/font><\/li>\n<li><font style=\"font-size: 12px;\"><strong>Wzmocnienie bariery ochronnej<\/strong>: Sk\u00f3ra jest lepiej chroniona przed czynnikami zewn\u0119trznymi.<\/font><\/li>\n<\/ul>\n<h4 style=\"caret-color: rgb(0, 0, 0); color: rgb(0, 0, 0);\"><font style=\"font-size: 12px;\">Spos\u00f3b u\u017cycia<\/font><\/h4>\n<p style=\"caret-color: rgb(0, 0, 0); color: rgb(0, 0, 0);\"><font style=\"font-size: 12px;\">Stosuj produkty z zestawu zgodnie z kolejno\u015bci\u0105 zalecan\u0105 przez producenta, aplikuj\u0105c na oczyszczon\u0105 sk\u00f3r\u0119 twarzy rano i wieczorem. Najpierw na\u0142\u00f3\u017c serum, a nast\u0119pnie krem, delikatnie wklepuj\u0105c w sk\u00f3r\u0119, aby zapewni\u0107 lepsze wch\u0142anianie.<\/font><\/p>\n","protected":false},"excerpt":{"rendered":"<p>IUNIK SET Beta Glucan Edition to kompleksowy zestaw piel\u0119gnacyjny, kt\u00f3ry g\u0142\u0119boko nawil\u017ca i regeneruje sk\u00f3r\u0119, przywracaj\u0105c jej naturalny blask i elastyczno\u015b\u0107. Produkty w zestawie ( Krem+Serum) zawieraj\u0105 beta-glukan , kt\u00f3ry intensywnie nawil\u017ca, wzmacnia barier\u0119 ochronn\u0105 sk\u00f3ry i \u0142agodzi podra\u017cnienia. Idealny dla ka\u017cdego typu cery, zw\u0142aszcza suchej i wra\u017cliwej. Korzy\u015bci dla sk\u00f3ry G\u0142\u0119bokie nawil\u017cenie: Sk\u00f3ra staje &#8230; <a title=\"IUNIK SET Beta Glucan Edition (Cream 60 ml + Serum 15 ml) &#8211; Regeneruj\u0105co-nawil\u017caj\u0105cy zestaw do twarzy\" class=\"read-more\" href=\"https:\/\/selleetools.com\/pl\/product\/iunik-set-beta-glucan-edition-cream-60-ml-serum-15-ml-regenerujaco-nawilzajacy-zestaw-do-twarzy\/\">Read more<span class=\"screen-reader-text\">IUNIK SET Beta Glucan Edition (Cream 60 ml + Serum 15 ml) &#8211; Regeneruj\u0105co-nawil\u017caj\u0105cy zestaw do twarzy<\/span><\/a><\/p>\n","protected":false},"featured_media":597310,"comment_status":"open","ping_status":"closed","template":"","meta":{"_links_to":"","_links_to_target":""},"yoast_head":"<!-- This site is optimized with the Yoast SEO plugin v19.4 - https:\/\/yoast.com\/wordpress\/plugins\/seo\/ -->\n<title>IUNIK SET Beta Glucan Edition (Cream 60 ml + Serum 15 ml) - Regeneruj\u0105co-nawil\u017caj\u0105cy zestaw do twarzy - Selleetools.com<\/title>\n<meta name=\"robots\" content=\"index, follow, max-snippet:-1, max-image-preview:large, max-video-preview:-1\" \/>\n<link rel=\"canonical\" href=\"https:\/\/admincentral.selleetools.com\/product\/iunik-set-beta-glucan-edition-cream-60-ml-serum-15-ml-regenerujaco-nawilzajacy-zestaw-do-twarzy\/\" \/>\n<meta property=\"og:locale\" content=\"pl_PL\" \/>\n<meta property=\"og:type\" content=\"article\" \/>\n<meta property=\"og:title\" content=\"IUNIK SET Beta Glucan Edition (Cream 60 ml + Serum 15 ml) - Regeneruj\u0105co-nawil\u017caj\u0105cy zestaw do twarzy - Selleetools.com\" \/>\n<meta property=\"og:description\" content=\"IUNIK SET Beta Glucan Edition to kompleksowy zestaw piel\u0119gnacyjny, kt\u00f3ry g\u0142\u0119boko nawil\u017ca i regeneruje sk\u00f3r\u0119, przywracaj\u0105c jej naturalny blask i elastyczno\u015b\u0107. Produkty w zestawie ( Krem+Serum) zawieraj\u0105 beta-glukan , kt\u00f3ry intensywnie nawil\u017ca, wzmacnia barier\u0119 ochronn\u0105 sk\u00f3ry i \u0142agodzi podra\u017cnienia. Idealny dla ka\u017cdego typu cery, zw\u0142aszcza suchej i wra\u017cliwej. Korzy\u015bci dla sk\u00f3ry G\u0142\u0119bokie nawil\u017cenie: Sk\u00f3ra staje ... Read moreIUNIK SET Beta Glucan Edition (Cream 60 ml + Serum 15 ml) &#8211; Regeneruj\u0105co-nawil\u017caj\u0105cy zestaw do twarzy\" \/>\n<meta property=\"og:url\" content=\"https:\/\/admincentral.selleetools.com\/product\/iunik-set-beta-glucan-edition-cream-60-ml-serum-15-ml-regenerujaco-nawilzajacy-zestaw-do-twarzy\/\" \/>\n<meta property=\"og:site_name\" content=\"Selleetools.com\" \/>\n<meta property=\"article:modified_time\" content=\"2025-12-26T15:41:35+00:00\" \/>\n<meta property=\"og:image\" content=\"https:\/\/selleetools.com\/wp-content\/uploads\/2025\/10\/6ffa1712fe98e61996d79ab839b245a0.jpg\" \/>\n\t<meta property=\"og:image:width\" content=\"1000\" \/>\n\t<meta property=\"og:image:height\" content=\"1000\" \/>\n\t<meta property=\"og:image:type\" content=\"image\/jpeg\" \/>\n<meta name=\"twitter:card\" content=\"summary_large_image\" \/>\n<meta name=\"twitter:label1\" content=\"Est. reading time\" \/>\n\t<meta name=\"twitter:data1\" content=\"1 minuta\" \/>\n<!-- \/ Yoast SEO plugin. -->","yoast_head_json":{"title":"IUNIK SET Beta Glucan Edition (Cream 60 ml + Serum 15 ml) - Regeneruj\u0105co-nawil\u017caj\u0105cy zestaw do twarzy - Selleetools.com","robots":{"index":"index","follow":"follow","max-snippet":"max-snippet:-1","max-image-preview":"max-image-preview:large","max-video-preview":"max-video-preview:-1"},"canonical":"https:\/\/admincentral.selleetools.com\/product\/iunik-set-beta-glucan-edition-cream-60-ml-serum-15-ml-regenerujaco-nawilzajacy-zestaw-do-twarzy\/","og_locale":"pl_PL","og_type":"article","og_title":"IUNIK SET Beta Glucan Edition (Cream 60 ml + Serum 15 ml) - Regeneruj\u0105co-nawil\u017caj\u0105cy zestaw do twarzy - Selleetools.com","og_description":"IUNIK SET Beta Glucan Edition to kompleksowy zestaw piel\u0119gnacyjny, kt\u00f3ry g\u0142\u0119boko nawil\u017ca i regeneruje sk\u00f3r\u0119, przywracaj\u0105c jej naturalny blask i elastyczno\u015b\u0107. Produkty w zestawie ( Krem+Serum) zawieraj\u0105 beta-glukan , kt\u00f3ry intensywnie nawil\u017ca, wzmacnia barier\u0119 ochronn\u0105 sk\u00f3ry i \u0142agodzi podra\u017cnienia. Idealny dla ka\u017cdego typu cery, zw\u0142aszcza suchej i wra\u017cliwej. Korzy\u015bci dla sk\u00f3ry G\u0142\u0119bokie nawil\u017cenie: Sk\u00f3ra staje ... Read moreIUNIK SET Beta Glucan Edition (Cream 60 ml + Serum 15 ml) &#8211; Regeneruj\u0105co-nawil\u017caj\u0105cy zestaw do twarzy","og_url":"https:\/\/admincentral.selleetools.com\/product\/iunik-set-beta-glucan-edition-cream-60-ml-serum-15-ml-regenerujaco-nawilzajacy-zestaw-do-twarzy\/","og_site_name":"Selleetools.com","article_modified_time":"2025-12-26T15:41:35+00:00","og_image":[{"width":1000,"height":1000,"url":"https:\/\/selleetools.com\/wp-content\/uploads\/2025\/10\/6ffa1712fe98e61996d79ab839b245a0.jpg","type":"image\/jpeg"}],"twitter_card":"summary_large_image","twitter_misc":{"Est. reading time":"1 minuta"},"schema":{"@context":"https:\/\/schema.org","@graph":[{"@type":"Organization","@id":"https:\/\/selleetools.com\/#organization","name":"Selleetools","url":"https:\/\/selleetools.com\/","sameAs":[],"logo":{"@type":"ImageObject","inLanguage":"pl-PL","@id":"https:\/\/selleetools.com\/#\/schema\/logo\/image\/","url":"https:\/\/selleetools.com\/wp-content\/uploads\/2021\/10\/logo-dark.png","contentUrl":"https:\/\/selleetools.com\/wp-content\/uploads\/2021\/10\/logo-dark.png","width":320,"height":76,"caption":"Selleetools"},"image":{"@id":"https:\/\/selleetools.com\/#\/schema\/logo\/image\/"}},{"@type":"WebSite","@id":"https:\/\/selleetools.com\/#website","url":"https:\/\/selleetools.com\/","name":"Selleetools.com","description":"","publisher":{"@id":"https:\/\/selleetools.com\/#organization"},"potentialAction":[{"@type":"SearchAction","target":{"@type":"EntryPoint","urlTemplate":"https:\/\/selleetools.com\/?s={search_term_string}"},"query-input":"required name=search_term_string"}],"inLanguage":"pl-PL"},{"@type":"WebPage","@id":"https:\/\/admincentral.selleetools.com\/product\/iunik-set-beta-glucan-edition-cream-60-ml-serum-15-ml-regenerujaco-nawilzajacy-zestaw-do-twarzy\/","url":"https:\/\/admincentral.selleetools.com\/product\/iunik-set-beta-glucan-edition-cream-60-ml-serum-15-ml-regenerujaco-nawilzajacy-zestaw-do-twarzy\/","name":"IUNIK SET Beta Glucan Edition (Cream 60 ml + Serum 15 ml) - Regeneruj\u0105co-nawil\u017caj\u0105cy zestaw do twarzy - Selleetools.com","isPartOf":{"@id":"https:\/\/selleetools.com\/#website"},"datePublished":"2025-10-22T06:29:46+00:00","dateModified":"2025-12-26T15:41:35+00:00","breadcrumb":{"@id":"https:\/\/admincentral.selleetools.com\/product\/iunik-set-beta-glucan-edition-cream-60-ml-serum-15-ml-regenerujaco-nawilzajacy-zestaw-do-twarzy\/#breadcrumb"},"inLanguage":"pl-PL","potentialAction":[{"@type":"ReadAction","target":["https:\/\/admincentral.selleetools.com\/product\/iunik-set-beta-glucan-edition-cream-60-ml-serum-15-ml-regenerujaco-nawilzajacy-zestaw-do-twarzy\/"]}]},{"@type":"BreadcrumbList","@id":"https:\/\/admincentral.selleetools.com\/product\/iunik-set-beta-glucan-edition-cream-60-ml-serum-15-ml-regenerujaco-nawilzajacy-zestaw-do-twarzy\/#breadcrumb","itemListElement":[{"@type":"ListItem","position":1,"name":"Home","item":"https:\/\/selleetools.com\/pl\/"},{"@type":"ListItem","position":2,"name":"Katalog","item":"https:\/\/selleetools.com\/pl\/katalog\/"},{"@type":"ListItem","position":3,"name":"IUNIK SET Beta Glucan Edition (Cream 60 ml + Serum 15 ml) &#8211; Regeneruj\u0105co-nawil\u017caj\u0105cy zestaw do twarzy"}]}]}},"_links":{"self":[{"href":"https:\/\/selleetools.com\/pl\/wp-json\/wp\/v2\/product\/597318"}],"collection":[{"href":"https:\/\/selleetools.com\/pl\/wp-json\/wp\/v2\/product"}],"about":[{"href":"https:\/\/selleetools.com\/pl\/wp-json\/wp\/v2\/types\/product"}],"replies":[{"embeddable":true,"href":"https:\/\/selleetools.com\/pl\/wp-json\/wp\/v2\/comments?post=597318"}],"wp:featuredmedia":[{"embeddable":true,"href":"https:\/\/selleetools.com\/pl\/wp-json\/wp\/v2\/media\/597310"}],"wp:attachment":[{"href":"https:\/\/selleetools.com\/pl\/wp-json\/wp\/v2\/media?parent=597318"}],"curies":[{"name":"wp","href":"https:\/\/api.w.org\/{rel}","templated":true}]}}