{"id":597280,"date":"2025-10-22T08:29:18","date_gmt":"2025-10-22T06:29:18","guid":{"rendered":"https:\/\/selleetools.com\/?post_type=product&#038;p=597280"},"modified":"2025-10-23T19:47:01","modified_gmt":"2025-10-23T17:47:01","slug":"heimish-artless-rubycell-puff-5-pcs-zestaw-gabeczek-do-makijazu","status":"publish","type":"product","link":"https:\/\/selleetools.com\/pl\/product\/heimish-artless-rubycell-puff-5-pcs-zestaw-gabeczek-do-makijazu\/","title":{"rendered":"HEIMISH Artless Rubycell Puff 5 pcs &#8211; Zestaw g\u0105beczek do makija\u017cu"},"content":{"rendered":"<p>HEIMISH Artless Rubycell Puff to zestaw pi\u0119ciu wysokiej jako\u015bci g\u0105beczek do makija\u017cu, kt\u00f3re zosta\u0142y zaprojektowane z my\u015bl\u0105 o zapewnieniu idealnej aplikacji podk\u0142adu, korektora i innych produkt\u00f3w kosmetycznych. Dzi\u0119ki zaawansowanej technologii Rubycell, te pufki zapewniaj\u0105 r\u00f3wnomierne rozprowadzanie kosmetyk\u00f3w, minimalizuj\u0105c straty produktu i tworz\u0105c naturalne wyko\u0144czenie.<\/p>\n<p>Korzy\u015bci dla sk\u00f3ry:<br \/>\nR\u00f3wnomierna aplikacja &#8211; Rubycell Puff umo\u017cliwia r\u00f3wnomierne rozprowadzenie kosmetyk\u00f3w, co pomaga uzyska\u0107 g\u0142adk\u0105 i nieskaziteln\u0105 sk\u00f3r\u0119.<br \/>\nHigieniczno\u015b\u0107 &#8211; Dzi\u0119ki swojej strukturze, pufki s\u0105 \u0142atwe do utrzymania w czysto\u015bci, co zmniejsza ryzyko podra\u017cnie\u0144 sk\u00f3ry.<br \/>\nOszcz\u0119dno\u015b\u0107 produktu &#8211; Rubycell Puff minimalizuje absorpcj\u0119 kosmetyk\u00f3w, co pozwala na oszcz\u0119dne u\u017cywanie ulubionych produkt\u00f3w.<br \/>\nDelikatno\u015b\u0107 dla sk\u00f3ry &#8211; Mi\u0119kka i delikatna powierzchnia pufek jest odpowiednia dla wszystkich typ\u00f3w sk\u00f3ry, w tym wra\u017cliwej.<\/p>\n<p>Spos\u00f3b u\u017cycia:<br \/>\nPrzygotowanie &#8211; Zwil\u017c pufk\u0119 wod\u0105, aby zwi\u0119kszy\u0107 jej elastyczno\u015b\u0107 i zapobiec nadmiernemu wch\u0142anianiu kosmetyku.<br \/>\nAplikacja &#8211; Na\u0142\u00f3\u017c niewielk\u0105 ilo\u015b\u0107 podk\u0142adu lub innego kosmetyku na pufk\u0119.<br \/>\nRozprowadzanie &#8211; Delikatnie wklep kosmetyk w sk\u00f3r\u0119, wykonuj\u0105c lekkie, stempluj\u0105ce ruchy. Zacznij od \u015brodka twarzy i kieruj si\u0119 na zewn\u0105trz.<br \/>\nCzyszczenie &#8211; Po u\u017cyciu, umyj pufk\u0119 w letniej wodzie z myd\u0142em, a nast\u0119pnie pozostaw do wyschni\u0119cia.<\/p>\n<p>HEIMISH Artless Rubycell Puff to niezb\u0119dny dodatek do ka\u017cdej kosmetyczki, zapewniaj\u0105cy profesjonalne wyko\u0144czenie makija\u017cu i korzy\u015bci piel\u0119gnacyjne dla sk\u00f3ry. Przekonaj si\u0119 sama, jak te innowacyjne pufki mog\u0105 odmieni\u0107 Tw\u00f3j codzienny makija\u017c!<\/p>\n","protected":false},"excerpt":{"rendered":"<p>HEIMISH Artless Rubycell Puff to zestaw pi\u0119ciu wysokiej jako\u015bci g\u0105beczek do makija\u017cu, kt\u00f3re zosta\u0142y zaprojektowane z my\u015bl\u0105 o zapewnieniu idealnej aplikacji podk\u0142adu, korektora i innych produkt\u00f3w kosmetycznych. Dzi\u0119ki zaawansowanej technologii Rubycell, te pufki zapewniaj\u0105 r\u00f3wnomierne rozprowadzanie kosmetyk\u00f3w, minimalizuj\u0105c straty produktu i tworz\u0105c naturalne wyko\u0144czenie. Korzy\u015bci dla sk\u00f3ry: R\u00f3wnomierna aplikacja &#8211; Rubycell Puff umo\u017cliwia r\u00f3wnomierne rozprowadzenie &#8230; <a title=\"HEIMISH Artless Rubycell Puff 5 pcs &#8211; Zestaw g\u0105beczek do makija\u017cu\" class=\"read-more\" href=\"https:\/\/selleetools.com\/pl\/product\/heimish-artless-rubycell-puff-5-pcs-zestaw-gabeczek-do-makijazu\/\">Read more<span class=\"screen-reader-text\">HEIMISH Artless Rubycell Puff 5 pcs &#8211; Zestaw g\u0105beczek do makija\u017cu<\/span><\/a><\/p>\n","protected":false},"featured_media":597278,"comment_status":"open","ping_status":"closed","template":"","meta":{"_links_to":"","_links_to_target":""},"yoast_head":"<!-- This site is optimized with the Yoast SEO plugin v19.4 - https:\/\/yoast.com\/wordpress\/plugins\/seo\/ -->\n<title>HEIMISH Artless Rubycell Puff 5 pcs - Zestaw g\u0105beczek do makija\u017cu - Selleetools.com<\/title>\n<meta name=\"robots\" content=\"index, follow, max-snippet:-1, max-image-preview:large, max-video-preview:-1\" \/>\n<link rel=\"canonical\" href=\"https:\/\/selleetools.com\/pl\/product\/heimish-artless-rubycell-puff-5-pcs-zestaw-gabeczek-do-makijazu\/\" \/>\n<meta property=\"og:locale\" content=\"pl_PL\" \/>\n<meta property=\"og:type\" content=\"article\" \/>\n<meta property=\"og:title\" content=\"HEIMISH Artless Rubycell Puff 5 pcs - Zestaw g\u0105beczek do makija\u017cu - Selleetools.com\" \/>\n<meta property=\"og:description\" content=\"HEIMISH Artless Rubycell Puff to zestaw pi\u0119ciu wysokiej jako\u015bci g\u0105beczek do makija\u017cu, kt\u00f3re zosta\u0142y zaprojektowane z my\u015bl\u0105 o zapewnieniu idealnej aplikacji podk\u0142adu, korektora i innych produkt\u00f3w kosmetycznych. Dzi\u0119ki zaawansowanej technologii Rubycell, te pufki zapewniaj\u0105 r\u00f3wnomierne rozprowadzanie kosmetyk\u00f3w, minimalizuj\u0105c straty produktu i tworz\u0105c naturalne wyko\u0144czenie. Korzy\u015bci dla sk\u00f3ry: R\u00f3wnomierna aplikacja &#8211; Rubycell Puff umo\u017cliwia r\u00f3wnomierne rozprowadzenie ... Read moreHEIMISH Artless Rubycell Puff 5 pcs &#8211; Zestaw g\u0105beczek do makija\u017cu\" \/>\n<meta property=\"og:url\" content=\"https:\/\/selleetools.com\/pl\/product\/heimish-artless-rubycell-puff-5-pcs-zestaw-gabeczek-do-makijazu\/\" \/>\n<meta property=\"og:site_name\" content=\"Selleetools.com\" \/>\n<meta property=\"article:modified_time\" content=\"2025-10-23T17:47:01+00:00\" \/>\n<meta property=\"og:image\" content=\"https:\/\/selleetools.com\/wp-content\/uploads\/2025\/10\/c7b03dd26a395f5d7343d3bfd4795735.jpg\" \/>\n\t<meta property=\"og:image:width\" content=\"1000\" \/>\n\t<meta property=\"og:image:height\" content=\"1000\" \/>\n\t<meta property=\"og:image:type\" content=\"image\/jpeg\" \/>\n<meta name=\"twitter:card\" content=\"summary_large_image\" \/>\n<meta name=\"twitter:label1\" content=\"Est. reading time\" \/>\n\t<meta name=\"twitter:data1\" content=\"1 minuta\" \/>\n<!-- \/ Yoast SEO plugin. -->","yoast_head_json":{"title":"HEIMISH Artless Rubycell Puff 5 pcs - Zestaw g\u0105beczek do makija\u017cu - Selleetools.com","robots":{"index":"index","follow":"follow","max-snippet":"max-snippet:-1","max-image-preview":"max-image-preview:large","max-video-preview":"max-video-preview:-1"},"canonical":"https:\/\/selleetools.com\/pl\/product\/heimish-artless-rubycell-puff-5-pcs-zestaw-gabeczek-do-makijazu\/","og_locale":"pl_PL","og_type":"article","og_title":"HEIMISH Artless Rubycell Puff 5 pcs - Zestaw g\u0105beczek do makija\u017cu - Selleetools.com","og_description":"HEIMISH Artless Rubycell Puff to zestaw pi\u0119ciu wysokiej jako\u015bci g\u0105beczek do makija\u017cu, kt\u00f3re zosta\u0142y zaprojektowane z my\u015bl\u0105 o zapewnieniu idealnej aplikacji podk\u0142adu, korektora i innych produkt\u00f3w kosmetycznych. Dzi\u0119ki zaawansowanej technologii Rubycell, te pufki zapewniaj\u0105 r\u00f3wnomierne rozprowadzanie kosmetyk\u00f3w, minimalizuj\u0105c straty produktu i tworz\u0105c naturalne wyko\u0144czenie. Korzy\u015bci dla sk\u00f3ry: R\u00f3wnomierna aplikacja &#8211; Rubycell Puff umo\u017cliwia r\u00f3wnomierne rozprowadzenie ... Read moreHEIMISH Artless Rubycell Puff 5 pcs &#8211; Zestaw g\u0105beczek do makija\u017cu","og_url":"https:\/\/selleetools.com\/pl\/product\/heimish-artless-rubycell-puff-5-pcs-zestaw-gabeczek-do-makijazu\/","og_site_name":"Selleetools.com","article_modified_time":"2025-10-23T17:47:01+00:00","og_image":[{"width":1000,"height":1000,"url":"https:\/\/selleetools.com\/wp-content\/uploads\/2025\/10\/c7b03dd26a395f5d7343d3bfd4795735.jpg","type":"image\/jpeg"}],"twitter_card":"summary_large_image","twitter_misc":{"Est. reading time":"1 minuta"},"schema":{"@context":"https:\/\/schema.org","@graph":[{"@type":"Organization","@id":"https:\/\/selleetools.com\/#organization","name":"Selleetools","url":"https:\/\/selleetools.com\/","sameAs":[],"logo":{"@type":"ImageObject","inLanguage":"pl-PL","@id":"https:\/\/selleetools.com\/#\/schema\/logo\/image\/","url":"https:\/\/selleetools.com\/wp-content\/uploads\/2021\/10\/logo-dark.png","contentUrl":"https:\/\/selleetools.com\/wp-content\/uploads\/2021\/10\/logo-dark.png","width":320,"height":76,"caption":"Selleetools"},"image":{"@id":"https:\/\/selleetools.com\/#\/schema\/logo\/image\/"}},{"@type":"WebSite","@id":"https:\/\/selleetools.com\/#website","url":"https:\/\/selleetools.com\/","name":"Selleetools.com","description":"","publisher":{"@id":"https:\/\/selleetools.com\/#organization"},"potentialAction":[{"@type":"SearchAction","target":{"@type":"EntryPoint","urlTemplate":"https:\/\/selleetools.com\/?s={search_term_string}"},"query-input":"required name=search_term_string"}],"inLanguage":"pl-PL"},{"@type":"WebPage","@id":"https:\/\/selleetools.com\/pl\/product\/heimish-artless-rubycell-puff-5-pcs-zestaw-gabeczek-do-makijazu\/","url":"https:\/\/selleetools.com\/pl\/product\/heimish-artless-rubycell-puff-5-pcs-zestaw-gabeczek-do-makijazu\/","name":"HEIMISH Artless Rubycell Puff 5 pcs - Zestaw g\u0105beczek do makija\u017cu - Selleetools.com","isPartOf":{"@id":"https:\/\/selleetools.com\/#website"},"datePublished":"2025-10-22T06:29:18+00:00","dateModified":"2025-10-23T17:47:01+00:00","breadcrumb":{"@id":"https:\/\/selleetools.com\/pl\/product\/heimish-artless-rubycell-puff-5-pcs-zestaw-gabeczek-do-makijazu\/#breadcrumb"},"inLanguage":"pl-PL","potentialAction":[{"@type":"ReadAction","target":["https:\/\/selleetools.com\/pl\/product\/heimish-artless-rubycell-puff-5-pcs-zestaw-gabeczek-do-makijazu\/"]}]},{"@type":"BreadcrumbList","@id":"https:\/\/selleetools.com\/pl\/product\/heimish-artless-rubycell-puff-5-pcs-zestaw-gabeczek-do-makijazu\/#breadcrumb","itemListElement":[{"@type":"ListItem","position":1,"name":"Home","item":"https:\/\/selleetools.com\/pl\/"},{"@type":"ListItem","position":2,"name":"Katalog","item":"https:\/\/selleetools.com\/pl\/katalog\/"},{"@type":"ListItem","position":3,"name":"HEIMISH Artless Rubycell Puff 5 pcs &#8211; Zestaw g\u0105beczek do makija\u017cu"}]}]}},"_links":{"self":[{"href":"https:\/\/selleetools.com\/pl\/wp-json\/wp\/v2\/product\/597280"}],"collection":[{"href":"https:\/\/selleetools.com\/pl\/wp-json\/wp\/v2\/product"}],"about":[{"href":"https:\/\/selleetools.com\/pl\/wp-json\/wp\/v2\/types\/product"}],"replies":[{"embeddable":true,"href":"https:\/\/selleetools.com\/pl\/wp-json\/wp\/v2\/comments?post=597280"}],"wp:featuredmedia":[{"embeddable":true,"href":"https:\/\/selleetools.com\/pl\/wp-json\/wp\/v2\/media\/597278"}],"wp:attachment":[{"href":"https:\/\/selleetools.com\/pl\/wp-json\/wp\/v2\/media?parent=597280"}],"curies":[{"name":"wp","href":"https:\/\/api.w.org\/{rel}","templated":true}]}}