{"id":597262,"date":"2025-10-22T08:28:58","date_gmt":"2025-10-22T06:28:58","guid":{"rendered":"https:\/\/selleetools.com\/?post_type=product&#038;p=597262"},"modified":"2025-12-26T16:41:14","modified_gmt":"2025-12-26T15:41:14","slug":"heimish-marine-care-retinol-0-1-eye-serum-30-ml-serum-pod-oczy-z-retinolem-i-wyciagiem-z-morskich-roslin","status":"publish","type":"product","link":"https:\/\/selleetools.com\/pl\/product\/heimish-marine-care-retinol-0-1-eye-serum-30-ml-serum-pod-oczy-z-retinolem-i-wyciagiem-z-morskich-roslin\/","title":{"rendered":"HEIMISH Marine Care Retinol 0.1% Eye Serum 30 ml &#8211; Serum pod oczy z retinolem i wyci\u0105giem z morskich ro\u015blin"},"content":{"rendered":"<p>Heimish Marine Care Retinol Eye Serum to zaawansowane serum pod oczy, kt\u00f3re \u0142\u0105czy 0,1% retinolu z ekstraktami z alg morskich oraz 5% niacynamidu. Produkt skutecznie redukuje widoczno\u015b\u0107 zmarszczek, wyg\u0142adza sk\u00f3r\u0119 i zmniejsza cienie pod oczami. Lekka, od\u017cywcza formu\u0142a szybko si\u0119 wch\u0142ania, nie obci\u0105\u017caj\u0105c delikatnej sk\u00f3ry wok\u00f3\u0142 oczu.<\/p>\n<p>Korzy\u015bci dla sk\u00f3ry:<br \/>\nWyg\u0142adza sk\u00f3r\u0119 i redukuje drobne zmarszczki<br \/>\nRozja\u015bnia cienie pod oczami<br \/>\nNawil\u017ca i od\u017cywia delikatn\u0105 sk\u00f3r\u0119 wok\u00f3\u0142 oczu<br \/>\nWzmacnia barier\u0119 ochronn\u0105 sk\u00f3ry<br \/>\nWspomaga regeneracj\u0119 i koi podra\u017cnienia<\/p>\n<p>Spos\u00f3b u\u017cycia: Na\u0142\u00f3\u017c niewielk\u0105 ilo\u015b\u0107 serum na oczyszczon\u0105 sk\u00f3r\u0119 wok\u00f3\u0142 oczu. Delikatnie wklep opuszkami palc\u00f3w do ca\u0142kowitego wch\u0142oni\u0119cia. Stosuj wieczorem, unikaj\u0105c bezpo\u015bredniego kontaktu z oczami. W ci\u0105gu dnia pami\u0119taj o ochronie przeciws\u0142onecznej.<\/p>\n","protected":false},"excerpt":{"rendered":"<p>Heimish Marine Care Retinol Eye Serum to zaawansowane serum pod oczy, kt\u00f3re \u0142\u0105czy 0,1% retinolu z ekstraktami z alg morskich oraz 5% niacynamidu. Produkt skutecznie redukuje widoczno\u015b\u0107 zmarszczek, wyg\u0142adza sk\u00f3r\u0119 i zmniejsza cienie pod oczami. Lekka, od\u017cywcza formu\u0142a szybko si\u0119 wch\u0142ania, nie obci\u0105\u017caj\u0105c delikatnej sk\u00f3ry wok\u00f3\u0142 oczu. Korzy\u015bci dla sk\u00f3ry: Wyg\u0142adza sk\u00f3r\u0119 i redukuje drobne &#8230; <a title=\"HEIMISH Marine Care Retinol 0.1% Eye Serum 30 ml &#8211; Serum pod oczy z retinolem i wyci\u0105giem z morskich ro\u015blin\" class=\"read-more\" href=\"https:\/\/selleetools.com\/pl\/product\/heimish-marine-care-retinol-0-1-eye-serum-30-ml-serum-pod-oczy-z-retinolem-i-wyciagiem-z-morskich-roslin\/\">Read more<span class=\"screen-reader-text\">HEIMISH Marine Care Retinol 0.1% Eye Serum 30 ml &#8211; Serum pod oczy z retinolem i wyci\u0105giem z morskich ro\u015blin<\/span><\/a><\/p>\n","protected":false},"featured_media":597260,"comment_status":"open","ping_status":"closed","template":"","meta":{"_links_to":"","_links_to_target":""},"yoast_head":"<!-- This site is optimized with the Yoast SEO plugin v19.4 - https:\/\/yoast.com\/wordpress\/plugins\/seo\/ -->\n<title>HEIMISH Marine Care Retinol 0.1% Eye Serum 30 ml - Serum pod oczy z retinolem i wyci\u0105giem z morskich ro\u015blin - Selleetools.com<\/title>\n<meta name=\"robots\" content=\"index, follow, max-snippet:-1, max-image-preview:large, max-video-preview:-1\" \/>\n<link rel=\"canonical\" href=\"https:\/\/selleetools.com\/pl\/product\/heimish-marine-care-retinol-0-1-eye-serum-30-ml-serum-pod-oczy-z-retinolem-i-wyciagiem-z-morskich-roslin\/\" \/>\n<meta property=\"og:locale\" content=\"pl_PL\" \/>\n<meta property=\"og:type\" content=\"article\" \/>\n<meta property=\"og:title\" content=\"HEIMISH Marine Care Retinol 0.1% Eye Serum 30 ml - Serum pod oczy z retinolem i wyci\u0105giem z morskich ro\u015blin - Selleetools.com\" \/>\n<meta property=\"og:description\" content=\"Heimish Marine Care Retinol Eye Serum to zaawansowane serum pod oczy, kt\u00f3re \u0142\u0105czy 0,1% retinolu z ekstraktami z alg morskich oraz 5% niacynamidu. Produkt skutecznie redukuje widoczno\u015b\u0107 zmarszczek, wyg\u0142adza sk\u00f3r\u0119 i zmniejsza cienie pod oczami. Lekka, od\u017cywcza formu\u0142a szybko si\u0119 wch\u0142ania, nie obci\u0105\u017caj\u0105c delikatnej sk\u00f3ry wok\u00f3\u0142 oczu. Korzy\u015bci dla sk\u00f3ry: Wyg\u0142adza sk\u00f3r\u0119 i redukuje drobne ... Read moreHEIMISH Marine Care Retinol 0.1% Eye Serum 30 ml &#8211; Serum pod oczy z retinolem i wyci\u0105giem z morskich ro\u015blin\" \/>\n<meta property=\"og:url\" content=\"https:\/\/selleetools.com\/pl\/product\/heimish-marine-care-retinol-0-1-eye-serum-30-ml-serum-pod-oczy-z-retinolem-i-wyciagiem-z-morskich-roslin\/\" \/>\n<meta property=\"og:site_name\" content=\"Selleetools.com\" \/>\n<meta property=\"article:modified_time\" content=\"2025-12-26T15:41:14+00:00\" \/>\n<meta property=\"og:image\" content=\"https:\/\/selleetools.com\/wp-content\/uploads\/2025\/10\/ee2571385c166708d6c3cc203d9e92d2.jpg\" \/>\n\t<meta property=\"og:image:width\" content=\"1200\" \/>\n\t<meta property=\"og:image:height\" content=\"1200\" \/>\n\t<meta property=\"og:image:type\" content=\"image\/jpeg\" \/>\n<meta name=\"twitter:card\" content=\"summary_large_image\" \/>\n<meta name=\"twitter:label1\" content=\"Est. reading time\" \/>\n\t<meta name=\"twitter:data1\" content=\"1 minuta\" \/>\n<!-- \/ Yoast SEO plugin. -->","yoast_head_json":{"title":"HEIMISH Marine Care Retinol 0.1% Eye Serum 30 ml - Serum pod oczy z retinolem i wyci\u0105giem z morskich ro\u015blin - Selleetools.com","robots":{"index":"index","follow":"follow","max-snippet":"max-snippet:-1","max-image-preview":"max-image-preview:large","max-video-preview":"max-video-preview:-1"},"canonical":"https:\/\/selleetools.com\/pl\/product\/heimish-marine-care-retinol-0-1-eye-serum-30-ml-serum-pod-oczy-z-retinolem-i-wyciagiem-z-morskich-roslin\/","og_locale":"pl_PL","og_type":"article","og_title":"HEIMISH Marine Care Retinol 0.1% Eye Serum 30 ml - Serum pod oczy z retinolem i wyci\u0105giem z morskich ro\u015blin - Selleetools.com","og_description":"Heimish Marine Care Retinol Eye Serum to zaawansowane serum pod oczy, kt\u00f3re \u0142\u0105czy 0,1% retinolu z ekstraktami z alg morskich oraz 5% niacynamidu. Produkt skutecznie redukuje widoczno\u015b\u0107 zmarszczek, wyg\u0142adza sk\u00f3r\u0119 i zmniejsza cienie pod oczami. Lekka, od\u017cywcza formu\u0142a szybko si\u0119 wch\u0142ania, nie obci\u0105\u017caj\u0105c delikatnej sk\u00f3ry wok\u00f3\u0142 oczu. Korzy\u015bci dla sk\u00f3ry: Wyg\u0142adza sk\u00f3r\u0119 i redukuje drobne ... Read moreHEIMISH Marine Care Retinol 0.1% Eye Serum 30 ml &#8211; Serum pod oczy z retinolem i wyci\u0105giem z morskich ro\u015blin","og_url":"https:\/\/selleetools.com\/pl\/product\/heimish-marine-care-retinol-0-1-eye-serum-30-ml-serum-pod-oczy-z-retinolem-i-wyciagiem-z-morskich-roslin\/","og_site_name":"Selleetools.com","article_modified_time":"2025-12-26T15:41:14+00:00","og_image":[{"width":1200,"height":1200,"url":"https:\/\/selleetools.com\/wp-content\/uploads\/2025\/10\/ee2571385c166708d6c3cc203d9e92d2.jpg","type":"image\/jpeg"}],"twitter_card":"summary_large_image","twitter_misc":{"Est. reading time":"1 minuta"},"schema":{"@context":"https:\/\/schema.org","@graph":[{"@type":"Organization","@id":"https:\/\/selleetools.com\/#organization","name":"Selleetools","url":"https:\/\/selleetools.com\/","sameAs":[],"logo":{"@type":"ImageObject","inLanguage":"pl-PL","@id":"https:\/\/selleetools.com\/#\/schema\/logo\/image\/","url":"https:\/\/selleetools.com\/wp-content\/uploads\/2021\/10\/logo-dark.png","contentUrl":"https:\/\/selleetools.com\/wp-content\/uploads\/2021\/10\/logo-dark.png","width":320,"height":76,"caption":"Selleetools"},"image":{"@id":"https:\/\/selleetools.com\/#\/schema\/logo\/image\/"}},{"@type":"WebSite","@id":"https:\/\/selleetools.com\/#website","url":"https:\/\/selleetools.com\/","name":"Selleetools.com","description":"","publisher":{"@id":"https:\/\/selleetools.com\/#organization"},"potentialAction":[{"@type":"SearchAction","target":{"@type":"EntryPoint","urlTemplate":"https:\/\/selleetools.com\/?s={search_term_string}"},"query-input":"required name=search_term_string"}],"inLanguage":"pl-PL"},{"@type":"WebPage","@id":"https:\/\/selleetools.com\/pl\/product\/heimish-marine-care-retinol-0-1-eye-serum-30-ml-serum-pod-oczy-z-retinolem-i-wyciagiem-z-morskich-roslin\/","url":"https:\/\/selleetools.com\/pl\/product\/heimish-marine-care-retinol-0-1-eye-serum-30-ml-serum-pod-oczy-z-retinolem-i-wyciagiem-z-morskich-roslin\/","name":"HEIMISH Marine Care Retinol 0.1% Eye Serum 30 ml - Serum pod oczy z retinolem i wyci\u0105giem z morskich ro\u015blin - Selleetools.com","isPartOf":{"@id":"https:\/\/selleetools.com\/#website"},"datePublished":"2025-10-22T06:28:58+00:00","dateModified":"2025-12-26T15:41:14+00:00","breadcrumb":{"@id":"https:\/\/selleetools.com\/pl\/product\/heimish-marine-care-retinol-0-1-eye-serum-30-ml-serum-pod-oczy-z-retinolem-i-wyciagiem-z-morskich-roslin\/#breadcrumb"},"inLanguage":"pl-PL","potentialAction":[{"@type":"ReadAction","target":["https:\/\/selleetools.com\/pl\/product\/heimish-marine-care-retinol-0-1-eye-serum-30-ml-serum-pod-oczy-z-retinolem-i-wyciagiem-z-morskich-roslin\/"]}]},{"@type":"BreadcrumbList","@id":"https:\/\/selleetools.com\/pl\/product\/heimish-marine-care-retinol-0-1-eye-serum-30-ml-serum-pod-oczy-z-retinolem-i-wyciagiem-z-morskich-roslin\/#breadcrumb","itemListElement":[{"@type":"ListItem","position":1,"name":"Home","item":"https:\/\/selleetools.com\/pl\/"},{"@type":"ListItem","position":2,"name":"Katalog","item":"https:\/\/selleetools.com\/pl\/katalog\/"},{"@type":"ListItem","position":3,"name":"HEIMISH Marine Care Retinol 0.1% Eye Serum 30 ml &#8211; Serum pod oczy z retinolem i wyci\u0105giem z morskich ro\u015blin"}]}]}},"_links":{"self":[{"href":"https:\/\/selleetools.com\/pl\/wp-json\/wp\/v2\/product\/597262"}],"collection":[{"href":"https:\/\/selleetools.com\/pl\/wp-json\/wp\/v2\/product"}],"about":[{"href":"https:\/\/selleetools.com\/pl\/wp-json\/wp\/v2\/types\/product"}],"replies":[{"embeddable":true,"href":"https:\/\/selleetools.com\/pl\/wp-json\/wp\/v2\/comments?post=597262"}],"wp:featuredmedia":[{"embeddable":true,"href":"https:\/\/selleetools.com\/pl\/wp-json\/wp\/v2\/media\/597260"}],"wp:attachment":[{"href":"https:\/\/selleetools.com\/pl\/wp-json\/wp\/v2\/media?parent=597262"}],"curies":[{"name":"wp","href":"https:\/\/api.w.org\/{rel}","templated":true}]}}