{"id":597245,"date":"2025-10-22T08:28:41","date_gmt":"2025-10-22T06:28:41","guid":{"rendered":"https:\/\/selleetools.com\/?post_type=product&#038;p=597245"},"modified":"2025-10-23T19:13:18","modified_gmt":"2025-10-23T17:13:18","slug":"iunik-rose-galactomyces-miniature-serum-15-ml-wielozadaniowe-serum-do-twarzy-mini-size","status":"publish","type":"product","link":"https:\/\/selleetools.com\/pl\/product\/iunik-rose-galactomyces-miniature-serum-15-ml-wielozadaniowe-serum-do-twarzy-mini-size\/","title":{"rendered":"iUNIK Rose Galactomyces Miniature serum, 15 ml &#8211; Wielozadaniowe serum do twarzy MINI SIZE"},"content":{"rendered":"<section class=\"section\">\n<div class=\"item item-6\">\n<section class=\"image-item\">\n<p style=\"color: rgb(0, 0, 0); caret-color: rgb(0, 0, 0);\"><font style=\"font-size: 12px;\">iUNIK Rose Galactomyces Synergy Serum to wielofunkcyjne serum, kt\u00f3re \u0142\u0105czy w sobie w\u0142a\u015bciwo\u015bci nawil\u017caj\u0105ce, rozja\u015bniaj\u0105ce i poprawiaj\u0105ce elastyczno\u015b\u0107 sk\u00f3ry. Dzi\u0119ki lekkiej konsystencji szybko si\u0119 wch\u0142ania, pozostawiaj\u0105c sk\u00f3r\u0119 g\u0142adk\u0105, promienn\u0105 i pe\u0142n\u0105 blasku. Regularne stosowanie serum pomaga wyr\u00f3wna\u0107 koloryt sk\u00f3ry, zmniejszy\u0107 widoczno\u015b\u0107 por\u00f3w oraz poprawi\u0107 og\u00f3ln\u0105 kondycj\u0119 cery.<\/font><\/p>\n<p style=\"color: rgb(0, 0, 0); caret-color: rgb(0, 0, 0);\"><span style=\"font-weight: 600;\"><font style=\"font-size: 12px;\">Korzy\u015bci dla sk\u00f3ry:<\/font><\/span><\/p>\n<ul style=\"caret-color: rgb(0, 0, 0); color: rgb(0, 0, 0);\">\n<li><font style=\"font-size: 12px;\">Nawil\u017ca i od\u017cywia sk\u00f3r\u0119<\/font><\/li>\n<li><font style=\"font-size: 12px;\">Rozja\u015bnia przebarwienia i wyr\u00f3wnuje koloryt<\/font><\/li>\n<li><font style=\"font-size: 12px;\">Zmniejsza widoczno\u015b\u0107 por\u00f3w<\/font><\/li>\n<li><font style=\"font-size: 12px;\">Poprawia elastyczno\u015b\u0107 i j\u0119drno\u015b\u0107 sk\u00f3ry<\/font><\/li>\n<\/ul>\n<p style=\"color: rgb(0, 0, 0); caret-color: rgb(0, 0, 0);\"><font style=\"font-size: 12px;\"><span style=\"font-weight: 600;\">Spos\u00f3b u\u017cycia:<\/span> Na\u0142\u00f3\u017c kilka kropel serum na oczyszczon\u0105 i stonizowan\u0105 sk\u00f3r\u0119 twarzy. Delikatnie wklep, a\u017c do ca\u0142kowitego wch\u0142oni\u0119cia. Stosuj rano i wieczorem przed na\u0142o\u017ceniem kremu nawil\u017caj\u0105cego.<\/font><\/p>\n<\/section>\n<\/div>\n<\/section>\n<section class=\"section\">\n<div class=\"item item-12\">\n<section class=\"text-item\">\n        <\/section>\n<\/p><\/div>\n<\/section>\n","protected":false},"excerpt":{"rendered":"<p>iUNIK Rose Galactomyces Synergy Serum to wielofunkcyjne serum, kt\u00f3re \u0142\u0105czy w sobie w\u0142a\u015bciwo\u015bci nawil\u017caj\u0105ce, rozja\u015bniaj\u0105ce i poprawiaj\u0105ce elastyczno\u015b\u0107 sk\u00f3ry. Dzi\u0119ki lekkiej konsystencji szybko si\u0119 wch\u0142ania, pozostawiaj\u0105c sk\u00f3r\u0119 g\u0142adk\u0105, promienn\u0105 i pe\u0142n\u0105 blasku. Regularne stosowanie serum pomaga wyr\u00f3wna\u0107 koloryt sk\u00f3ry, zmniejszy\u0107 widoczno\u015b\u0107 por\u00f3w oraz poprawi\u0107 og\u00f3ln\u0105 kondycj\u0119 cery. Korzy\u015bci dla sk\u00f3ry: Nawil\u017ca i od\u017cywia sk\u00f3r\u0119 Rozja\u015bnia &#8230; <a title=\"iUNIK Rose Galactomyces Miniature serum, 15 ml &#8211; Wielozadaniowe serum do twarzy MINI SIZE\" class=\"read-more\" href=\"https:\/\/selleetools.com\/pl\/product\/iunik-rose-galactomyces-miniature-serum-15-ml-wielozadaniowe-serum-do-twarzy-mini-size\/\">Read more<span class=\"screen-reader-text\">iUNIK Rose Galactomyces Miniature serum, 15 ml &#8211; Wielozadaniowe serum do twarzy MINI SIZE<\/span><\/a><\/p>\n","protected":false},"featured_media":597241,"comment_status":"open","ping_status":"closed","template":"","meta":{"_links_to":"","_links_to_target":""},"yoast_head":"<!-- This site is optimized with the Yoast SEO plugin v19.4 - https:\/\/yoast.com\/wordpress\/plugins\/seo\/ -->\n<title>iUNIK Rose Galactomyces Miniature serum, 15 ml - Wielozadaniowe serum do twarzy MINI SIZE - Selleetools.com<\/title>\n<meta name=\"robots\" content=\"index, follow, max-snippet:-1, max-image-preview:large, max-video-preview:-1\" \/>\n<link rel=\"canonical\" href=\"https:\/\/selleetools.com\/pl\/product\/iunik-rose-galactomyces-miniature-serum-15-ml-wielozadaniowe-serum-do-twarzy-mini-size\/\" \/>\n<meta property=\"og:locale\" content=\"pl_PL\" \/>\n<meta property=\"og:type\" content=\"article\" \/>\n<meta property=\"og:title\" content=\"iUNIK Rose Galactomyces Miniature serum, 15 ml - Wielozadaniowe serum do twarzy MINI SIZE - Selleetools.com\" \/>\n<meta property=\"og:description\" content=\"iUNIK Rose Galactomyces Synergy Serum to wielofunkcyjne serum, kt\u00f3re \u0142\u0105czy w sobie w\u0142a\u015bciwo\u015bci nawil\u017caj\u0105ce, rozja\u015bniaj\u0105ce i poprawiaj\u0105ce elastyczno\u015b\u0107 sk\u00f3ry. Dzi\u0119ki lekkiej konsystencji szybko si\u0119 wch\u0142ania, pozostawiaj\u0105c sk\u00f3r\u0119 g\u0142adk\u0105, promienn\u0105 i pe\u0142n\u0105 blasku. Regularne stosowanie serum pomaga wyr\u00f3wna\u0107 koloryt sk\u00f3ry, zmniejszy\u0107 widoczno\u015b\u0107 por\u00f3w oraz poprawi\u0107 og\u00f3ln\u0105 kondycj\u0119 cery. Korzy\u015bci dla sk\u00f3ry: Nawil\u017ca i od\u017cywia sk\u00f3r\u0119 Rozja\u015bnia ... Read moreiUNIK Rose Galactomyces Miniature serum, 15 ml &#8211; Wielozadaniowe serum do twarzy MINI SIZE\" \/>\n<meta property=\"og:url\" content=\"https:\/\/selleetools.com\/pl\/product\/iunik-rose-galactomyces-miniature-serum-15-ml-wielozadaniowe-serum-do-twarzy-mini-size\/\" \/>\n<meta property=\"og:site_name\" content=\"Selleetools.com\" \/>\n<meta property=\"article:modified_time\" content=\"2025-10-23T17:13:18+00:00\" \/>\n<meta property=\"og:image\" content=\"https:\/\/selleetools.com\/wp-content\/uploads\/2025\/10\/23c6cd97ba7dd13a7d1b5b28b4451268.jpg\" \/>\n\t<meta property=\"og:image:width\" content=\"1000\" \/>\n\t<meta property=\"og:image:height\" content=\"1000\" \/>\n\t<meta property=\"og:image:type\" content=\"image\/jpeg\" \/>\n<meta name=\"twitter:card\" content=\"summary_large_image\" \/>\n<meta name=\"twitter:label1\" content=\"Est. reading time\" \/>\n\t<meta name=\"twitter:data1\" content=\"1 minuta\" \/>\n<!-- \/ Yoast SEO plugin. -->","yoast_head_json":{"title":"iUNIK Rose Galactomyces Miniature serum, 15 ml - Wielozadaniowe serum do twarzy MINI SIZE - Selleetools.com","robots":{"index":"index","follow":"follow","max-snippet":"max-snippet:-1","max-image-preview":"max-image-preview:large","max-video-preview":"max-video-preview:-1"},"canonical":"https:\/\/selleetools.com\/pl\/product\/iunik-rose-galactomyces-miniature-serum-15-ml-wielozadaniowe-serum-do-twarzy-mini-size\/","og_locale":"pl_PL","og_type":"article","og_title":"iUNIK Rose Galactomyces Miniature serum, 15 ml - Wielozadaniowe serum do twarzy MINI SIZE - Selleetools.com","og_description":"iUNIK Rose Galactomyces Synergy Serum to wielofunkcyjne serum, kt\u00f3re \u0142\u0105czy w sobie w\u0142a\u015bciwo\u015bci nawil\u017caj\u0105ce, rozja\u015bniaj\u0105ce i poprawiaj\u0105ce elastyczno\u015b\u0107 sk\u00f3ry. Dzi\u0119ki lekkiej konsystencji szybko si\u0119 wch\u0142ania, pozostawiaj\u0105c sk\u00f3r\u0119 g\u0142adk\u0105, promienn\u0105 i pe\u0142n\u0105 blasku. Regularne stosowanie serum pomaga wyr\u00f3wna\u0107 koloryt sk\u00f3ry, zmniejszy\u0107 widoczno\u015b\u0107 por\u00f3w oraz poprawi\u0107 og\u00f3ln\u0105 kondycj\u0119 cery. Korzy\u015bci dla sk\u00f3ry: Nawil\u017ca i od\u017cywia sk\u00f3r\u0119 Rozja\u015bnia ... Read moreiUNIK Rose Galactomyces Miniature serum, 15 ml &#8211; Wielozadaniowe serum do twarzy MINI SIZE","og_url":"https:\/\/selleetools.com\/pl\/product\/iunik-rose-galactomyces-miniature-serum-15-ml-wielozadaniowe-serum-do-twarzy-mini-size\/","og_site_name":"Selleetools.com","article_modified_time":"2025-10-23T17:13:18+00:00","og_image":[{"width":1000,"height":1000,"url":"https:\/\/selleetools.com\/wp-content\/uploads\/2025\/10\/23c6cd97ba7dd13a7d1b5b28b4451268.jpg","type":"image\/jpeg"}],"twitter_card":"summary_large_image","twitter_misc":{"Est. reading time":"1 minuta"},"schema":{"@context":"https:\/\/schema.org","@graph":[{"@type":"Organization","@id":"https:\/\/selleetools.com\/#organization","name":"Selleetools","url":"https:\/\/selleetools.com\/","sameAs":[],"logo":{"@type":"ImageObject","inLanguage":"pl-PL","@id":"https:\/\/selleetools.com\/#\/schema\/logo\/image\/","url":"https:\/\/selleetools.com\/wp-content\/uploads\/2021\/10\/logo-dark.png","contentUrl":"https:\/\/selleetools.com\/wp-content\/uploads\/2021\/10\/logo-dark.png","width":320,"height":76,"caption":"Selleetools"},"image":{"@id":"https:\/\/selleetools.com\/#\/schema\/logo\/image\/"}},{"@type":"WebSite","@id":"https:\/\/selleetools.com\/#website","url":"https:\/\/selleetools.com\/","name":"Selleetools.com","description":"","publisher":{"@id":"https:\/\/selleetools.com\/#organization"},"potentialAction":[{"@type":"SearchAction","target":{"@type":"EntryPoint","urlTemplate":"https:\/\/selleetools.com\/?s={search_term_string}"},"query-input":"required name=search_term_string"}],"inLanguage":"pl-PL"},{"@type":"WebPage","@id":"https:\/\/selleetools.com\/pl\/product\/iunik-rose-galactomyces-miniature-serum-15-ml-wielozadaniowe-serum-do-twarzy-mini-size\/","url":"https:\/\/selleetools.com\/pl\/product\/iunik-rose-galactomyces-miniature-serum-15-ml-wielozadaniowe-serum-do-twarzy-mini-size\/","name":"iUNIK Rose Galactomyces Miniature serum, 15 ml - Wielozadaniowe serum do twarzy MINI SIZE - Selleetools.com","isPartOf":{"@id":"https:\/\/selleetools.com\/#website"},"datePublished":"2025-10-22T06:28:41+00:00","dateModified":"2025-10-23T17:13:18+00:00","breadcrumb":{"@id":"https:\/\/selleetools.com\/pl\/product\/iunik-rose-galactomyces-miniature-serum-15-ml-wielozadaniowe-serum-do-twarzy-mini-size\/#breadcrumb"},"inLanguage":"pl-PL","potentialAction":[{"@type":"ReadAction","target":["https:\/\/selleetools.com\/pl\/product\/iunik-rose-galactomyces-miniature-serum-15-ml-wielozadaniowe-serum-do-twarzy-mini-size\/"]}]},{"@type":"BreadcrumbList","@id":"https:\/\/selleetools.com\/pl\/product\/iunik-rose-galactomyces-miniature-serum-15-ml-wielozadaniowe-serum-do-twarzy-mini-size\/#breadcrumb","itemListElement":[{"@type":"ListItem","position":1,"name":"Home","item":"https:\/\/selleetools.com\/pl\/"},{"@type":"ListItem","position":2,"name":"Katalog","item":"https:\/\/selleetools.com\/pl\/katalog\/"},{"@type":"ListItem","position":3,"name":"iUNIK Rose Galactomyces Miniature serum, 15 ml &#8211; Wielozadaniowe serum do twarzy MINI SIZE"}]}]}},"_links":{"self":[{"href":"https:\/\/selleetools.com\/pl\/wp-json\/wp\/v2\/product\/597245"}],"collection":[{"href":"https:\/\/selleetools.com\/pl\/wp-json\/wp\/v2\/product"}],"about":[{"href":"https:\/\/selleetools.com\/pl\/wp-json\/wp\/v2\/types\/product"}],"replies":[{"embeddable":true,"href":"https:\/\/selleetools.com\/pl\/wp-json\/wp\/v2\/comments?post=597245"}],"wp:featuredmedia":[{"embeddable":true,"href":"https:\/\/selleetools.com\/pl\/wp-json\/wp\/v2\/media\/597241"}],"wp:attachment":[{"href":"https:\/\/selleetools.com\/pl\/wp-json\/wp\/v2\/media?parent=597245"}],"curies":[{"name":"wp","href":"https:\/\/api.w.org\/{rel}","templated":true}]}}