{"id":597076,"date":"2025-10-22T08:25:55","date_gmt":"2025-10-22T06:25:55","guid":{"rendered":"https:\/\/selleetools.com\/?post_type=product&#038;p=597076"},"modified":"2025-11-04T18:45:15","modified_gmt":"2025-11-04T17:45:15","slug":"pyunkang-yul-ato-nourishing-baby-oil-190-ml-odzywczy-olejek-dla-dzieci","status":"publish","type":"product","link":"https:\/\/selleetools.com\/pl\/product\/pyunkang-yul-ato-nourishing-baby-oil-190-ml-odzywczy-olejek-dla-dzieci\/","title":{"rendered":"Pyunkang Yul ATO Nourishing Baby Oil 190 ml &#8211; Od\u017cywczy olejek dla dzieci"},"content":{"rendered":"<p>Pyunkang Yul ATO Nourishing Baby Oil to wyj\u0105tkowy kosmetyk przeznaczony do piel\u0119gnacji delikatnej sk\u00f3ry niemowl\u0105t i dzieci. Stworzony przez renomowan\u0105 korea\u0144sk\u0105 mark\u0119 Pyunkang Yul, specjalizuj\u0105c\u0105 si\u0119 w produkcji hipoalergicznych i bezpiecznych kosmetyk\u00f3w. Olejek ten zosta\u0142 opracowany z my\u015bl\u0105 o zapewnieniu intensywnego nawil\u017cenia i od\u017cywienia, a jednocze\u015bnie ochrony sk\u00f3ry przed podra\u017cnieniami.<\/p>\n<p>Korzy\u015bci dla sk\u00f3ry:<br \/>\nG\u0142\u0119bokie nawil\u017cenie: Dzi\u0119ki zawarto\u015bci naturalnych olej\u00f3w, takich jak olej jojoba i olej ze s\u0142odkich migda\u0142\u00f3w, sk\u00f3ra dziecka jest nawil\u017cona i mi\u0119kka przez ca\u0142y dzie\u0144.<br \/>\n\u0141agodzenie podra\u017cnie\u0144: Olejek zawiera ekstrakt z w\u0105kroty azjatyckiej (Centella Asiatica), kt\u00f3ry pomaga w \u0142agodzeniu stan\u00f3w zapalnych i podra\u017cnie\u0144, wspieraj\u0105c zdrowie sk\u00f3ry.<br \/>\nBezpiecze\u0144stwo i delikatno\u015b\u0107: Produkt jest wolny od sztucznych barwnik\u00f3w, substancji zapachowych i paraben\u00f3w, co czyni go idealnym nawet dla najbardziej wra\u017cliwej sk\u00f3ry.<br \/>\nOchrona przed wysuszeniem: Olejek tworzy na sk\u00f3rze ochronn\u0105 warstw\u0119, kt\u00f3ra zapobiega utracie wilgoci, zapewniaj\u0105c d\u0142ugotrwa\u0142e uczucie komfortu.<\/p>\n<p>Spos\u00f3b u\u017cycia:<br \/>\nPo k\u0105pieli: Na\u0142\u00f3\u017c niewielk\u0105 ilo\u015b\u0107 olejku na d\u0142onie i delikatnie wmasuj w sk\u00f3r\u0119 dziecka, koncentruj\u0105c si\u0119 na suchych i podra\u017cnionych obszarach.<br \/>\nDo masa\u017cu: Pyunkang Yul ATO Nourishing Baby Oil jest r\u00f3wnie\u017c idealny do delikatnego masa\u017cu, kt\u00f3ry mo\u017ce pom\u00f3c w uspokojeniu i relaksacji dziecka przed snem.<br \/>\nNa co dzie\u0144: Olejek mo\u017cna stosowa\u0107 codziennie, aby utrzyma\u0107 sk\u00f3r\u0119 dziecka w doskona\u0142ej kondycji.<\/p>\n<p>Pyunkang Yul ATO Nourishing Baby Oil 190 ml to must-have w codziennej piel\u0119gnacji sk\u00f3ry dziecka, zapewniaj\u0105cy jej zdrowie i komfort ka\u017cdego dnia.<\/p>\n","protected":false},"excerpt":{"rendered":"<p>Pyunkang Yul ATO Nourishing Baby Oil to wyj\u0105tkowy kosmetyk przeznaczony do piel\u0119gnacji delikatnej sk\u00f3ry niemowl\u0105t i dzieci. Stworzony przez renomowan\u0105 korea\u0144sk\u0105 mark\u0119 Pyunkang Yul, specjalizuj\u0105c\u0105 si\u0119 w produkcji hipoalergicznych i bezpiecznych kosmetyk\u00f3w. Olejek ten zosta\u0142 opracowany z my\u015bl\u0105 o zapewnieniu intensywnego nawil\u017cenia i od\u017cywienia, a jednocze\u015bnie ochrony sk\u00f3ry przed podra\u017cnieniami. Korzy\u015bci dla sk\u00f3ry: G\u0142\u0119bokie nawil\u017cenie: &#8230; <a title=\"Pyunkang Yul ATO Nourishing Baby Oil 190 ml &#8211; Od\u017cywczy olejek dla dzieci\" class=\"read-more\" href=\"https:\/\/selleetools.com\/pl\/product\/pyunkang-yul-ato-nourishing-baby-oil-190-ml-odzywczy-olejek-dla-dzieci\/\">Read more<span class=\"screen-reader-text\">Pyunkang Yul ATO Nourishing Baby Oil 190 ml &#8211; Od\u017cywczy olejek dla dzieci<\/span><\/a><\/p>\n","protected":false},"featured_media":597074,"comment_status":"open","ping_status":"closed","template":"","meta":{"_links_to":"","_links_to_target":""},"yoast_head":"<!-- This site is optimized with the Yoast SEO plugin v19.4 - https:\/\/yoast.com\/wordpress\/plugins\/seo\/ -->\n<title>Pyunkang Yul ATO Nourishing Baby Oil 190 ml - Od\u017cywczy olejek dla dzieci - Selleetools.com<\/title>\n<meta name=\"robots\" content=\"index, follow, max-snippet:-1, max-image-preview:large, max-video-preview:-1\" \/>\n<link rel=\"canonical\" href=\"https:\/\/selleetools.com\/pl\/product\/pyunkang-yul-ato-nourishing-baby-oil-190-ml-odzywczy-olejek-dla-dzieci\/\" \/>\n<meta property=\"og:locale\" content=\"pl_PL\" \/>\n<meta property=\"og:type\" content=\"article\" \/>\n<meta property=\"og:title\" content=\"Pyunkang Yul ATO Nourishing Baby Oil 190 ml - Od\u017cywczy olejek dla dzieci - Selleetools.com\" \/>\n<meta property=\"og:description\" content=\"Pyunkang Yul ATO Nourishing Baby Oil to wyj\u0105tkowy kosmetyk przeznaczony do piel\u0119gnacji delikatnej sk\u00f3ry niemowl\u0105t i dzieci. Stworzony przez renomowan\u0105 korea\u0144sk\u0105 mark\u0119 Pyunkang Yul, specjalizuj\u0105c\u0105 si\u0119 w produkcji hipoalergicznych i bezpiecznych kosmetyk\u00f3w. Olejek ten zosta\u0142 opracowany z my\u015bl\u0105 o zapewnieniu intensywnego nawil\u017cenia i od\u017cywienia, a jednocze\u015bnie ochrony sk\u00f3ry przed podra\u017cnieniami. Korzy\u015bci dla sk\u00f3ry: G\u0142\u0119bokie nawil\u017cenie: ... Read morePyunkang Yul ATO Nourishing Baby Oil 190 ml &#8211; Od\u017cywczy olejek dla dzieci\" \/>\n<meta property=\"og:url\" content=\"https:\/\/selleetools.com\/pl\/product\/pyunkang-yul-ato-nourishing-baby-oil-190-ml-odzywczy-olejek-dla-dzieci\/\" \/>\n<meta property=\"og:site_name\" content=\"Selleetools.com\" \/>\n<meta property=\"article:modified_time\" content=\"2025-11-04T17:45:15+00:00\" \/>\n<meta property=\"og:image\" content=\"https:\/\/selleetools.com\/wp-content\/uploads\/2025\/10\/7173dc0a2472150af0d93886547f1f6e.jpg\" \/>\n\t<meta property=\"og:image:width\" content=\"800\" \/>\n\t<meta property=\"og:image:height\" content=\"800\" \/>\n\t<meta property=\"og:image:type\" content=\"image\/jpeg\" \/>\n<meta name=\"twitter:card\" content=\"summary_large_image\" \/>\n<meta name=\"twitter:label1\" content=\"Est. reading time\" \/>\n\t<meta name=\"twitter:data1\" content=\"1 minuta\" \/>\n<!-- \/ Yoast SEO plugin. -->","yoast_head_json":{"title":"Pyunkang Yul ATO Nourishing Baby Oil 190 ml - Od\u017cywczy olejek dla dzieci - Selleetools.com","robots":{"index":"index","follow":"follow","max-snippet":"max-snippet:-1","max-image-preview":"max-image-preview:large","max-video-preview":"max-video-preview:-1"},"canonical":"https:\/\/selleetools.com\/pl\/product\/pyunkang-yul-ato-nourishing-baby-oil-190-ml-odzywczy-olejek-dla-dzieci\/","og_locale":"pl_PL","og_type":"article","og_title":"Pyunkang Yul ATO Nourishing Baby Oil 190 ml - Od\u017cywczy olejek dla dzieci - Selleetools.com","og_description":"Pyunkang Yul ATO Nourishing Baby Oil to wyj\u0105tkowy kosmetyk przeznaczony do piel\u0119gnacji delikatnej sk\u00f3ry niemowl\u0105t i dzieci. Stworzony przez renomowan\u0105 korea\u0144sk\u0105 mark\u0119 Pyunkang Yul, specjalizuj\u0105c\u0105 si\u0119 w produkcji hipoalergicznych i bezpiecznych kosmetyk\u00f3w. Olejek ten zosta\u0142 opracowany z my\u015bl\u0105 o zapewnieniu intensywnego nawil\u017cenia i od\u017cywienia, a jednocze\u015bnie ochrony sk\u00f3ry przed podra\u017cnieniami. Korzy\u015bci dla sk\u00f3ry: G\u0142\u0119bokie nawil\u017cenie: ... Read morePyunkang Yul ATO Nourishing Baby Oil 190 ml &#8211; Od\u017cywczy olejek dla dzieci","og_url":"https:\/\/selleetools.com\/pl\/product\/pyunkang-yul-ato-nourishing-baby-oil-190-ml-odzywczy-olejek-dla-dzieci\/","og_site_name":"Selleetools.com","article_modified_time":"2025-11-04T17:45:15+00:00","og_image":[{"width":800,"height":800,"url":"https:\/\/selleetools.com\/wp-content\/uploads\/2025\/10\/7173dc0a2472150af0d93886547f1f6e.jpg","type":"image\/jpeg"}],"twitter_card":"summary_large_image","twitter_misc":{"Est. reading time":"1 minuta"},"schema":{"@context":"https:\/\/schema.org","@graph":[{"@type":"Organization","@id":"https:\/\/selleetools.com\/#organization","name":"Selleetools","url":"https:\/\/selleetools.com\/","sameAs":[],"logo":{"@type":"ImageObject","inLanguage":"pl-PL","@id":"https:\/\/selleetools.com\/#\/schema\/logo\/image\/","url":"https:\/\/selleetools.com\/wp-content\/uploads\/2021\/10\/logo-dark.png","contentUrl":"https:\/\/selleetools.com\/wp-content\/uploads\/2021\/10\/logo-dark.png","width":320,"height":76,"caption":"Selleetools"},"image":{"@id":"https:\/\/selleetools.com\/#\/schema\/logo\/image\/"}},{"@type":"WebSite","@id":"https:\/\/selleetools.com\/#website","url":"https:\/\/selleetools.com\/","name":"Selleetools.com","description":"","publisher":{"@id":"https:\/\/selleetools.com\/#organization"},"potentialAction":[{"@type":"SearchAction","target":{"@type":"EntryPoint","urlTemplate":"https:\/\/selleetools.com\/?s={search_term_string}"},"query-input":"required name=search_term_string"}],"inLanguage":"pl-PL"},{"@type":"WebPage","@id":"https:\/\/selleetools.com\/pl\/product\/pyunkang-yul-ato-nourishing-baby-oil-190-ml-odzywczy-olejek-dla-dzieci\/","url":"https:\/\/selleetools.com\/pl\/product\/pyunkang-yul-ato-nourishing-baby-oil-190-ml-odzywczy-olejek-dla-dzieci\/","name":"Pyunkang Yul ATO Nourishing Baby Oil 190 ml - Od\u017cywczy olejek dla dzieci - Selleetools.com","isPartOf":{"@id":"https:\/\/selleetools.com\/#website"},"datePublished":"2025-10-22T06:25:55+00:00","dateModified":"2025-11-04T17:45:15+00:00","breadcrumb":{"@id":"https:\/\/selleetools.com\/pl\/product\/pyunkang-yul-ato-nourishing-baby-oil-190-ml-odzywczy-olejek-dla-dzieci\/#breadcrumb"},"inLanguage":"pl-PL","potentialAction":[{"@type":"ReadAction","target":["https:\/\/selleetools.com\/pl\/product\/pyunkang-yul-ato-nourishing-baby-oil-190-ml-odzywczy-olejek-dla-dzieci\/"]}]},{"@type":"BreadcrumbList","@id":"https:\/\/selleetools.com\/pl\/product\/pyunkang-yul-ato-nourishing-baby-oil-190-ml-odzywczy-olejek-dla-dzieci\/#breadcrumb","itemListElement":[{"@type":"ListItem","position":1,"name":"Home","item":"https:\/\/selleetools.com\/pl\/"},{"@type":"ListItem","position":2,"name":"Katalog","item":"https:\/\/selleetools.com\/pl\/katalog\/"},{"@type":"ListItem","position":3,"name":"Pyunkang Yul ATO Nourishing Baby Oil 190 ml &#8211; Od\u017cywczy olejek dla dzieci"}]}]}},"_links":{"self":[{"href":"https:\/\/selleetools.com\/pl\/wp-json\/wp\/v2\/product\/597076"}],"collection":[{"href":"https:\/\/selleetools.com\/pl\/wp-json\/wp\/v2\/product"}],"about":[{"href":"https:\/\/selleetools.com\/pl\/wp-json\/wp\/v2\/types\/product"}],"replies":[{"embeddable":true,"href":"https:\/\/selleetools.com\/pl\/wp-json\/wp\/v2\/comments?post=597076"}],"wp:featuredmedia":[{"embeddable":true,"href":"https:\/\/selleetools.com\/pl\/wp-json\/wp\/v2\/media\/597074"}],"wp:attachment":[{"href":"https:\/\/selleetools.com\/pl\/wp-json\/wp\/v2\/media?parent=597076"}],"curies":[{"name":"wp","href":"https:\/\/api.w.org\/{rel}","templated":true}]}}