{"id":596999,"date":"2025-10-22T08:24:31","date_gmt":"2025-10-22T06:24:31","guid":{"rendered":"https:\/\/selleetools.com\/?post_type=product&#038;p=596999"},"modified":"2025-12-26T16:40:57","modified_gmt":"2025-12-26T15:40:57","slug":"iunik-tea-tree-relief-serum-50-ml-kojaco-regenerujace-serum-do-twarzy","status":"publish","type":"product","link":"https:\/\/selleetools.com\/pl\/product\/iunik-tea-tree-relief-serum-50-ml-kojaco-regenerujace-serum-do-twarzy\/","title":{"rendered":"iUNIK Tea Tree Relief Serum 50 ml &#8211; Koj\u0105co-regeneruj\u0105ce serum do twarzy"},"content":{"rendered":"<p>iUNIK Tea Tree Relief Serum to serum, kt\u00f3re dzia\u0142a koj\u0105co i \u0142agodz\u0105co na sk\u00f3r\u0119, szczeg\u00f3lnie wra\u017cliw\u0105 i sk\u0142onn\u0105 do podra\u017cnie\u0144. Dzi\u0119ki g\u0142\u00f3wnym sk\u0142adnikom, takim jak ekstrakt z drzewa herbacianego i w\u0105kroty azjatyckiej, serum pomaga w regeneracji sk\u00f3ry, zmniejsza zaczerwienienia i \u0142agodzi podra\u017cnienia. Zawiera r\u00f3wnie\u017c niacynamid, kt\u00f3ry rozja\u015bnia sk\u00f3r\u0119 oraz poprawia jej tekstur\u0119, a tak\u017ce adenozyn\u0119, kt\u00f3ra wspiera produkcj\u0119 kolagenu i zmniejsza widoczno\u015b\u0107 zmarszczek.<\/p>\n<p>Korzy\u015bci dla sk\u00f3ry:<br \/>\nKoj\u0105ce dzia\u0142anie \u2013 \u0142agodzi podra\u017cnienia sk\u00f3ry, zmniejsza zaczerwienienia i uczucie napi\u0119cia.<br \/>\nPoprawa kondycji sk\u00f3ry \u2013 przywraca sk\u00f3rze komfort, nawil\u017cenie i elastyczno\u015b\u0107.<br \/>\nRedukcja zmarszczek \u2013 dzi\u0119ki dzia\u0142aniu adenozyny serum poprawia j\u0119drno\u015b\u0107 sk\u00f3ry, zmniejsza widoczno\u015b\u0107 drobnych zmarszczek.<br \/>\nRozja\u015bnienie cery \u2013 niacynamid w sk\u0142adzie pomaga wyr\u00f3wna\u0107 koloryt sk\u00f3ry, redukuj\u0105c przebarwienia.<\/p>\n<p>Spos\u00f3b u\u017cycia:<br \/>\nZa pomoc\u0105 pipety na\u0142\u00f3\u017c odpowiedni\u0105 ilo\u015b\u0107 serum na oczyszczon\u0105 sk\u00f3r\u0119 twarzy.<br \/>\nDelikatnie wmasuj serum w sk\u00f3r\u0119, a\u017c do ca\u0142kowitego wch\u0142oni\u0119cia.<br \/>\nU\u017cywaj serum codziennie rano i wieczorem, najlepiej po zastosowaniu toniku, a przed na\u0142o\u017ceniem kremu.<\/p>\n","protected":false},"excerpt":{"rendered":"<p>iUNIK Tea Tree Relief Serum to serum, kt\u00f3re dzia\u0142a koj\u0105co i \u0142agodz\u0105co na sk\u00f3r\u0119, szczeg\u00f3lnie wra\u017cliw\u0105 i sk\u0142onn\u0105 do podra\u017cnie\u0144. Dzi\u0119ki g\u0142\u00f3wnym sk\u0142adnikom, takim jak ekstrakt z drzewa herbacianego i w\u0105kroty azjatyckiej, serum pomaga w regeneracji sk\u00f3ry, zmniejsza zaczerwienienia i \u0142agodzi podra\u017cnienia. Zawiera r\u00f3wnie\u017c niacynamid, kt\u00f3ry rozja\u015bnia sk\u00f3r\u0119 oraz poprawia jej tekstur\u0119, a tak\u017ce adenozyn\u0119, &#8230; <a title=\"iUNIK Tea Tree Relief Serum 50 ml &#8211; Koj\u0105co-regeneruj\u0105ce serum do twarzy\" class=\"read-more\" href=\"https:\/\/selleetools.com\/pl\/product\/iunik-tea-tree-relief-serum-50-ml-kojaco-regenerujace-serum-do-twarzy\/\">Read more<span class=\"screen-reader-text\">iUNIK Tea Tree Relief Serum 50 ml &#8211; Koj\u0105co-regeneruj\u0105ce serum do twarzy<\/span><\/a><\/p>\n","protected":false},"featured_media":596993,"comment_status":"open","ping_status":"closed","template":"","meta":{"_links_to":"","_links_to_target":""},"yoast_head":"<!-- This site is optimized with the Yoast SEO plugin v19.4 - https:\/\/yoast.com\/wordpress\/plugins\/seo\/ -->\n<title>iUNIK Tea Tree Relief Serum 50 ml - Koj\u0105co-regeneruj\u0105ce serum do twarzy - Selleetools.com<\/title>\n<meta name=\"robots\" content=\"index, follow, max-snippet:-1, max-image-preview:large, max-video-preview:-1\" \/>\n<link rel=\"canonical\" href=\"https:\/\/selleetools.com\/pl\/product\/iunik-tea-tree-relief-serum-50-ml-kojaco-regenerujace-serum-do-twarzy\/\" \/>\n<meta property=\"og:locale\" content=\"pl_PL\" \/>\n<meta property=\"og:type\" content=\"article\" \/>\n<meta property=\"og:title\" content=\"iUNIK Tea Tree Relief Serum 50 ml - Koj\u0105co-regeneruj\u0105ce serum do twarzy - Selleetools.com\" \/>\n<meta property=\"og:description\" content=\"iUNIK Tea Tree Relief Serum to serum, kt\u00f3re dzia\u0142a koj\u0105co i \u0142agodz\u0105co na sk\u00f3r\u0119, szczeg\u00f3lnie wra\u017cliw\u0105 i sk\u0142onn\u0105 do podra\u017cnie\u0144. Dzi\u0119ki g\u0142\u00f3wnym sk\u0142adnikom, takim jak ekstrakt z drzewa herbacianego i w\u0105kroty azjatyckiej, serum pomaga w regeneracji sk\u00f3ry, zmniejsza zaczerwienienia i \u0142agodzi podra\u017cnienia. Zawiera r\u00f3wnie\u017c niacynamid, kt\u00f3ry rozja\u015bnia sk\u00f3r\u0119 oraz poprawia jej tekstur\u0119, a tak\u017ce adenozyn\u0119, ... Read moreiUNIK Tea Tree Relief Serum 50 ml &#8211; Koj\u0105co-regeneruj\u0105ce serum do twarzy\" \/>\n<meta property=\"og:url\" content=\"https:\/\/selleetools.com\/pl\/product\/iunik-tea-tree-relief-serum-50-ml-kojaco-regenerujace-serum-do-twarzy\/\" \/>\n<meta property=\"og:site_name\" content=\"Selleetools.com\" \/>\n<meta property=\"article:modified_time\" content=\"2025-12-26T15:40:57+00:00\" \/>\n<meta property=\"og:image\" content=\"https:\/\/selleetools.com\/wp-content\/uploads\/2025\/10\/7b0914c91628c53faa4ca63c8362e7c0.jpg\" \/>\n\t<meta property=\"og:image:width\" content=\"1200\" \/>\n\t<meta property=\"og:image:height\" content=\"1200\" \/>\n\t<meta property=\"og:image:type\" content=\"image\/jpeg\" \/>\n<meta name=\"twitter:card\" content=\"summary_large_image\" \/>\n<meta name=\"twitter:label1\" content=\"Est. reading time\" \/>\n\t<meta name=\"twitter:data1\" content=\"1 minuta\" \/>\n<!-- \/ Yoast SEO plugin. -->","yoast_head_json":{"title":"iUNIK Tea Tree Relief Serum 50 ml - Koj\u0105co-regeneruj\u0105ce serum do twarzy - Selleetools.com","robots":{"index":"index","follow":"follow","max-snippet":"max-snippet:-1","max-image-preview":"max-image-preview:large","max-video-preview":"max-video-preview:-1"},"canonical":"https:\/\/selleetools.com\/pl\/product\/iunik-tea-tree-relief-serum-50-ml-kojaco-regenerujace-serum-do-twarzy\/","og_locale":"pl_PL","og_type":"article","og_title":"iUNIK Tea Tree Relief Serum 50 ml - Koj\u0105co-regeneruj\u0105ce serum do twarzy - Selleetools.com","og_description":"iUNIK Tea Tree Relief Serum to serum, kt\u00f3re dzia\u0142a koj\u0105co i \u0142agodz\u0105co na sk\u00f3r\u0119, szczeg\u00f3lnie wra\u017cliw\u0105 i sk\u0142onn\u0105 do podra\u017cnie\u0144. Dzi\u0119ki g\u0142\u00f3wnym sk\u0142adnikom, takim jak ekstrakt z drzewa herbacianego i w\u0105kroty azjatyckiej, serum pomaga w regeneracji sk\u00f3ry, zmniejsza zaczerwienienia i \u0142agodzi podra\u017cnienia. Zawiera r\u00f3wnie\u017c niacynamid, kt\u00f3ry rozja\u015bnia sk\u00f3r\u0119 oraz poprawia jej tekstur\u0119, a tak\u017ce adenozyn\u0119, ... Read moreiUNIK Tea Tree Relief Serum 50 ml &#8211; Koj\u0105co-regeneruj\u0105ce serum do twarzy","og_url":"https:\/\/selleetools.com\/pl\/product\/iunik-tea-tree-relief-serum-50-ml-kojaco-regenerujace-serum-do-twarzy\/","og_site_name":"Selleetools.com","article_modified_time":"2025-12-26T15:40:57+00:00","og_image":[{"width":1200,"height":1200,"url":"https:\/\/selleetools.com\/wp-content\/uploads\/2025\/10\/7b0914c91628c53faa4ca63c8362e7c0.jpg","type":"image\/jpeg"}],"twitter_card":"summary_large_image","twitter_misc":{"Est. reading time":"1 minuta"},"schema":{"@context":"https:\/\/schema.org","@graph":[{"@type":"Organization","@id":"https:\/\/selleetools.com\/#organization","name":"Selleetools","url":"https:\/\/selleetools.com\/","sameAs":[],"logo":{"@type":"ImageObject","inLanguage":"pl-PL","@id":"https:\/\/selleetools.com\/#\/schema\/logo\/image\/","url":"https:\/\/selleetools.com\/wp-content\/uploads\/2021\/10\/logo-dark.png","contentUrl":"https:\/\/selleetools.com\/wp-content\/uploads\/2021\/10\/logo-dark.png","width":320,"height":76,"caption":"Selleetools"},"image":{"@id":"https:\/\/selleetools.com\/#\/schema\/logo\/image\/"}},{"@type":"WebSite","@id":"https:\/\/selleetools.com\/#website","url":"https:\/\/selleetools.com\/","name":"Selleetools.com","description":"","publisher":{"@id":"https:\/\/selleetools.com\/#organization"},"potentialAction":[{"@type":"SearchAction","target":{"@type":"EntryPoint","urlTemplate":"https:\/\/selleetools.com\/?s={search_term_string}"},"query-input":"required name=search_term_string"}],"inLanguage":"pl-PL"},{"@type":"WebPage","@id":"https:\/\/selleetools.com\/pl\/product\/iunik-tea-tree-relief-serum-50-ml-kojaco-regenerujace-serum-do-twarzy\/","url":"https:\/\/selleetools.com\/pl\/product\/iunik-tea-tree-relief-serum-50-ml-kojaco-regenerujace-serum-do-twarzy\/","name":"iUNIK Tea Tree Relief Serum 50 ml - Koj\u0105co-regeneruj\u0105ce serum do twarzy - Selleetools.com","isPartOf":{"@id":"https:\/\/selleetools.com\/#website"},"datePublished":"2025-10-22T06:24:31+00:00","dateModified":"2025-12-26T15:40:57+00:00","breadcrumb":{"@id":"https:\/\/selleetools.com\/pl\/product\/iunik-tea-tree-relief-serum-50-ml-kojaco-regenerujace-serum-do-twarzy\/#breadcrumb"},"inLanguage":"pl-PL","potentialAction":[{"@type":"ReadAction","target":["https:\/\/selleetools.com\/pl\/product\/iunik-tea-tree-relief-serum-50-ml-kojaco-regenerujace-serum-do-twarzy\/"]}]},{"@type":"BreadcrumbList","@id":"https:\/\/selleetools.com\/pl\/product\/iunik-tea-tree-relief-serum-50-ml-kojaco-regenerujace-serum-do-twarzy\/#breadcrumb","itemListElement":[{"@type":"ListItem","position":1,"name":"Home","item":"https:\/\/selleetools.com\/pl\/"},{"@type":"ListItem","position":2,"name":"Katalog","item":"https:\/\/selleetools.com\/pl\/katalog\/"},{"@type":"ListItem","position":3,"name":"iUNIK Tea Tree Relief Serum 50 ml &#8211; Koj\u0105co-regeneruj\u0105ce serum do twarzy"}]}]}},"_links":{"self":[{"href":"https:\/\/selleetools.com\/pl\/wp-json\/wp\/v2\/product\/596999"}],"collection":[{"href":"https:\/\/selleetools.com\/pl\/wp-json\/wp\/v2\/product"}],"about":[{"href":"https:\/\/selleetools.com\/pl\/wp-json\/wp\/v2\/types\/product"}],"replies":[{"embeddable":true,"href":"https:\/\/selleetools.com\/pl\/wp-json\/wp\/v2\/comments?post=596999"}],"wp:featuredmedia":[{"embeddable":true,"href":"https:\/\/selleetools.com\/pl\/wp-json\/wp\/v2\/media\/596993"}],"wp:attachment":[{"href":"https:\/\/selleetools.com\/pl\/wp-json\/wp\/v2\/media?parent=596999"}],"curies":[{"name":"wp","href":"https:\/\/api.w.org\/{rel}","templated":true}]}}