{"id":596984,"date":"2025-10-22T08:24:20","date_gmt":"2025-10-22T06:24:20","guid":{"rendered":"https:\/\/selleetools.com\/?post_type=product&#038;p=596984"},"modified":"2026-04-15T18:30:09","modified_gmt":"2026-04-15T16:30:09","slug":"iunik-beta-glucan-daily-moisture-cream-60-ml-nawilzajacy-krem-do-twarzy","status":"publish","type":"product","link":"https:\/\/selleetools.com\/pl\/product\/iunik-beta-glucan-daily-moisture-cream-60-ml-nawilzajacy-krem-do-twarzy\/","title":{"rendered":"iUNIK Beta-Glucan Daily Moisture Cream, 60 ml &#8211; Nawil\u017caj\u0105cy krem do twarzy"},"content":{"rendered":"<p>iUNIK Beta-Glucan Daily Moisture Cream to nawil\u017caj\u0105cy krem stworzony z my\u015bl\u0105 o suchej i wra\u017cliwej sk\u00f3rze. Zawiera a\u017c 60,000 ppb Beta-Glucanu, kt\u00f3ry intensywnie nawil\u017ca i wzmacnia barier\u0119 ochronn\u0105 sk\u00f3ry, przywracaj\u0105c jej zdrowy, promienny wygl\u0105d. Dzi\u0119ki sk\u0142adnikom takim jak ekstrakt z w\u0105kroty azjatyckiej oraz ekstrakty z owoc\u00f3w, krem koi i \u0142agodzi sk\u00f3r\u0119, redukuj\u0105c widoczno\u015b\u0107 drobnych zmarszczek i poprawiaj\u0105c jej elastyczno\u015b\u0107.<\/p>\n<p>Korzy\u015bci dla sk\u00f3ry:<br \/>\nG\u0142\u0119bokie nawil\u017cenie, kt\u00f3re utrzymuje si\u0119 przez ca\u0142y dzie\u0144<br \/>\nWsparcie dla bariery ochronnej sk\u00f3ry, zapobiegaj\u0105c odwodnieniu<br \/>\nUkojenie i \u0142agodzenie podra\u017cnionej sk\u00f3ry, szczeg\u00f3lnie wra\u017cliwej i suchej<br \/>\nPoprawa wygl\u0105du drobnych zmarszczek i zwi\u0119kszenie elastyczno\u015bci sk\u00f3ry<br \/>\nPromienny i zdrowy wygl\u0105d sk\u00f3ry dzi\u0119ki witaminom i ekstraktom ro\u015blinnym<\/p>\n<p>Spos\u00f3b u\u017cycia: Po na\u0142o\u017ceniu toniku, na\u0142\u00f3\u017c odpowiedni\u0105 ilo\u015b\u0107 kremu na twarz, delikatnie rozprowadzaj\u0105c go wzd\u0142u\u017c struktury sk\u00f3ry, zaczynaj\u0105c od \u015brodka twarzy i kieruj\u0105c si\u0119 na zewn\u0105trz. Pozw\u00f3l, aby krem ca\u0142kowicie si\u0119 wch\u0142on\u0105\u0142. Produkt idealny do codziennego stosowania, rano i wieczorem, dla suchej i wra\u017cliwej sk\u00f3ry.<\/p>\n","protected":false},"excerpt":{"rendered":"<p>iUNIK Beta-Glucan Daily Moisture Cream to nawil\u017caj\u0105cy krem stworzony z my\u015bl\u0105 o suchej i wra\u017cliwej sk\u00f3rze. Zawiera a\u017c 60,000 ppb Beta-Glucanu, kt\u00f3ry intensywnie nawil\u017ca i wzmacnia barier\u0119 ochronn\u0105 sk\u00f3ry, przywracaj\u0105c jej zdrowy, promienny wygl\u0105d. Dzi\u0119ki sk\u0142adnikom takim jak ekstrakt z w\u0105kroty azjatyckiej oraz ekstrakty z owoc\u00f3w, krem koi i \u0142agodzi sk\u00f3r\u0119, redukuj\u0105c widoczno\u015b\u0107 drobnych zmarszczek &#8230; <a title=\"iUNIK Beta-Glucan Daily Moisture Cream, 60 ml &#8211; Nawil\u017caj\u0105cy krem do twarzy\" class=\"read-more\" href=\"https:\/\/selleetools.com\/pl\/product\/iunik-beta-glucan-daily-moisture-cream-60-ml-nawilzajacy-krem-do-twarzy\/\">Read more<span class=\"screen-reader-text\">iUNIK Beta-Glucan Daily Moisture Cream, 60 ml &#8211; Nawil\u017caj\u0105cy krem do twarzy<\/span><\/a><\/p>\n","protected":false},"featured_media":596976,"comment_status":"open","ping_status":"closed","template":"","meta":{"_links_to":"","_links_to_target":""},"yoast_head":"<!-- This site is optimized with the Yoast SEO plugin v19.4 - https:\/\/yoast.com\/wordpress\/plugins\/seo\/ -->\n<title>iUNIK Beta-Glucan Daily Moisture Cream, 60 ml - Nawil\u017caj\u0105cy krem do twarzy - Selleetools.com<\/title>\n<meta name=\"robots\" content=\"index, follow, max-snippet:-1, max-image-preview:large, max-video-preview:-1\" \/>\n<link rel=\"canonical\" href=\"https:\/\/admincentral.selleetools.com\/pl\/product\/iunik-beta-glucan-daily-moisture-cream-60-ml-nawilzajacy-krem-do-twarzy\/\" \/>\n<meta property=\"og:locale\" content=\"pl_PL\" \/>\n<meta property=\"og:type\" content=\"article\" \/>\n<meta property=\"og:title\" content=\"iUNIK Beta-Glucan Daily Moisture Cream, 60 ml - Nawil\u017caj\u0105cy krem do twarzy - Selleetools.com\" \/>\n<meta property=\"og:description\" content=\"iUNIK Beta-Glucan Daily Moisture Cream to nawil\u017caj\u0105cy krem stworzony z my\u015bl\u0105 o suchej i wra\u017cliwej sk\u00f3rze. Zawiera a\u017c 60,000 ppb Beta-Glucanu, kt\u00f3ry intensywnie nawil\u017ca i wzmacnia barier\u0119 ochronn\u0105 sk\u00f3ry, przywracaj\u0105c jej zdrowy, promienny wygl\u0105d. Dzi\u0119ki sk\u0142adnikom takim jak ekstrakt z w\u0105kroty azjatyckiej oraz ekstrakty z owoc\u00f3w, krem koi i \u0142agodzi sk\u00f3r\u0119, redukuj\u0105c widoczno\u015b\u0107 drobnych zmarszczek ... Read moreiUNIK Beta-Glucan Daily Moisture Cream, 60 ml &#8211; Nawil\u017caj\u0105cy krem do twarzy\" \/>\n<meta property=\"og:url\" content=\"https:\/\/admincentral.selleetools.com\/pl\/product\/iunik-beta-glucan-daily-moisture-cream-60-ml-nawilzajacy-krem-do-twarzy\/\" \/>\n<meta property=\"og:site_name\" content=\"Selleetools.com\" \/>\n<meta property=\"article:modified_time\" content=\"2026-04-15T16:30:09+00:00\" \/>\n<meta property=\"og:image\" content=\"https:\/\/selleetools.com\/wp-content\/uploads\/2025\/10\/c349188aa1468399385ec197597401ec.png\" \/>\n\t<meta property=\"og:image:width\" content=\"3000\" \/>\n\t<meta property=\"og:image:height\" content=\"3000\" \/>\n\t<meta property=\"og:image:type\" content=\"image\/png\" \/>\n<meta name=\"twitter:card\" content=\"summary_large_image\" \/>\n<meta name=\"twitter:label1\" content=\"Est. reading time\" \/>\n\t<meta name=\"twitter:data1\" content=\"1 minuta\" \/>\n<!-- \/ Yoast SEO plugin. -->","yoast_head_json":{"title":"iUNIK Beta-Glucan Daily Moisture Cream, 60 ml - Nawil\u017caj\u0105cy krem do twarzy - Selleetools.com","robots":{"index":"index","follow":"follow","max-snippet":"max-snippet:-1","max-image-preview":"max-image-preview:large","max-video-preview":"max-video-preview:-1"},"canonical":"https:\/\/admincentral.selleetools.com\/pl\/product\/iunik-beta-glucan-daily-moisture-cream-60-ml-nawilzajacy-krem-do-twarzy\/","og_locale":"pl_PL","og_type":"article","og_title":"iUNIK Beta-Glucan Daily Moisture Cream, 60 ml - Nawil\u017caj\u0105cy krem do twarzy - Selleetools.com","og_description":"iUNIK Beta-Glucan Daily Moisture Cream to nawil\u017caj\u0105cy krem stworzony z my\u015bl\u0105 o suchej i wra\u017cliwej sk\u00f3rze. Zawiera a\u017c 60,000 ppb Beta-Glucanu, kt\u00f3ry intensywnie nawil\u017ca i wzmacnia barier\u0119 ochronn\u0105 sk\u00f3ry, przywracaj\u0105c jej zdrowy, promienny wygl\u0105d. Dzi\u0119ki sk\u0142adnikom takim jak ekstrakt z w\u0105kroty azjatyckiej oraz ekstrakty z owoc\u00f3w, krem koi i \u0142agodzi sk\u00f3r\u0119, redukuj\u0105c widoczno\u015b\u0107 drobnych zmarszczek ... Read moreiUNIK Beta-Glucan Daily Moisture Cream, 60 ml &#8211; Nawil\u017caj\u0105cy krem do twarzy","og_url":"https:\/\/admincentral.selleetools.com\/pl\/product\/iunik-beta-glucan-daily-moisture-cream-60-ml-nawilzajacy-krem-do-twarzy\/","og_site_name":"Selleetools.com","article_modified_time":"2026-04-15T16:30:09+00:00","og_image":[{"width":3000,"height":3000,"url":"https:\/\/selleetools.com\/wp-content\/uploads\/2025\/10\/c349188aa1468399385ec197597401ec.png","type":"image\/png"}],"twitter_card":"summary_large_image","twitter_misc":{"Est. reading time":"1 minuta"},"schema":{"@context":"https:\/\/schema.org","@graph":[{"@type":"Organization","@id":"https:\/\/selleetools.com\/#organization","name":"Selleetools","url":"https:\/\/selleetools.com\/","sameAs":[],"logo":{"@type":"ImageObject","inLanguage":"pl-PL","@id":"https:\/\/selleetools.com\/#\/schema\/logo\/image\/","url":"https:\/\/selleetools.com\/wp-content\/uploads\/2021\/10\/logo-dark.png","contentUrl":"https:\/\/selleetools.com\/wp-content\/uploads\/2021\/10\/logo-dark.png","width":320,"height":76,"caption":"Selleetools"},"image":{"@id":"https:\/\/selleetools.com\/#\/schema\/logo\/image\/"}},{"@type":"WebSite","@id":"https:\/\/selleetools.com\/#website","url":"https:\/\/selleetools.com\/","name":"Selleetools.com","description":"","publisher":{"@id":"https:\/\/selleetools.com\/#organization"},"potentialAction":[{"@type":"SearchAction","target":{"@type":"EntryPoint","urlTemplate":"https:\/\/selleetools.com\/?s={search_term_string}"},"query-input":"required name=search_term_string"}],"inLanguage":"pl-PL"},{"@type":"WebPage","@id":"https:\/\/admincentral.selleetools.com\/pl\/product\/iunik-beta-glucan-daily-moisture-cream-60-ml-nawilzajacy-krem-do-twarzy\/","url":"https:\/\/admincentral.selleetools.com\/pl\/product\/iunik-beta-glucan-daily-moisture-cream-60-ml-nawilzajacy-krem-do-twarzy\/","name":"iUNIK Beta-Glucan Daily Moisture Cream, 60 ml - Nawil\u017caj\u0105cy krem do twarzy - Selleetools.com","isPartOf":{"@id":"https:\/\/selleetools.com\/#website"},"datePublished":"2025-10-22T06:24:20+00:00","dateModified":"2026-04-15T16:30:09+00:00","breadcrumb":{"@id":"https:\/\/admincentral.selleetools.com\/pl\/product\/iunik-beta-glucan-daily-moisture-cream-60-ml-nawilzajacy-krem-do-twarzy\/#breadcrumb"},"inLanguage":"pl-PL","potentialAction":[{"@type":"ReadAction","target":["https:\/\/admincentral.selleetools.com\/pl\/product\/iunik-beta-glucan-daily-moisture-cream-60-ml-nawilzajacy-krem-do-twarzy\/"]}]},{"@type":"BreadcrumbList","@id":"https:\/\/admincentral.selleetools.com\/pl\/product\/iunik-beta-glucan-daily-moisture-cream-60-ml-nawilzajacy-krem-do-twarzy\/#breadcrumb","itemListElement":[{"@type":"ListItem","position":1,"name":"Home","item":"https:\/\/selleetools.com\/pl\/"},{"@type":"ListItem","position":2,"name":"Katalog","item":"https:\/\/selleetools.com\/pl\/katalog\/"},{"@type":"ListItem","position":3,"name":"iUNIK Beta-Glucan Daily Moisture Cream, 60 ml &#8211; Nawil\u017caj\u0105cy krem do twarzy"}]}]}},"_links":{"self":[{"href":"https:\/\/selleetools.com\/pl\/wp-json\/wp\/v2\/product\/596984"}],"collection":[{"href":"https:\/\/selleetools.com\/pl\/wp-json\/wp\/v2\/product"}],"about":[{"href":"https:\/\/selleetools.com\/pl\/wp-json\/wp\/v2\/types\/product"}],"replies":[{"embeddable":true,"href":"https:\/\/selleetools.com\/pl\/wp-json\/wp\/v2\/comments?post=596984"}],"wp:featuredmedia":[{"embeddable":true,"href":"https:\/\/selleetools.com\/pl\/wp-json\/wp\/v2\/media\/596976"}],"wp:attachment":[{"href":"https:\/\/selleetools.com\/pl\/wp-json\/wp\/v2\/media?parent=596984"}],"curies":[{"name":"wp","href":"https:\/\/api.w.org\/{rel}","templated":true}]}}