{"id":596942,"date":"2025-10-22T08:23:45","date_gmt":"2025-10-22T06:23:45","guid":{"rendered":"https:\/\/selleetools.com\/?post_type=product&#038;p=596942"},"modified":"2026-03-03T11:10:32","modified_gmt":"2026-03-03T10:10:32","slug":"petitfee-chamomaile-lightening-hydrogel-eye-mask-84-g-rozjasniajace-hydrozelowe-platki-pod-oczy","status":"publish","type":"product","link":"https:\/\/selleetools.com\/pl\/product\/petitfee-chamomaile-lightening-hydrogel-eye-mask-84-g-rozjasniajace-hydrozelowe-platki-pod-oczy\/","title":{"rendered":"Petitfee Chamomaile Lightening Hydrogel Eye Mask 84 g &#8211; Rozja\u015bniaj\u0105ce hydro\u017celowe p\u0142atki pod oczy"},"content":{"rendered":"<p style=\"color: rgb(78, 86, 95);\"><font style=\"font-size: 12px;\"><span style=\"font-weight: 600;\">Petitfee Chamomile Lightening Hydrogel Eye Mask 84g<\/span>\u00a0to luksusowy produkt do piel\u0119gnacji sk\u00f3ry wok\u00f3\u0142 oczu, kt\u00f3ry zosta\u0142 zaprojektowany z my\u015bl\u0105 o delikatnej i wra\u017cliwej sk\u00f3rze tej okolicy. Te hydro\u017celowe p\u0142atki pod oczy nas\u0105czone s\u0105 ekstraktem z rumianku, znanym ze swoich koj\u0105cych i przeciwzapalnych w\u0142a\u015bciwo\u015bci.<\/font><\/p>\n<h3 open=\"\" sans\",=\"\" \"helvetica=\"\" neue\",=\"\" helvetica,=\"\" arial,=\"\" sans-serif;\"=\"\" style=\"font-family: \"><font style=\"font-size: 12px;\">Og\u00f3lny opis<\/font><\/h3>\n<p style=\"color: rgb(78, 86, 95);\"><font style=\"font-size: 12px;\">Kosmetyk ten pomaga w rozja\u015bnieniu sk\u00f3ry pod oczami, zmniejszeniu widoczno\u015bci cieni oraz redukcji opuchlizny. Rumianek dzia\u0142a \u0142agodz\u0105co, redukuje podra\u017cnienia i przywraca sk\u00f3rze zdrowy, promienny wygl\u0105d. Hydro\u017celowa formu\u0142a p\u0142atk\u00f3w zapewnia przyjemne uczucie ch\u0142odzenia, co dodatkowo niweluje zm\u0119czenie sk\u00f3ry i sprawia, \u017ce staje si\u0119 ona bardziej napi\u0119ta i elastyczna.<\/font><\/p>\n<h3 open=\"\" sans\",=\"\" \"helvetica=\"\" neue\",=\"\" helvetica,=\"\" arial,=\"\" sans-serif;\"=\"\" style=\"font-family: \"><font style=\"font-size: 12px;\">Korzy\u015bci dla sk\u00f3ry<\/font><\/h3>\n<ul>\n<li><font style=\"font-size: 12px;\"><span style=\"font-weight: 600;\">Rozja\u015bnienie cieni pod oczami:<\/span>\u00a0Sk\u0142adniki aktywne, takie jak rumianek, pomagaj\u0105 w redukcji przebarwie\u0144 i cieni pod oczami, przywracaj\u0105c sk\u00f3rze jej naturalny blask.<\/font><\/li>\n<li><font style=\"font-size: 12px;\"><span style=\"font-weight: 600;\">Nawil\u017cenie i od\u017cywienie:<\/span>\u00a0Hydro\u017celowa formu\u0142a zapewnia intensywne nawil\u017cenie, a zawarte w niej sk\u0142adniki od\u017cywcze wspieraj\u0105 regeneracj\u0119 sk\u00f3ry.<\/font><\/li>\n<li><font style=\"font-size: 12px;\"><span style=\"font-weight: 600;\">Zmniejszenie opuchlizny:<\/span>\u00a0Ch\u0142odz\u0105ce dzia\u0142anie p\u0142atk\u00f3w wspomaga redukcj\u0119 opuchlizny, sprawiaj\u0105c, \u017ce sk\u00f3ra wygl\u0105da na bardziej wypocz\u0119t\u0105.<\/font><\/li>\n<li><font style=\"font-size: 12px;\"><span style=\"font-weight: 600;\">\u0141agodzenie podra\u017cnie\u0144:<\/span>\u00a0Dzi\u0119ki zawarto\u015bci rumianku, p\u0142atki te doskonale \u0142agodz\u0105 podra\u017cnienia i pomagaj\u0105 w regeneracji delikatnej sk\u00f3ry wok\u00f3\u0142 oczu.<\/font><\/li>\n<\/ul>\n<h3 open=\"\" sans\",=\"\" \"helvetica=\"\" neue\",=\"\" helvetica,=\"\" arial,=\"\" sans-serif;\"=\"\" style=\"font-family: \"><font style=\"font-size: 12px;\">Spos\u00f3b u\u017cycia<\/font><\/h3>\n<ol>\n<li><font style=\"font-size: 12px;\"><span style=\"font-weight: 600;\">Przygotowanie sk\u00f3ry:<\/span>\u00a0Oczy\u015b\u0107 sk\u00f3r\u0119 wok\u00f3\u0142 oczu i delikatnie osusz j\u0105 r\u0119cznikiem.<\/font><\/li>\n<li><font style=\"font-size: 12px;\"><span style=\"font-weight: 600;\">Aplikacja p\u0142atk\u00f3w:<\/span>\u00a0Ostro\u017cnie wyjmij p\u0142atki z opakowania przy pomocy za\u0142\u0105czonej szpatu\u0142ki i na\u0142\u00f3\u017c je na sk\u00f3r\u0119 pod oczami, dopasowuj\u0105c je do kszta\u0142tu twarzy.<\/font><\/li>\n<li><font style=\"font-size: 12px;\"><span style=\"font-weight: 600;\">Czas dzia\u0142ania:<\/span>\u00a0Pozostaw p\u0142atki na sk\u00f3rze przez 15-20 minut, aby sk\u0142adniki aktywne mog\u0142y si\u0119 wch\u0142on\u0105\u0107.<\/font><\/li>\n<li><font style=\"font-size: 12px;\"><span style=\"font-weight: 600;\">Usuni\u0119cie p\u0142atk\u00f3w:<\/span>\u00a0Delikatnie zdejmij p\u0142atki i wklep resztki esencji w sk\u00f3r\u0119, a\u017c do ca\u0142kowitego wch\u0142oni\u0119cia.<\/font><\/li>\n<\/ol>\n<p style=\"color: rgb(78, 86, 95);\"><font style=\"font-size: 12px;\">Kosmetyk ten mo\u017cna stosowa\u0107 jako element codziennej piel\u0119gnacji lub jako specjalny rytua\u0142 przed wa\u017cnym wydarzeniem, aby zapewni\u0107 sk\u00f3rze \u015bwie\u017cy i promienny wygl\u0105d.<\/font><\/p>\n","protected":false},"excerpt":{"rendered":"<p>Petitfee Chamomile Lightening Hydrogel Eye Mask 84g\u00a0to luksusowy produkt do piel\u0119gnacji sk\u00f3ry wok\u00f3\u0142 oczu, kt\u00f3ry zosta\u0142 zaprojektowany z my\u015bl\u0105 o delikatnej i wra\u017cliwej sk\u00f3rze tej okolicy. Te hydro\u017celowe p\u0142atki pod oczy nas\u0105czone s\u0105 ekstraktem z rumianku, znanym ze swoich koj\u0105cych i przeciwzapalnych w\u0142a\u015bciwo\u015bci. Og\u00f3lny opis Kosmetyk ten pomaga w rozja\u015bnieniu sk\u00f3ry pod oczami, zmniejszeniu widoczno\u015bci &#8230; <a title=\"Petitfee Chamomaile Lightening Hydrogel Eye Mask 84 g &#8211; Rozja\u015bniaj\u0105ce hydro\u017celowe p\u0142atki pod oczy\" class=\"read-more\" href=\"https:\/\/selleetools.com\/pl\/product\/petitfee-chamomaile-lightening-hydrogel-eye-mask-84-g-rozjasniajace-hydrozelowe-platki-pod-oczy\/\">Read more<span class=\"screen-reader-text\">Petitfee Chamomaile Lightening Hydrogel Eye Mask 84 g &#8211; Rozja\u015bniaj\u0105ce hydro\u017celowe p\u0142atki pod oczy<\/span><\/a><\/p>\n","protected":false},"featured_media":596938,"comment_status":"open","ping_status":"closed","template":"","meta":{"_links_to":"","_links_to_target":""},"yoast_head":"<!-- This site is optimized with the Yoast SEO plugin v19.4 - https:\/\/yoast.com\/wordpress\/plugins\/seo\/ -->\n<title>Petitfee Chamomaile Lightening Hydrogel Eye Mask 84 g - Rozja\u015bniaj\u0105ce hydro\u017celowe p\u0142atki pod oczy - Selleetools.com<\/title>\n<meta name=\"robots\" content=\"index, follow, max-snippet:-1, max-image-preview:large, max-video-preview:-1\" \/>\n<link rel=\"canonical\" href=\"https:\/\/selleetools.com\/product\/petitfee-chamomaile-lightening-hydrogel-eye-mask-84-g-rozjasniajace-hydrozelowe-platki-pod-oczy\/\" \/>\n<meta property=\"og:locale\" content=\"pl_PL\" \/>\n<meta property=\"og:type\" content=\"article\" \/>\n<meta property=\"og:title\" content=\"Petitfee Chamomaile Lightening Hydrogel Eye Mask 84 g - Rozja\u015bniaj\u0105ce hydro\u017celowe p\u0142atki pod oczy - Selleetools.com\" \/>\n<meta property=\"og:description\" content=\"Petitfee Chamomile Lightening Hydrogel Eye Mask 84g\u00a0to luksusowy produkt do piel\u0119gnacji sk\u00f3ry wok\u00f3\u0142 oczu, kt\u00f3ry zosta\u0142 zaprojektowany z my\u015bl\u0105 o delikatnej i wra\u017cliwej sk\u00f3rze tej okolicy. Te hydro\u017celowe p\u0142atki pod oczy nas\u0105czone s\u0105 ekstraktem z rumianku, znanym ze swoich koj\u0105cych i przeciwzapalnych w\u0142a\u015bciwo\u015bci. Og\u00f3lny opis Kosmetyk ten pomaga w rozja\u015bnieniu sk\u00f3ry pod oczami, zmniejszeniu widoczno\u015bci ... Read morePetitfee Chamomaile Lightening Hydrogel Eye Mask 84 g &#8211; Rozja\u015bniaj\u0105ce hydro\u017celowe p\u0142atki pod oczy\" \/>\n<meta property=\"og:url\" content=\"https:\/\/selleetools.com\/product\/petitfee-chamomaile-lightening-hydrogel-eye-mask-84-g-rozjasniajace-hydrozelowe-platki-pod-oczy\/\" \/>\n<meta property=\"og:site_name\" content=\"Selleetools.com\" \/>\n<meta property=\"article:modified_time\" content=\"2026-03-03T10:10:32+00:00\" \/>\n<meta property=\"og:image\" content=\"https:\/\/selleetools.com\/wp-content\/uploads\/2025\/10\/4ba286012ea1dde301625e97b9a1926b.jpg\" \/>\n\t<meta property=\"og:image:width\" content=\"563\" \/>\n\t<meta property=\"og:image:height\" content=\"563\" \/>\n\t<meta property=\"og:image:type\" content=\"image\/jpeg\" \/>\n<meta name=\"twitter:card\" content=\"summary_large_image\" \/>\n<meta name=\"twitter:label1\" content=\"Est. reading time\" \/>\n\t<meta name=\"twitter:data1\" content=\"2 minuty\" \/>\n<!-- \/ Yoast SEO plugin. -->","yoast_head_json":{"title":"Petitfee Chamomaile Lightening Hydrogel Eye Mask 84 g - Rozja\u015bniaj\u0105ce hydro\u017celowe p\u0142atki pod oczy - Selleetools.com","robots":{"index":"index","follow":"follow","max-snippet":"max-snippet:-1","max-image-preview":"max-image-preview:large","max-video-preview":"max-video-preview:-1"},"canonical":"https:\/\/selleetools.com\/product\/petitfee-chamomaile-lightening-hydrogel-eye-mask-84-g-rozjasniajace-hydrozelowe-platki-pod-oczy\/","og_locale":"pl_PL","og_type":"article","og_title":"Petitfee Chamomaile Lightening Hydrogel Eye Mask 84 g - Rozja\u015bniaj\u0105ce hydro\u017celowe p\u0142atki pod oczy - Selleetools.com","og_description":"Petitfee Chamomile Lightening Hydrogel Eye Mask 84g\u00a0to luksusowy produkt do piel\u0119gnacji sk\u00f3ry wok\u00f3\u0142 oczu, kt\u00f3ry zosta\u0142 zaprojektowany z my\u015bl\u0105 o delikatnej i wra\u017cliwej sk\u00f3rze tej okolicy. Te hydro\u017celowe p\u0142atki pod oczy nas\u0105czone s\u0105 ekstraktem z rumianku, znanym ze swoich koj\u0105cych i przeciwzapalnych w\u0142a\u015bciwo\u015bci. Og\u00f3lny opis Kosmetyk ten pomaga w rozja\u015bnieniu sk\u00f3ry pod oczami, zmniejszeniu widoczno\u015bci ... Read morePetitfee Chamomaile Lightening Hydrogel Eye Mask 84 g &#8211; Rozja\u015bniaj\u0105ce hydro\u017celowe p\u0142atki pod oczy","og_url":"https:\/\/selleetools.com\/product\/petitfee-chamomaile-lightening-hydrogel-eye-mask-84-g-rozjasniajace-hydrozelowe-platki-pod-oczy\/","og_site_name":"Selleetools.com","article_modified_time":"2026-03-03T10:10:32+00:00","og_image":[{"width":563,"height":563,"url":"https:\/\/selleetools.com\/wp-content\/uploads\/2025\/10\/4ba286012ea1dde301625e97b9a1926b.jpg","type":"image\/jpeg"}],"twitter_card":"summary_large_image","twitter_misc":{"Est. reading time":"2 minuty"},"schema":{"@context":"https:\/\/schema.org","@graph":[{"@type":"Organization","@id":"https:\/\/selleetools.com\/#organization","name":"Selleetools","url":"https:\/\/selleetools.com\/","sameAs":[],"logo":{"@type":"ImageObject","inLanguage":"pl-PL","@id":"https:\/\/selleetools.com\/#\/schema\/logo\/image\/","url":"https:\/\/selleetools.com\/wp-content\/uploads\/2021\/10\/logo-dark.png","contentUrl":"https:\/\/selleetools.com\/wp-content\/uploads\/2021\/10\/logo-dark.png","width":320,"height":76,"caption":"Selleetools"},"image":{"@id":"https:\/\/selleetools.com\/#\/schema\/logo\/image\/"}},{"@type":"WebSite","@id":"https:\/\/selleetools.com\/#website","url":"https:\/\/selleetools.com\/","name":"Selleetools.com","description":"","publisher":{"@id":"https:\/\/selleetools.com\/#organization"},"potentialAction":[{"@type":"SearchAction","target":{"@type":"EntryPoint","urlTemplate":"https:\/\/selleetools.com\/?s={search_term_string}"},"query-input":"required name=search_term_string"}],"inLanguage":"pl-PL"},{"@type":"WebPage","@id":"https:\/\/selleetools.com\/product\/petitfee-chamomaile-lightening-hydrogel-eye-mask-84-g-rozjasniajace-hydrozelowe-platki-pod-oczy\/","url":"https:\/\/selleetools.com\/product\/petitfee-chamomaile-lightening-hydrogel-eye-mask-84-g-rozjasniajace-hydrozelowe-platki-pod-oczy\/","name":"Petitfee Chamomaile Lightening Hydrogel Eye Mask 84 g - Rozja\u015bniaj\u0105ce hydro\u017celowe p\u0142atki pod oczy - Selleetools.com","isPartOf":{"@id":"https:\/\/selleetools.com\/#website"},"datePublished":"2025-10-22T06:23:45+00:00","dateModified":"2026-03-03T10:10:32+00:00","breadcrumb":{"@id":"https:\/\/selleetools.com\/product\/petitfee-chamomaile-lightening-hydrogel-eye-mask-84-g-rozjasniajace-hydrozelowe-platki-pod-oczy\/#breadcrumb"},"inLanguage":"pl-PL","potentialAction":[{"@type":"ReadAction","target":["https:\/\/selleetools.com\/product\/petitfee-chamomaile-lightening-hydrogel-eye-mask-84-g-rozjasniajace-hydrozelowe-platki-pod-oczy\/"]}]},{"@type":"BreadcrumbList","@id":"https:\/\/selleetools.com\/product\/petitfee-chamomaile-lightening-hydrogel-eye-mask-84-g-rozjasniajace-hydrozelowe-platki-pod-oczy\/#breadcrumb","itemListElement":[{"@type":"ListItem","position":1,"name":"Home","item":"https:\/\/selleetools.com\/pl\/"},{"@type":"ListItem","position":2,"name":"Katalog","item":"https:\/\/selleetools.com\/pl\/katalog\/"},{"@type":"ListItem","position":3,"name":"Petitfee Chamomaile Lightening Hydrogel Eye Mask 84 g &#8211; Rozja\u015bniaj\u0105ce hydro\u017celowe p\u0142atki pod oczy"}]}]}},"_links":{"self":[{"href":"https:\/\/selleetools.com\/pl\/wp-json\/wp\/v2\/product\/596942"}],"collection":[{"href":"https:\/\/selleetools.com\/pl\/wp-json\/wp\/v2\/product"}],"about":[{"href":"https:\/\/selleetools.com\/pl\/wp-json\/wp\/v2\/types\/product"}],"replies":[{"embeddable":true,"href":"https:\/\/selleetools.com\/pl\/wp-json\/wp\/v2\/comments?post=596942"}],"wp:featuredmedia":[{"embeddable":true,"href":"https:\/\/selleetools.com\/pl\/wp-json\/wp\/v2\/media\/596938"}],"wp:attachment":[{"href":"https:\/\/selleetools.com\/pl\/wp-json\/wp\/v2\/media?parent=596942"}],"curies":[{"name":"wp","href":"https:\/\/api.w.org\/{rel}","templated":true}]}}