{"id":596934,"date":"2025-10-22T08:23:38","date_gmt":"2025-10-22T06:23:38","guid":{"rendered":"https:\/\/selleetools.com\/?post_type=product&#038;p=596934"},"modified":"2025-10-23T19:46:48","modified_gmt":"2025-10-23T17:46:48","slug":"iunik-lime-moisture-mild-peeling-gel-90-ml-peeling-enzymatyczny-do-twarzy","status":"publish","type":"product","link":"https:\/\/selleetools.com\/pl\/product\/iunik-lime-moisture-mild-peeling-gel-90-ml-peeling-enzymatyczny-do-twarzy\/","title":{"rendered":"iUNIK Lime Moisture Mild Peeling Gel 90 ml &#8211; Peeling enzymatyczny do twarzy"},"content":{"rendered":"<p style=\"text-align: justify; caret-color: rgb(0, 0, 0); color: rgb(0, 0, 0);\"><font style=\"font-size: 12px;\">iUNIK Lime Moisture Mild Peeling Gel to delikatny \u017cel peelinguj\u0105cy, kt\u00f3ry skutecznie usuwa martwe kom\u00f3rki sk\u00f3ry, jednocze\u015bnie nawil\u017caj\u0105c i od\u015bwie\u017caj\u0105c cer\u0119. Jego \u0142agodna formu\u0142a sprawia, \u017ce jest odpowiedni nawet dla wra\u017cliwej sk\u00f3ry, pozostawiaj\u0105c j\u0105 g\u0142adk\u0105, mi\u0119kk\u0105 i promienn\u0105.<\/font><\/p>\n<p style=\"caret-color: rgb(0, 0, 0); color: rgb(0, 0, 0);\"><strong><font style=\"font-size: 12px;\">Korzy\u015bci dla sk\u00f3ry:<\/font><\/strong><\/p>\n<ul style=\"caret-color: rgb(0, 0, 0); color: rgb(0, 0, 0);\">\n<li><font style=\"font-size: 12px;\">Oczyszcza i usuwa martwe kom\u00f3rki nask\u00f3rka<\/font><\/li>\n<li><font style=\"font-size: 12px;\">Nawil\u017ca i od\u015bwie\u017ca cer\u0119<\/font><\/li>\n<li><font style=\"font-size: 12px;\">Poprawia tekstur\u0119 sk\u00f3ry, czyni\u0105c j\u0105 mi\u0119kk\u0105 i g\u0142adk\u0105<\/font><\/li>\n<\/ul>\n<p style=\"caret-color: rgb(0, 0, 0); color: rgb(0, 0, 0);\"><font style=\"font-size: 12px;\"><strong>Spos\u00f3b u\u017cycia:<\/strong> Na\u0142\u00f3\u017c niewielk\u0105 ilo\u015b\u0107 \u017celu na such\u0105 twarz, omijaj\u0105c okolice oczu i ust. Delikatnie masuj kolistymi ruchami, aby usun\u0105\u0107 martwe kom\u00f3rki sk\u00f3ry, a nast\u0119pnie sp\u0142ucz ciep\u0142\u0105 wod\u0105. Stosuj 1-2 razy w tygodniu, w zale\u017cno\u015bci od potrzeb sk\u00f3ry.<\/font><\/p>\n","protected":false},"excerpt":{"rendered":"<p>iUNIK Lime Moisture Mild Peeling Gel to delikatny \u017cel peelinguj\u0105cy, kt\u00f3ry skutecznie usuwa martwe kom\u00f3rki sk\u00f3ry, jednocze\u015bnie nawil\u017caj\u0105c i od\u015bwie\u017caj\u0105c cer\u0119. Jego \u0142agodna formu\u0142a sprawia, \u017ce jest odpowiedni nawet dla wra\u017cliwej sk\u00f3ry, pozostawiaj\u0105c j\u0105 g\u0142adk\u0105, mi\u0119kk\u0105 i promienn\u0105. Korzy\u015bci dla sk\u00f3ry: Oczyszcza i usuwa martwe kom\u00f3rki nask\u00f3rka Nawil\u017ca i od\u015bwie\u017ca cer\u0119 Poprawia tekstur\u0119 sk\u00f3ry, czyni\u0105c &#8230; <a title=\"iUNIK Lime Moisture Mild Peeling Gel 90 ml &#8211; Peeling enzymatyczny do twarzy\" class=\"read-more\" href=\"https:\/\/selleetools.com\/pl\/product\/iunik-lime-moisture-mild-peeling-gel-90-ml-peeling-enzymatyczny-do-twarzy\/\">Read more<span class=\"screen-reader-text\">iUNIK Lime Moisture Mild Peeling Gel 90 ml &#8211; Peeling enzymatyczny do twarzy<\/span><\/a><\/p>\n","protected":false},"featured_media":596926,"comment_status":"open","ping_status":"closed","template":"","meta":{"_links_to":"","_links_to_target":""},"yoast_head":"<!-- This site is optimized with the Yoast SEO plugin v19.4 - https:\/\/yoast.com\/wordpress\/plugins\/seo\/ -->\n<title>iUNIK Lime Moisture Mild Peeling Gel 90 ml - Peeling enzymatyczny do twarzy - Selleetools.com<\/title>\n<meta name=\"robots\" content=\"index, follow, max-snippet:-1, max-image-preview:large, max-video-preview:-1\" \/>\n<link rel=\"canonical\" href=\"https:\/\/selleetools.com\/pl\/product\/iunik-lime-moisture-mild-peeling-gel-90-ml-peeling-enzymatyczny-do-twarzy\/\" \/>\n<meta property=\"og:locale\" content=\"pl_PL\" \/>\n<meta property=\"og:type\" content=\"article\" \/>\n<meta property=\"og:title\" content=\"iUNIK Lime Moisture Mild Peeling Gel 90 ml - Peeling enzymatyczny do twarzy - Selleetools.com\" \/>\n<meta property=\"og:description\" content=\"iUNIK Lime Moisture Mild Peeling Gel to delikatny \u017cel peelinguj\u0105cy, kt\u00f3ry skutecznie usuwa martwe kom\u00f3rki sk\u00f3ry, jednocze\u015bnie nawil\u017caj\u0105c i od\u015bwie\u017caj\u0105c cer\u0119. Jego \u0142agodna formu\u0142a sprawia, \u017ce jest odpowiedni nawet dla wra\u017cliwej sk\u00f3ry, pozostawiaj\u0105c j\u0105 g\u0142adk\u0105, mi\u0119kk\u0105 i promienn\u0105. Korzy\u015bci dla sk\u00f3ry: Oczyszcza i usuwa martwe kom\u00f3rki nask\u00f3rka Nawil\u017ca i od\u015bwie\u017ca cer\u0119 Poprawia tekstur\u0119 sk\u00f3ry, czyni\u0105c ... Read moreiUNIK Lime Moisture Mild Peeling Gel 90 ml &#8211; Peeling enzymatyczny do twarzy\" \/>\n<meta property=\"og:url\" content=\"https:\/\/selleetools.com\/pl\/product\/iunik-lime-moisture-mild-peeling-gel-90-ml-peeling-enzymatyczny-do-twarzy\/\" \/>\n<meta property=\"og:site_name\" content=\"Selleetools.com\" \/>\n<meta property=\"article:modified_time\" content=\"2025-10-23T17:46:48+00:00\" \/>\n<meta property=\"og:image\" content=\"https:\/\/selleetools.com\/wp-content\/uploads\/2025\/10\/98f8b3491339a2a0cd70ec8ecb3748ff.png\" \/>\n\t<meta property=\"og:image:width\" content=\"480\" \/>\n\t<meta property=\"og:image:height\" content=\"480\" \/>\n\t<meta property=\"og:image:type\" content=\"image\/png\" \/>\n<meta name=\"twitter:card\" content=\"summary_large_image\" \/>\n<meta name=\"twitter:label1\" content=\"Est. reading time\" \/>\n\t<meta name=\"twitter:data1\" content=\"1 minuta\" \/>\n<!-- \/ Yoast SEO plugin. -->","yoast_head_json":{"title":"iUNIK Lime Moisture Mild Peeling Gel 90 ml - Peeling enzymatyczny do twarzy - Selleetools.com","robots":{"index":"index","follow":"follow","max-snippet":"max-snippet:-1","max-image-preview":"max-image-preview:large","max-video-preview":"max-video-preview:-1"},"canonical":"https:\/\/selleetools.com\/pl\/product\/iunik-lime-moisture-mild-peeling-gel-90-ml-peeling-enzymatyczny-do-twarzy\/","og_locale":"pl_PL","og_type":"article","og_title":"iUNIK Lime Moisture Mild Peeling Gel 90 ml - Peeling enzymatyczny do twarzy - Selleetools.com","og_description":"iUNIK Lime Moisture Mild Peeling Gel to delikatny \u017cel peelinguj\u0105cy, kt\u00f3ry skutecznie usuwa martwe kom\u00f3rki sk\u00f3ry, jednocze\u015bnie nawil\u017caj\u0105c i od\u015bwie\u017caj\u0105c cer\u0119. Jego \u0142agodna formu\u0142a sprawia, \u017ce jest odpowiedni nawet dla wra\u017cliwej sk\u00f3ry, pozostawiaj\u0105c j\u0105 g\u0142adk\u0105, mi\u0119kk\u0105 i promienn\u0105. Korzy\u015bci dla sk\u00f3ry: Oczyszcza i usuwa martwe kom\u00f3rki nask\u00f3rka Nawil\u017ca i od\u015bwie\u017ca cer\u0119 Poprawia tekstur\u0119 sk\u00f3ry, czyni\u0105c ... Read moreiUNIK Lime Moisture Mild Peeling Gel 90 ml &#8211; Peeling enzymatyczny do twarzy","og_url":"https:\/\/selleetools.com\/pl\/product\/iunik-lime-moisture-mild-peeling-gel-90-ml-peeling-enzymatyczny-do-twarzy\/","og_site_name":"Selleetools.com","article_modified_time":"2025-10-23T17:46:48+00:00","og_image":[{"width":480,"height":480,"url":"https:\/\/selleetools.com\/wp-content\/uploads\/2025\/10\/98f8b3491339a2a0cd70ec8ecb3748ff.png","type":"image\/png"}],"twitter_card":"summary_large_image","twitter_misc":{"Est. reading time":"1 minuta"},"schema":{"@context":"https:\/\/schema.org","@graph":[{"@type":"Organization","@id":"https:\/\/selleetools.com\/#organization","name":"Selleetools","url":"https:\/\/selleetools.com\/","sameAs":[],"logo":{"@type":"ImageObject","inLanguage":"pl-PL","@id":"https:\/\/selleetools.com\/#\/schema\/logo\/image\/","url":"https:\/\/selleetools.com\/wp-content\/uploads\/2021\/10\/logo-dark.png","contentUrl":"https:\/\/selleetools.com\/wp-content\/uploads\/2021\/10\/logo-dark.png","width":320,"height":76,"caption":"Selleetools"},"image":{"@id":"https:\/\/selleetools.com\/#\/schema\/logo\/image\/"}},{"@type":"WebSite","@id":"https:\/\/selleetools.com\/#website","url":"https:\/\/selleetools.com\/","name":"Selleetools.com","description":"","publisher":{"@id":"https:\/\/selleetools.com\/#organization"},"potentialAction":[{"@type":"SearchAction","target":{"@type":"EntryPoint","urlTemplate":"https:\/\/selleetools.com\/?s={search_term_string}"},"query-input":"required name=search_term_string"}],"inLanguage":"pl-PL"},{"@type":"WebPage","@id":"https:\/\/selleetools.com\/pl\/product\/iunik-lime-moisture-mild-peeling-gel-90-ml-peeling-enzymatyczny-do-twarzy\/","url":"https:\/\/selleetools.com\/pl\/product\/iunik-lime-moisture-mild-peeling-gel-90-ml-peeling-enzymatyczny-do-twarzy\/","name":"iUNIK Lime Moisture Mild Peeling Gel 90 ml - Peeling enzymatyczny do twarzy - Selleetools.com","isPartOf":{"@id":"https:\/\/selleetools.com\/#website"},"datePublished":"2025-10-22T06:23:38+00:00","dateModified":"2025-10-23T17:46:48+00:00","breadcrumb":{"@id":"https:\/\/selleetools.com\/pl\/product\/iunik-lime-moisture-mild-peeling-gel-90-ml-peeling-enzymatyczny-do-twarzy\/#breadcrumb"},"inLanguage":"pl-PL","potentialAction":[{"@type":"ReadAction","target":["https:\/\/selleetools.com\/pl\/product\/iunik-lime-moisture-mild-peeling-gel-90-ml-peeling-enzymatyczny-do-twarzy\/"]}]},{"@type":"BreadcrumbList","@id":"https:\/\/selleetools.com\/pl\/product\/iunik-lime-moisture-mild-peeling-gel-90-ml-peeling-enzymatyczny-do-twarzy\/#breadcrumb","itemListElement":[{"@type":"ListItem","position":1,"name":"Home","item":"https:\/\/selleetools.com\/pl\/"},{"@type":"ListItem","position":2,"name":"Katalog","item":"https:\/\/selleetools.com\/pl\/katalog\/"},{"@type":"ListItem","position":3,"name":"iUNIK Lime Moisture Mild Peeling Gel 90 ml &#8211; Peeling enzymatyczny do twarzy"}]}]}},"_links":{"self":[{"href":"https:\/\/selleetools.com\/pl\/wp-json\/wp\/v2\/product\/596934"}],"collection":[{"href":"https:\/\/selleetools.com\/pl\/wp-json\/wp\/v2\/product"}],"about":[{"href":"https:\/\/selleetools.com\/pl\/wp-json\/wp\/v2\/types\/product"}],"replies":[{"embeddable":true,"href":"https:\/\/selleetools.com\/pl\/wp-json\/wp\/v2\/comments?post=596934"}],"wp:featuredmedia":[{"embeddable":true,"href":"https:\/\/selleetools.com\/pl\/wp-json\/wp\/v2\/media\/596926"}],"wp:attachment":[{"href":"https:\/\/selleetools.com\/pl\/wp-json\/wp\/v2\/media?parent=596934"}],"curies":[{"name":"wp","href":"https:\/\/api.w.org\/{rel}","templated":true}]}}