{"id":596883,"date":"2025-10-22T08:23:04","date_gmt":"2025-10-22T06:23:04","guid":{"rendered":"https:\/\/selleetools.com\/?post_type=product&#038;p=596883"},"modified":"2026-03-03T12:38:04","modified_gmt":"2026-03-03T11:38:04","slug":"iunik-propolis-vitamin-sleeping-mask-60-ml-nawilzajaco-regenerujaca-maska-do-twarzy-na-noc","status":"publish","type":"product","link":"https:\/\/selleetools.com\/pl\/product\/iunik-propolis-vitamin-sleeping-mask-60-ml-nawilzajaco-regenerujaca-maska-do-twarzy-na-noc\/","title":{"rendered":"iUNIK Propolis Vitamin Sleeping Mask 60 ml &#8211; Nawil\u017caj\u0105co-regeneruj\u0105ca maska do twarzy na noc"},"content":{"rendered":"<p style=\"caret-color: rgb(0, 0, 0); color: rgb(0, 0, 0);\"><font style=\"font-size: 12px;\">iUNIK Propolis Vitamin Sleeping Mask to intensywnie nawil\u017caj\u0105ca i od\u017cywcza maska na noc, kt\u00f3ra regeneruje sk\u00f3r\u0119 podczas snu. Produkt rozja\u015bnia cer\u0119, poprawia jej elastyczno\u015b\u0107 i wspomaga procesy regeneracyjne, zapewniaj\u0105c zdrowy i promienny wygl\u0105d rano.<\/font><\/p>\n<p style=\"caret-color: rgb(0, 0, 0); color: rgb(0, 0, 0);\"><strong><font style=\"font-size: 12px;\">Korzy\u015bci dla sk\u00f3ry:<\/font><\/strong><\/p>\n<ul style=\"caret-color: rgb(0, 0, 0); color: rgb(0, 0, 0);\">\n<li><font style=\"font-size: 12px;\">G\u0142\u0119bokie nawil\u017cenie i od\u017cywienie<\/font><\/li>\n<li><font style=\"font-size: 12px;\">Rozja\u015bnienie i wyr\u00f3wnanie kolorytu<\/font><\/li>\n<li><font style=\"font-size: 12px;\">Poprawa elastyczno\u015bci i regeneracja sk\u00f3ry<\/font><\/li>\n<\/ul>\n<p style=\"caret-color: rgb(0, 0, 0); color: rgb(0, 0, 0);\"><font style=\"font-size: 12px;\"><strong>Spos\u00f3b u\u017cycia:<\/strong> Na\u0142\u00f3\u017c odpowiedni\u0105 ilo\u015b\u0107 maski na oczyszczon\u0105 sk\u00f3r\u0119 twarzy jako ostatni krok w wieczornej rutynie piel\u0119gnacyjnej. Pozostaw na noc i sp\u0142ucz rano letni\u0105 wod\u0105. Stosuj 2-3 razy w tygodniu lub wed\u0142ug potrzeb.<\/font><\/p>\n","protected":false},"excerpt":{"rendered":"<p>iUNIK Propolis Vitamin Sleeping Mask to intensywnie nawil\u017caj\u0105ca i od\u017cywcza maska na noc, kt\u00f3ra regeneruje sk\u00f3r\u0119 podczas snu. Produkt rozja\u015bnia cer\u0119, poprawia jej elastyczno\u015b\u0107 i wspomaga procesy regeneracyjne, zapewniaj\u0105c zdrowy i promienny wygl\u0105d rano. Korzy\u015bci dla sk\u00f3ry: G\u0142\u0119bokie nawil\u017cenie i od\u017cywienie Rozja\u015bnienie i wyr\u00f3wnanie kolorytu Poprawa elastyczno\u015bci i regeneracja sk\u00f3ry Spos\u00f3b u\u017cycia: Na\u0142\u00f3\u017c odpowiedni\u0105 ilo\u015b\u0107 &#8230; <a title=\"iUNIK Propolis Vitamin Sleeping Mask 60 ml &#8211; Nawil\u017caj\u0105co-regeneruj\u0105ca maska do twarzy na noc\" class=\"read-more\" href=\"https:\/\/selleetools.com\/pl\/product\/iunik-propolis-vitamin-sleeping-mask-60-ml-nawilzajaco-regenerujaca-maska-do-twarzy-na-noc\/\">Read more<span class=\"screen-reader-text\">iUNIK Propolis Vitamin Sleeping Mask 60 ml &#8211; Nawil\u017caj\u0105co-regeneruj\u0105ca maska do twarzy na noc<\/span><\/a><\/p>\n","protected":false},"featured_media":596873,"comment_status":"open","ping_status":"closed","template":"","meta":{"_links_to":"","_links_to_target":""},"yoast_head":"<!-- This site is optimized with the Yoast SEO plugin v19.4 - https:\/\/yoast.com\/wordpress\/plugins\/seo\/ -->\n<title>iUNIK Propolis Vitamin Sleeping Mask 60 ml - Nawil\u017caj\u0105co-regeneruj\u0105ca maska do twarzy na noc - Selleetools.com<\/title>\n<meta name=\"robots\" content=\"index, follow, max-snippet:-1, max-image-preview:large, max-video-preview:-1\" \/>\n<link rel=\"canonical\" href=\"https:\/\/selleetools.com\/pl\/product\/iunik-propolis-vitamin-sleeping-mask-60-ml-nawilzajaco-regenerujaca-maska-do-twarzy-na-noc\/\" \/>\n<meta property=\"og:locale\" content=\"pl_PL\" \/>\n<meta property=\"og:type\" content=\"article\" \/>\n<meta property=\"og:title\" content=\"iUNIK Propolis Vitamin Sleeping Mask 60 ml - Nawil\u017caj\u0105co-regeneruj\u0105ca maska do twarzy na noc - Selleetools.com\" \/>\n<meta property=\"og:description\" content=\"iUNIK Propolis Vitamin Sleeping Mask to intensywnie nawil\u017caj\u0105ca i od\u017cywcza maska na noc, kt\u00f3ra regeneruje sk\u00f3r\u0119 podczas snu. Produkt rozja\u015bnia cer\u0119, poprawia jej elastyczno\u015b\u0107 i wspomaga procesy regeneracyjne, zapewniaj\u0105c zdrowy i promienny wygl\u0105d rano. Korzy\u015bci dla sk\u00f3ry: G\u0142\u0119bokie nawil\u017cenie i od\u017cywienie Rozja\u015bnienie i wyr\u00f3wnanie kolorytu Poprawa elastyczno\u015bci i regeneracja sk\u00f3ry Spos\u00f3b u\u017cycia: Na\u0142\u00f3\u017c odpowiedni\u0105 ilo\u015b\u0107 ... Read moreiUNIK Propolis Vitamin Sleeping Mask 60 ml &#8211; Nawil\u017caj\u0105co-regeneruj\u0105ca maska do twarzy na noc\" \/>\n<meta property=\"og:url\" content=\"https:\/\/selleetools.com\/pl\/product\/iunik-propolis-vitamin-sleeping-mask-60-ml-nawilzajaco-regenerujaca-maska-do-twarzy-na-noc\/\" \/>\n<meta property=\"og:site_name\" content=\"Selleetools.com\" \/>\n<meta property=\"article:modified_time\" content=\"2026-03-03T11:38:04+00:00\" \/>\n<meta property=\"og:image\" content=\"https:\/\/selleetools.com\/wp-content\/uploads\/2025\/10\/dca680afa8551d187fbb8533b2c3f1ce.png\" \/>\n\t<meta property=\"og:image:width\" content=\"1200\" \/>\n\t<meta property=\"og:image:height\" content=\"1200\" \/>\n\t<meta property=\"og:image:type\" content=\"image\/png\" \/>\n<meta name=\"twitter:card\" content=\"summary_large_image\" \/>\n<meta name=\"twitter:label1\" content=\"Est. reading time\" \/>\n\t<meta name=\"twitter:data1\" content=\"1 minuta\" \/>\n<!-- \/ Yoast SEO plugin. -->","yoast_head_json":{"title":"iUNIK Propolis Vitamin Sleeping Mask 60 ml - Nawil\u017caj\u0105co-regeneruj\u0105ca maska do twarzy na noc - Selleetools.com","robots":{"index":"index","follow":"follow","max-snippet":"max-snippet:-1","max-image-preview":"max-image-preview:large","max-video-preview":"max-video-preview:-1"},"canonical":"https:\/\/selleetools.com\/pl\/product\/iunik-propolis-vitamin-sleeping-mask-60-ml-nawilzajaco-regenerujaca-maska-do-twarzy-na-noc\/","og_locale":"pl_PL","og_type":"article","og_title":"iUNIK Propolis Vitamin Sleeping Mask 60 ml - Nawil\u017caj\u0105co-regeneruj\u0105ca maska do twarzy na noc - Selleetools.com","og_description":"iUNIK Propolis Vitamin Sleeping Mask to intensywnie nawil\u017caj\u0105ca i od\u017cywcza maska na noc, kt\u00f3ra regeneruje sk\u00f3r\u0119 podczas snu. Produkt rozja\u015bnia cer\u0119, poprawia jej elastyczno\u015b\u0107 i wspomaga procesy regeneracyjne, zapewniaj\u0105c zdrowy i promienny wygl\u0105d rano. Korzy\u015bci dla sk\u00f3ry: G\u0142\u0119bokie nawil\u017cenie i od\u017cywienie Rozja\u015bnienie i wyr\u00f3wnanie kolorytu Poprawa elastyczno\u015bci i regeneracja sk\u00f3ry Spos\u00f3b u\u017cycia: Na\u0142\u00f3\u017c odpowiedni\u0105 ilo\u015b\u0107 ... Read moreiUNIK Propolis Vitamin Sleeping Mask 60 ml &#8211; Nawil\u017caj\u0105co-regeneruj\u0105ca maska do twarzy na noc","og_url":"https:\/\/selleetools.com\/pl\/product\/iunik-propolis-vitamin-sleeping-mask-60-ml-nawilzajaco-regenerujaca-maska-do-twarzy-na-noc\/","og_site_name":"Selleetools.com","article_modified_time":"2026-03-03T11:38:04+00:00","og_image":[{"width":1200,"height":1200,"url":"https:\/\/selleetools.com\/wp-content\/uploads\/2025\/10\/dca680afa8551d187fbb8533b2c3f1ce.png","type":"image\/png"}],"twitter_card":"summary_large_image","twitter_misc":{"Est. reading time":"1 minuta"},"schema":{"@context":"https:\/\/schema.org","@graph":[{"@type":"Organization","@id":"https:\/\/selleetools.com\/#organization","name":"Selleetools","url":"https:\/\/selleetools.com\/","sameAs":[],"logo":{"@type":"ImageObject","inLanguage":"pl-PL","@id":"https:\/\/selleetools.com\/#\/schema\/logo\/image\/","url":"https:\/\/selleetools.com\/wp-content\/uploads\/2021\/10\/logo-dark.png","contentUrl":"https:\/\/selleetools.com\/wp-content\/uploads\/2021\/10\/logo-dark.png","width":320,"height":76,"caption":"Selleetools"},"image":{"@id":"https:\/\/selleetools.com\/#\/schema\/logo\/image\/"}},{"@type":"WebSite","@id":"https:\/\/selleetools.com\/#website","url":"https:\/\/selleetools.com\/","name":"Selleetools.com","description":"","publisher":{"@id":"https:\/\/selleetools.com\/#organization"},"potentialAction":[{"@type":"SearchAction","target":{"@type":"EntryPoint","urlTemplate":"https:\/\/selleetools.com\/?s={search_term_string}"},"query-input":"required name=search_term_string"}],"inLanguage":"pl-PL"},{"@type":"WebPage","@id":"https:\/\/selleetools.com\/pl\/product\/iunik-propolis-vitamin-sleeping-mask-60-ml-nawilzajaco-regenerujaca-maska-do-twarzy-na-noc\/","url":"https:\/\/selleetools.com\/pl\/product\/iunik-propolis-vitamin-sleeping-mask-60-ml-nawilzajaco-regenerujaca-maska-do-twarzy-na-noc\/","name":"iUNIK Propolis Vitamin Sleeping Mask 60 ml - Nawil\u017caj\u0105co-regeneruj\u0105ca maska do twarzy na noc - Selleetools.com","isPartOf":{"@id":"https:\/\/selleetools.com\/#website"},"datePublished":"2025-10-22T06:23:04+00:00","dateModified":"2026-03-03T11:38:04+00:00","breadcrumb":{"@id":"https:\/\/selleetools.com\/pl\/product\/iunik-propolis-vitamin-sleeping-mask-60-ml-nawilzajaco-regenerujaca-maska-do-twarzy-na-noc\/#breadcrumb"},"inLanguage":"pl-PL","potentialAction":[{"@type":"ReadAction","target":["https:\/\/selleetools.com\/pl\/product\/iunik-propolis-vitamin-sleeping-mask-60-ml-nawilzajaco-regenerujaca-maska-do-twarzy-na-noc\/"]}]},{"@type":"BreadcrumbList","@id":"https:\/\/selleetools.com\/pl\/product\/iunik-propolis-vitamin-sleeping-mask-60-ml-nawilzajaco-regenerujaca-maska-do-twarzy-na-noc\/#breadcrumb","itemListElement":[{"@type":"ListItem","position":1,"name":"Home","item":"https:\/\/selleetools.com\/pl\/"},{"@type":"ListItem","position":2,"name":"Katalog","item":"https:\/\/selleetools.com\/pl\/katalog\/"},{"@type":"ListItem","position":3,"name":"iUNIK Propolis Vitamin Sleeping Mask 60 ml &#8211; Nawil\u017caj\u0105co-regeneruj\u0105ca maska do twarzy na noc"}]}]}},"_links":{"self":[{"href":"https:\/\/selleetools.com\/pl\/wp-json\/wp\/v2\/product\/596883"}],"collection":[{"href":"https:\/\/selleetools.com\/pl\/wp-json\/wp\/v2\/product"}],"about":[{"href":"https:\/\/selleetools.com\/pl\/wp-json\/wp\/v2\/types\/product"}],"replies":[{"embeddable":true,"href":"https:\/\/selleetools.com\/pl\/wp-json\/wp\/v2\/comments?post=596883"}],"wp:featuredmedia":[{"embeddable":true,"href":"https:\/\/selleetools.com\/pl\/wp-json\/wp\/v2\/media\/596873"}],"wp:attachment":[{"href":"https:\/\/selleetools.com\/pl\/wp-json\/wp\/v2\/media?parent=596883"}],"curies":[{"name":"wp","href":"https:\/\/api.w.org\/{rel}","templated":true}]}}