{"id":596872,"date":"2025-10-22T08:22:58","date_gmt":"2025-10-22T06:22:58","guid":{"rendered":"https:\/\/selleetools.com\/?post_type=product&#038;p=596872"},"modified":"2026-04-07T22:20:09","modified_gmt":"2026-04-07T20:20:09","slug":"iunik-centella-calming-gel-cream-60-ml-zelowy-krem-kojaco-nawilzajacy-do-twarzy","status":"publish","type":"product","link":"https:\/\/selleetools.com\/pl\/product\/iunik-centella-calming-gel-cream-60-ml-zelowy-krem-kojaco-nawilzajacy-do-twarzy\/","title":{"rendered":"iUNIK Centella Calming Gel Cream, 60 ml &#8211; \u017belowy krem koj\u0105co-nawil\u017cajacy do twarzy"},"content":{"rendered":"<p style=\"caret-color: rgb(0, 0, 0); color: rgb(0, 0, 0);\"><font style=\"font-size: 12px;\">iUNIK Centella Calming Gel Cream to lekki, \u017celowy krem nawil\u017caj\u0105cy, kt\u00f3ry zapewnia intensywne nawil\u017cenie i \u0142agodzenie sk\u00f3ry. Dzi\u0119ki swojej formule, kt\u00f3ra szybko si\u0119 wch\u0142ania, krem dzia\u0142a koj\u0105co na podra\u017cnion\u0105 sk\u00f3r\u0119, redukuje zaczerwienienia i wspiera regeneracj\u0119. Idealny dla sk\u00f3ry wra\u017cliwej, t\u0142ustej i mieszanej, pomaga utrzyma\u0107 zdrowy i zr\u00f3wnowa\u017cony wygl\u0105d cery.<\/font><\/p>\n<h4 style=\"caret-color: rgb(0, 0, 0); color: rgb(0, 0, 0);\"><font style=\"font-size: 12px;\">Korzy\u015bci dla sk\u00f3ry:<\/font><\/h4>\n<ul style=\"caret-color: rgb(0, 0, 0); color: rgb(0, 0, 0);\">\n<li><font style=\"font-size: 12px;\">Intensywne nawil\u017cenie<\/font><\/li>\n<li><font style=\"font-size: 12px;\">\u0141agodzenie podra\u017cnie\u0144 i zaczerwienie\u0144<\/font><\/li>\n<li><font style=\"font-size: 12px;\">Wsparcie regeneracji sk\u00f3ry<\/font><\/li>\n<\/ul>\n<h4 style=\"caret-color: rgb(0, 0, 0); color: rgb(0, 0, 0);\"><font style=\"font-size: 12px;\">Spos\u00f3b u\u017cycia:<\/font><\/h4>\n<p style=\"caret-color: rgb(0, 0, 0); color: rgb(0, 0, 0);\"><font style=\"font-size: 12px;\">Niewielk\u0105 ilo\u015b\u0107 kremu nanie\u015b\u0107 na oczyszczon\u0105 sk\u00f3r\u0119 twarzy, delikatnie wklepuj\u0105c a\u017c do ca\u0142kowitego wch\u0142oni\u0119cia. Stosowa\u0107 rano i wieczorem jako ostatni krok w codziennej rutynie piel\u0119gnacyjnej.<\/font><\/p>\n","protected":false},"excerpt":{"rendered":"<p>iUNIK Centella Calming Gel Cream to lekki, \u017celowy krem nawil\u017caj\u0105cy, kt\u00f3ry zapewnia intensywne nawil\u017cenie i \u0142agodzenie sk\u00f3ry. Dzi\u0119ki swojej formule, kt\u00f3ra szybko si\u0119 wch\u0142ania, krem dzia\u0142a koj\u0105co na podra\u017cnion\u0105 sk\u00f3r\u0119, redukuje zaczerwienienia i wspiera regeneracj\u0119. Idealny dla sk\u00f3ry wra\u017cliwej, t\u0142ustej i mieszanej, pomaga utrzyma\u0107 zdrowy i zr\u00f3wnowa\u017cony wygl\u0105d cery. Korzy\u015bci dla sk\u00f3ry: Intensywne nawil\u017cenie \u0141agodzenie &#8230; <a title=\"iUNIK Centella Calming Gel Cream, 60 ml &#8211; \u017belowy krem koj\u0105co-nawil\u017cajacy do twarzy\" class=\"read-more\" href=\"https:\/\/selleetools.com\/pl\/product\/iunik-centella-calming-gel-cream-60-ml-zelowy-krem-kojaco-nawilzajacy-do-twarzy\/\">Read more<span class=\"screen-reader-text\">iUNIK Centella Calming Gel Cream, 60 ml &#8211; \u017belowy krem koj\u0105co-nawil\u017cajacy do twarzy<\/span><\/a><\/p>\n","protected":false},"featured_media":596868,"comment_status":"open","ping_status":"closed","template":"","meta":{"_links_to":"","_links_to_target":""},"yoast_head":"<!-- This site is optimized with the Yoast SEO plugin v19.4 - https:\/\/yoast.com\/wordpress\/plugins\/seo\/ -->\n<title>iUNIK Centella Calming Gel Cream, 60 ml - \u017belowy krem koj\u0105co-nawil\u017cajacy do twarzy - Selleetools.com<\/title>\n<meta name=\"robots\" content=\"index, follow, max-snippet:-1, max-image-preview:large, max-video-preview:-1\" \/>\n<link rel=\"canonical\" href=\"https:\/\/admincentral.selleetools.com\/pl\/product\/iunik-centella-calming-gel-cream-60-ml-zelowy-krem-kojaco-nawilzajacy-do-twarzy\/\" \/>\n<meta property=\"og:locale\" content=\"pl_PL\" \/>\n<meta property=\"og:type\" content=\"article\" \/>\n<meta property=\"og:title\" content=\"iUNIK Centella Calming Gel Cream, 60 ml - \u017belowy krem koj\u0105co-nawil\u017cajacy do twarzy - Selleetools.com\" \/>\n<meta property=\"og:description\" content=\"iUNIK Centella Calming Gel Cream to lekki, \u017celowy krem nawil\u017caj\u0105cy, kt\u00f3ry zapewnia intensywne nawil\u017cenie i \u0142agodzenie sk\u00f3ry. Dzi\u0119ki swojej formule, kt\u00f3ra szybko si\u0119 wch\u0142ania, krem dzia\u0142a koj\u0105co na podra\u017cnion\u0105 sk\u00f3r\u0119, redukuje zaczerwienienia i wspiera regeneracj\u0119. Idealny dla sk\u00f3ry wra\u017cliwej, t\u0142ustej i mieszanej, pomaga utrzyma\u0107 zdrowy i zr\u00f3wnowa\u017cony wygl\u0105d cery. Korzy\u015bci dla sk\u00f3ry: Intensywne nawil\u017cenie \u0141agodzenie ... Read moreiUNIK Centella Calming Gel Cream, 60 ml &#8211; \u017belowy krem koj\u0105co-nawil\u017cajacy do twarzy\" \/>\n<meta property=\"og:url\" content=\"https:\/\/admincentral.selleetools.com\/pl\/product\/iunik-centella-calming-gel-cream-60-ml-zelowy-krem-kojaco-nawilzajacy-do-twarzy\/\" \/>\n<meta property=\"og:site_name\" content=\"Selleetools.com\" \/>\n<meta property=\"article:modified_time\" content=\"2026-04-07T20:20:09+00:00\" \/>\n<meta property=\"og:image\" content=\"https:\/\/selleetools.com\/wp-content\/uploads\/2025\/10\/3fe29afc63d75bba989b5af8249c5d08.jpg\" \/>\n\t<meta property=\"og:image:width\" content=\"1200\" \/>\n\t<meta property=\"og:image:height\" content=\"1200\" \/>\n\t<meta property=\"og:image:type\" content=\"image\/jpeg\" \/>\n<meta name=\"twitter:card\" content=\"summary_large_image\" \/>\n<meta name=\"twitter:label1\" content=\"Est. reading time\" \/>\n\t<meta name=\"twitter:data1\" content=\"1 minuta\" \/>\n<!-- \/ Yoast SEO plugin. -->","yoast_head_json":{"title":"iUNIK Centella Calming Gel Cream, 60 ml - \u017belowy krem koj\u0105co-nawil\u017cajacy do twarzy - Selleetools.com","robots":{"index":"index","follow":"follow","max-snippet":"max-snippet:-1","max-image-preview":"max-image-preview:large","max-video-preview":"max-video-preview:-1"},"canonical":"https:\/\/admincentral.selleetools.com\/pl\/product\/iunik-centella-calming-gel-cream-60-ml-zelowy-krem-kojaco-nawilzajacy-do-twarzy\/","og_locale":"pl_PL","og_type":"article","og_title":"iUNIK Centella Calming Gel Cream, 60 ml - \u017belowy krem koj\u0105co-nawil\u017cajacy do twarzy - Selleetools.com","og_description":"iUNIK Centella Calming Gel Cream to lekki, \u017celowy krem nawil\u017caj\u0105cy, kt\u00f3ry zapewnia intensywne nawil\u017cenie i \u0142agodzenie sk\u00f3ry. Dzi\u0119ki swojej formule, kt\u00f3ra szybko si\u0119 wch\u0142ania, krem dzia\u0142a koj\u0105co na podra\u017cnion\u0105 sk\u00f3r\u0119, redukuje zaczerwienienia i wspiera regeneracj\u0119. Idealny dla sk\u00f3ry wra\u017cliwej, t\u0142ustej i mieszanej, pomaga utrzyma\u0107 zdrowy i zr\u00f3wnowa\u017cony wygl\u0105d cery. Korzy\u015bci dla sk\u00f3ry: Intensywne nawil\u017cenie \u0141agodzenie ... Read moreiUNIK Centella Calming Gel Cream, 60 ml &#8211; \u017belowy krem koj\u0105co-nawil\u017cajacy do twarzy","og_url":"https:\/\/admincentral.selleetools.com\/pl\/product\/iunik-centella-calming-gel-cream-60-ml-zelowy-krem-kojaco-nawilzajacy-do-twarzy\/","og_site_name":"Selleetools.com","article_modified_time":"2026-04-07T20:20:09+00:00","og_image":[{"width":1200,"height":1200,"url":"https:\/\/selleetools.com\/wp-content\/uploads\/2025\/10\/3fe29afc63d75bba989b5af8249c5d08.jpg","type":"image\/jpeg"}],"twitter_card":"summary_large_image","twitter_misc":{"Est. reading time":"1 minuta"},"schema":{"@context":"https:\/\/schema.org","@graph":[{"@type":"Organization","@id":"https:\/\/selleetools.com\/#organization","name":"Selleetools","url":"https:\/\/selleetools.com\/","sameAs":[],"logo":{"@type":"ImageObject","inLanguage":"pl-PL","@id":"https:\/\/selleetools.com\/#\/schema\/logo\/image\/","url":"https:\/\/selleetools.com\/wp-content\/uploads\/2021\/10\/logo-dark.png","contentUrl":"https:\/\/selleetools.com\/wp-content\/uploads\/2021\/10\/logo-dark.png","width":320,"height":76,"caption":"Selleetools"},"image":{"@id":"https:\/\/selleetools.com\/#\/schema\/logo\/image\/"}},{"@type":"WebSite","@id":"https:\/\/selleetools.com\/#website","url":"https:\/\/selleetools.com\/","name":"Selleetools.com","description":"","publisher":{"@id":"https:\/\/selleetools.com\/#organization"},"potentialAction":[{"@type":"SearchAction","target":{"@type":"EntryPoint","urlTemplate":"https:\/\/selleetools.com\/?s={search_term_string}"},"query-input":"required name=search_term_string"}],"inLanguage":"pl-PL"},{"@type":"WebPage","@id":"https:\/\/admincentral.selleetools.com\/pl\/product\/iunik-centella-calming-gel-cream-60-ml-zelowy-krem-kojaco-nawilzajacy-do-twarzy\/","url":"https:\/\/admincentral.selleetools.com\/pl\/product\/iunik-centella-calming-gel-cream-60-ml-zelowy-krem-kojaco-nawilzajacy-do-twarzy\/","name":"iUNIK Centella Calming Gel Cream, 60 ml - \u017belowy krem koj\u0105co-nawil\u017cajacy do twarzy - Selleetools.com","isPartOf":{"@id":"https:\/\/selleetools.com\/#website"},"datePublished":"2025-10-22T06:22:58+00:00","dateModified":"2026-04-07T20:20:09+00:00","breadcrumb":{"@id":"https:\/\/admincentral.selleetools.com\/pl\/product\/iunik-centella-calming-gel-cream-60-ml-zelowy-krem-kojaco-nawilzajacy-do-twarzy\/#breadcrumb"},"inLanguage":"pl-PL","potentialAction":[{"@type":"ReadAction","target":["https:\/\/admincentral.selleetools.com\/pl\/product\/iunik-centella-calming-gel-cream-60-ml-zelowy-krem-kojaco-nawilzajacy-do-twarzy\/"]}]},{"@type":"BreadcrumbList","@id":"https:\/\/admincentral.selleetools.com\/pl\/product\/iunik-centella-calming-gel-cream-60-ml-zelowy-krem-kojaco-nawilzajacy-do-twarzy\/#breadcrumb","itemListElement":[{"@type":"ListItem","position":1,"name":"Home","item":"https:\/\/selleetools.com\/pl\/"},{"@type":"ListItem","position":2,"name":"Katalog","item":"https:\/\/selleetools.com\/pl\/katalog\/"},{"@type":"ListItem","position":3,"name":"iUNIK Centella Calming Gel Cream, 60 ml &#8211; \u017belowy krem koj\u0105co-nawil\u017cajacy do twarzy"}]}]}},"_links":{"self":[{"href":"https:\/\/selleetools.com\/pl\/wp-json\/wp\/v2\/product\/596872"}],"collection":[{"href":"https:\/\/selleetools.com\/pl\/wp-json\/wp\/v2\/product"}],"about":[{"href":"https:\/\/selleetools.com\/pl\/wp-json\/wp\/v2\/types\/product"}],"replies":[{"embeddable":true,"href":"https:\/\/selleetools.com\/pl\/wp-json\/wp\/v2\/comments?post=596872"}],"wp:featuredmedia":[{"embeddable":true,"href":"https:\/\/selleetools.com\/pl\/wp-json\/wp\/v2\/media\/596868"}],"wp:attachment":[{"href":"https:\/\/selleetools.com\/pl\/wp-json\/wp\/v2\/media?parent=596872"}],"curies":[{"name":"wp","href":"https:\/\/api.w.org\/{rel}","templated":true}]}}