{"id":596846,"date":"2025-10-22T08:22:42","date_gmt":"2025-10-22T06:22:42","guid":{"rendered":"https:\/\/selleetools.com\/?post_type=product&#038;p=596846"},"modified":"2025-10-23T19:44:40","modified_gmt":"2025-10-23T17:44:40","slug":"iunik-rose-galactomyces-synergy-serum-50-ml-wielozadaniowe-serum-do-twarzy","status":"publish","type":"product","link":"https:\/\/selleetools.com\/pl\/product\/iunik-rose-galactomyces-synergy-serum-50-ml-wielozadaniowe-serum-do-twarzy\/","title":{"rendered":"iUNIK Rose Galactomyces Synergy Serum 50 ml &#8211; Wielozadaniowe serum do twarzy"},"content":{"rendered":"<p>iUNIK Rose Galactomyces Synergy Serum to wyj\u0105tkowe serum, kt\u00f3re \u0142\u0105czy w sobie si\u0142\u0119 galaktomycetes i r\u00f3\u017canej wody z Prowansji, aby przywr\u00f3ci\u0107 sk\u00f3rze r\u00f3wnowag\u0119 i promienno\u015b\u0107. Dzi\u0119ki 50% zawarto\u015bci filtratu fermentacji galaktomycetes oraz 10% wody r\u00f3\u017canej, serum skutecznie nawil\u017ca, od\u017cywia i oczyszcza sk\u00f3r\u0119, poprawiaj\u0105c jej tekstur\u0119 i koloryt. Formu\u0142a wzbogacona o niacynamid, alantoin\u0119 i ekstrakt z korzenia lukrecji dzia\u0142a koj\u0105co i redukuje zaczerwienienia, pozostawiaj\u0105c sk\u00f3r\u0119 g\u0142adk\u0105, \u015bwie\u017c\u0105 i promienn\u0105.<\/p>\n<p>Korzy\u015bci dla sk\u00f3ry:<br \/>\nOczyszczenie i przywr\u00f3cenie r\u00f3wnowagi sk\u00f3ry<br \/>\nNawil\u017cenie i od\u017cywienie sk\u00f3ry<br \/>\nWyg\u0142adzenie i rozja\u015bnienie cery<br \/>\nRedukcja zaczerwienie\u0144 i poprawa tekstury sk\u00f3ry<br \/>\nRegeneracja i ujednolicenie kolorytu sk\u00f3ry<\/p>\n<p>Spos\u00f3b u\u017cycia:<br \/>\nPo oczyszczeniu sk\u00f3ry na\u0142\u00f3\u017c odpowiedni\u0105 ilo\u015b\u0107 serum na twarz.<br \/>\nDelikatnie wmasuj, a\u017c serum ca\u0142kowicie si\u0119 wch\u0142onie.<br \/>\nSerum mo\u017cna stosowa\u0107 rano i wieczorem, jako cz\u0119\u015b\u0107 codziennej piel\u0119gnacji.<\/p>\n","protected":false},"excerpt":{"rendered":"<p>iUNIK Rose Galactomyces Synergy Serum to wyj\u0105tkowe serum, kt\u00f3re \u0142\u0105czy w sobie si\u0142\u0119 galaktomycetes i r\u00f3\u017canej wody z Prowansji, aby przywr\u00f3ci\u0107 sk\u00f3rze r\u00f3wnowag\u0119 i promienno\u015b\u0107. Dzi\u0119ki 50% zawarto\u015bci filtratu fermentacji galaktomycetes oraz 10% wody r\u00f3\u017canej, serum skutecznie nawil\u017ca, od\u017cywia i oczyszcza sk\u00f3r\u0119, poprawiaj\u0105c jej tekstur\u0119 i koloryt. Formu\u0142a wzbogacona o niacynamid, alantoin\u0119 i ekstrakt z &#8230; <a title=\"iUNIK Rose Galactomyces Synergy Serum 50 ml &#8211; Wielozadaniowe serum do twarzy\" class=\"read-more\" href=\"https:\/\/selleetools.com\/pl\/product\/iunik-rose-galactomyces-synergy-serum-50-ml-wielozadaniowe-serum-do-twarzy\/\">Read more<span class=\"screen-reader-text\">iUNIK Rose Galactomyces Synergy Serum 50 ml &#8211; Wielozadaniowe serum do twarzy<\/span><\/a><\/p>\n","protected":false},"featured_media":596836,"comment_status":"open","ping_status":"closed","template":"","meta":{"_links_to":"","_links_to_target":""},"yoast_head":"<!-- This site is optimized with the Yoast SEO plugin v19.4 - https:\/\/yoast.com\/wordpress\/plugins\/seo\/ -->\n<title>iUNIK Rose Galactomyces Synergy Serum 50 ml - Wielozadaniowe serum do twarzy - Selleetools.com<\/title>\n<meta name=\"robots\" content=\"index, follow, max-snippet:-1, max-image-preview:large, max-video-preview:-1\" \/>\n<link rel=\"canonical\" href=\"https:\/\/selleetools.com\/pl\/product\/iunik-rose-galactomyces-synergy-serum-50-ml-wielozadaniowe-serum-do-twarzy\/\" \/>\n<meta property=\"og:locale\" content=\"pl_PL\" \/>\n<meta property=\"og:type\" content=\"article\" \/>\n<meta property=\"og:title\" content=\"iUNIK Rose Galactomyces Synergy Serum 50 ml - Wielozadaniowe serum do twarzy - Selleetools.com\" \/>\n<meta property=\"og:description\" content=\"iUNIK Rose Galactomyces Synergy Serum to wyj\u0105tkowe serum, kt\u00f3re \u0142\u0105czy w sobie si\u0142\u0119 galaktomycetes i r\u00f3\u017canej wody z Prowansji, aby przywr\u00f3ci\u0107 sk\u00f3rze r\u00f3wnowag\u0119 i promienno\u015b\u0107. Dzi\u0119ki 50% zawarto\u015bci filtratu fermentacji galaktomycetes oraz 10% wody r\u00f3\u017canej, serum skutecznie nawil\u017ca, od\u017cywia i oczyszcza sk\u00f3r\u0119, poprawiaj\u0105c jej tekstur\u0119 i koloryt. Formu\u0142a wzbogacona o niacynamid, alantoin\u0119 i ekstrakt z ... Read moreiUNIK Rose Galactomyces Synergy Serum 50 ml &#8211; Wielozadaniowe serum do twarzy\" \/>\n<meta property=\"og:url\" content=\"https:\/\/selleetools.com\/pl\/product\/iunik-rose-galactomyces-synergy-serum-50-ml-wielozadaniowe-serum-do-twarzy\/\" \/>\n<meta property=\"og:site_name\" content=\"Selleetools.com\" \/>\n<meta property=\"article:modified_time\" content=\"2025-10-23T17:44:40+00:00\" \/>\n<meta property=\"og:image\" content=\"https:\/\/selleetools.com\/wp-content\/uploads\/2025\/10\/b73f83b9ce0ffe0b06cd57448e9f632f.jpg\" \/>\n\t<meta property=\"og:image:width\" content=\"1200\" \/>\n\t<meta property=\"og:image:height\" content=\"1200\" \/>\n\t<meta property=\"og:image:type\" content=\"image\/jpeg\" \/>\n<meta name=\"twitter:card\" content=\"summary_large_image\" \/>\n<meta name=\"twitter:label1\" content=\"Est. reading time\" \/>\n\t<meta name=\"twitter:data1\" content=\"1 minuta\" \/>\n<!-- \/ Yoast SEO plugin. -->","yoast_head_json":{"title":"iUNIK Rose Galactomyces Synergy Serum 50 ml - Wielozadaniowe serum do twarzy - Selleetools.com","robots":{"index":"index","follow":"follow","max-snippet":"max-snippet:-1","max-image-preview":"max-image-preview:large","max-video-preview":"max-video-preview:-1"},"canonical":"https:\/\/selleetools.com\/pl\/product\/iunik-rose-galactomyces-synergy-serum-50-ml-wielozadaniowe-serum-do-twarzy\/","og_locale":"pl_PL","og_type":"article","og_title":"iUNIK Rose Galactomyces Synergy Serum 50 ml - Wielozadaniowe serum do twarzy - Selleetools.com","og_description":"iUNIK Rose Galactomyces Synergy Serum to wyj\u0105tkowe serum, kt\u00f3re \u0142\u0105czy w sobie si\u0142\u0119 galaktomycetes i r\u00f3\u017canej wody z Prowansji, aby przywr\u00f3ci\u0107 sk\u00f3rze r\u00f3wnowag\u0119 i promienno\u015b\u0107. Dzi\u0119ki 50% zawarto\u015bci filtratu fermentacji galaktomycetes oraz 10% wody r\u00f3\u017canej, serum skutecznie nawil\u017ca, od\u017cywia i oczyszcza sk\u00f3r\u0119, poprawiaj\u0105c jej tekstur\u0119 i koloryt. Formu\u0142a wzbogacona o niacynamid, alantoin\u0119 i ekstrakt z ... Read moreiUNIK Rose Galactomyces Synergy Serum 50 ml &#8211; Wielozadaniowe serum do twarzy","og_url":"https:\/\/selleetools.com\/pl\/product\/iunik-rose-galactomyces-synergy-serum-50-ml-wielozadaniowe-serum-do-twarzy\/","og_site_name":"Selleetools.com","article_modified_time":"2025-10-23T17:44:40+00:00","og_image":[{"width":1200,"height":1200,"url":"https:\/\/selleetools.com\/wp-content\/uploads\/2025\/10\/b73f83b9ce0ffe0b06cd57448e9f632f.jpg","type":"image\/jpeg"}],"twitter_card":"summary_large_image","twitter_misc":{"Est. reading time":"1 minuta"},"schema":{"@context":"https:\/\/schema.org","@graph":[{"@type":"Organization","@id":"https:\/\/selleetools.com\/#organization","name":"Selleetools","url":"https:\/\/selleetools.com\/","sameAs":[],"logo":{"@type":"ImageObject","inLanguage":"pl-PL","@id":"https:\/\/selleetools.com\/#\/schema\/logo\/image\/","url":"https:\/\/selleetools.com\/wp-content\/uploads\/2021\/10\/logo-dark.png","contentUrl":"https:\/\/selleetools.com\/wp-content\/uploads\/2021\/10\/logo-dark.png","width":320,"height":76,"caption":"Selleetools"},"image":{"@id":"https:\/\/selleetools.com\/#\/schema\/logo\/image\/"}},{"@type":"WebSite","@id":"https:\/\/selleetools.com\/#website","url":"https:\/\/selleetools.com\/","name":"Selleetools.com","description":"","publisher":{"@id":"https:\/\/selleetools.com\/#organization"},"potentialAction":[{"@type":"SearchAction","target":{"@type":"EntryPoint","urlTemplate":"https:\/\/selleetools.com\/?s={search_term_string}"},"query-input":"required name=search_term_string"}],"inLanguage":"pl-PL"},{"@type":"WebPage","@id":"https:\/\/selleetools.com\/pl\/product\/iunik-rose-galactomyces-synergy-serum-50-ml-wielozadaniowe-serum-do-twarzy\/","url":"https:\/\/selleetools.com\/pl\/product\/iunik-rose-galactomyces-synergy-serum-50-ml-wielozadaniowe-serum-do-twarzy\/","name":"iUNIK Rose Galactomyces Synergy Serum 50 ml - Wielozadaniowe serum do twarzy - Selleetools.com","isPartOf":{"@id":"https:\/\/selleetools.com\/#website"},"datePublished":"2025-10-22T06:22:42+00:00","dateModified":"2025-10-23T17:44:40+00:00","breadcrumb":{"@id":"https:\/\/selleetools.com\/pl\/product\/iunik-rose-galactomyces-synergy-serum-50-ml-wielozadaniowe-serum-do-twarzy\/#breadcrumb"},"inLanguage":"pl-PL","potentialAction":[{"@type":"ReadAction","target":["https:\/\/selleetools.com\/pl\/product\/iunik-rose-galactomyces-synergy-serum-50-ml-wielozadaniowe-serum-do-twarzy\/"]}]},{"@type":"BreadcrumbList","@id":"https:\/\/selleetools.com\/pl\/product\/iunik-rose-galactomyces-synergy-serum-50-ml-wielozadaniowe-serum-do-twarzy\/#breadcrumb","itemListElement":[{"@type":"ListItem","position":1,"name":"Home","item":"https:\/\/selleetools.com\/pl\/"},{"@type":"ListItem","position":2,"name":"Katalog","item":"https:\/\/selleetools.com\/pl\/katalog\/"},{"@type":"ListItem","position":3,"name":"iUNIK Rose Galactomyces Synergy Serum 50 ml &#8211; Wielozadaniowe serum do twarzy"}]}]}},"_links":{"self":[{"href":"https:\/\/selleetools.com\/pl\/wp-json\/wp\/v2\/product\/596846"}],"collection":[{"href":"https:\/\/selleetools.com\/pl\/wp-json\/wp\/v2\/product"}],"about":[{"href":"https:\/\/selleetools.com\/pl\/wp-json\/wp\/v2\/types\/product"}],"replies":[{"embeddable":true,"href":"https:\/\/selleetools.com\/pl\/wp-json\/wp\/v2\/comments?post=596846"}],"wp:featuredmedia":[{"embeddable":true,"href":"https:\/\/selleetools.com\/pl\/wp-json\/wp\/v2\/media\/596836"}],"wp:attachment":[{"href":"https:\/\/selleetools.com\/pl\/wp-json\/wp\/v2\/media?parent=596846"}],"curies":[{"name":"wp","href":"https:\/\/api.w.org\/{rel}","templated":true}]}}